{"id":1453,"date":"2017-10-19T09:50:27","date_gmt":"2017-10-19T07:50:27","guid":{"rendered":"http:\/\/agora.xtec.cat\/iesfredericmarti\/?page_id=1453"},"modified":"2026-02-06T13:07:00","modified_gmt":"2026-02-06T12:07:00","slug":"la-revista-de-linstitut","status":"publish","type":"page","link":"https:\/\/agora.xtec.cat\/iesfredericmarti\/linstitut\/la-revista-de-linstitut\/","title":{"rendered":"Punts suspensius&#8230; La revista de l&#8217;Institut"},"content":{"rendered":"<p><a href=\"https:\/\/sites.google.com\/insfredericmarti.cat\/revista-punts-suspensius\/inicio\" target=\"_blank\" rel=\"noopener\"><img loading=\"lazy\" decoding=\"async\" class=\"alignright wp-image-8878 size-medium\" src=\"https:\/\/agora.xtec.cat\/iesfredericmarti\/wp-content\/uploads\/usu920\/2025\/01\/punts_suspensius-300x300.jpg\" alt=\"\" width=\"300\" height=\"300\" srcset=\"https:\/\/agora.xtec.cat\/iesfredericmarti\/wp-content\/uploads\/usu920\/2025\/01\/punts_suspensius-300x300.jpg 300w, https:\/\/agora.xtec.cat\/iesfredericmarti\/wp-content\/uploads\/usu920\/2025\/01\/punts_suspensius-150x150.jpg 150w, https:\/\/agora.xtec.cat\/iesfredericmarti\/wp-content\/uploads\/usu920\/2025\/01\/punts_suspensius.jpg 500w\" sizes=\"auto, (max-width: 300px) 100vw, 300px\" \/><\/a>A partir d&#8217;aquest curs 2024-2025 la revista de l&#8217;institut s&#8217;elabora des de l&#8217;optativa &#8220;revista&#8221; de 3r d&#8217;ESO, amb la col\u00b7laboraci\u00f3 del departament de Catal\u00e0. La nova revista agafa format web i es pot llegir en el seg\u00fcent enlla\u00e7:<\/p>\n<ul>\n<li><a href=\"https:\/\/sites.google.com\/insfredericmarti.cat\/revista-punts-suspensius\/inici\" target=\"_blank\" rel=\"noopener\">Web de la revista &#8220;Punts Suspensius&#8230;&#8221;<\/a><\/li>\n<\/ul>\n<p>Si voleu consultar les revistes d&#8217;altres anys, podeu accedir a partir dels enlla\u00e7os que trobareu a continuaci\u00f3:<\/p>\n<ul>\n<li><a href=\"https:\/\/agora.xtec.cat\/iesfredericmarti\/wp-content\/uploads\/usu920\/2024\/06\/Punts-Suspensius.2024-Revista-IFMC.pdf\">Punts Suspensius&#8230; curs 2023-24<\/a><\/li>\n<li><a href=\"https:\/\/agora.xtec.cat\/iesfredericmarti\/wp-content\/uploads\/usu920\/2023\/06\/Punts-Suspensius...-2023-revista-IFMC-DIGITAL_compressed.pdf\">Punts Suspensius&#8230; curs 2022-23<\/a><\/li>\n<li><a href=\"https:\/\/agora.xtec.cat\/iesfredericmarti\/wp-content\/uploads\/usu920\/2022\/07\/Punts-suspensius...-revista-2022-IFMC_DIGITAL_compressed.pdf\">Punts Suspensius&#8230; curs 2021-22<\/a><\/li>\n<li><a href=\"https:\/\/agora.xtec.cat\/iesfredericmarti\/wp-content\/uploads\/usu920\/2021\/06\/Punts-Suspensius...-curs-2020-21.pdf\">Punts Suspensius&#8230; curs 2020-21<\/a><\/li>\n<li><a href=\"https:\/\/agora.xtec.cat\/iesfredericmarti\/wp-content\/uploads\/usu920\/2020\/12\/Punts-Suspensius...-curs-2019-20-revista-IFMC_compressed.pdf\">Punts Suspensius&#8230; curs 2019-20<\/a><\/li>\n<li><a href=\"https:\/\/agora.xtec.cat\/iesfredericmarti\/docs\/punts-suspensius-2018-19-revista-ifmc\/?bp-attachment=Punts-suspensius...-2018-19-revista-de-lIFMC.pdf\">Punts Suspensius&#8230; curs 2018-19<\/a><\/li>\n<li><a href=\"https:\/\/agora.xtec.cat\/iesfredericmarti\/docs\/punts-suspensius-2017-18\/?bp-attachment=Punts-Suspensius-2017-18-revista-de-lIFMC.pdf\">Punts Suspensius&#8230; curs 2017-18<\/a><\/li>\n<li><a href=\"https:\/\/agora.xtec.cat\/iesfredericmarti\/docs\/revista-curs-2016-17\/?bp-attachment=REVISTA-IFMC-2016-17.pdf\">Punts Suspensius&#8230;\u00a0curs 2016-17<\/a><\/li>\n<li><a href=\"https:\/\/agora.xtec.cat\/iesfredericmarti\/docs\/punts-suspensius-2015-16\/?bp-attachment=REVISTA-IFMC-Punts-Suspensius...-2015-16.pdf\">Punts Suspensius&#8230; curs 2015-16<\/a><\/li>\n<li><a href=\"https:\/\/agora.xtec.cat\/iesfredericmarti\/docs\/punts-suspensius-2014-15\/?bp-attachment=REVISTA-IFMC-Punts-Suspensius...-2014-15.pdf\">Punts Suspensius&#8230; curs 2014-15<\/a><\/li>\n<li><a href=\"https:\/\/agora.xtec.cat\/iesfredericmarti\/docs\/punts-suspensius-2013-14\/?bp-attachment=REVISTA-IFMC-Punts-Suspensius...-2013-14.pdf\">Punts Suspensius&#8230; curs 2013-14<\/a><\/li>\n<\/ul>\n","protected":false},"excerpt":{"rendered":"<p>A partir d&#8217;aquest curs 2024-2025 la revista de l&#8217;institut s&#8217;elabora des de l&#8217;optativa &#8220;revista&#8221; de 3r d&#8217;ESO, amb la col\u00b7laboraci\u00f3 del departament de Catal\u00e0. La nova revista agafa format web i es pot llegir en el seg\u00fcent enlla\u00e7: Web de la revista &#8220;Punts Suspensius&#8230;&#8221; Si voleu consultar les revistes d&#8217;altres anys, podeu accedir a partir [&hellip;]<\/p>\n","protected":false},"author":1,"featured_media":0,"parent":19,"menu_order":9,"comment_status":"closed","ping_status":"closed","template":"","meta":{"_bbp_topic_count":0,"_bbp_reply_count":0,"_bbp_total_topic_count":0,"_bbp_total_reply_count":0,"_bbp_voice_count":0,"_bbp_anonymous_reply_count":0,"_bbp_topic_count_hidden":0,"_bbp_reply_count_hidden":0,"_bbp_forum_subforum_count":0,"site-sidebar-layout":"default","site-content-layout":"","ast-site-content-layout":"default","site-content-style":"default","site-sidebar-style":"default","ast-global-header-display":"","ast-banner-title-visibility":"","ast-main-header-display":"","ast-hfb-above-header-display":"","ast-hfb-below-header-display":"","ast-hfb-mobile-header-display":"","site-post-title":"","ast-breadcrumbs-content":"","ast-featured-img":"","footer-sml-layout":"","theme-transparent-header-meta":"","adv-header-id-meta":"","stick-header-meta":"","header-above-stick-meta":"","header-main-stick-meta":"","header-below-stick-meta":"","astra-migrate-meta-layouts":"set","ast-page-background-enabled":"default","ast-page-background-meta":{"desktop":{"background-color":"var(--ast-global-color-4)","background-image":"","background-repeat":"repeat","background-position":"center center","background-size":"auto","background-attachment":"scroll","background-type":"","background-media":"","overlay-type":"","overlay-color":"","overlay-opacity":"","overlay-gradient":""},"tablet":{"background-color":"","background-image":"","background-repeat":"repeat","background-position":"center center","background-size":"auto","background-attachment":"scroll","background-type":"","background-media":"","overlay-type":"","overlay-color":"","overlay-opacity":"","overlay-gradient":""},"mobile":{"background-color":"","background-image":"","background-repeat":"repeat","background-position":"center center","background-size":"auto","background-attachment":"scroll","background-type":"","background-media":"","overlay-type":"","overlay-color":"","overlay-opacity":"","overlay-gradient":""}},"ast-content-background-meta":{"desktop":{"background-color":"var(--ast-global-color-5)","background-image":"","background-repeat":"repeat","background-position":"center center","background-size":"auto","background-attachment":"scroll","background-type":"","background-media":"","overlay-type":"","overlay-color":"","overlay-opacity":"","overlay-gradient":""},"tablet":{"background-color":"var(--ast-global-color-5)","background-image":"","background-repeat":"repeat","background-position":"center center","background-size":"auto","background-attachment":"scroll","background-type":"","background-media":"","overlay-type":"","overlay-color":"","overlay-opacity":"","overlay-gradient":""},"mobile":{"background-color":"var(--ast-global-color-5)","background-image":"","background-repeat":"repeat","background-position":"center center","background-size":"auto","background-attachment":"scroll","background-type":"","background-media":"","overlay-type":"","overlay-color":"","overlay-opacity":"","overlay-gradient":""}},"footnotes":""},"class_list":["post-1453","page","type-page","status-publish","hentry"],"post_mailing_queue_ids":[],"_links":{"self":[{"href":"https:\/\/agora.xtec.cat\/iesfredericmarti\/wp-json\/wp\/v2\/pages\/1453","targetHints":{"allow":["GET"]}}],"collection":[{"href":"https:\/\/agora.xtec.cat\/iesfredericmarti\/wp-json\/wp\/v2\/pages"}],"about":[{"href":"https:\/\/agora.xtec.cat\/iesfredericmarti\/wp-json\/wp\/v2\/types\/page"}],"author":[{"embeddable":true,"href":"https:\/\/agora.xtec.cat\/iesfredericmarti\/wp-json\/wp\/v2\/users\/1"}],"replies":[{"embeddable":true,"href":"https:\/\/agora.xtec.cat\/iesfredericmarti\/wp-json\/wp\/v2\/comments?post=1453"}],"version-history":[{"count":6,"href":"https:\/\/agora.xtec.cat\/iesfredericmarti\/wp-json\/wp\/v2\/pages\/1453\/revisions"}],"predecessor-version":[{"id":9962,"href":"https:\/\/agora.xtec.cat\/iesfredericmarti\/wp-json\/wp\/v2\/pages\/1453\/revisions\/9962"}],"up":[{"embeddable":true,"href":"https:\/\/agora.xtec.cat\/iesfredericmarti\/wp-json\/wp\/v2\/pages\/19"}],"wp:attachment":[{"href":"https:\/\/agora.xtec.cat\/iesfredericmarti\/wp-json\/wp\/v2\/media?parent=1453"}],"curies":[{"name":"wp","href":"https:\/\/api.w.org\/{rel}","templated":true}]}}