{"id":1329,"date":"2017-09-10T20:23:51","date_gmt":"2017-09-10T18:23:51","guid":{"rendered":"http:\/\/agora.xtec.cat\/iesfredericmarti\/?page_id=1329"},"modified":"2025-10-07T09:25:21","modified_gmt":"2025-10-07T07:25:21","slug":"memories-altres-cursos","status":"publish","type":"page","link":"https:\/\/agora.xtec.cat\/iesfredericmarti\/projecte-educatiu\/memories-altres-cursos\/","title":{"rendered":"Mem\u00f2ries de cursos anteriors"},"content":{"rendered":"<p>En aquesta p\u00e0gina podeu consultar i descarregar-vos els documents que compilen informaci\u00f3 i activitats de cursos anteriors.<\/p>\n<h4>Curs 2024-25<\/h4>\n<ul>\n<li><a href=\"https:\/\/agora.xtec.cat\/iesfredericmarti\/wp-content\/uploads\/usu920\/2025\/10\/MAC-2024-2025-1.pdf\" target=\"_blank\" rel=\"noopener\">Mem\u00f2ria Anual de Centre 24-25<\/a><\/li>\n<\/ul>\n<h4>Curs 2022-23<\/h4>\n<ul>\n<li><a href=\"https:\/\/agora.xtec.cat\/iesfredericmarti\/wp-content\/uploads\/usu920\/2023\/10\/Memoria-Anual-de-Centre-22-23.pdf\">Mem\u00f2ria Anual de Centre 22-23<\/a><\/li>\n<\/ul>\n<h4>Curs 2021-22<\/h4>\n<ul>\n<li><a href=\"https:\/\/agora.xtec.cat\/iesfredericmarti\/wp-content\/uploads\/usu920\/2024\/05\/Memoria-Anual-de-Centre-21-22.pdf\">Mem\u00f2ria Anual de Centre 21-22<\/a><\/li>\n<\/ul>\n<h4>Curs 2020-21<\/h4>\n<ul>\n<li><a href=\"https:\/\/agora.xtec.cat\/iesfredericmarti\/wp-content\/uploads\/usu920\/2021\/09\/Memoria-Anual-de-Centre-20-21.docx.pdf\">Mem\u00f2ria Anual de Centre 20-21<\/a><\/li>\n<\/ul>\n<h4>Curs 2017-18<\/h4>\n<ul>\n<li><a href=\"https:\/\/agora.xtec.cat\/iesfredericmarti\/docs\/memoria-escoles-verdes-2017-18\/?bp-attachment=Escoles-Verdes-Curs-2017-18.pdf\">Mem\u00f2ria Escoles Verdes curs 17-18<\/a><\/li>\n<li><a href=\"https:\/\/agora.xtec.cat\/iesfredericmarti\/docs\/valoracions-escoles-verdes-2017-18\/?bp-attachment=Escola-Verda-PA_2017-2018_INS_FREDERIC-MARTI-CARRERAS-Valoracions.pdf\">Mem\u00f2ria de Valoracions Escoles Verdes 17-18<\/a><\/li>\n<li><a href=\"https:\/\/agora.xtec.cat\/iesfredericmarti\/docs\/memoria-servei-de-mediacio-curs-2017-18\/?bp-attachment=MEM%C3%92RIA-SERVEI-DE-MEDIACI%C3%93-2017-18.pdf\">Mem\u00f2ria Servei de Mediaci\u00f3 17-18<\/a><\/li>\n<li><a href=\"https:\/\/agora.xtec.cat\/iesfredericmarti\/docs\/memoria-tis-2017-18\/?bp-attachment=Mem%C3%B2ries-TIS-2017-2018-1.pdf\">Mem\u00f2ria TIS curs 17-18<\/a><\/li>\n<li><a href=\"https:\/\/agora.xtec.cat\/iesfredericmarti\/docs\/memoria-pla-desports-17-18\/?bp-attachment=Mem%C3%B2ries-pla-desports-17-18-1.pdf\">Mem\u00f2ria Pla d&#8217;Esports curs 17-18<\/a><\/li>\n<\/ul>\n<h4>Curs 2016-17<\/h4>\n<ul>\n<li><a href=\"https:\/\/agora.xtec.cat\/iesfredericmarti\/docs\/memoria-acords-de-coresponsabilitat-curs-2016-17\/\">Mem\u00f2ria acords de corresponsabilitat curs 16-17<\/a><\/li>\n<li><a href=\"https:\/\/agora.xtec.cat\/iesfredericmarti\/docs\/memoria-avaluativa-curs-2016-17\/\">Mem\u00f2ria avaluativa curs 16-17<\/a><\/li>\n<li><a href=\"http:\/\/agora.xtec.cat\/iesfredericmarti\/docs\/?bp-attachment=Escoles-Verdes-Curs-2016-17.pdf\">Mem\u00f2ria Escoles Verdes curs 16-17<\/a><\/li>\n<li><a href=\"https:\/\/agora.xtec.cat\/iesfredericmarti\/docs\/memoria-servei-de-mediacio-curs-2016-17\/\">Mem\u00f2ria Servei de Mediaci\u00f3 16-17<\/a><\/li>\n<li><a href=\"https:\/\/agora.xtec.cat\/iesfredericmarti\/docs\/memoria-pla-desports\/\">Mem\u00f2ria Pla d&#8217;Esports curs 16-17<\/a><\/li>\n<li><a href=\"https:\/\/agora.xtec.cat\/iesfredericmarti\/docs\/memoria-tis-i-annexos-curs-2016-17\/\">Mem\u00f2ria TIS curs 16-17<\/a><\/li>\n<\/ul>\n<h4>Curs 2015-16<\/h4>\n<ul>\n<li><a href=\"http:\/\/192.168.0.2\/rebost\/documentscentre\/memESCOLESVERDES1516.pdf\">Mem\u00f2ria Escoles Verdes curs 15-16<\/a><\/li>\n<li><a href=\"http:\/\/192.168.0.2\/rebost\/documentscentre\/memPLAESPORTS1516.pdf\">Mem\u00f2ria Pla d&#8217;Esports curs 15-16<\/a><\/li>\n<\/ul>\n","protected":false},"excerpt":{"rendered":"<p>En aquesta p\u00e0gina podeu consultar i descarregar-vos els documents que compilen informaci\u00f3 i activitats de cursos anteriors. Curs 2024-25 Mem\u00f2ria Anual de Centre 24-25 Curs 2022-23 Mem\u00f2ria Anual de Centre 22-23 Curs 2021-22 Mem\u00f2ria Anual de Centre 21-22 Curs 2020-21 Mem\u00f2ria Anual de Centre 20-21 Curs 2017-18 Mem\u00f2ria Escoles Verdes curs 17-18 Mem\u00f2ria de Valoracions [&hellip;]<\/p>\n","protected":false},"author":1,"featured_media":0,"parent":57,"menu_order":3,"comment_status":"closed","ping_status":"closed","template":"page-templates\/side-menu.php","meta":{"_bbp_topic_count":0,"_bbp_reply_count":0,"_bbp_total_topic_count":0,"_bbp_total_reply_count":0,"_bbp_voice_count":0,"_bbp_anonymous_reply_count":0,"_bbp_topic_count_hidden":0,"_bbp_reply_count_hidden":0,"_bbp_forum_subforum_count":0,"site-sidebar-layout":"default","site-content-layout":"","ast-site-content-layout":"","site-content-style":"default","site-sidebar-style":"default","ast-global-header-display":"","ast-banner-title-visibility":"","ast-main-header-display":"","ast-hfb-above-header-display":"","ast-hfb-below-header-display":"","ast-hfb-mobile-header-display":"","site-post-title":"","ast-breadcrumbs-content":"","ast-featured-img":"","footer-sml-layout":"","theme-transparent-header-meta":"","adv-header-id-meta":"","stick-header-meta":"","header-above-stick-meta":"","header-main-stick-meta":"","header-below-stick-meta":"","astra-migrate-meta-layouts":"default","ast-page-background-enabled":"default","ast-page-background-meta":{"desktop":{"background-color":"var(--ast-global-color-4)","background-image":"","background-repeat":"repeat","background-position":"center center","background-size":"auto","background-attachment":"scroll","background-type":"","background-media":"","overlay-type":"","overlay-color":"","overlay-opacity":"","overlay-gradient":""},"tablet":{"background-color":"","background-image":"","background-repeat":"repeat","background-position":"center center","background-size":"auto","background-attachment":"scroll","background-type":"","background-media":"","overlay-type":"","overlay-color":"","overlay-opacity":"","overlay-gradient":""},"mobile":{"background-color":"","background-image":"","background-repeat":"repeat","background-position":"center center","background-size":"auto","background-attachment":"scroll","background-type":"","background-media":"","overlay-type":"","overlay-color":"","overlay-opacity":"","overlay-gradient":""}},"ast-content-background-meta":{"desktop":{"background-color":"var(--ast-global-color-5)","background-image":"","background-repeat":"repeat","background-position":"center center","background-size":"auto","background-attachment":"scroll","background-type":"","background-media":"","overlay-type":"","overlay-color":"","overlay-opacity":"","overlay-gradient":""},"tablet":{"background-color":"var(--ast-global-color-5)","background-image":"","background-repeat":"repeat","background-position":"center center","background-size":"auto","background-attachment":"scroll","background-type":"","background-media":"","overlay-type":"","overlay-color":"","overlay-opacity":"","overlay-gradient":""},"mobile":{"background-color":"var(--ast-global-color-5)","background-image":"","background-repeat":"repeat","background-position":"center center","background-size":"auto","background-attachment":"scroll","background-type":"","background-media":"","overlay-type":"","overlay-color":"","overlay-opacity":"","overlay-gradient":""}},"footnotes":""},"class_list":["post-1329","page","type-page","status-publish","hentry"],"post_mailing_queue_ids":[],"_links":{"self":[{"href":"https:\/\/agora.xtec.cat\/iesfredericmarti\/wp-json\/wp\/v2\/pages\/1329","targetHints":{"allow":["GET"]}}],"collection":[{"href":"https:\/\/agora.xtec.cat\/iesfredericmarti\/wp-json\/wp\/v2\/pages"}],"about":[{"href":"https:\/\/agora.xtec.cat\/iesfredericmarti\/wp-json\/wp\/v2\/types\/page"}],"author":[{"embeddable":true,"href":"https:\/\/agora.xtec.cat\/iesfredericmarti\/wp-json\/wp\/v2\/users\/1"}],"replies":[{"embeddable":true,"href":"https:\/\/agora.xtec.cat\/iesfredericmarti\/wp-json\/wp\/v2\/comments?post=1329"}],"version-history":[{"count":7,"href":"https:\/\/agora.xtec.cat\/iesfredericmarti\/wp-json\/wp\/v2\/pages\/1329\/revisions"}],"predecessor-version":[{"id":9699,"href":"https:\/\/agora.xtec.cat\/iesfredericmarti\/wp-json\/wp\/v2\/pages\/1329\/revisions\/9699"}],"up":[{"embeddable":true,"href":"https:\/\/agora.xtec.cat\/iesfredericmarti\/wp-json\/wp\/v2\/pages\/57"}],"wp:attachment":[{"href":"https:\/\/agora.xtec.cat\/iesfredericmarti\/wp-json\/wp\/v2\/media?parent=1329"}],"curies":[{"name":"wp","href":"https:\/\/api.w.org\/{rel}","templated":true}]}}