{"id":1327,"date":"2017-09-10T20:18:54","date_gmt":"2017-09-10T18:18:54","guid":{"rendered":"http:\/\/agora.xtec.cat\/iesfredericmarti\/?page_id=1327"},"modified":"2025-10-07T09:33:01","modified_gmt":"2025-10-07T07:33:01","slug":"pag-pec-i-altres-plans-i-projectes","status":"publish","type":"page","link":"https:\/\/agora.xtec.cat\/iesfredericmarti\/projecte-educatiu\/pag-pec-i-altres-plans-i-projectes\/","title":{"rendered":"PGA, PEC i altres plans i projectes"},"content":{"rendered":"<p style=\"text-align: justify;\">En aquesta secci\u00f3 disposeu dels enlla\u00e7os als documents que, d&#8217;acord amb la <a title=\"Article 91 LEC\" href=\"http:\/\/www20.gencat.cat\/portal\/site\/portaljuridic\/menuitem.d15a4e5dfb99396dc366ec10b0c0e1a0\/?vgnextoid=b85297b5a87d6210VgnVCM1000000b0c1e0aRCRD&amp;vgnextchannel=b85297b5a87d6210VgnVCM1000000b0c1e0aRCRD&amp;vgnextfmt=default&amp;action=fitxa&amp;portalId=1&amp;documentId=480169&amp;newLang=ca_ES#fragment-1182442\" target=\"_blank\" rel=\"noopener noreferrer\">Llei d&#8217;Educaci\u00f3 de Catalunya<\/a>, defineixen el Projecte Educatiu del Centre, aix\u00ed com altres documents relacionats.<\/p>\n<ul>\n<li><a href=\"https:\/\/agora.xtec.cat\/iesfredericmarti\/wp-content\/uploads\/usu920\/2025\/10\/ilovepdf_merged-2.pdf\" target=\"_blank\" rel=\"noopener\">Programaci\u00f3 General Anual de Centre 2025-26<\/a><\/li>\n<li style=\"text-align: justify;\"><a style=\"color: #2795b6;\" href=\"https:\/\/agora.xtec.cat\/iesfredericmarti\/wp-content\/uploads\/usu920\/2024\/12\/Projecte-Singular-Curs-2024-25.docx-1.pdf\" target=\"_blank\" rel=\"noopener\">Projecte singular 2024-2025<\/a><\/li>\n<li><a href=\"https:\/\/agora.xtec.cat\/iesfredericmarti\/wp-content\/uploads\/usu920\/2025\/10\/Projecte-de-sostenibilitat-1.pdf\" target=\"_blank\" rel=\"noopener\">Projecte de sostenibilitat Escoles Verdes 2025-2026<\/a><\/li>\n<\/ul>\n<p>Documents pendents d&#8217;actualitzaci\u00f3:<\/p>\n<ul>\n<li><a href=\"https:\/\/agora.xtec.cat\/iesfredericmarti\/docs\/projecte-educatiu-de-centre-gener-2019\/?bp-attachment=PEC_FredericMart%C3%ADCarreras_juliol2015_revisatgener2019.pdf\">Projecte Educatiu de Centre<\/a><\/li>\n<li style=\"text-align: justify;\"><a href=\"https:\/\/agora.xtec.cat\/iesfredericmarti\/docs\/pla-daccio-tutorial-19-20-2\/?bp-attachment=PAT-19-20.pdf\">Pla d&#8217;acci\u00f3 tutorial<\/a><\/li>\n<li style=\"text-align: justify;\"><a href=\"https:\/\/agora.xtec.cat\/iesfredericmarti\/docs\/projecte-linguistic-17-18\/?bp-attachment=Projecte_LINGU%CC%88I%CC%81STIC-17-18.pdf\">Projecte ling\u00fc\u00edstic<\/a><\/li>\n<li style=\"text-align: justify;\"><a href=\"https:\/\/agora.xtec.cat\/iesfredericmarti\/docs\/tutoria-entre-iguals-alumnes-per-la-convivencia\/?bp-attachment=Tutoria-entre-iguals.-Alumnes-per-a-la-conviv%C3%A8ncia.-Versi%C3%B3-definitiva.pdf\">Tutoria entre iguals. Alumnes per la conviv\u00e8ncia<\/a><\/li>\n<li style=\"text-align: justify;\"><a href=\"https:\/\/agora.xtec.cat\/iesfredericmarti\/docs\/projecte-de-centre-competencia-digital-2019-20\/?bp-attachment=2019-20-PROJECTE-DE-CENTRE-COMPET%C3%88NCIA-DIGITAL.pdf\">Compet\u00e8ncia Digital<\/a><\/li>\n<\/ul>\n","protected":false},"excerpt":{"rendered":"<p>En aquesta secci\u00f3 disposeu dels enlla\u00e7os als documents que, d&#8217;acord amb la Llei d&#8217;Educaci\u00f3 de Catalunya, defineixen el Projecte Educatiu del Centre, aix\u00ed com altres documents relacionats. Programaci\u00f3 General Anual de Centre 2025-26 Projecte singular 2024-2025 Projecte de sostenibilitat Escoles Verdes 2025-2026 Documents pendents d&#8217;actualitzaci\u00f3: Projecte Educatiu de Centre Pla d&#8217;acci\u00f3 tutorial Projecte ling\u00fc\u00edstic Tutoria [&hellip;]<\/p>\n","protected":false},"author":1,"featured_media":0,"parent":57,"menu_order":1,"comment_status":"closed","ping_status":"closed","template":"page-templates\/side-menu.php","meta":{"_bbp_topic_count":0,"_bbp_reply_count":0,"_bbp_total_topic_count":0,"_bbp_total_reply_count":0,"_bbp_voice_count":0,"_bbp_anonymous_reply_count":0,"_bbp_topic_count_hidden":0,"_bbp_reply_count_hidden":0,"_bbp_forum_subforum_count":0,"site-sidebar-layout":"default","site-content-layout":"","ast-site-content-layout":"","site-content-style":"default","site-sidebar-style":"default","ast-global-header-display":"","ast-banner-title-visibility":"","ast-main-header-display":"","ast-hfb-above-header-display":"","ast-hfb-below-header-display":"","ast-hfb-mobile-header-display":"","site-post-title":"","ast-breadcrumbs-content":"","ast-featured-img":"","footer-sml-layout":"","theme-transparent-header-meta":"","adv-header-id-meta":"","stick-header-meta":"","header-above-stick-meta":"","header-main-stick-meta":"","header-below-stick-meta":"","astra-migrate-meta-layouts":"default","ast-page-background-enabled":"default","ast-page-background-meta":{"desktop":{"background-color":"var(--ast-global-color-4)","background-image":"","background-repeat":"repeat","background-position":"center center","background-size":"auto","background-attachment":"scroll","background-type":"","background-media":"","overlay-type":"","overlay-color":"","overlay-opacity":"","overlay-gradient":""},"tablet":{"background-color":"","background-image":"","background-repeat":"repeat","background-position":"center center","background-size":"auto","background-attachment":"scroll","background-type":"","background-media":"","overlay-type":"","overlay-color":"","overlay-opacity":"","overlay-gradient":""},"mobile":{"background-color":"","background-image":"","background-repeat":"repeat","background-position":"center center","background-size":"auto","background-attachment":"scroll","background-type":"","background-media":"","overlay-type":"","overlay-color":"","overlay-opacity":"","overlay-gradient":""}},"ast-content-background-meta":{"desktop":{"background-color":"var(--ast-global-color-5)","background-image":"","background-repeat":"repeat","background-position":"center center","background-size":"auto","background-attachment":"scroll","background-type":"","background-media":"","overlay-type":"","overlay-color":"","overlay-opacity":"","overlay-gradient":""},"tablet":{"background-color":"var(--ast-global-color-5)","background-image":"","background-repeat":"repeat","background-position":"center center","background-size":"auto","background-attachment":"scroll","background-type":"","background-media":"","overlay-type":"","overlay-color":"","overlay-opacity":"","overlay-gradient":""},"mobile":{"background-color":"var(--ast-global-color-5)","background-image":"","background-repeat":"repeat","background-position":"center center","background-size":"auto","background-attachment":"scroll","background-type":"","background-media":"","overlay-type":"","overlay-color":"","overlay-opacity":"","overlay-gradient":""}},"footnotes":""},"class_list":["post-1327","page","type-page","status-publish","hentry"],"post_mailing_queue_ids":[],"_links":{"self":[{"href":"https:\/\/agora.xtec.cat\/iesfredericmarti\/wp-json\/wp\/v2\/pages\/1327","targetHints":{"allow":["GET"]}}],"collection":[{"href":"https:\/\/agora.xtec.cat\/iesfredericmarti\/wp-json\/wp\/v2\/pages"}],"about":[{"href":"https:\/\/agora.xtec.cat\/iesfredericmarti\/wp-json\/wp\/v2\/types\/page"}],"author":[{"embeddable":true,"href":"https:\/\/agora.xtec.cat\/iesfredericmarti\/wp-json\/wp\/v2\/users\/1"}],"replies":[{"embeddable":true,"href":"https:\/\/agora.xtec.cat\/iesfredericmarti\/wp-json\/wp\/v2\/comments?post=1327"}],"version-history":[{"count":6,"href":"https:\/\/agora.xtec.cat\/iesfredericmarti\/wp-json\/wp\/v2\/pages\/1327\/revisions"}],"predecessor-version":[{"id":9706,"href":"https:\/\/agora.xtec.cat\/iesfredericmarti\/wp-json\/wp\/v2\/pages\/1327\/revisions\/9706"}],"up":[{"embeddable":true,"href":"https:\/\/agora.xtec.cat\/iesfredericmarti\/wp-json\/wp\/v2\/pages\/57"}],"wp:attachment":[{"href":"https:\/\/agora.xtec.cat\/iesfredericmarti\/wp-json\/wp\/v2\/media?parent=1327"}],"curies":[{"name":"wp","href":"https:\/\/api.w.org\/{rel}","templated":true}]}}