{"id":847,"date":"2018-01-18T21:25:52","date_gmt":"2018-01-18T20:25:52","guid":{"rendered":"http:\/\/agora.xtec.cat\/iesfrancescmacia\/?page_id=847"},"modified":"2022-10-20T10:11:53","modified_gmt":"2022-10-20T08:11:53","slug":"erasmus-plus","status":"publish","type":"page","link":"https:\/\/agora.xtec.cat\/iesfrancescmacia\/erasmus-plus\/","title":{"rendered":"Erasmus+ a l\u2019Ins Francesc Maci\u00e0"},"content":{"rendered":"<p><a href=\"https:\/\/ec.europa.eu\/programmes\/erasmus-plus\/node_en\">Erasmus+<\/a> \u00e9s el programa de la Uni\u00f3 Europea per a l&#8217;educaci\u00f3, la formaci\u00f3, la joventut i l&#8217;esport. En l&#8217;\u00e0mbit de l&#8217;Educaci\u00f3 i la Formaci\u00f3 ofereix oportunitats en tots els sectors educatius: Educaci\u00f3 Superior, Formaci\u00f3 Professional, Educaci\u00f3 Escolar i Educaci\u00f3 de Persones Adultes.<\/p>\n<p>&nbsp;<\/p>\n<h3><a href=\"http:\/\/erasmusprojects.epizy.com\/?i=1\"><strong>BLOC DELS NOSTRES PROJECTES ERASMUS PLUS <\/strong><\/a><br \/>\n(Diari en primera persona de les experi\u00e8ncies viscudes en cadascun dels nostres intercanvis)<\/h3>\n<hr \/>\n<h3><strong>Projectes\u00a0Erasmus+ K1<\/strong><\/h3>\n<table style=\"width: 1003px; height: 172px;\">\n<tbody>\n<tr>\n<td style=\"width: 258px;\">\n<h4><a href=\"http:\/\/erasmusk1fm.mystrikingly.com\/\">Mejorar la competencia ling\u00fc\u00edstica a trav\u00e9s de las Actividades en la Naturaleza como aula de aprendizaje<\/a><\/h4>\n<h4><strong>2019-2021<\/strong><\/h4>\n<\/td>\n<td style=\"width: 496px;\">Aquest projecte tracta de la gran import\u00e0ncia que t\u00e9 el contacte amb la natura i els espais oberts en l\u2019aprenentatge i el proc\u00e9s educatiu dels alumnes. Formar-se i aprendre a aplicar noves metodologies que s\u2019inclouen en els curr\u00edculums de les escoles europees capdavanteres en aquest \u00e0mbit, ser\u00e0 un objectiu del projecte<\/td>\n<td style=\"width: 239px;\"><\/td>\n<\/tr>\n<\/tbody>\n<\/table>\n<hr \/>\n<h3><strong>\u00a0<\/strong><strong>Projectes Erasmus+ K2 <\/strong>(Official website)<\/h3>\n<table style=\"height: 328px; width: 1003px;\">\n<tbody>\n<tr>\n<td style=\"width: 377px;\">\n<h4><a href=\"https:\/\/anotherhikeanother.wixsite.com\/erasmus\">ANOTHER HIKE, ANOTHER HISTORY (AHAH)<\/a><\/h4>\n<ul>\n<li>7TH GYMNASIUM OF HERAKLION CRETA &#8211; \u00a0GR\u00c8CIA<\/li>\n<li>COLLEGE AIME CESAIRE DE BASSE POINTE ILLA DE LA MARTINIQUE &#8211; FRAN\u00c7A<\/li>\n<li>AGRUPAMENTO DE ESCOLAS DE VILA NOVA DA BARQUINHA PORTUGAL<\/li>\n<li>SAUGA P\u00d5HIKOOL EST\u00d2NIA<\/li>\n<\/ul>\n<\/td>\n<td style=\"width: 321px;\">&#8220;AHAH&#8221; \u00e9s el t\u00edtol del projecte internacional que realitza l&#8217;Institut Francesc Maci\u00e0 els cursos 2018-2019 i 2019-2020. Aquest projecte tracta sobre la pr\u00e0ctica del senderisme per camins i senders de valor hist\u00f2ric d\u2019arreu d\u2019Europa, amb especial incid\u00e8ncia en l\u2019Exili per motius b\u00e8l\u00b7lics o socials.<\/td>\n<td style=\"width: 295px;\"><a href=\"https:\/\/anotherhikeanother.wixsite.com\/erasmus\"><img loading=\"lazy\" decoding=\"async\" class=\"aligncenter size-full wp-image-2905\" src=\"https:\/\/agora.xtec.cat\/iesfrancescmacia\/wp-content\/uploads\/usu1660\/2019\/11\/AHAH.png\" alt=\"\" width=\"208\" height=\"206\" srcset=\"https:\/\/agora.xtec.cat\/iesfrancescmacia\/wp-content\/uploads\/usu1660\/2019\/11\/AHAH.png 208w, https:\/\/agora.xtec.cat\/iesfrancescmacia\/wp-content\/uploads\/usu1660\/2019\/11\/AHAH-150x150.png 150w\" sizes=\"auto, (max-width: 208px) 100vw, 208px\" \/><\/a><\/td>\n<\/tr>\n<tr>\n<td style=\"width: 377px;\">\n<h4><a href=\"https:\/\/sites.google.com\/view\/healthy-mind-healthy-learners\/\">HEALTHY MIND, HEALTHY LEARNERS (HMHL)<\/a><\/h4>\n<ul>\n<li>LYC\u00c9E JEAN JOLY\u00a0ILLA DE LA REUNI\u00d3 &#8211; FRAN\u00c7A<\/li>\n<li>ISTITUTO SECONDARIO DI 1^GRADO PETRARCA-PADRE PIO\u00a0IT\u00c0LIA<\/li>\n<li>JONISKIO R. GASCIUNU PAGRINDINE MOKYKLA\u00a0\u00a0LITU\u00c0NIA<\/li>\n<\/ul>\n<\/td>\n<td style=\"width: 321px;\">A trav\u00e9s del projecte HMHL volem donar a l&#8217;alumnat la possibilitat de desenvolupar la consci\u00e8ncia de la dimensi\u00f3 europea, treballant col\u00b7laborativament en la tem\u00e0tica d&#8217;h\u00e0bits de vida saludable.<\/td>\n<td style=\"width: 295px;\"><a href=\"https:\/\/sites.google.com\/view\/healthy-mind-healthy-learners\/\"><img loading=\"lazy\" decoding=\"async\" class=\"aligncenter size-large wp-image-3016\" src=\"https:\/\/agora.xtec.cat\/iesfrancescmacia\/wp-content\/uploads\/usu1660\/2020\/01\/Logo-Healthy-Minds-Healthy-Learners-WEB-1024x892.png\" alt=\"\" width=\"1024\" height=\"892\" srcset=\"https:\/\/agora.xtec.cat\/iesfrancescmacia\/wp-content\/uploads\/usu1660\/2020\/01\/Logo-Healthy-Minds-Healthy-Learners-WEB-1024x892.png 1024w, https:\/\/agora.xtec.cat\/iesfrancescmacia\/wp-content\/uploads\/usu1660\/2020\/01\/Logo-Healthy-Minds-Healthy-Learners-WEB-300x261.png 300w, https:\/\/agora.xtec.cat\/iesfrancescmacia\/wp-content\/uploads\/usu1660\/2020\/01\/Logo-Healthy-Minds-Healthy-Learners-WEB-768x669.png 768w, https:\/\/agora.xtec.cat\/iesfrancescmacia\/wp-content\/uploads\/usu1660\/2020\/01\/Logo-Healthy-Minds-Healthy-Learners-WEB.png 1920w\" sizes=\"auto, (max-width: 1024px) 100vw, 1024px\" \/><\/a><\/td>\n<\/tr>\n<tr>\n<td style=\"width: 377px;\">\n<h4>21st CENTURY ACTIVE CITIZENSHIP<\/h4>\n<ul>\n<li>SIR JOHN HUNT COMMUNITY SPORTS COLLEGE (UK)<\/li>\n<li>OSNOVO UCHILISTE NEOFIT RILSKI (BULG\u00c0RIA)<\/li>\n<\/ul>\n<\/td>\n<td style=\"width: 321px;\"><\/td>\n<td style=\"width: 295px;\"><\/td>\n<\/tr>\n<\/tbody>\n<\/table>\n<h3><\/h3>\n<hr \/>\n<h2><strong>Projectes Finalitzats<\/strong><\/h2>\n<h3><strong>Erasmus+ K1<\/strong><\/h3>\n<table style=\"width: 1003px; height: 172px;\">\n<tbody>\n<tr>\n<td style=\"width: 258px;\">\n<h4><a href=\"https:\/\/eplusinsfm.blogspot.com\/?m=1\">COMO MEJORAR LA COMPETENCIA LING\u00dc\u00cdSTICA MEDIANTE LA METODOLOG\u00cdA CLIL<\/a><\/h4>\n<h4>2017-19<\/h4>\n<\/td>\n<td style=\"width: 496px;\">Des del 2015 al 2017. Es tracta d&#8217;un projecte KA1 (Key Action 1) destinat a la formaci\u00f3 del professorat en centres estrangers, aquest projecte entra dins de la l\u00ednia que el nostre Centre porta treballant molts anys per millorar la compet\u00e8ncia en llengua Anglesa per part del professorat que realitza activitats amb metodologia CLIL i participant en projectes educatius europeus.<\/td>\n<td style=\"width: 239px;\"><a href=\"https:\/\/eplusinsfm.blogspot.com\/?m=1\"><img loading=\"lazy\" decoding=\"async\" class=\"alignleft wp-image-2025 size-medium\" src=\"http:\/\/agora.xtec.cat\/iesfrancescmacia\/wp-content\/uploads\/usu1660\/2018\/01\/logo-efisica-f-maciaV2-300x153.jpg\" alt=\"\" width=\"300\" height=\"153\" srcset=\"https:\/\/agora.xtec.cat\/iesfrancescmacia\/wp-content\/uploads\/usu1660\/2018\/01\/logo-efisica-f-maciaV2-300x153.jpg 300w, https:\/\/agora.xtec.cat\/iesfrancescmacia\/wp-content\/uploads\/usu1660\/2018\/01\/logo-efisica-f-maciaV2.jpg 320w\" sizes=\"auto, (max-width: 300px) 100vw, 300px\" \/><\/a><\/td>\n<\/tr>\n<\/tbody>\n<\/table>\n<hr \/>\n<h3><strong>Erasmus+ K2<\/strong><\/h3>\n<table style=\"height: 328px; width: 1003px;\">\n<tbody>\n<tr>\n<td style=\"width: 377px;\">\n<h4><a href=\"http:\/\/walkingtheline-ka2.weebly.com\/\">WALKING THE LINE<\/a><\/h4>\n<h4>2017-19<\/h4>\n<p><strong>Partners:<\/strong><\/p>\n<ul>\n<li>Colegiul National Nicolae Titulescu &#8211; ROMANIA<\/li>\n<li>Istituto d&#8217;Istruzione Superiore M.Raeli- \u00a0Noto ITALY<\/li>\n<li>Marijampole &#8220;Ryto&#8221; Basic School\u00a0&#8211; LITHUANIA<\/li>\n<li>Geschwister-Scholl-Schule G\u00fctersloh &#8211; GERMANY<\/li>\n<\/ul>\n<p><a href=\"http:\/\/walkingtheline-ka2.weebly.com\/\">Visita la web del projecte.<\/a><\/td>\n<td style=\"width: 321px;\"><a href=\"http:\/\/walkingtheline-ka2.weebly.com\/\"><img loading=\"lazy\" decoding=\"async\" class=\"size-full wp-image-873 aligncenter\" src=\"http:\/\/agora.xtec.cat\/iesfrancescmacia\/wp-content\/uploads\/usu1660\/2018\/01\/Walking-the-line.png\" alt=\"\" width=\"195\" height=\"125\" \/><\/a><\/td>\n<td style=\"width: 295px;\"><img loading=\"lazy\" decoding=\"async\" class=\"size-full wp-image-2028 aligncenter\" src=\"http:\/\/agora.xtec.cat\/iesfrancescmacia\/wp-content\/uploads\/usu1660\/2018\/01\/mascotte-ufficiale.jpg\" alt=\"\" width=\"209\" height=\"298\" \/><\/td>\n<\/tr>\n<\/tbody>\n<\/table>\n<table style=\"width: 975px;\">\n<tbody>\n<tr style=\"height: 340px;\">\n<td style=\"width: 359px; height: 340px;\">\n<h4><a href=\"https:\/\/erasmushealthytown.wixsite.com\/monsite\">HEALTHY TOWN<\/a><\/h4>\n<h4>2017-19<\/h4>\n<p><strong>Partners:<\/strong><\/p>\n<ul>\n<li>I Liceum Ogolnoksztalcace im. Kazimierza Jagiellonczyka w Sieradzu- POLAND<\/li>\n<li>Joensuun kaupunki, Pataluodon koulu &#8211; FINLAND<\/li>\n<li>Lyc\u00e9e Jean Joly &#8211; REuNION ISLAND -FRANCE<\/li>\n<\/ul>\n<\/td>\n<td style=\"width: 321px;\"><a href=\"http:\/\/walkingtheline-ka2.weebly.com\/\"><img loading=\"lazy\" decoding=\"async\" class=\"wp-image-2026 aligncenter\" src=\"http:\/\/agora.xtec.cat\/iesfrancescmacia\/wp-content\/uploads\/usu1660\/2018\/01\/logo-healthy-212x300.png\" alt=\"\" width=\"149\" height=\"211\" srcset=\"https:\/\/agora.xtec.cat\/iesfrancescmacia\/wp-content\/uploads\/usu1660\/2018\/01\/logo-healthy-212x300.png 212w, https:\/\/agora.xtec.cat\/iesfrancescmacia\/wp-content\/uploads\/usu1660\/2018\/01\/logo-healthy-768x1087.png 768w, https:\/\/agora.xtec.cat\/iesfrancescmacia\/wp-content\/uploads\/usu1660\/2018\/01\/logo-healthy-723x1024.png 723w, https:\/\/agora.xtec.cat\/iesfrancescmacia\/wp-content\/uploads\/usu1660\/2018\/01\/logo-healthy.png 945w\" sizes=\"auto, (max-width: 149px) 100vw, 149px\" \/><\/a><\/td>\n<td style=\"width: 295px;\"><img loading=\"lazy\" decoding=\"async\" class=\"wp-image-2027 aligncenter\" src=\"http:\/\/agora.xtec.cat\/iesfrancescmacia\/wp-content\/uploads\/usu1660\/2018\/01\/Koka-koli-225x300.jpg\" alt=\"\" width=\"157\" height=\"210\" srcset=\"https:\/\/agora.xtec.cat\/iesfrancescmacia\/wp-content\/uploads\/usu1660\/2018\/01\/Koka-koli-225x300.jpg 225w, https:\/\/agora.xtec.cat\/iesfrancescmacia\/wp-content\/uploads\/usu1660\/2018\/01\/Koka-koli.jpg 240w\" sizes=\"auto, (max-width: 157px) 100vw, 157px\" \/><\/td>\n<\/tr>\n<\/tbody>\n<\/table>\n","protected":false},"excerpt":{"rendered":"<p><a href=\"https:\/\/ec.europa.eu\/programmes\/erasmus-plus\/node_en\">Erasmus+<\/a> \u00e9s el programa de la Uni\u00f3 Europea per a l&#8217;educaci\u00f3, la formaci\u00f3, la joventut i l&#8217;esport. En l&#8217;\u00e0mbit de l&#8217;Educaci\u00f3 i la Formaci\u00f3 ofereix oportunitats en tots els sectors educatius: Educaci\u00f3 Superior, Formaci\u00f3 Professional, Educaci\u00f3 Escolar i Educaci\u00f3 de Persones Adultes.<br \/>\n&nbsp;<br \/>\n<a href=\"http:\/\/erasmusprojects.epizy.com\/?i=1\">BLOC DELS&hellip;  <a href=\"https:\/\/agora.xtec.cat\/iesfrancescmacia\/erasmus-plus\/\" title=\"Read Erasmus+ a l\u2019Ins Francesc Maci\u00e0\">Llegeix m\u00e9s\u00bb<\/a><\/p>\n","protected":false},"author":7,"featured_media":0,"parent":0,"menu_order":0,"comment_status":"closed","ping_status":"closed","template":"","meta":{"_bbp_topic_count":0,"_bbp_reply_count":0,"_bbp_total_topic_count":0,"_bbp_total_reply_count":0,"_bbp_voice_count":0,"_bbp_anonymous_reply_count":0,"_bbp_topic_count_hidden":0,"_bbp_reply_count_hidden":0,"_bbp_forum_subforum_count":0,"footnotes":""},"class_list":["post-847","page","type-page","status-publish","hentry"],"post_mailing_queue_ids":[],"_links":{"self":[{"href":"https:\/\/agora.xtec.cat\/iesfrancescmacia\/wp-json\/wp\/v2\/pages\/847","targetHints":{"allow":["GET"]}}],"collection":[{"href":"https:\/\/agora.xtec.cat\/iesfrancescmacia\/wp-json\/wp\/v2\/pages"}],"about":[{"href":"https:\/\/agora.xtec.cat\/iesfrancescmacia\/wp-json\/wp\/v2\/types\/page"}],"author":[{"embeddable":true,"href":"https:\/\/agora.xtec.cat\/iesfrancescmacia\/wp-json\/wp\/v2\/users\/7"}],"replies":[{"embeddable":true,"href":"https:\/\/agora.xtec.cat\/iesfrancescmacia\/wp-json\/wp\/v2\/comments?post=847"}],"version-history":[{"count":2,"href":"https:\/\/agora.xtec.cat\/iesfrancescmacia\/wp-json\/wp\/v2\/pages\/847\/revisions"}],"predecessor-version":[{"id":5323,"href":"https:\/\/agora.xtec.cat\/iesfrancescmacia\/wp-json\/wp\/v2\/pages\/847\/revisions\/5323"}],"wp:attachment":[{"href":"https:\/\/agora.xtec.cat\/iesfrancescmacia\/wp-json\/wp\/v2\/media?parent=847"}],"curies":[{"name":"wp","href":"https:\/\/api.w.org\/{rel}","templated":true}]}}