{"id":75,"date":"2014-09-18T10:21:02","date_gmt":"2014-09-18T09:21:02","guid":{"rendered":"http:\/\/agora.xtec.cat\/iesfrancescmacia\/?page_id=75"},"modified":"2017-11-23T20:25:11","modified_gmt":"2017-11-23T19:25:11","slug":"activitats-extraescolars","status":"publish","type":"page","link":"https:\/\/agora.xtec.cat\/iesfrancescmacia\/serveis\/activitats-extraescolars\/","title":{"rendered":"Activitats extraescolars"},"content":{"rendered":"<p class=\"Estilo10\" align=\"justify\">Durant el curs, els alumnes de tots els nivells veuen complementades les classes ordin\u00e0ries amb tallers, confer\u00e8ncies, debats, visites, obres de teatre, actuacions musicals, museus, etc. Totes aquestes es fan segons les circumst\u00e0ncies escolars, i procurant que representin la menor despesa possible per a les fam\u00edlies.<\/p>\n<p class=\"Estilo10\" align=\"justify\">Per exemple, els \u00faltims cursos hem fet:<\/p>\n<p class=\"Estilo10\" align=\"justify\"><em>Excursi\u00f3 al Canal Ol\u00edmpic, visita d\u2019Aig\u00fces de Barcelona, Naturpark, CosmoCaixa, CaixaF\u00f2rum, tallers sobre alimentaci\u00f3, tallers sobre civisme amb la Gu\u00e0rdia Urbana, internet segur amb Mossos d\u2019Esquadra, papirofl\u00e8xia \u00edndia, sexualitat&#8230;<\/em><\/p>\n<p class=\"Estilo10\" align=\"justify\">Ultra aquestes activitats, al centre se celebren habitualment les festes seg\u00fcents:<\/p>\n<ol>\n<li class=\"Estilo10\">Castanyada (a l\u2019hora del pati, si l\u20191 de novembre no cau en divendres ni cap de setmana)<\/li>\n<li class=\"Estilo10\">Nadal (l\u2019\u00faltim dia de classes abans de Nadal); primer hi ha una tutoria a les aules, amb repartiment de notes i deures, i regals entre companys, i despr\u00e9s un concert a la sala d\u2019actes, on actuen els alumnes de les classes de m\u00fasica.<\/li>\n<li class=\"Estilo10\">Carnestoltes (sempre en divendres, a partir de mig mat\u00ed; ball i concurs de disfresses)<\/li>\n<li class=\"Estilo10\">Sant Jordi (a partir de mig mat\u00ed; concurs de pastissos, i lliurament dels premis dels concursos literari, fotogr\u00e0fic, pastissos, matem\u00e0tiques, i altres); got de xocolatada per a tothom, amb melindros<\/li>\n<li class=\"Estilo10\">Homenatge als avis que tenen cura dels alumnes (un berenar per a ells, al bar del centre, a finals de curs)<\/li>\n<li class=\"Estilo10\">Festa de final de 4t, a finals de juny, amb acte acad\u00e8mic a la sala d\u2019actes (discursos i repartiment de fotos), i sopar fred i ball al pati<\/li>\n<li class=\"Estilo10\">Festa de final de 2n de batxillerat, a finals de juny, amb la participaci\u00f3 d\u2019una personalitat municipal o educativa. Molt emotiva. Acte acad\u00e8mic a la sala d\u2019actes (discursos, repartiment de fotos, sorpreses), i sopar al pati i festa<\/li>\n<\/ol>\n<p class=\"Estilo10\" align=\"justify\">Els alumnes de 2n de batxillerat que marxen de viatge poden organitzar festes l\u00fadiques amb finalitats recaptat\u00f2ries. Sempre hi ha professors que les supervisen i vigilen.<\/p>\n<p class=\"Estilo10\" align=\"justify\"><\/p>\n","protected":false},"excerpt":{"rendered":"<p>Durant el curs, els alumnes de tots els nivells veuen complementades les classes ordin\u00e0ries amb tallers, confer\u00e8ncies, debats, visites, obres de teatre, actuacions musicals, museus, etc. Totes aquestes es fan segons les circumst\u00e0ncies escolars, i procurant que representin la menor despesa possible per a les&hellip;  <a href=\"https:\/\/agora.xtec.cat\/iesfrancescmacia\/serveis\/activitats-extraescolars\/\" title=\"Read Activitats extraescolars\">Llegeix m\u00e9s\u00bb<\/a><\/p>\n","protected":false},"author":1,"featured_media":0,"parent":63,"menu_order":40,"comment_status":"closed","ping_status":"closed","template":"page-templates\/side-menu.php","meta":{"_bbp_topic_count":0,"_bbp_reply_count":0,"_bbp_total_topic_count":0,"_bbp_total_reply_count":0,"_bbp_voice_count":0,"_bbp_anonymous_reply_count":0,"_bbp_topic_count_hidden":0,"_bbp_reply_count_hidden":0,"_bbp_forum_subforum_count":0,"footnotes":""},"class_list":["post-75","page","type-page","status-publish","hentry"],"post_mailing_queue_ids":[],"_links":{"self":[{"href":"https:\/\/agora.xtec.cat\/iesfrancescmacia\/wp-json\/wp\/v2\/pages\/75","targetHints":{"allow":["GET"]}}],"collection":[{"href":"https:\/\/agora.xtec.cat\/iesfrancescmacia\/wp-json\/wp\/v2\/pages"}],"about":[{"href":"https:\/\/agora.xtec.cat\/iesfrancescmacia\/wp-json\/wp\/v2\/types\/page"}],"author":[{"embeddable":true,"href":"https:\/\/agora.xtec.cat\/iesfrancescmacia\/wp-json\/wp\/v2\/users\/1"}],"replies":[{"embeddable":true,"href":"https:\/\/agora.xtec.cat\/iesfrancescmacia\/wp-json\/wp\/v2\/comments?post=75"}],"version-history":[{"count":2,"href":"https:\/\/agora.xtec.cat\/iesfrancescmacia\/wp-json\/wp\/v2\/pages\/75\/revisions"}],"predecessor-version":[{"id":746,"href":"https:\/\/agora.xtec.cat\/iesfrancescmacia\/wp-json\/wp\/v2\/pages\/75\/revisions\/746"}],"up":[{"embeddable":true,"href":"https:\/\/agora.xtec.cat\/iesfrancescmacia\/wp-json\/wp\/v2\/pages\/63"}],"wp:attachment":[{"href":"https:\/\/agora.xtec.cat\/iesfrancescmacia\/wp-json\/wp\/v2\/media?parent=75"}],"curies":[{"name":"wp","href":"https:\/\/api.w.org\/{rel}","templated":true}]}}