{"id":7293,"date":"2026-02-08T18:10:19","date_gmt":"2026-02-08T17:10:19","guid":{"rendered":"https:\/\/agora.xtec.cat\/iesfrancescmacia\/?page_id=7293"},"modified":"2026-02-16T16:48:43","modified_gmt":"2026-02-16T15:48:43","slug":"equip-huma","status":"publish","type":"page","link":"https:\/\/agora.xtec.cat\/iesfrancescmacia\/linstitut\/equip-huma\/","title":{"rendered":"Equip hum\u00e0"},"content":{"rendered":"\n<p><strong><mark style=\"background-color:rgba(0, 0, 0, 0)\" class=\"has-inline-color has-vivid-cyan-blue-color\">EQUIP DIRECTIU<\/mark><\/strong><\/p>\n\n\n\n<figure class=\"wp-block-table\"><table class=\"has-background has-fixed-layout\" style=\"background-color:#f2e3ff\"><tbody><tr><td>DIRECTORA<\/td><td>Pilar P.<\/td><\/tr><tr><td>CAP D\u2019ESTUDIS<\/td><td>M\u00f2nica Z.<\/td><\/tr><tr><td>SECRET\u00c0RIA<\/td><td>Albert P.<\/td><\/tr><tr><td>COORDINADOR PEDAG\u00d2GIC<\/td><td>Sergi C.<\/td><\/tr><\/tbody><\/table><\/figure>\n\n\n\n<p><strong><mark style=\"background-color:rgba(0, 0, 0, 0)\" class=\"has-inline-color has-vivid-cyan-blue-color\">COORDINACIONS<\/mark><\/strong><\/p>\n\n\n\n<figure class=\"wp-block-table\"><table class=\"has-background has-fixed-layout\" style=\"background-color:#d4f3e9\"><tbody><tr><td>1ER ESO <\/td><td>Aida L.<\/td><\/tr><tr><td>2ON ESO <\/td><td>Iris F.<\/td><\/tr><tr><td>3R ESO <\/td><td>Anna H.<\/td><\/tr><tr><td>4T ESO<\/td><td>Adri\u00e0. D. G.<\/td><\/tr><tr><td>BATXILLERAT<\/td><td>Rosa R.<\/td><\/tr><tr><td>Inform\u00e0tica <\/td><td>Aitor M.<\/td><\/tr><tr><td>Activitats i Serveis <\/td><td>Anabel R.<\/td><\/tr><tr><td>Riscos Laborals <\/td><td>Eul\u00e0lia T.<\/td><\/tr><tr><td>Coordinadora LIC <\/td><td>Sandra I.<\/td><\/tr><tr><td>Projecte Erasmus <\/td><td>Antonio S.<\/td><\/tr><tr><td>Coordinaci\u00f3 del MUFPS <\/td><td>Antonio S.<\/td><\/tr><tr><td>Coordinador del COCOBE <\/td><td>Iris F.<\/td><\/tr><tr><td>Coordinador projectes ODS<\/td><td>Rosa R.<\/td><\/tr><tr><td>Coordinador XAJI <\/td><td>David G.<\/td><\/tr><tr><td>Coordinaci\u00f3 Sharing to Learn <\/td><td>Zoraida H.<\/td><\/tr><tr><td>Coordinaci\u00f3 projecte Etwinning<\/td><td>Manuel M.<\/td><\/tr><tr><td>Coordinaci\u00f3 IOC <\/td><td>Maribel M.<\/td><\/tr><tr><td>Responsable web <\/td><td>Antonio F.<\/td><\/tr><tr><td>Responsable Pla Lector<\/td><td>Enrique M.<\/td><\/tr><\/tbody><\/table><\/figure>\n\n\n\n<p><strong><mark style=\"background-color:rgba(0, 0, 0, 0)\" class=\"has-inline-color has-vivid-cyan-blue-color\">TUTORIES<\/mark><\/strong><\/p>\n\n\n\n<figure class=\"wp-block-table\"><table class=\"has-background has-fixed-layout\" style=\"background-color:#ffeba8\"><tbody><tr><td><strong>CURS<\/strong><\/td><td class=\"has-text-align-left\" data-align=\"left\"><strong>TUTOR\/A<\/strong><\/td><\/tr><tr><td>1 ESO A <\/td><td class=\"has-text-align-left\" data-align=\"left\">Aida L.<\/td><\/tr><tr><td>1 ESO B <\/td><td class=\"has-text-align-left\" data-align=\"left\">Xavier C.<\/td><\/tr><tr><td>1 ESO C <\/td><td class=\"has-text-align-left\" data-align=\"left\">Zoraida H.<\/td><\/tr><tr><td>1 ESO D <\/td><td class=\"has-text-align-left\" data-align=\"left\">Marina G.<\/td><\/tr><tr><td>1 ESO E <\/td><td class=\"has-text-align-left\" data-align=\"left\">Ana B.<\/td><\/tr><tr><td>1 ESO F <\/td><td class=\"has-text-align-left\" data-align=\"left\">Marina M.<\/td><\/tr><tr><td>2 ESO A <\/td><td class=\"has-text-align-left\" data-align=\"left\">Iris F.<\/td><\/tr><tr><td>2 ESO B <\/td><td class=\"has-text-align-left\" data-align=\"left\">Maria P.<\/td><\/tr><tr><td>2 ESO C <\/td><td class=\"has-text-align-left\" data-align=\"left\">Juan Manuel T.<\/td><\/tr><tr><td>2 ESO D <\/td><td class=\"has-text-align-left\" data-align=\"left\">Juanjo O.<\/td><\/tr><tr><td>2 ESO E <\/td><td class=\"has-text-align-left\" data-align=\"left\">Laura B.<\/td><\/tr><tr><td>3 ESO A <\/td><td class=\"has-text-align-left\" data-align=\"left\">Anna H.<\/td><\/tr><tr><td>3 ESO B <\/td><td class=\"has-text-align-left\" data-align=\"left\">Sandra D. L. A.<\/td><\/tr><tr><td>3 ESO C <\/td><td class=\"has-text-align-left\" data-align=\"left\">Mireia S.<\/td><\/tr><tr><td>3 ESO D <\/td><td class=\"has-text-align-left\" data-align=\"left\">Borja R.<\/td><\/tr><tr><td>3 ESO E <\/td><td class=\"has-text-align-left\" data-align=\"left\">Virginia P.<\/td><\/tr><tr><td>3 ESO F <\/td><td class=\"has-text-align-left\" data-align=\"left\">Dami\u00e0 R.<\/td><\/tr><tr><td>4 ESO A <\/td><td class=\"has-text-align-left\" data-align=\"left\">Adri\u00e0 d. G.<\/td><\/tr><tr><td>4 ESO B <\/td><td class=\"has-text-align-left\" data-align=\"left\">M\u00f2nica T.<\/td><\/tr><tr><td>4 ESO C <\/td><td class=\"has-text-align-left\" data-align=\"left\">Raquel V.<\/td><\/tr><tr><td>4 ESO D <\/td><td class=\"has-text-align-left\" data-align=\"left\">Jose Ram\u00f3n F.<\/td><\/tr><tr><td>4 ESO E <\/td><td class=\"has-text-align-left\" data-align=\"left\">M\u00f2nica C.<\/td><\/tr><tr><td>1R BATXILLERAT 1 <\/td><td class=\"has-text-align-left\" data-align=\"left\">D\u00e9bora P.<\/td><\/tr><tr><td>1R BATXILLERAT 2 <\/td><td class=\"has-text-align-left\" data-align=\"left\">Pedro A.<\/td><\/tr><tr><td>2N BATXILLERAT 1 <\/td><td class=\"has-text-align-left\" data-align=\"left\">Conchi G.<\/td><\/tr><tr><td>2N BATXILLERAT 2<\/td><td class=\"has-text-align-left\" data-align=\"left\">Anna D.<\/td><\/tr><tr><td>2N BATXILLERAT 3 <\/td><td class=\"has-text-align-left\" data-align=\"left\">Milagros T.<\/td><\/tr><\/tbody><\/table><\/figure>\n\n\n\n<p><strong><mark style=\"background-color:rgba(0, 0, 0, 0)\" class=\"has-inline-color has-vivid-cyan-blue-color\">CAPS DE DEPARTAMENT<\/mark><\/strong><\/p>\n\n\n\n<figure class=\"wp-block-table\"><table class=\"has-background has-fixed-layout\" style=\"background-color:#ffdaba\"><tbody><tr><td><strong>DEPARTAMENT<\/strong><\/td><td><strong>DOCENT<\/strong><\/td><\/tr><tr><td>Catal\u00e0<\/td><td>Roser Roda<\/td><\/tr><tr><td>Castell\u00e0 i Cl\u00e0ssiques<\/td><td>Mari \u00c1ngeles C.<\/td><\/tr><tr><td>Matem\u00e0tiques<\/td><td>Arnau A.<\/td><\/tr><tr><td>Lleng\u00fces Estrangeres<\/td><td>Reyes A.<\/td><\/tr><tr><td>Ci\u00e8ncies Socials <\/td><td>David Garcia<\/td><\/tr><tr><td>Ci\u00e8ncies Experimentals<\/td><td>Josep R.<\/td><\/tr><tr><td>Tecnologia <\/td><td>Antonio A.<\/td><\/tr><tr><td>Dibuix <\/td><td>Gemma F\u00falvia M.<\/td><\/tr><tr><td>Educaci\u00f3 F\u00edsica<\/td><td>Marissa B.<\/td><\/tr><tr><td>Hist\u00f2ria \u2013 Economia &#8211; Filosofia<\/td><td>David G.<\/td><\/tr><tr><td>Orientaci\u00f3 <\/td><td>Sandra C.<\/td><\/tr><tr><td>Activitats i Serveis <\/td><td>Anabel R.<\/td><\/tr><tr><td>Riscos Laborals <\/td><td>Eul\u00e0lia T.<\/td><\/tr><\/tbody><\/table><\/figure>\n\n\n\n<p><strong><mark style=\"background-color:rgba(0, 0, 0, 0)\" class=\"has-inline-color has-vivid-cyan-blue-color\">PERSONAL ADMINISTRACI\u00d3 I SERVEIS<\/mark><\/strong><\/p>\n\n\n\n<figure class=\"wp-block-table\"><table class=\"has-background has-fixed-layout\" style=\"background-color:#daecfb\"><tbody><tr><td>Administratiu<\/td><td>David M.<\/td><\/tr><tr><td>Administrativa<\/td><td>Mayte L.<\/td><\/tr><tr><td>Conserge<\/td><td>Jordi N.<\/td><\/tr><tr><td>Conserge<\/td><td>Jos\u00e9 L.<\/td><\/tr><\/tbody><\/table><\/figure>\n\n\n\n<p><strong><mark style=\"background-color:rgba(0, 0, 0, 0)\" class=\"has-inline-color has-vivid-cyan-blue-color\">CORREUS DE CONTACTE:<br><\/mark>GENERAL<\/strong>: Informacio@iesfrancescmacia.org<br>(Abs\u00e8ncies, sortides, informaci\u00f3 gen\u00e8rica, sol\u00b7licitud de reunions i altres temes del centre)<\/p>\n\n\n\n<p><br><strong>INFORMATICA<\/strong>: informatica@iesfrancescmacia.org<br>(Problemes amb aplicacions inform\u00e0tiques i\/o ordinadors)<\/p>\n\n\n\n<p><br><strong>SECRETARIA<\/strong>: secretaria@iesfrancescmacia.org<br>(Documentaci\u00f3, t\u00edtols, beques i altres tr\u00e0mits administratius)<\/p>\n","protected":false},"excerpt":{"rendered":"<p>EQUIP DIRECTIU<\/p>\n<p>DIRECTORAPilar P.CAP D\u2019ESTUDISM\u00f2nica Z.SECRET\u00c0RIAAlbert P.COORDINADOR PEDAG\u00d2GICSergi C.<\/p>\n<p>COORDINACIONS<\/p>\n<p>1ER ESO Aida L.2ON ESO Iris F.3R ESO Anna H.4T ESOAdri\u00e0. D. G.BATXILLERATRosa R.Inform\u00e0tica Aitor M.Activitats i Serveis Anabel R.Riscos Laborals Eul\u00e0lia T.Coordinadora LIC Sandra I.Projecte Erasmus Antonio S.Coordinaci\u00f3 del MUFPS Antonio S.Coordinador del COCOBE Iris F.Coordinador projectes&hellip;  <a href=\"https:\/\/agora.xtec.cat\/iesfrancescmacia\/linstitut\/equip-huma\/\" title=\"Read Equip hum\u00e0\">Llegeix m\u00e9s\u00bb<\/a><\/p>\n","protected":false},"author":12,"featured_media":0,"parent":19,"menu_order":41,"comment_status":"closed","ping_status":"close","template":"","meta":{"_bbp_topic_count":0,"_bbp_reply_count":0,"_bbp_total_topic_count":0,"_bbp_total_reply_count":0,"_bbp_voice_count":0,"_bbp_anonymous_reply_count":0,"_bbp_topic_count_hidden":0,"_bbp_reply_count_hidden":0,"_bbp_forum_subforum_count":0,"footnotes":""},"class_list":["post-7293","page","type-page","status-publish","hentry"],"post_mailing_queue_ids":[],"_links":{"self":[{"href":"https:\/\/agora.xtec.cat\/iesfrancescmacia\/wp-json\/wp\/v2\/pages\/7293","targetHints":{"allow":["GET"]}}],"collection":[{"href":"https:\/\/agora.xtec.cat\/iesfrancescmacia\/wp-json\/wp\/v2\/pages"}],"about":[{"href":"https:\/\/agora.xtec.cat\/iesfrancescmacia\/wp-json\/wp\/v2\/types\/page"}],"author":[{"embeddable":true,"href":"https:\/\/agora.xtec.cat\/iesfrancescmacia\/wp-json\/wp\/v2\/users\/12"}],"replies":[{"embeddable":true,"href":"https:\/\/agora.xtec.cat\/iesfrancescmacia\/wp-json\/wp\/v2\/comments?post=7293"}],"version-history":[{"count":6,"href":"https:\/\/agora.xtec.cat\/iesfrancescmacia\/wp-json\/wp\/v2\/pages\/7293\/revisions"}],"predecessor-version":[{"id":7318,"href":"https:\/\/agora.xtec.cat\/iesfrancescmacia\/wp-json\/wp\/v2\/pages\/7293\/revisions\/7318"}],"up":[{"embeddable":true,"href":"https:\/\/agora.xtec.cat\/iesfrancescmacia\/wp-json\/wp\/v2\/pages\/19"}],"wp:attachment":[{"href":"https:\/\/agora.xtec.cat\/iesfrancescmacia\/wp-json\/wp\/v2\/media?parent=7293"}],"curies":[{"name":"wp","href":"https:\/\/api.w.org\/{rel}","templated":true}]}}