{"id":7008,"date":"2025-06-26T12:53:35","date_gmt":"2025-06-26T10:53:35","guid":{"rendered":"https:\/\/agora.xtec.cat\/iesfrancescmacia\/?page_id=7008"},"modified":"2025-06-30T09:34:53","modified_gmt":"2025-06-30T07:34:53","slug":"programa-dinnovacio-mufps","status":"publish","type":"page","link":"https:\/\/agora.xtec.cat\/iesfrancescmacia\/programa-dinnovacio-mufps\/","title":{"rendered":"Programa d&#8217;innovaci\u00f3 MUFPS"},"content":{"rendered":"\n<p>L\u2019Institut Francesc Maci\u00e0, Centre Formador de refer\u00e8ncia: L\u2019Institut Francesc Maci\u00e0 forma part del Programa d&#8217;innovaci\u00f3 pedag\u00f2gica de Pr\u00e0ctiques del M\u00e0ster Universitari de Formaci\u00f3 del Professorat d\u2019Educaci\u00f3 Secund\u00e0ria Obligat\u00f2ria i batxillerat, Formaci\u00f3 professional i Ensenyament d\u2019idiomes (MUFPS) des del curs 2022-23. La finalitat del Programa d&#8217;innovaci\u00f3 pedag\u00f2gica de Pr\u00e0ctiques del MUFPS en centres educatius \u00e9s millorar i avan\u00e7ar en el model de pr\u00e0ctiques dels estudiants universitaris en centres educatius amb la implicaci\u00f3 directa de la universitat i del centre formador en relaci\u00f3 amb els aspectes qualitatius que caracteritzen la formaci\u00f3 inicial dels nous docents.<\/p>\n\n\n\n<p>Aquest programa t\u00e9 com a objectius:<\/p>\n\n\n\n<ul class=\"wp-block-list\">\n<li>Assignar valor als centres formadors com a institucions clau en la formaci\u00f3 inicial de la funci\u00f3 docent.<\/li>\n\n\n\n<li>Professionalitzar i recon\u00e8ixer la tasca d\u2019acompanyament dels mentors de centre i dels tutors de les universitats.<\/li>\n\n\n\n<li>Incorporar l\u2019estudiant universitari al centre formador com a agent actiu que col\u00b7labora en el desenvolupament del projecte educatiu de centre, alhora que es retroalimenta per millorar el desenvolupament professional i personal.<\/li>\n\n\n\n<li>Promoure la col\u00b7laboraci\u00f3 en projectes de recerca i de transformaci\u00f3 educativa entre les universitats i els centres formadors.<\/li>\n<\/ul>\n\n\n\n<p>A trav\u00e9s d\u2019aquesta participaci\u00f3, l\u2019Institut Francesc Maci\u00e0 refor\u00e7a el seu comprom\u00eds amb una formaci\u00f3 docent d\u2019excel\u00b7l\u00e8ncia, basada en la col\u00b7laboraci\u00f3 amb les universitats i en metodologies actives que connecten l\u2019aprenentatge amb els reptes reals de l\u2019aula.<\/p>\n\n\n\n<p>M\u00e9s informaci\u00f3 sobre el programa:&nbsp;<a href=\"https:\/\/xtec.gencat.cat\/ca\/formacio\/centres-formadors\/programa-dinnovacio-mupfs\/\" target=\"_blank\" rel=\"noreferrer noopener\">Xtec \u2013 Programa MUFPS.<\/a><\/p>\n\n\n\n<p>Per a la participaci\u00f3 en aquest programa d&#8217;innovaci\u00f3 s&#8217;ha desenvolupat un Pla d&#8217;Acci\u00f3 a tres anys que es pot consultar&nbsp;<a href=\"https:\/\/drive.google.com\/file\/d\/14lx-uiRITvfnMzsWSLERS9sTs2D4fLuo\/view?usp=sharing\" target=\"_blank\" rel=\"noreferrer noopener\">aqu\u00ed<\/a>.&nbsp;<\/p>\n","protected":false},"excerpt":{"rendered":"<p>L\u2019Institut Francesc Maci\u00e0, Centre Formador de refer\u00e8ncia: L\u2019Institut Francesc Maci\u00e0 forma part del Programa d&#8217;innovaci\u00f3 pedag\u00f2gica de Pr\u00e0ctiques del M\u00e0ster Universitari de Formaci\u00f3 del Professorat d\u2019Educaci\u00f3 Secund\u00e0ria Obligat\u00f2ria i batxillerat, Formaci\u00f3 professional i Ensenyament d\u2019idiomes (MUFPS) des del curs 2022-23. La finalitat del Programa d&#8217;innovaci\u00f3&hellip;  <a href=\"https:\/\/agora.xtec.cat\/iesfrancescmacia\/programa-dinnovacio-mufps\/\" title=\"Read Programa d&#8217;innovaci\u00f3 MUFPS\">Llegeix m\u00e9s\u00bb<\/a><\/p>\n","protected":false},"author":10,"featured_media":0,"parent":0,"menu_order":0,"comment_status":"closed","ping_status":"close","template":"","meta":{"_bbp_topic_count":0,"_bbp_reply_count":0,"_bbp_total_topic_count":0,"_bbp_total_reply_count":0,"_bbp_voice_count":0,"_bbp_anonymous_reply_count":0,"_bbp_topic_count_hidden":0,"_bbp_reply_count_hidden":0,"_bbp_forum_subforum_count":0,"footnotes":""},"class_list":["post-7008","page","type-page","status-publish","hentry"],"post_mailing_queue_ids":[],"_links":{"self":[{"href":"https:\/\/agora.xtec.cat\/iesfrancescmacia\/wp-json\/wp\/v2\/pages\/7008","targetHints":{"allow":["GET"]}}],"collection":[{"href":"https:\/\/agora.xtec.cat\/iesfrancescmacia\/wp-json\/wp\/v2\/pages"}],"about":[{"href":"https:\/\/agora.xtec.cat\/iesfrancescmacia\/wp-json\/wp\/v2\/types\/page"}],"author":[{"embeddable":true,"href":"https:\/\/agora.xtec.cat\/iesfrancescmacia\/wp-json\/wp\/v2\/users\/10"}],"replies":[{"embeddable":true,"href":"https:\/\/agora.xtec.cat\/iesfrancescmacia\/wp-json\/wp\/v2\/comments?post=7008"}],"version-history":[{"count":3,"href":"https:\/\/agora.xtec.cat\/iesfrancescmacia\/wp-json\/wp\/v2\/pages\/7008\/revisions"}],"predecessor-version":[{"id":7013,"href":"https:\/\/agora.xtec.cat\/iesfrancescmacia\/wp-json\/wp\/v2\/pages\/7008\/revisions\/7013"}],"wp:attachment":[{"href":"https:\/\/agora.xtec.cat\/iesfrancescmacia\/wp-json\/wp\/v2\/media?parent=7008"}],"curies":[{"name":"wp","href":"https:\/\/api.w.org\/{rel}","templated":true}]}}