{"id":3906,"date":"2021-04-09T13:22:48","date_gmt":"2021-04-09T11:22:48","guid":{"rendered":"http:\/\/agora.xtec.cat\/iesfrancescmacia\/?page_id=3906"},"modified":"2021-04-09T13:22:48","modified_gmt":"2021-04-09T11:22:48","slug":"proves-titol-eso","status":"publish","type":"page","link":"https:\/\/agora.xtec.cat\/iesfrancescmacia\/secretaria\/proves-titol-eso\/","title":{"rendered":"Proves T\u00edtol ESO"},"content":{"rendered":"<section id=\"h.p_ID_18\" class=\"yaqOZd\">\n<div class=\"mYVXT\">\n<div class=\"LS81yb VICjCf\" tabindex=\"-1\">\n<div class=\"hJDwNd-AhqUyc-qWD73c purZT-AhqUyc-II5mzb pSzOP-AhqUyc-qWD73c JNdkSc\">\n<div class=\"JNdkSc-SmKAyb\">\n<div class=\"\">\n<div class=\"oKdM2c Kzv0Me\">\n<div id=\"h.p_ID_24\" class=\"hJDwNd-AhqUyc-qWD73c jXK9ad D2fZ2 OjCsFc wHaque GNzUNc\">\n<div class=\"jXK9ad-SmKAyb\">\n<div class=\"tyJCtd mGzaTb baZpAe\">\n<h4 class=\"CjVfdc\">Proves per a l&#8217;obtenci\u00f3 del t\u00edtol de graduat en educaci\u00f3 secund\u00e0ria obligat\u00f2ria per a l&#8217;alumnat que no l&#8217;hagi obtingut en finalitzar l&#8217;etapa<\/h4>\n<p id=\"h.p_ID_34\" class=\"CDt4Ke zfr3Q\">L&#8217;alumnat que no hagi obtingut el t\u00edtol de graduat en educaci\u00f3 secund\u00e0ria obligat\u00f2ria en finalitzar l\u2019etapa, durant el mes de mar\u00e7 es pot presentar a les proves que amb aquest objectiu elaboren, apliquen i corregeixen els departaments did\u00e0ctics dels centres p\u00fablics o el professorat designat per la direcci\u00f3 dels centres privats.<\/p>\n<p id=\"h.p_ID_36\" class=\"CDt4Ke zfr3Q\">Abans que s&#8217;obri el per\u00edode d&#8217;inscripci\u00f3, els centres publiquen al tauler d&#8217;anuncis o al web els criteris d&#8217;avaluaci\u00f3 i els continguts m\u00ednims exigibles per a la superaci\u00f3 de cadascuna de les mat\u00e8ries.<\/p>\n<p id=\"h.p_ID_38\" class=\"CDt4Ke zfr3Q\">Els requisits per poder presentar-se a les proves s\u00f3n:<\/p>\n<ul>\n<li id=\"h.p_ID_40\" class=\"CDt4Ke zfr3Q\">Tenir 18 anys o complir-los dins l&#8217;any natural en qu\u00e8 es fan les proves; aquesta edat es pot rebaixar fins als 16 anys per a l&#8217;alumnat que tingui un contracte laboral que li impedeixi assistir al centre educatiu en r\u00e8gim ordinari, o que es trobi en proc\u00e9s d&#8217;obtenci\u00f3 d&#8217;un perm\u00eds de treball o que sigui esportista d&#8217;alt rendiment.<\/li>\n<li id=\"h.p_ID_42\" class=\"CDt4Ke zfr3Q\">Haver finalitzat l&#8217;educaci\u00f3 educaci\u00f3 secund\u00e0ria obligat\u00f2ria sense haver obtingut el t\u00edtol i no tenir m\u00e9s de cinc mat\u00e8ries pendents de qualificaci\u00f3 positiva (compten com una sola mat\u00e8ria les cursades amb el mateix nom en diferents cursos).<\/li>\n<li id=\"h.p_ID_44\" class=\"CDt4Ke zfr3Q\">Haver finalitzat l&#8217;educaci\u00f3 secund\u00e0ria obligat\u00f2ria durant un dels dos cursos anteriors al qual accedeix a les proves.<\/li>\n<\/ul>\n<div id=\"h.p_ID_46\" class=\"GV3q8e aP9Z7e\"><\/div>\n<h4 class=\"CjVfdc\">La <a class=\"dhtgD aw5Odc\" href=\"https:\/\/drive.google.com\/a\/xtec.cat\/?tab=3o#folders\/0B_jR3BeL3TrRaGhsTU5DSmlYNXc\" target=\"_blank\" rel=\"noopener noreferrer\">sol\u00b7licitud<\/a><\/h4>\n<p id=\"h.p_ID_48\" class=\"CDt4Ke zfr3Q\">La sol\u00b7licitud per fer les proves s\u2019ha de presentar durant els 10 primers dies lectius del mes de febrer a la secretaria del centre on la persona sol\u00b7licitant va estar matriculada de quart d&#8217;ESO per \u00faltima vegada.<\/p>\n<p id=\"h.p_ID_50\" class=\"CDt4Ke zfr3Q\">Juntament amb l&#8217;impr\u00e8s de sol\u00b7licitud, l&#8217;alumnat menor de 18 anys ha de presentar la documentaci\u00f3 que acrediti la seva condici\u00f3 de contractat laboral o d&#8217;esportista d&#8217;alt rendiment. En aquest darrer cas, cal presentar una certificaci\u00f3 del Consell Catal\u00e0 de l&#8217;Esport que acrediti que la persona figura en el programa de tecnificaci\u00f3 (ARC) de la federaci\u00f3 catalana corresponent.<\/p>\n<\/div>\n<\/div>\n<\/div>\n<\/div>\n<\/div>\n<\/div>\n<\/div>\n<div class=\"hJDwNd-AhqUyc-qWD73c purZT-AhqUyc-II5mzb pSzOP-AhqUyc-qWD73c JNdkSc\">\n<div class=\"JNdkSc-SmKAyb\">\n<div class=\"\">\n<div class=\"oKdM2c Kzv0Me\">\n<div id=\"h.p_ID_58\" class=\"hJDwNd-AhqUyc-qWD73c jXK9ad D2fZ2 OjCsFc wHaque GNzUNc\">\n<div class=\"jXK9ad-SmKAyb\">\n<div class=\"tyJCtd mGzaTb baZpAe\">\n<h4 id=\"h.p_ID_66\" class=\"GV3q8e aP9Z7e\"><span style=\"font-size: 1.4375em;\">El <\/span><a class=\"dhtgD aw5Odc\" style=\"font-weight: bold; font-size: 1.4375em;\" href=\"https:\/\/drive.google.com\/a\/xtec.cat\/?tab=3o#folders\/0B_jR3BeL3TrRaGhsTU5DSmlYNXc\" target=\"_blank\" rel=\"noopener noreferrer\">calendari<\/a><span style=\"font-size: 1.4375em;\"> de les proves<\/span><\/h4>\n<p id=\"h.p_ID_68\" class=\"CDt4Ke zfr3Q\">Deu dies h\u00e0bils despr\u00e9s de tancar-se el per\u00edode d&#8217;inscripci\u00f3, el centre publica al tauler d&#8217;anuncis el calendari de les proves i les llistes de persones admeses i excloses. Durant els tres dies h\u00e0bils posteriors a la publicaci\u00f3 d\u2019aquestes llistes, els aspirants exclosos poden presentar una reclamaci\u00f3 davant la direcci\u00f3 del centre.<\/p>\n<div id=\"h.p_ID_70\" class=\"GV3q8e aP9Z7e\"><\/div>\n<h4 class=\"CjVfdc\">Informaci\u00f3 sobre les proves<\/h4>\n<ul>\n<li id=\"h.p_ID_72\" class=\"CDt4Ke zfr3Q\">El dia de la prova, l&#8217;alumnat ha de portar l&#8217;original del DNI, targeta de resid\u00e8ncia, passaport o qualsevol altre document identificatiu oficial en vigor.<\/li>\n<li id=\"h.p_ID_74\" class=\"CDt4Ke zfr3Q\">Es poden portar diccionaris i\/o calculadora. El temps m\u00ednim per fer la prova \u00e9s de 60 minuts per a cada mat\u00e8ria.<\/li>\n<li id=\"h.p_ID_76\" class=\"CDt4Ke zfr3Q\">A cada centre es constitueix una junta d&#8217;avaluaci\u00f3 formada per professorat de quart curs d\u2019ESO i presidida pel cap o la cap d&#8217;estudis.<\/li>\n<\/ul>\n<h4 class=\"CjVfdc\"><a class=\"dhtgD aw5Odc\" href=\"https:\/\/drive.google.com\/file\/d\/0B_jR3BeL3TrRdjVERFFUVUg0c3c\/edit?usp=sharing\" target=\"_blank\" rel=\"noopener noreferrer\">Contingut<\/a> de les proves<\/h4>\n<p id=\"h.p_ID_80\" class=\"CDt4Ke zfr3Q\">Es far\u00e0 p\u00fablic al taulell d&#8217;anuncis del centre els contenguts de les diferents mat\u00e8ries que conformin les proves<\/p>\n<h4 class=\"CjVfdc\">Les qualificacions<\/h4>\n<p id=\"h.p_ID_84\" class=\"CDt4Ke zfr3Q\">La llista d&#8217;aspirants presentats i de les qualificacions obtingudes es publica al tauler d&#8217;anuncis dels centres deu dies lectius despr\u00e9s de les proves. L&#8217;alumne o l\u2019alumna que aprovi totes les mat\u00e8ries pendents obt\u00e9 el t\u00edtol de graduat o graduada en ESO.<\/p>\n<p id=\"h.p_ID_86\" class=\"CDt4Ke zfr3Q\">L&#8217;alumnat, els seus pares, mares o tutors legals poden reclamar contra les qualificacions obtingudes en una o m\u00e9s mat\u00e8ries i contra les decisions que, com a resultat del proc\u00e9s d&#8217;avaluaci\u00f3, s&#8217;hagin adoptat. La reclamaci\u00f3 es pot cursar durant els tres dies h\u00e0bils seg\u00fcents a la data de publicaci\u00f3 de les actes al tauler d&#8217;anuncis, davant la direcci\u00f3 del centre, la qual convocar\u00e0 una reuni\u00f3 extraordin\u00e0ria de la junta d&#8217;avaluaci\u00f3. Aquesta pren, per majoria simple, la decisi\u00f3 que confirmar\u00e0 o modificar\u00e0 els resultats, en un termini de 48 hores.<\/p>\n<\/div>\n<\/div>\n<\/div>\n<\/div>\n<\/div>\n<\/div>\n<\/div>\n<\/div>\n<\/div>\n<\/section>\n<section id=\"h.p_ID_93\" class=\"yaqOZd\">\n<div class=\"IFuOkc\"><\/div>\n<div class=\"mYVXT\">\n<div class=\"LS81yb VICjCf\" tabindex=\"-1\">\n<div class=\"hJDwNd-AhqUyc-qWD73c purZT-AhqUyc-II5mzb pSzOP-AhqUyc-qWD73c JNdkSc\">\n<div class=\"JNdkSc-SmKAyb\">\n<div class=\"\">\n<div class=\"oKdM2c Kzv0Me\">\n<div id=\"h.p_ID_99\" class=\"hJDwNd-AhqUyc-qWD73c jXK9ad D2fZ2 OjCsFc wHaque GNzUNc\">\n<div class=\"jXK9ad-SmKAyb\">\n<div class=\"tyJCtd mGzaTb baZpAe\">\n<p id=\"h.p_ID_107\" class=\"CDt4Ke zfr3Q\"><strong>+ Informaci\u00f3<\/strong><\/p>\n<p id=\"h.p_ID_109\" class=\"CDt4Ke zfr3Q\"><a class=\"dhtgD aw5Odc\" href=\"http:\/\/www.google.com\/url?q=http%3A%2F%2Fwww20.gencat.cat%2Fportal%2Fsite%2Fensenyament%2Fmenuitem.e79d96e9bc498691c65d3082b0c0e1a0%2F%3Fvgnextoid%3De3c7920b4d195210VgnVCM1000008d0c1e0aRCRD%26vgnextchannel%3De3c7920b4d195210VgnVCM1000008d0c1e0aRCRD%26vgnextfmt%3Ddefault&amp;sa=D&amp;sntz=1&amp;usg=AFQjCNEGhqrzfDgmWprA-JouzEdNFZEFIA\" target=\"_blank\" rel=\"noopener noreferrer\">P\u00e0gina web del Departament d&#8217;Educaci\u00f3<\/a> referent a les proves.<\/p>\n<p id=\"h.p_ID_111\" class=\"CDt4Ke zfr3Q\"><a class=\"dhtgD aw5Odc\" href=\"http:\/\/www.google.com\/url?q=http%3A%2F%2Fwww.gencat.cat%2Feadop%2Fimatges%2F5523%2F09335054.pdf&amp;sa=D&amp;sntz=1&amp;usg=AFQjCNFw_7ULz0XCG8v1qwLeuOK9zoprrQ\" target=\"_blank\" rel=\"noopener noreferrer\">Resoluci\u00f3 EDU\/3445\/2009<\/a>, de 2 de desembre, per la qual es regula la convocat\u00f2ria anual de les proves per a l&#8217;obtenci\u00f3 del t\u00edtol de graduat en educaci\u00f3 secund\u00e0ria obligat\u00f2ria per a l&#8217;alumnat que no l&#8217;hagi obtingut en finalitzar l&#8217;etapa esmentada.<\/p>\n<\/div>\n<\/div>\n<\/div>\n<\/div>\n<\/div>\n<\/div>\n<\/div>\n<\/div>\n<\/div>\n<\/section>\n","protected":false},"excerpt":{"rendered":"<p>Proves per a l&#8217;obtenci\u00f3 del t\u00edtol de graduat en educaci\u00f3 secund\u00e0ria obligat\u00f2ria per a l&#8217;alumnat que no l&#8217;hagi obtingut en finalitzar l&#8217;etapa<br \/>\nL&#8217;alumnat que no hagi obtingut el t\u00edtol de graduat en educaci\u00f3 secund\u00e0ria obligat\u00f2ria en finalitzar l\u2019etapa, durant el mes de mar\u00e7 es pot presentar&hellip;  <a href=\"https:\/\/agora.xtec.cat\/iesfrancescmacia\/secretaria\/proves-titol-eso\/\" title=\"Read Proves T\u00edtol ESO\">Llegeix m\u00e9s\u00bb<\/a><\/p>\n","protected":false},"author":7,"featured_media":0,"parent":81,"menu_order":0,"comment_status":"closed","ping_status":"closed","template":"","meta":{"_bbp_topic_count":0,"_bbp_reply_count":0,"_bbp_total_topic_count":0,"_bbp_total_reply_count":0,"_bbp_voice_count":0,"_bbp_anonymous_reply_count":0,"_bbp_topic_count_hidden":0,"_bbp_reply_count_hidden":0,"_bbp_forum_subforum_count":0,"footnotes":""},"class_list":["post-3906","page","type-page","status-publish","hentry"],"post_mailing_queue_ids":[],"_links":{"self":[{"href":"https:\/\/agora.xtec.cat\/iesfrancescmacia\/wp-json\/wp\/v2\/pages\/3906","targetHints":{"allow":["GET"]}}],"collection":[{"href":"https:\/\/agora.xtec.cat\/iesfrancescmacia\/wp-json\/wp\/v2\/pages"}],"about":[{"href":"https:\/\/agora.xtec.cat\/iesfrancescmacia\/wp-json\/wp\/v2\/types\/page"}],"author":[{"embeddable":true,"href":"https:\/\/agora.xtec.cat\/iesfrancescmacia\/wp-json\/wp\/v2\/users\/7"}],"replies":[{"embeddable":true,"href":"https:\/\/agora.xtec.cat\/iesfrancescmacia\/wp-json\/wp\/v2\/comments?post=3906"}],"version-history":[{"count":1,"href":"https:\/\/agora.xtec.cat\/iesfrancescmacia\/wp-json\/wp\/v2\/pages\/3906\/revisions"}],"predecessor-version":[{"id":3907,"href":"https:\/\/agora.xtec.cat\/iesfrancescmacia\/wp-json\/wp\/v2\/pages\/3906\/revisions\/3907"}],"up":[{"embeddable":true,"href":"https:\/\/agora.xtec.cat\/iesfrancescmacia\/wp-json\/wp\/v2\/pages\/81"}],"wp:attachment":[{"href":"https:\/\/agora.xtec.cat\/iesfrancescmacia\/wp-json\/wp\/v2\/media?parent=3906"}],"curies":[{"name":"wp","href":"https:\/\/api.w.org\/{rel}","templated":true}]}}