{"id":3903,"date":"2021-04-09T13:18:36","date_gmt":"2021-04-09T11:18:36","guid":{"rendered":"http:\/\/agora.xtec.cat\/iesfrancescmacia\/?page_id=3903"},"modified":"2026-01-27T17:43:46","modified_gmt":"2026-01-27T16:43:46","slug":"titols-expedicio-i-duplicats","status":"publish","type":"page","link":"https:\/\/agora.xtec.cat\/iesfrancescmacia\/secretaria\/titols-expedicio-i-duplicats\/","title":{"rendered":"T\u00edtols (expedici\u00f3 i duplicats)"},"content":{"rendered":"<h4 id=\"h.p_ID_32\" class=\"CDt4Ke zfr3Q\"><strong>Expedici\u00f3 de t\u00edtols<\/strong><\/h4>\n<p id=\"h.p_ID_34\" class=\"CDt4Ke zfr3Q\">La finalitzaci\u00f3 dels estudis reglats en qualsevol centre d\u00f3na dret a l&#8217;expedici\u00f3 del t\u00edtol oficial corresponent. L&#8217;expedici\u00f3 dels t\u00edtols de l&#8217;ensenyament obligatori (ESO) es fa d&#8217;ofici per part del centre, i no comporta el pagament de cap mena de taxa per part de l&#8217;alumnat. L&#8217;alumne no ha de fer cap tr\u00e0mit per a la seva tramitaci\u00f3, \u00e9s el centre qui fa tota la tramitaci\u00f3, i comunica a l&#8217;alumnat l&#8217;arribada del mateix al centre i les condicions per a efectuar el seu lliurament mitjan\u00e7ant una comunicaci\u00f3 per correu.<\/p>\n<p id=\"h.p_ID_36\" class=\"CDt4Ke zfr3Q\">L&#8217;expedici\u00f3 dels t\u00edtols postobligatoris (Batxillerat, Cicles formatius, T\u00edtols Universitaris, etc) estan subjectes al pagament de la taxa corresponent, i \u00e9s l&#8217;alumnat qui ha de sol\u00b7licitar personalment la seva expedici\u00f3, en finalitzar els estudis corresponents amb el pagament de la taxa corresponent.<\/p>\n<ul class=\"n8H08c UVNKR\">\n<li id=\"h.p_ID_38\" class=\"TYR86d zfr3Q\"><a class=\"dhtgD aw5Odc\" href=\"https:\/\/drive.google.com\/file\/d\/0B_jR3BeL3TrReVlOYXd0TU1Od2s\/view?usp=sharing\" target=\"_blank\" rel=\"noopener noreferrer\">Informaci\u00f3 sobre la sol\u00b7licitud de t\u00edtol de batxillerat<\/a>.<\/li>\n<\/ul>\n<h4 id=\"h.p_ID_32\" class=\"CDt4Ke zfr3Q\"><strong>Sol\u00b7licitud de t\u00edtol acad\u00e8mic i professional no universitari<\/strong><\/h4>\n<ul>\n<li><a href=\"https:\/\/agora.xtec.cat\/iesfrancescmacia\/wp-content\/uploads\/usu1660\/2021\/04\/Sol.licitud_ti\u0301tol.pdf\">Sol\u00b7licitud de t\u00edtol acad\u00e8mic i professional no universitari<\/a>.<\/li>\n<\/ul>\n<h4 id=\"h.p_ID_40\" class=\"CDt4Ke zfr3Q\"><strong>Duplicats de t\u00edtols<\/strong><\/h4>\n<p id=\"h.p_ID_42\" class=\"CDt4Ke zfr3Q\">Quan un alumne ha perdut o ha malm\u00e8s un t\u00edtol oficial pot demanar l&#8217;expedici\u00f3 d&#8217;un duplicat adre\u00e7ant una sol\u00b7licitud a la Direcci\u00f3 del centre on va finalitzat els seus estudis i sol\u00b7licitar el t\u00edtol corresponent i fer el pagament de la taxa corresponent. Trobareu m\u00e9s informaci\u00f3 sobre aquest apartat als enlla\u00e7os seg\u00fcents:<\/p>\n<ul class=\"n8H08c UVNKR\">\n<li id=\"h.p_ID_44\" class=\"TYR86d zfr3Q\"><a class=\"dhtgD aw5Odc\" href=\"https:\/\/drive.google.com\/file\/d\/1EMraeR5-K3RJjbuc1oF-NgZ5250aPdfX\/view\" target=\"_blank\" rel=\"noopener noreferrer\">Sol\u00b7licituds de duplicats de t\u00edtols ESO i Batxillerat<\/a>.<\/li>\n<li id=\"h.p_ID_46\" class=\"TYR86d zfr3Q\"><a class=\"dhtgD aw5Odc\" href=\"https:\/\/docs.google.com\/a\/xtec.cat\/viewer?a=v&amp;pid=explorer&amp;chrome=true&amp;srcid=0B_jR3BeL3TrRMGFlYjBkYmMtM2QxMi00NDY0LWIwM2YtYzk5MGJmYjNiZjc0&amp;hl=ca\" target=\"_blank\" rel=\"noopener noreferrer\">Sol\u00b7licituds de duplicats de t\u00edtols de BUP<\/a>.<\/li>\n<li id=\"h.p_ID_48\" class=\"TYR86d zfr3Q\"><a class=\"dhtgD aw5Odc\" href=\"https:\/\/drive.google.com\/file\/d\/14t4-Y72PPFhoesHSO8WQv-fBYQ24keiD\/view\" target=\"_blank\" rel=\"noopener noreferrer\">Autoritzaci\u00f3 per a la recollida del t\u00edtol<\/a>.<\/li>\n<\/ul>\n","protected":false},"excerpt":{"rendered":"<p>Expedici\u00f3 de t\u00edtols<br \/>\nLa finalitzaci\u00f3 dels estudis reglats en qualsevol centre d\u00f3na dret a l&#8217;expedici\u00f3 del t\u00edtol oficial corresponent. L&#8217;expedici\u00f3 dels t\u00edtols de l&#8217;ensenyament obligatori (ESO) es fa d&#8217;ofici per part del centre, i no comporta el pagament de cap mena de taxa per part de&hellip;  <a href=\"https:\/\/agora.xtec.cat\/iesfrancescmacia\/secretaria\/titols-expedicio-i-duplicats\/\" title=\"Read T\u00edtols (expedici\u00f3 i duplicats)\">Llegeix m\u00e9s\u00bb<\/a><\/p>\n","protected":false},"author":7,"featured_media":0,"parent":81,"menu_order":0,"comment_status":"closed","ping_status":"closed","template":"","meta":{"_bbp_topic_count":0,"_bbp_reply_count":0,"_bbp_total_topic_count":0,"_bbp_total_reply_count":0,"_bbp_voice_count":0,"_bbp_anonymous_reply_count":0,"_bbp_topic_count_hidden":0,"_bbp_reply_count_hidden":0,"_bbp_forum_subforum_count":0,"footnotes":""},"class_list":["post-3903","page","type-page","status-publish","hentry"],"post_mailing_queue_ids":[],"_links":{"self":[{"href":"https:\/\/agora.xtec.cat\/iesfrancescmacia\/wp-json\/wp\/v2\/pages\/3903","targetHints":{"allow":["GET"]}}],"collection":[{"href":"https:\/\/agora.xtec.cat\/iesfrancescmacia\/wp-json\/wp\/v2\/pages"}],"about":[{"href":"https:\/\/agora.xtec.cat\/iesfrancescmacia\/wp-json\/wp\/v2\/types\/page"}],"author":[{"embeddable":true,"href":"https:\/\/agora.xtec.cat\/iesfrancescmacia\/wp-json\/wp\/v2\/users\/7"}],"replies":[{"embeddable":true,"href":"https:\/\/agora.xtec.cat\/iesfrancescmacia\/wp-json\/wp\/v2\/comments?post=3903"}],"version-history":[{"count":3,"href":"https:\/\/agora.xtec.cat\/iesfrancescmacia\/wp-json\/wp\/v2\/pages\/3903\/revisions"}],"predecessor-version":[{"id":7209,"href":"https:\/\/agora.xtec.cat\/iesfrancescmacia\/wp-json\/wp\/v2\/pages\/3903\/revisions\/7209"}],"up":[{"embeddable":true,"href":"https:\/\/agora.xtec.cat\/iesfrancescmacia\/wp-json\/wp\/v2\/pages\/81"}],"wp:attachment":[{"href":"https:\/\/agora.xtec.cat\/iesfrancescmacia\/wp-json\/wp\/v2\/media?parent=3903"}],"curies":[{"name":"wp","href":"https:\/\/api.w.org\/{rel}","templated":true}]}}