{"id":3900,"date":"2021-04-09T13:15:08","date_gmt":"2021-04-09T11:15:08","guid":{"rendered":"http:\/\/agora.xtec.cat\/iesfrancescmacia\/?page_id=3900"},"modified":"2023-06-17T12:46:30","modified_gmt":"2023-06-17T10:46:30","slug":"baixes-i-trasllats-de-matricula","status":"publish","type":"page","link":"https:\/\/agora.xtec.cat\/iesfrancescmacia\/secretaria\/baixes-i-trasllats-de-matricula\/","title":{"rendered":"Baixes i trasllats de matr\u00edcula"},"content":{"rendered":"<section id=\"h.p_ID_3\" class=\"yaqOZd LB7kq gk8rDe\">\n<div class=\"mYVXT\">\n<div class=\"LS81yb VICjCf\" tabindex=\"-1\">\n<div class=\"hJDwNd-AhqUyc-uQSCkd purZT-AhqUyc-II5mzb pSzOP-AhqUyc-qWD73c JNdkSc\">\n<div class=\"JNdkSc-SmKAyb\">\n<div class=\"\">\n<div class=\"oKdM2c Kzv0Me\">\n<div id=\"h.p_ID_5\" class=\"hJDwNd-AhqUyc-uQSCkd jXK9ad D2fZ2 OjCsFc wHaque GNzUNc\">\n<div class=\"jXK9ad-SmKAyb\">\n<div class=\"tyJCtd mGzaTb baZpAe lkHyyc\"><\/div>\n<\/div>\n<\/div>\n<\/div>\n<\/div>\n<\/div>\n<\/div>\n<\/div>\n<\/div>\n<\/section>\n<section id=\"h.p_ID_18\" class=\"yaqOZd\">\n<div class=\"mYVXT\">\n<div class=\"LS81yb VICjCf\" tabindex=\"-1\">\n<div class=\"hJDwNd-AhqUyc-uQSCkd purZT-AhqUyc-II5mzb pSzOP-AhqUyc-qWD73c JNdkSc\">\n<div class=\"JNdkSc-SmKAyb\">\n<div class=\"\">\n<div class=\"oKdM2c Kzv0Me\">\n<div id=\"h.p_ID_24\" class=\"hJDwNd-AhqUyc-uQSCkd jXK9ad D2fZ2 OjCsFc wHaque GNzUNc\">\n<div class=\"jXK9ad-SmKAyb\">\n<div class=\"tyJCtd mGzaTb baZpAe\">\n<h4 id=\"h.p_ID_34\" class=\"CDt4Ke zfr3Q\"><strong>Baixes acad\u00e8miques<\/strong><\/h4>\n<ul class=\"n8H08c UVNKR\">\n<li id=\"h.p_ID_36\" class=\"TYR86d zfr3Q\"><strong>ESO<\/strong><\/li>\n<\/ul>\n<p><strong>&#8211; Abandonament dels estudis (majors 16 anys):<\/strong> Els pares\/mares\/tutors dels alumnes d&#8217;ESO nom\u00e9s poden sol\u00b7licitar la baixa per abandonament dels estudis d&#8217;ESO (pot ser per qualsevol causa) del centre dels seus fills si aquests s\u00f3n majors de 16 anys, edat fins a la qual l&#8217;escolaritzaci\u00f3 \u00e9s obligat\u00f2ria. <a href=\"https:\/\/agora.xtec.cat\/iesfrancescmacia\/wp-content\/uploads\/usu1660\/2023\/06\/Sollicitud-baixa-acade\u0300mica-alumnes-menors-dedat.pdf\" target=\"_blank\" rel=\"noopener noreferrer\" data-saferedirecturl=\"https:\/\/www.google.com\/url?q=https:\/\/drive.google.com\/file\/d\/1eD8gAJAgQw8sCdCWa_YzBGhgGtYM_pCz\/view?usp%3Dsharing&amp;source=gmail&amp;ust=1687084775824000&amp;usg=AOvVaw0gtOkSgCPYgqZ02T85f27s\">Impr\u00e8s de sol\u00b7licitud<\/a><\/p>\n<p><strong>&#8211; Altres circumst\u00e0ncies:<\/strong> Els pares\/mares\/tutors dels alumnes d\u2019ESO nom\u00e9s poden sol\u00b7licitar la baixa per trasllat a un altre centre o b\u00e9 per la continu\u00eftat d&#8217;uns altres estudis: es pot sol\u00b7licitar indicant en el full el nom i la poblaci\u00f3 del centre on es matricular\u00e0 l\u2019alumne\/a. El proc\u00e9s administratiu del trasllat de l\u2019expedient es fa directament entre els centres educatius. <a href=\"https:\/\/drive.google.com\/file\/d\/1agSdd52EBgvHTWydstMYIl9yGgpfdsD6\/view?usp=sharing\" target=\"_blank\" rel=\"noopener noreferrer\" data-saferedirecturl=\"https:\/\/www.google.com\/url?q=https:\/\/drive.google.com\/file\/d\/1agSdd52EBgvHTWydstMYIl9yGgpfdsD6\/view?usp%3Dsharing&amp;source=gmail&amp;ust=1687084775824000&amp;usg=AOvVaw2wegOlog5z-PlbJYUVXTmC\">Impr\u00e8s de sol\u00b7licitud<\/a><\/p>\n<ul class=\"n8H08c UVNKR\">\n<li id=\"h.p_ID_40\" class=\"TYR86d zfr3Q\"><strong>Batxillerat<\/strong>: els alumnes de batxillerat o els seus tutors si s\u00f3n menors d\u2019edat, poden tramitar la baixa del centre fins al mes de desembre sense efectes acad\u00e8mics. <a class=\"dhtgD aw5Odc\" href=\"https:\/\/agora.xtec.cat\/iesfrancescmacia\/wp-content\/uploads\/usu1660\/2023\/06\/Sollicitud-baixa-acade\u0300mica.pdf\" target=\"_blank\" rel=\"noopener noreferrer\">Impr\u00e8s de sol\u00b7licitud<\/a><\/li>\n<\/ul>\n<h4 id=\"h.p_ID_44\" class=\"CDt4Ke zfr3Q\"><strong>Anul\u00b7laci\u00f3 de matr\u00edcula (alumnes de batxillerat)<\/strong><\/h4>\n<p id=\"h.p_ID_46\" class=\"CDt4Ke zfr3Q\">Els alumnes de batxillerat tamb\u00e9 poden demanar al director\/a del centre l\u2019<strong>Anul\u00b7laci\u00f3 de matr\u00edcula <\/strong>del curs que estiguin cursant. <a class=\"dhtgD aw5Odc\" href=\"https:\/\/drive.google.com\/file\/d\/1pMbpRSiXsHaiynBffIIB4wkJjS1TeVGs\/view?usp=sharing\" target=\"_blank\" rel=\"noopener noreferrer\">Impr\u00e8s de sol\u00b7licitud<\/a><\/p>\n<p id=\"h.p_ID_50\" class=\"CDt4Ke zfr3Q\">L\u2019anul\u00b7laci\u00f3 de matr\u00edcula haur\u00e0 de sol\u00b7licitar-la abans de finalitzar el mes d\u2019abril del curs acad\u00e8mic corresponent. Per poder tenir dret a l\u2019anul\u00b7laci\u00f3 de matr\u00edcula l\u2019alumne\/a ha d\u2019acreditar, documentalment, que es troba en alguna de les circumst\u00e0ncies seg\u00fcents:<\/p>\n<p id=\"h.p_ID_54\" class=\"CDt4Ke zfr3Q\">\u2022 malaltia prolongada o accident de l\u2019alumne\/a o d\u2019un familiar,<\/p>\n<p id=\"h.p_ID_56\" class=\"CDt4Ke zfr3Q\">\u2022 incorporaci\u00f3 a un lloc de treball,<\/p>\n<p id=\"h.p_ID_58\" class=\"CDt4Ke zfr3Q\">\u2022 maternitat,<\/p>\n<p id=\"h.p_ID_60\" class=\"CDt4Ke zfr3Q\">\u2022 o qualsevol altra circumst\u00e0ncia de car\u00e0cter excepcional que, a parer del director\/a del centre, justifiqui la concessi\u00f3 de l\u2019anul\u00b7laci\u00f3 de matr\u00edcula.<\/p>\n<h4 id=\"h.p_ID_66\" class=\"CDt4Ke zfr3Q\"><strong>Trasllats de matr\u00edcula<\/strong><\/h4>\n<p id=\"h.p_ID_68\" class=\"CDt4Ke zfr3Q\">Trasllat a un altre centre: es pot sol\u00b7licitar indicant en el full el nom i la poblaci\u00f3 del centre on es matricular\u00e0 l\u2019alumne\/a. El proc\u00e9s administratiu del trasllat de l\u2019expedient es fa directament entre els centres educatius. Tamb\u00e9 es considerar\u00e0 que s\u2019ha sol\u00b7licitat la baixa acad\u00e8mica d\u2019un alumne quan per part del centre on s\u2019ha matriculat l\u2019alumne es faci la sol\u00b7licitud d&#8217;historial acad\u00e8mic de l\u2019alumne, tal com es preveu legalment (baixa d\u2019ofici). <a class=\"dhtgD aw5Odc\" href=\"https:\/\/drive.google.com\/file\/d\/1agSdd52EBgvHTWydstMYIl9yGgpfdsD6\/view?usp=sharing\" target=\"_blank\" rel=\"noopener noreferrer\">Impr\u00e8s de sol\u00b7licitud<\/a><\/p>\n<\/div>\n<\/div>\n<\/div>\n<\/div>\n<\/div>\n<\/div>\n<\/div>\n<\/div>\n<\/div>\n<\/section>\n","protected":false},"excerpt":{"rendered":"<p>Baixes acad\u00e8miques<\/p>\n<ul class=\"n8H08c UVNKR\">\n<li id=\"h.p_ID_36\" class=\"TYR86d zfr3Q\">ESO<\/li>\n<\/ul>\n<p>&#8211; Abandonament dels estudis (majors 16 anys): Els pares\/mares\/tutors dels alumnes d&#8217;ESO nom\u00e9s poden sol\u00b7licitar la baixa per abandonament dels estudis d&#8217;ESO (pot ser per qualsevol causa) del centre dels seus fills si aquests s\u00f3n majors de 16 anys,&hellip;  <a href=\"https:\/\/agora.xtec.cat\/iesfrancescmacia\/secretaria\/baixes-i-trasllats-de-matricula\/\" title=\"Read Baixes i trasllats de matr\u00edcula\">Llegeix m\u00e9s\u00bb<\/a><\/p>\n","protected":false},"author":7,"featured_media":0,"parent":81,"menu_order":0,"comment_status":"closed","ping_status":"closed","template":"","meta":{"_bbp_topic_count":0,"_bbp_reply_count":0,"_bbp_total_topic_count":0,"_bbp_total_reply_count":0,"_bbp_voice_count":0,"_bbp_anonymous_reply_count":0,"_bbp_topic_count_hidden":0,"_bbp_reply_count_hidden":0,"_bbp_forum_subforum_count":0,"footnotes":""},"class_list":["post-3900","page","type-page","status-publish","hentry"],"post_mailing_queue_ids":[],"_links":{"self":[{"href":"https:\/\/agora.xtec.cat\/iesfrancescmacia\/wp-json\/wp\/v2\/pages\/3900","targetHints":{"allow":["GET"]}}],"collection":[{"href":"https:\/\/agora.xtec.cat\/iesfrancescmacia\/wp-json\/wp\/v2\/pages"}],"about":[{"href":"https:\/\/agora.xtec.cat\/iesfrancescmacia\/wp-json\/wp\/v2\/types\/page"}],"author":[{"embeddable":true,"href":"https:\/\/agora.xtec.cat\/iesfrancescmacia\/wp-json\/wp\/v2\/users\/7"}],"replies":[{"embeddable":true,"href":"https:\/\/agora.xtec.cat\/iesfrancescmacia\/wp-json\/wp\/v2\/comments?post=3900"}],"version-history":[{"count":3,"href":"https:\/\/agora.xtec.cat\/iesfrancescmacia\/wp-json\/wp\/v2\/pages\/3900\/revisions"}],"predecessor-version":[{"id":6130,"href":"https:\/\/agora.xtec.cat\/iesfrancescmacia\/wp-json\/wp\/v2\/pages\/3900\/revisions\/6130"}],"up":[{"embeddable":true,"href":"https:\/\/agora.xtec.cat\/iesfrancescmacia\/wp-json\/wp\/v2\/pages\/81"}],"wp:attachment":[{"href":"https:\/\/agora.xtec.cat\/iesfrancescmacia\/wp-json\/wp\/v2\/media?parent=3900"}],"curies":[{"name":"wp","href":"https:\/\/api.w.org\/{rel}","templated":true}]}}