{"id":39,"date":"2014-09-17T16:36:44","date_gmt":"2014-09-17T16:36:44","guid":{"rendered":"http:\/\/agora.xtec.cat\/iesfrancescmacia\/?page_id=39"},"modified":"2026-01-27T17:02:41","modified_gmt":"2026-01-27T16:02:41","slug":"instal%c2%b7lacions","status":"publish","type":"page","link":"https:\/\/agora.xtec.cat\/iesfrancescmacia\/linstitut\/instal%c2%b7lacions\/","title":{"rendered":"Instal\u00b7lacions i equipaments"},"content":{"rendered":"<h3>Equipaments<\/h3>\n<ul>\n<li>Aules d&#8217;inform\u00e0tica<\/li>\n<li>Biblioteca<\/li>\n<li>2 Laboratoris de biologia<\/li>\n<li>2 Laboratoris de f\u00edsica i qu\u00edmica<\/li>\n<li>2 Aules\/taller de tecnologia<\/li>\n<li>Aules d&#8217;idiomes multimedia<\/li>\n<li>Aules de Lleng\u00fces castell\u00e0-catal\u00e0<\/li>\n<li>1 aula de Suport a l&#8217;Educaci\u00f3 Especial, (USEE)<\/li>\n<li>2 Aules d&#8217;acollida<\/li>\n<li>Servei de psicopedagogia<\/li>\n<li>Servei de suport de salut<\/li>\n<li>Aula de pl\u00e0stica i dibuix<\/li>\n<li>Aula de m\u00fasica<\/li>\n<li>Aules audivisuals<\/li>\n<li>Aules de desdoblament de grups<\/li>\n<li>1 aula de gran capacitat, (Aula Magna)<\/li>\n<li>Sala polivalent, gimn\u00e0s\/sala d&#8217;actes<\/li>\n<li>Connexi\u00f3 a internet a totes les aules del centre<\/li>\n<li>Connexi\u00f3 WiFi per internet a tot el centre<\/li>\n<li>2 patis<\/li>\n<li>Camp experimental, (Hort escolar)<\/li>\n<li>Enjardinament als patis del centre<\/li>\n<\/ul>\n<h3>Instal.lacions<\/h3>\n<p>Aquesta \u00e9s la distribuci\u00f3 actual dels nostres espais.<\/p>\n<p>Tot el centre est\u00e0 adaptat per als alumnes amb mobilitat redu\u00efda, amb simplificaci\u00f3 de nivells, rampes, ascensor (la \u201cMarta\u201d), i possibilitat d\u2019acollir deficients visuals.<br \/>Tamb\u00e9 disposem d\u2019instal\u00b7laci\u00f3 inhal\u00e0mbrica d\u2019internet (wi-fi).<\/p>\n<p>Hi ha plaques solars que proporciones energia el\u00e8ctrica i aigua calenta.<\/p>\n<p>Cada tarda hi ha alumnes practicant esport als patis, dins del programa Escola i Esport de la Generalitat.<\/p>\n<p>A les instal\u00b7lacions del centre tamb\u00e9 s\u2019imparteixen classes de catal\u00e0 per a adults (del Consorci de Normalitzaci\u00f3 Ling\u00fc\u00edstica), els tallers de l\u2019AMPA, i cursos i tribunals d\u2019oposicions del Departament d\u2019Educaci\u00f3.<\/p>\n<p>L\u2019exterior de l\u2019Institut t\u00e9 una varietat bot\u00e0nica molt interessant, amb arbres i plantes de m\u00faltiples esp\u00e8cies, objecte d\u2019estudi. D\u2019altra banda, el seminari de ci\u00e8ncies naturals disposa d\u2019un hort experimental, on els alumnes fan pr\u00e0ctiques i estudis.<\/p>\n\n\n<figure class=\"wp-block-image size-large\"><a href=\"https:\/\/agora.xtec.cat\/iesfrancescmacia\/wp-content\/uploads\/usu1660\/2025\/11\/Captura-de-pantalla-2025-11-29-005622.png\"><img loading=\"lazy\" decoding=\"async\" width=\"1024\" height=\"704\" src=\"https:\/\/agora.xtec.cat\/iesfrancescmacia\/wp-content\/uploads\/usu1660\/2025\/11\/Captura-de-pantalla-2025-11-29-005622-1024x704.png\" alt=\"\" class=\"wp-image-7127\" srcset=\"https:\/\/agora.xtec.cat\/iesfrancescmacia\/wp-content\/uploads\/usu1660\/2025\/11\/Captura-de-pantalla-2025-11-29-005622-1024x704.png 1024w, https:\/\/agora.xtec.cat\/iesfrancescmacia\/wp-content\/uploads\/usu1660\/2025\/11\/Captura-de-pantalla-2025-11-29-005622-300x206.png 300w, https:\/\/agora.xtec.cat\/iesfrancescmacia\/wp-content\/uploads\/usu1660\/2025\/11\/Captura-de-pantalla-2025-11-29-005622-768x528.png 768w, https:\/\/agora.xtec.cat\/iesfrancescmacia\/wp-content\/uploads\/usu1660\/2025\/11\/Captura-de-pantalla-2025-11-29-005622.png 1057w\" sizes=\"auto, (max-width: 1024px) 100vw, 1024px\" \/><\/a><\/figure>\n\n\n\n<figure class=\"wp-block-image size-full\"><a href=\"https:\/\/agora.xtec.cat\/iesfrancescmacia\/wp-content\/uploads\/usu1660\/2026\/01\/image.png\"><img loading=\"lazy\" decoding=\"async\" width=\"925\" height=\"654\" src=\"https:\/\/agora.xtec.cat\/iesfrancescmacia\/wp-content\/uploads\/usu1660\/2026\/01\/image.png\" alt=\"\" class=\"wp-image-7204\" srcset=\"https:\/\/agora.xtec.cat\/iesfrancescmacia\/wp-content\/uploads\/usu1660\/2026\/01\/image.png 925w, https:\/\/agora.xtec.cat\/iesfrancescmacia\/wp-content\/uploads\/usu1660\/2026\/01\/image-300x212.png 300w, https:\/\/agora.xtec.cat\/iesfrancescmacia\/wp-content\/uploads\/usu1660\/2026\/01\/image-768x543.png 768w\" sizes=\"auto, (max-width: 925px) 100vw, 925px\" \/><\/a><\/figure>\n\n\n\n<figure class=\"wp-block-image size-full\"><a href=\"https:\/\/agora.xtec.cat\/iesfrancescmacia\/wp-content\/uploads\/usu1660\/2026\/01\/image-1.png\"><img loading=\"lazy\" decoding=\"async\" width=\"926\" height=\"610\" src=\"https:\/\/agora.xtec.cat\/iesfrancescmacia\/wp-content\/uploads\/usu1660\/2026\/01\/image-1.png\" alt=\"\" class=\"wp-image-7205\" srcset=\"https:\/\/agora.xtec.cat\/iesfrancescmacia\/wp-content\/uploads\/usu1660\/2026\/01\/image-1.png 926w, https:\/\/agora.xtec.cat\/iesfrancescmacia\/wp-content\/uploads\/usu1660\/2026\/01\/image-1-300x198.png 300w, https:\/\/agora.xtec.cat\/iesfrancescmacia\/wp-content\/uploads\/usu1660\/2026\/01\/image-1-768x506.png 768w\" sizes=\"auto, (max-width: 926px) 100vw, 926px\" \/><\/a><\/figure>\n","protected":false},"excerpt":{"rendered":"<p>Equipaments<\/p>\n<ul>\n<li>Aules d&#8217;inform\u00e0tica<\/li>\n<li>Biblioteca<\/li>\n<li>2 Laboratoris de biologia<\/li>\n<li>2 Laboratoris de f\u00edsica i qu\u00edmica<\/li>\n<li>2 Aules\/taller de tecnologia<\/li>\n<li>Aules d&#8217;idiomes multimedia<\/li>\n<li>Aules de Lleng\u00fces castell\u00e0-catal\u00e0<\/li>\n<li>1 aula de Suport a l&#8217;Educaci\u00f3 Especial, (USEE)<\/li>\n<li>2 Aules d&#8217;acollida<\/li>\n<li>Servei de psicopedagogia<\/li>\n<li>Servei de suport de salut<\/li>\n<li>Aula de pl\u00e0stica i dibuix<\/li>\n<li>Aula de m\u00fasica<\/li>\n<li>Aules audivisuals<\/li>\n<li>Aules de desdoblament de grups<\/li>\n<li>1 aula&hellip;  <a href=\"https:\/\/agora.xtec.cat\/iesfrancescmacia\/linstitut\/instal%c2%b7lacions\/\" title=\"Read Instal\u00b7lacions i equipaments\">Llegeix m\u00e9s\u00bb<\/a><br \/>\n","protected":false},"author":1,"featured_media":0,"parent":19,"menu_order":30,"comment_status":"closed","ping_status":"closed","template":"page-templates\/side-menu.php","meta":{"_bbp_topic_count":0,"_bbp_reply_count":0,"_bbp_total_topic_count":0,"_bbp_total_reply_count":0,"_bbp_voice_count":0,"_bbp_anonymous_reply_count":0,"_bbp_topic_count_hidden":0,"_bbp_reply_count_hidden":0,"_bbp_forum_subforum_count":0,"footnotes":""},"class_list":["post-39","page","type-page","status-publish","hentry"],"post_mailing_queue_ids":[],"_links":{"self":[{"href":"https:\/\/agora.xtec.cat\/iesfrancescmacia\/wp-json\/wp\/v2\/pages\/39","targetHints":{"allow":["GET"]}}],"collection":[{"href":"https:\/\/agora.xtec.cat\/iesfrancescmacia\/wp-json\/wp\/v2\/pages"}],"about":[{"href":"https:\/\/agora.xtec.cat\/iesfrancescmacia\/wp-json\/wp\/v2\/types\/page"}],"author":[{"embeddable":true,"href":"https:\/\/agora.xtec.cat\/iesfrancescmacia\/wp-json\/wp\/v2\/users\/1"}],"replies":[{"embeddable":true,"href":"https:\/\/agora.xtec.cat\/iesfrancescmacia\/wp-json\/wp\/v2\/comments?post=39"}],"version-history":[{"count":4,"href":"https:\/\/agora.xtec.cat\/iesfrancescmacia\/wp-json\/wp\/v2\/pages\/39\/revisions"}],"predecessor-version":[{"id":7206,"href":"https:\/\/agora.xtec.cat\/iesfrancescmacia\/wp-json\/wp\/v2\/pages\/39\/revisions\/7206"}],"up":[{"embeddable":true,"href":"https:\/\/agora.xtec.cat\/iesfrancescmacia\/wp-json\/wp\/v2\/pages\/19"}],"wp:attachment":[{"href":"https:\/\/agora.xtec.cat\/iesfrancescmacia\/wp-json\/wp\/v2\/media?parent=39"}],"curies":[{"name":"wp","href":"https:\/\/api.w.org\/{rel}","templated":true}]}}