{"id":3898,"date":"2021-04-09T13:13:19","date_gmt":"2021-04-09T11:13:19","guid":{"rendered":"http:\/\/agora.xtec.cat\/iesfrancescmacia\/?page_id=3898"},"modified":"2023-11-28T10:19:54","modified_gmt":"2023-11-28T09:19:54","slug":"certificacions","status":"publish","type":"page","link":"https:\/\/agora.xtec.cat\/iesfrancescmacia\/secretaria\/certificacions\/","title":{"rendered":"Certificacions"},"content":{"rendered":"<section id=\"h.p_ID_3\" class=\"yaqOZd LB7kq gk8rDe\">\n<div class=\"mYVXT\">\n<div class=\"LS81yb VICjCf\" tabindex=\"-1\">\n<div class=\"hJDwNd-AhqUyc-uQSCkd purZT-AhqUyc-II5mzb pSzOP-AhqUyc-qWD73c JNdkSc\">\n<div class=\"JNdkSc-SmKAyb\">\n<div class=\"\">\n<div class=\"oKdM2c Kzv0Me\">\n<div id=\"h.p_ID_5\" class=\"hJDwNd-AhqUyc-uQSCkd jXK9ad D2fZ2 OjCsFc wHaque GNzUNc\">\n<div class=\"jXK9ad-SmKAyb\">\n<div class=\"tyJCtd mGzaTb baZpAe lkHyyc\">\n<h4 id=\"h.p_ID_13\" class=\"CDt4Ke zfr3Q duRjpb\"><strong style=\"font-family: inherit; font-size: 1em;\">Sol\u00b7licituds de certificacions i\/o d&#8217;altra documentaci\u00f3 acad\u00e8mica i \/o administrativa<\/strong><\/h4>\n<\/div>\n<\/div>\n<\/div>\n<\/div>\n<\/div>\n<\/div>\n<\/div>\n<\/div>\n<\/div>\n<\/section>\n<section id=\"h.p_ID_18\" class=\"yaqOZd\">\n<div class=\"mYVXT\">\n<div class=\"LS81yb VICjCf\" tabindex=\"-1\">\n<div class=\"hJDwNd-AhqUyc-uQSCkd purZT-AhqUyc-II5mzb pSzOP-AhqUyc-qWD73c JNdkSc\">\n<div class=\"JNdkSc-SmKAyb\">\n<div class=\"\">\n<div class=\"oKdM2c Kzv0Me\">\n<div id=\"h.p_ID_24\" class=\"hJDwNd-AhqUyc-uQSCkd jXK9ad D2fZ2 OjCsFc wHaque GNzUNc\">\n<div class=\"jXK9ad-SmKAyb\">\n<div class=\"tyJCtd mGzaTb baZpAe\">\n<p id=\"h.p_ID_34\" class=\"CDt4Ke zfr3Q\">Sota aquestes l\u00ednies disposeu d&#8217;un model de sol\u00b7licitud que podeu fer servir per demanar certificacions a la Secretaria del centre. Tamb\u00e9 podeu adre\u00e7ar-vos a la mateixa mitjan\u00e7ant e-mail o correu ordinari, tant per sol\u00b7licitar qualsevol tipus de documentaci\u00f3 com per consultar qualsevol dubte o fer-ne les recomanacions que considereu oportunes.<\/p>\n<p id=\"h.p_8DFansgEjyFa\" class=\"CDt4Ke zfr3Q\"><a class=\"dhtgD aw5Odc\" href=\"https:\/\/drive.google.com\/file\/d\/1SDg_D-7U3SoP8oJKt7tvCN2zmaTlObNZ\/view?usp=sharing\" target=\"_blank\" rel=\"noopener noreferrer\">Model de sol\u00b7licitud<\/a><\/p>\n<h4><strong>Sol\u00b7licitud de certificat nivell de catal\u00e0<br \/>\n<\/strong><\/h4>\n<section id=\"h.p_ID_55\" class=\"yaqOZd\">\n<div class=\"mYVXT\">\n<div class=\"LS81yb VICjCf\" tabindex=\"-1\">\n<div class=\"hJDwNd-AhqUyc-qWD73c purZT-AhqUyc-II5mzb pSzOP-AhqUyc-qWD73c JNdkSc\">\n<div class=\"JNdkSc-SmKAyb\">\n<div class=\"\">\n<div class=\"oKdM2c Kzv0Me\">\n<div id=\"h.p_ID_61\" class=\"hJDwNd-AhqUyc-qWD73c jXK9ad D2fZ2 OjCsFc wHaque GNzUNc\">\n<div class=\"jXK9ad-SmKAyb\">\n<div class=\"tyJCtd mGzaTb baZpAe\">\n<ul>\n<li>Els centres p\u00fablics d\u2019Educaci\u00f3 Secund\u00e0ria de Catalunya poden expedir certificats d\u2019equival\u00e8ncia del nivell de Catal\u00e0 a l\u2019alumnat que ho sol\u00b7liciti i acompleixi les condicions establertes per la normativa\u00a0<a href=\"http:\/\/dogc.gencat.cat\/ca\/pdogc_canals_interns\/pdogc_resultats_fitxa\/?action=fitxa&amp;documentId=519344\" target=\"_blank\" rel=\"noopener\" data-saferedirecturl=\"https:\/\/www.google.com\/url?q=http:\/\/dogc.gencat.cat\/ca\/pdogc_canals_interns\/pdogc_resultats_fitxa\/?action%3Dfitxa%26documentId%3D519344&amp;source=gmail&amp;ust=1701249189302000&amp;usg=AOvVaw3nINXK2GVOumDxJhG1aPzZ\">(ORDRE VCP\/233\/2010, de 12 d\u2019abril, de modificaci\u00f3 de l\u2019Ordre VCP\/491\/2009, de 12 de novembre, per la qual es refonen i s\u2019actualitzen els t\u00edtols, diplomes i certificats equivalents als certificats de coneixements de catal\u00e0 de la Secretaria de Pol\u00edtica Ling\u00fc\u00edstica (DOGC n\u00fam. 5511, de 23.11.2009).\u00a0(DOGC\u00a0 n\u00fam.\u00a0 5610 \u00a0publicat el \u00a019\/04\/2010)<\/a><\/li>\n<li>Ho poden demanar les persones nascudes a partir de l\u2019any 1972 que volen obtenir aquest reconeixement i l\u2019itinerari educatiu de les quals s\u2019hagi portat a terme \u00edntegrament a Catalunya o, parcialment, a d\u2019altres territoris on el catal\u00e0 hi fos llengua curricular i avaluable, de manera\u00a0<strong>que\u00a0s\u2019hagi acabat obtenint la titulaci\u00f3 al sistema educatiu de Catalunya<\/strong>. Aix\u00ed doncs, la primera promoci\u00f3 escolar que t\u00e9 dret a demanar aquest reconeixement \u00e9s la que va comen\u00e7ar el primer any de l\u2019educaci\u00f3 general b\u00e0sica (EGB) el curs 1978-1979, a partir del qual l\u2019ensenyament del catal\u00e0 va ser oficial al sistema educatiu de Catalunya, tal com s\u2019estableix al\u00a0<a title=\"Reial Decret 2092\/1978, de 23 de juny\" href=\"https:\/\/www.boe.es\/buscar\/doc.php?id=BOE-A-1978-22729\" target=\"_blank\" rel=\"noopener\" data-saferedirecturl=\"https:\/\/www.google.com\/url?q=https:\/\/www.boe.es\/buscar\/doc.php?id%3DBOE-A-1978-22729&amp;source=gmail&amp;ust=1701249189302000&amp;usg=AOvVaw2bh3SkC0KaqCaOSl7GXjA1\">Reial decret 2092\/1978, de 23 de juny<\/a>.<\/li>\n<li>La persona interessada ha d\u2019emplenar\u00a0la\u00a0<a href=\"https:\/\/agora.xtec.cat\/iesfrancescmacia\/wp-content\/uploads\/usu1660\/2023\/11\/Sollicitud-equivalencia-nivell-B2-C1.pdf\" target=\"_blank\" rel=\"noopener\" data-saferedirecturl=\"https:\/\/www.google.com\/url?q=https:\/\/agora.xtec.cat\/iesesteveterradas\/wp-content\/uploads\/usu855\/Sol%25C2%25B7licitud-equival%25C3%25A8ncia-nivell-B2-C1.pdf&amp;source=gmail&amp;ust=1701249189302000&amp;usg=AOvVaw0pGcWnn-_DJvGMPCs4ZPNG\"><em>sol\u00b7licitud<\/em><\/a>\u00a0i portar-la a la Secretaria amb la seg\u00fcent documentaci\u00f3 per comprovar el compliment dels requisits:<\/li>\n<\/ul>\n<p><a href=\"https:\/\/agora.xtec.cat\/iesfrancescmacia\/wp-content\/uploads\/usu1660\/2023\/11\/Nivell-B2.jpg\"><img loading=\"lazy\" decoding=\"async\" class=\"aligncenter size-full wp-image-6369\" src=\"https:\/\/agora.xtec.cat\/iesfrancescmacia\/wp-content\/uploads\/usu1660\/2023\/11\/Nivell-B2.jpg\" alt=\"\" width=\"768\" height=\"347\" srcset=\"https:\/\/agora.xtec.cat\/iesfrancescmacia\/wp-content\/uploads\/usu1660\/2023\/11\/Nivell-B2.jpg 768w, https:\/\/agora.xtec.cat\/iesfrancescmacia\/wp-content\/uploads\/usu1660\/2023\/11\/Nivell-B2-300x136.jpg 300w\" sizes=\"auto, (max-width: 768px) 100vw, 768px\" \/><\/a> <a href=\"https:\/\/agora.xtec.cat\/iesfrancescmacia\/wp-content\/uploads\/usu1660\/2023\/11\/Nivell-C1.jpg\"><img loading=\"lazy\" decoding=\"async\" class=\"aligncenter size-large wp-image-6370\" src=\"https:\/\/agora.xtec.cat\/iesfrancescmacia\/wp-content\/uploads\/usu1660\/2023\/11\/Nivell-C1.jpg\" alt=\"\" width=\"767\" height=\"665\" srcset=\"https:\/\/agora.xtec.cat\/iesfrancescmacia\/wp-content\/uploads\/usu1660\/2023\/11\/Nivell-C1.jpg 767w, https:\/\/agora.xtec.cat\/iesfrancescmacia\/wp-content\/uploads\/usu1660\/2023\/11\/Nivell-C1-300x260.jpg 300w\" sizes=\"auto, (max-width: 767px) 100vw, 767px\" \/><\/a><\/p>\n<p><em>(*)<a href=\"https:\/\/agora.xtec.cat\/iesesteveterradas\/wp-content\/uploads\/usu855\/S_Acreditatiu-catala_model.pdf\" target=\"_blank\" rel=\"noopener\" data-saferedirecturl=\"https:\/\/www.google.com\/url?q=https:\/\/agora.xtec.cat\/iesesteveterradas\/wp-content\/uploads\/usu855\/S_Acreditatiu-catala_model.pdf&amp;source=gmail&amp;ust=1701249189303000&amp;usg=AOvVaw3lDXHMI3JH_nSHzfyy6cDu\"><strong>Certificat acreditatiu<\/strong><\/a>\u00a0d\u2019haver estat escolaritzat a Catalunya sense haver tingut exempci\u00f3 de catal\u00e0 i on consti els anys escolaritzats i la mat\u00e8ria de llengua catalana aprovada.<\/em><\/p>\n<\/div>\n<\/div>\n<\/div>\n<\/div>\n<\/div>\n<\/div>\n<\/div>\n<\/div>\n<\/div>\n<\/section>\n<\/div>\n<\/div>\n<\/div>\n<\/div>\n<\/div>\n<\/div>\n<\/div>\n<\/div>\n<\/div>\n<\/section>\n","protected":false},"excerpt":{"rendered":"<p>Sol\u00b7licituds de certificacions i\/o d&#8217;altra documentaci\u00f3 acad\u00e8mica i \/o administrativa<\/p>\n<p>Sota aquestes l\u00ednies disposeu d&#8217;un model de sol\u00b7licitud que podeu fer servir per demanar certificacions a la Secretaria del centre. Tamb\u00e9 podeu adre\u00e7ar-vos a la mateixa mitjan\u00e7ant e-mail o correu ordinari, tant per sol\u00b7licitar qualsevol tipus&hellip;  <a href=\"https:\/\/agora.xtec.cat\/iesfrancescmacia\/secretaria\/certificacions\/\" title=\"Read Certificacions\">Llegeix m\u00e9s\u00bb<\/a><\/p>\n","protected":false},"author":7,"featured_media":0,"parent":81,"menu_order":0,"comment_status":"closed","ping_status":"closed","template":"","meta":{"_bbp_topic_count":0,"_bbp_reply_count":0,"_bbp_total_topic_count":0,"_bbp_total_reply_count":0,"_bbp_voice_count":0,"_bbp_anonymous_reply_count":0,"_bbp_topic_count_hidden":0,"_bbp_reply_count_hidden":0,"_bbp_forum_subforum_count":0,"footnotes":""},"class_list":["post-3898","page","type-page","status-publish","hentry"],"post_mailing_queue_ids":[],"_links":{"self":[{"href":"https:\/\/agora.xtec.cat\/iesfrancescmacia\/wp-json\/wp\/v2\/pages\/3898","targetHints":{"allow":["GET"]}}],"collection":[{"href":"https:\/\/agora.xtec.cat\/iesfrancescmacia\/wp-json\/wp\/v2\/pages"}],"about":[{"href":"https:\/\/agora.xtec.cat\/iesfrancescmacia\/wp-json\/wp\/v2\/types\/page"}],"author":[{"embeddable":true,"href":"https:\/\/agora.xtec.cat\/iesfrancescmacia\/wp-json\/wp\/v2\/users\/7"}],"replies":[{"embeddable":true,"href":"https:\/\/agora.xtec.cat\/iesfrancescmacia\/wp-json\/wp\/v2\/comments?post=3898"}],"version-history":[{"count":4,"href":"https:\/\/agora.xtec.cat\/iesfrancescmacia\/wp-json\/wp\/v2\/pages\/3898\/revisions"}],"predecessor-version":[{"id":6371,"href":"https:\/\/agora.xtec.cat\/iesfrancescmacia\/wp-json\/wp\/v2\/pages\/3898\/revisions\/6371"}],"up":[{"embeddable":true,"href":"https:\/\/agora.xtec.cat\/iesfrancescmacia\/wp-json\/wp\/v2\/pages\/81"}],"wp:attachment":[{"href":"https:\/\/agora.xtec.cat\/iesfrancescmacia\/wp-json\/wp\/v2\/media?parent=3898"}],"curies":[{"name":"wp","href":"https:\/\/api.w.org\/{rel}","templated":true}]}}