{"id":3896,"date":"2021-04-09T13:11:04","date_gmt":"2021-04-09T11:11:04","guid":{"rendered":"http:\/\/agora.xtec.cat\/iesfrancescmacia\/?page_id=3896"},"modified":"2021-04-09T13:11:04","modified_gmt":"2021-04-09T11:11:04","slug":"beques-i-ajuts","status":"publish","type":"page","link":"https:\/\/agora.xtec.cat\/iesfrancescmacia\/secretaria\/beques-i-ajuts\/","title":{"rendered":"Beques i ajuts"},"content":{"rendered":"<section id=\"h.p_ID_3\" class=\"yaqOZd LB7kq gk8rDe\">\n<div class=\"mYVXT\">\n<div class=\"LS81yb VICjCf\" tabindex=\"-1\">\n<div class=\"hJDwNd-AhqUyc-uQSCkd purZT-AhqUyc-II5mzb pSzOP-AhqUyc-qWD73c JNdkSc\">\n<div class=\"JNdkSc-SmKAyb\">\n<div class=\"\">\n<div class=\"oKdM2c Kzv0Me\">\n<div id=\"h.p_ID_5\" class=\"hJDwNd-AhqUyc-uQSCkd jXK9ad D2fZ2 OjCsFc wHaque GNzUNc\">\n<div class=\"jXK9ad-SmKAyb\">\n<div class=\"tyJCtd mGzaTb baZpAe lkHyyc\">\n<h3 id=\"h.p_ID_13\" class=\"CDt4Ke zfr3Q duRjpb\">Beques i ajuts<\/h3>\n<\/div>\n<\/div>\n<\/div>\n<\/div>\n<\/div>\n<\/div>\n<\/div>\n<\/div>\n<\/div>\n<\/section>\n<section id=\"h.p_ID_18\" class=\"yaqOZd\">\n<div class=\"IFuOkc\"><\/div>\n<div class=\"mYVXT\">\n<div class=\"LS81yb VICjCf\" tabindex=\"-1\">\n<div class=\"hJDwNd-AhqUyc-uQSCkd purZT-AhqUyc-II5mzb pSzOP-AhqUyc-qWD73c JNdkSc\">\n<div class=\"JNdkSc-SmKAyb\">\n<div class=\"\">\n<div class=\"oKdM2c Kzv0Me\">\n<div id=\"h.p_ID_24\" class=\"hJDwNd-AhqUyc-uQSCkd jXK9ad D2fZ2 OjCsFc wHaque GNzUNc\">\n<div class=\"jXK9ad-SmKAyb\">\n<div class=\"tyJCtd mGzaTb baZpAe\">\n<p id=\"h.p_ID_32\" class=\"CDt4Ke zfr3Q\">L\u2019administraci\u00f3 estableix una s\u00e8rie d\u2019ajuts a l\u2019estudi per als alumnes tant d\u2019ESO com de Batxillerat que acompleixen algunes condicions econ\u00f2miques i\/o acad\u00e8miques. Les principals s\u00f3n les seg\u00fcents:<\/p>\n<p id=\"h.p_ID_34\" class=\"CDt4Ke zfr3Q\">Trobareu m\u00e9s informaci\u00f3 sobre aquest i d\u2019altres ajuts a la p\u00e0gina web del\u00a0<a class=\"dhtgD aw5Odc\" href=\"https:\/\/sites.google.com\/a\/xtec.cat\/secretaria-ins-francesc-macia\/home\/alumnat\/beques-i-ajuts\">Departament d\u2019Ensenyament<\/a>\u00a0sobre beques.<\/p>\n<\/div>\n<\/div>\n<\/div>\n<\/div>\n<\/div>\n<\/div>\n<\/div>\n<\/div>\n<\/div>\n<\/section>\n<section id=\"h.p_NDtYGzJF9wsj\" class=\"yaqOZd\">\n<h4 class=\"IFuOkc\">Beques i ajuts destinats a tot tipus d&#8217;alumnat<\/h4>\n<div class=\"mYVXT\">\n<div class=\"LS81yb VICjCf\" tabindex=\"-1\">\n<div class=\"hJDwNd-AhqUyc-uQSCkd purZT-AhqUyc-II5mzb pSzOP-AhqUyc-qWD73c JNdkSc yYI8W \">\n<div class=\"JNdkSc-SmKAyb\">\n<div class=\"qUO6Ue\">\n<div class=\"oKdM2c Kzv0Me\">\n<div id=\"h.p_5yQgUTDX9wsn\" class=\"hJDwNd-AhqUyc-uQSCkd jXK9ad D2fZ2 OjCsFc GNzUNc\">\n<div class=\"uArJ5e Y5FYJe cjq2Db amZmwc\" tabindex=\"0\" role=\"button\" aria-label=\"Ocultar\" aria-disabled=\"false\" data-tooltip=\"Ocultar\" data-tooltip-vertical-offset=\"-12\" data-tooltip-horizontal-offset=\"0\">\n<div class=\"PDXc1b MbhUzd\"><\/div>\n<\/div>\n<\/div>\n<\/div>\n<div class=\"oKdM2c\">\n<div id=\"h.p_kY-mfZdX9wsx\" class=\"hJDwNd-AhqUyc-uQSCkd jXK9ad D2fZ2 wHaque GNzUNc\">\n<div class=\"jXK9ad-SmKAyb\">\n<div class=\"tyJCtd mGzaTb baZpAe\">\n<ul class=\"n8H08c UVNKR\">\n<li id=\"h.p_XpkHreOL9wsz\" class=\"TYR86d zfr3Q\"><strong>Ajuts per a l&#8217;alumnat amb necessitat espec\u00edfica de suport educatiu<\/strong><\/li>\n<\/ul>\n<p id=\"h.p_FaAsxwoR-Mn0\" class=\"CDt4Ke zfr3Q\">El Ministeri d&#8217;Educaci\u00f3 convoca cada any ajuts i subsidis destinats a l&#8217;alumnat amb necessitat espec\u00edfica de suport educatiu per a cada curs corresponent. Aquests ajuts ves destinen tant a alumnes amb alta capacitat intel\u00b7lectual com a alumnes amb alguna necessitat espec\u00edfica associada a alguna discapacitat intel\u00b7lectual.<\/p>\n<p id=\"h.p_-F3EVt3H926b\" class=\"CDt4Ke zfr3Q\">Trobareu m\u00e9s informaci\u00f3 sobre aquest i d\u2019altres ajuts a la p\u00e0gina web del Departament d\u2019<a class=\"dhtgD aw5Odc\" href=\"http:\/\/www.google.com\/url?q=http%3A%2F%2Fwww20.gencat.cat%2Fportal%2Fsite%2FOVT%2Fmenuitem.8d9f3f7e23c1cd519e629e30b0c0e1a0%2F%3Fvgnextoid%3D117381196e0e3210VgnVCM1000008d0c1e0aRCRD%26vgnextchannel%3D117381196e0e3210VgnVCM1000008d0c1e0aRCRD%26vgnextfmt%3Ddetall3%26contentid%3Db8088b4289d2d110VgnVCM1000008d0c1e0aRCRD%26codInf%3D358&amp;sa=D&amp;sntz=1&amp;usg=AFQjCNHyTH9OTxILF24v3UitYYgIjJOwHQ\" target=\"_blank\" rel=\"noopener noreferrer\">Ensenyament sobre beques.<\/a><\/p>\n<\/div>\n<\/div>\n<\/div>\n<\/div>\n<\/div>\n<\/div>\n<\/div>\n<\/div>\n<\/div>\n<\/section>\n<section id=\"h.p_aMibOPQR-AW9\" class=\"yaqOZd\">\n<h4 class=\"IFuOkc\">Beques i ajuts destinats a l&#8217;alumnat de Batxillerat<\/h4>\n<div class=\"mYVXT\">\n<div class=\"LS81yb VICjCf\" tabindex=\"-1\">\n<div class=\"hJDwNd-AhqUyc-uQSCkd purZT-AhqUyc-II5mzb pSzOP-AhqUyc-qWD73c JNdkSc yYI8W \">\n<div class=\"JNdkSc-SmKAyb\">\n<div class=\"qUO6Ue\">\n<div class=\"oKdM2c Kzv0Me\">\n<div id=\"h.p_AOZio92X-AXA\" class=\"hJDwNd-AhqUyc-uQSCkd jXK9ad D2fZ2 OjCsFc GNzUNc\">\n<div class=\"uArJ5e Y5FYJe cjq2Db amZmwc\" tabindex=\"0\" role=\"button\" aria-label=\"Ocultar\" aria-disabled=\"false\" data-tooltip=\"Ocultar\" data-tooltip-vertical-offset=\"-12\" data-tooltip-horizontal-offset=\"0\">\n<div class=\"PDXc1b MbhUzd\"><\/div>\n<\/div>\n<\/div>\n<\/div>\n<div class=\"oKdM2c\">\n<div id=\"h.p_0g-lqb7z-AXI\" class=\"hJDwNd-AhqUyc-uQSCkd jXK9ad D2fZ2 wHaque GNzUNc\">\n<div class=\"jXK9ad-SmKAyb\">\n<div class=\"tyJCtd mGzaTb baZpAe\">\n<ul class=\"n8H08c UVNKR\">\n<li id=\"h.p_fGfcQr1p-AXK\" class=\"TYR86d zfr3Q\"><strong>Beques i ajuts a l\u2019estudi de car\u00e0cter general i de mobilitat.<\/strong><\/li>\n<\/ul>\n<p id=\"h.p_UawcGMUA-HVf\" class=\"CDt4Ke zfr3Q\">Aquests ajuts van destinats als estudiants de batxillerat, formaci\u00f3 professional de grau mitj\u00e0 i de grau superior, programes de qualificaci\u00f3 professional inicial, curs de preparaci\u00f3 per a les proves d&#8217;acc\u00e9s a la formaci\u00f3 professional (impartit per centres p\u00fablics), ensenyaments art\u00edstics professionals i superiors, ensenyaments esportius, estudis d&#8217;idiomes en EOI i estudis religiosos i militars superiors.<\/p>\n<p id=\"h.p_0eblNjCO-HVf\" class=\"CDt4Ke zfr3Q\">S\u2019ha de presentar una sol\u00b7licitud al centre escolar on l\u2019alumnat es troba matriculat durant el curs escolar objecte d\u2019ajut, dintre del termini legalment establert i adjuntant la documentaci\u00f3 que s\u2019especifica a la convocat\u00f2ria corresponent. La convocat\u00f2ria d\u2019aquest ajuts \u00e9s anual, i per tal d\u2019accedir als ajuts s\u2019han d\u2019acomplir uns determinats requisits econ\u00f2mics i acad\u00e8mics per part de la unitat familiar a la qual pertany l\u2019alumnat sol\u00b7licitant.<\/p>\n<p id=\"h.p_xGkwFHpk-HVg\" class=\"CDt4Ke zfr3Q\">La tramitaci\u00f3 d&#8217;aquest ajuts s&#8217;ha de realitzar de forma telem\u00e0tica a la\u00a0<a class=\"dhtgD aw5Odc\" href=\"http:\/\/www.google.com\/url?q=http%3A%2F%2Fwww.educacionyfp.gob.es%2Fportada.html&amp;sa=D&amp;sntz=1&amp;usg=AFQjCNGhccg7JGFtwJLC483gWSVbhs6z8Q\" target=\"_blank\" rel=\"noopener noreferrer\">p\u00e0gina web<\/a>.<\/p>\n<p id=\"h.p_vX0ZL2vj-HVg\" class=\"CDt4Ke zfr3Q\"><a class=\"dhtgD aw5Odc\" href=\"http:\/\/www.google.com\/url?q=http%3A%2F%2Fwww.boe.es%2Fdiario_boe%2Ftxt.php%3Fid%3DBOE-A-2013-9041&amp;sa=D&amp;sntz=1&amp;usg=AFQjCNE6IRrJs9EDlSYopwmH4NVPYDtFFQ\" target=\"_blank\" rel=\"noopener noreferrer\">Text de la convocat\u00f2ria<\/a><\/p>\n<\/div>\n<\/div>\n<\/div>\n<\/div>\n<\/div>\n<\/div>\n<\/div>\n<\/div>\n<\/div>\n<\/section>\n","protected":false},"excerpt":{"rendered":"<p>Beques i ajuts<\/p>\n<p>L\u2019administraci\u00f3 estableix una s\u00e8rie d\u2019ajuts a l\u2019estudi per als alumnes tant d\u2019ESO com de Batxillerat que acompleixen algunes condicions econ\u00f2miques i\/o acad\u00e8miques. Les principals s\u00f3n les seg\u00fcents:<br \/>\nTrobareu m\u00e9s informaci\u00f3 sobre aquest i d\u2019altres ajuts a la p\u00e0gina web del\u00a0<a class=\"dhtgD aw5Odc\" href=\"https:\/\/sites.google.com\/a\/xtec.cat\/secretaria-ins-francesc-macia\/home\/alumnat\/beques-i-ajuts\">Departament d\u2019Ensenyament<\/a>\u00a0sobre&hellip;  <a href=\"https:\/\/agora.xtec.cat\/iesfrancescmacia\/secretaria\/beques-i-ajuts\/\" title=\"Read Beques i ajuts\">Llegeix m\u00e9s\u00bb<\/a><\/p>\n","protected":false},"author":7,"featured_media":0,"parent":81,"menu_order":0,"comment_status":"closed","ping_status":"closed","template":"","meta":{"_bbp_topic_count":0,"_bbp_reply_count":0,"_bbp_total_topic_count":0,"_bbp_total_reply_count":0,"_bbp_voice_count":0,"_bbp_anonymous_reply_count":0,"_bbp_topic_count_hidden":0,"_bbp_reply_count_hidden":0,"_bbp_forum_subforum_count":0,"footnotes":""},"class_list":["post-3896","page","type-page","status-publish","hentry"],"post_mailing_queue_ids":[],"_links":{"self":[{"href":"https:\/\/agora.xtec.cat\/iesfrancescmacia\/wp-json\/wp\/v2\/pages\/3896","targetHints":{"allow":["GET"]}}],"collection":[{"href":"https:\/\/agora.xtec.cat\/iesfrancescmacia\/wp-json\/wp\/v2\/pages"}],"about":[{"href":"https:\/\/agora.xtec.cat\/iesfrancescmacia\/wp-json\/wp\/v2\/types\/page"}],"author":[{"embeddable":true,"href":"https:\/\/agora.xtec.cat\/iesfrancescmacia\/wp-json\/wp\/v2\/users\/7"}],"replies":[{"embeddable":true,"href":"https:\/\/agora.xtec.cat\/iesfrancescmacia\/wp-json\/wp\/v2\/comments?post=3896"}],"version-history":[{"count":1,"href":"https:\/\/agora.xtec.cat\/iesfrancescmacia\/wp-json\/wp\/v2\/pages\/3896\/revisions"}],"predecessor-version":[{"id":3897,"href":"https:\/\/agora.xtec.cat\/iesfrancescmacia\/wp-json\/wp\/v2\/pages\/3896\/revisions\/3897"}],"up":[{"embeddable":true,"href":"https:\/\/agora.xtec.cat\/iesfrancescmacia\/wp-json\/wp\/v2\/pages\/81"}],"wp:attachment":[{"href":"https:\/\/agora.xtec.cat\/iesfrancescmacia\/wp-json\/wp\/v2\/media?parent=3896"}],"curies":[{"name":"wp","href":"https:\/\/api.w.org\/{rel}","templated":true}]}}