{"id":3886,"date":"2021-04-09T11:23:58","date_gmt":"2021-04-09T09:23:58","guid":{"rendered":"http:\/\/agora.xtec.cat\/iesfrancescmacia\/?page_id=3886"},"modified":"2021-04-09T11:41:52","modified_gmt":"2021-04-09T09:41:52","slug":"preinscripcio","status":"publish","type":"page","link":"https:\/\/agora.xtec.cat\/iesfrancescmacia\/secretaria\/preinscripcio\/","title":{"rendered":"Preinscripci\u00f3"},"content":{"rendered":"<p id=\"h.p_ID_34\" class=\"CDt4Ke zfr3Q\">Per tal d&#8217;accedir als diferents estudis que es desenvolupen al nostre centre, l&#8217;alumnat ha de sol\u00b7licitar pla\u00e7a per al proper curs mitjan\u00e7ant la corresponent PREINSCRIPCI\u00d3. El calendari de la preinscripci\u00f3 el determina el Departament d&#8217;Educaci\u00f3 de la Generalitat de Catalunya mitjan\u00e7ant la corresponent Resoluci\u00f3 publicada al DOGC (hi ha un calendari diferenciat per a l&#8217;ESO, el Batxillerat i els diferents Cicles).<\/p>\n<p id=\"h.p_ID_36\" class=\"CDt4Ke zfr3Q\">De forma general el proc\u00e9s de preinscripci\u00f3 consta d&#8217;una s\u00e8rie de fases que cal tenir en compte i que es detallen al calendari de la preinscripci\u00f3 del curs corresponent.<\/p>\n<div class=\"oKdM2c Kzv0Me\">\n<div id=\"h.p_QysEQ0YbUdrH\" class=\"hJDwNd-AhqUyc-uQSCkd jXK9ad D2fZ2 OjCsFc GNzUNc\">\n<div class=\"jXK9ad-SmKAyb\">\n<div class=\"tyJCtd mGzaTb baZpAe\">\n<h4 class=\"CjVfdc\"><a href=\"http:\/\/agora.xtec.cat\/iesfrancescmacia\/secretaria\/preinscripcio\/preinscripcio-eso\/\">Preinscripci\u00f3 Educaci\u00f3 Secund\u00e0ria Obligat\u00f2ria (ESO)<\/a><\/h4>\n<\/div>\n<\/div>\n<div class=\"uArJ5e Y5FYJe cjq2Db amZmwc\" tabindex=\"0\" role=\"button\" aria-label=\"Ocultar\" aria-disabled=\"false\" data-tooltip=\"Ocultar\" data-tooltip-vertical-offset=\"-12\" data-tooltip-horizontal-offset=\"0\">\n<div class=\"PDXc1b MbhUzd\"><\/div>\n<\/div>\n<\/div>\n<\/div>\n<div class=\"oKdM2c\">\n<div id=\"h.p_ENOErTT0UdrR\" class=\"hJDwNd-AhqUyc-uQSCkd jXK9ad D2fZ2 wHaque GNzUNc\">\n<div class=\"jXK9ad-SmKAyb\">\n<div class=\"tyJCtd mGzaTb baZpAe\">\n<p id=\"h.p_0l-ysvZCUdrU\" class=\"CDt4Ke zfr3Q\">L&#8217;etapa de l&#8217;educaci\u00f3 secund\u00e0ria obligat\u00f2ria (ESO) t\u00e9 car\u00e0cter obligatori i gratu\u00eft. Compr\u00e8n 4 cursos acad\u00e8mics que s&#8217;inicien, generalment, l&#8217;any natural en qu\u00e8 es compleixen els 12 anys i que s&#8217;acaben, normalment, als 16; amb car\u00e0cter general els alumnes tenen dret a romandre en el centre amb r\u00e8gim ordinari fins als 18 anys. Amb posterioritat a aquesta edat el t\u00edtol d&#8217;Educaci\u00f3 Secund\u00e0ria Obligat\u00f2ria es podr\u00e0 obtenir als centres de formaci\u00f3 de persones adultes o a trav\u00e9s de l&#8217;Institut <a class=\"dhtgD aw5Odc\" href=\"https:\/\/ioc.xtec.cat\/educacio\/index.php?option=com_content&amp;view=article&amp;id=57&amp;Itemid=1\" target=\"_blank\" rel=\"noopener noreferrer\">Obert de Catalunya (IOC)<\/a>.<\/p>\n<p id=\"h.p_sFSywHgfUlQf\" class=\"CDt4Ke zfr3Q\">El 4t curs t\u00e9 tamb\u00e9 un car\u00e0cter orientador, tant per als estudis posteriors, com per a la integraci\u00f3 a la vida laboral.<\/p>\n<p id=\"h.p_PFH-Ny-pUlQg\" class=\"CDt4Ke zfr3Q\">Podeu trobar m\u00e9s informaci\u00f3 sobre aquests estudis a la <a class=\"dhtgD aw5Odc\" href=\"https:\/\/preinscripcio.gencat.cat\/ca\/estudis\/eso\/inici\/\" target=\"_blank\" rel=\"noopener noreferrer\">p\u00e0gina web del Departament d&#8217;Educaci\u00f3<\/a>.<\/p>\n<\/div>\n<h4 class=\"CjVfdc\"><a href=\"https:\/\/agora.xtec.cat\/iesfrancescmacia\/secretaria\/preinscripcio\/preinscripcio-batxillerat\/\">Preinscripci\u00f3 Batxillerat (BTX)<\/a><\/h4>\n<div><\/div>\n<p id=\"h.p_WfYP2Gh2Uo4G\" class=\"CDt4Ke zfr3Q\">Els ensenyaments de batxillerat convencionalment es cursen entre els 16 i els 18 anys, per\u00f2 s&#8217;hi pot accedir a qualsevol edat (sempre que s&#8217;hagi obtingut el Graduat en educaci\u00f3 secund\u00e0ria).<\/p>\n<p id=\"h.p_xqx-KeClUu2b\" class=\"CDt4Ke zfr3Q\">Per poder ser adm\u00e8s o admesa per primera vegada en un centre sufragat amb fons p\u00fablics per cursar batxillerat cal presentar un impr\u00e8s de sol\u00b7licitud de preinscripci\u00f3, i la documentaci\u00f3 necess\u00e0ria corresponent.<\/p>\n<p id=\"h.p_I2d_oXHNUu2b\" class=\"CDt4Ke zfr3Q\">Els alumnes que cursen l&#8217;Educaci\u00f3 Secund\u00e0ria Obligat\u00f2ria en un centre docent i volen continuar els seus estudis de batxillerat al mateix centre, no cal que presentin la preinscripci\u00f3. El centre determinar\u00e0 com s&#8217;ha de fer constar aquest fet a fi de determinar la reserva de places necess\u00e0ries per a l&#8217;alumnat propi.<\/p>\n<p id=\"h.p_Wd5-esHDUu2c\" class=\"CDt4Ke zfr3Q\">Tamb\u00e9 s&#8217;ha de presentar la sol\u00b7licitud per poder accedir al batxillerat de la modalitat d&#8217;arts o a qualsevol modalitat de batxillerat si s&#8217;est\u00e0 cursant o s&#8217;ha cursat un cicle formatiu, encara que s&#8217;imparteixi en el mateix centre o aula on s&#8217;est\u00e0 matriculat o matriculada.<\/p>\n<p id=\"h.p_qyAtXTH9Uu2c\" class=\"CDt4Ke zfr3Q\">Al nostre centre s&#8217;ofereixen dos modalitat de Batxillerat; en r\u00e8gim di\u00fcrn.<\/p>\n<ol class=\"n8H08c BKnRcf\">\n<li id=\"h.p_1h0-npRDUu2d\" class=\"TYR86d zfr3Q\">La modalitat de <strong>Ci\u00e8ncies i Tecnologia<\/strong>,<\/li>\n<li id=\"h.p_NFAfhj-yUu2d\" class=\"TYR86d zfr3Q\">i la modalitat d&#8217;<strong>Humanitats i Ci\u00e8ncies Socials<\/strong><\/li>\n<\/ol>\n<p id=\"h.p_aLpYYZeQUu2d\" class=\"CDt4Ke zfr3Q\">podeu trobar m\u00e9s informaci\u00f3 sobre aquests estudis a la <a class=\"dhtgD aw5Odc\" href=\"https:\/\/preinscripcio.gencat.cat\/ca\/estudis\/batxillerat\/inici\/\" target=\"_blank\" rel=\"noopener noreferrer\">p\u00e0gina web del Departament d&#8217;Educaci\u00f3<\/a><\/p>\n<\/div>\n<\/div>\n<\/div>\n","protected":false},"excerpt":{"rendered":"<p>Per tal d&#8217;accedir als diferents estudis que es desenvolupen al nostre centre, l&#8217;alumnat ha de sol\u00b7licitar pla\u00e7a per al proper curs mitjan\u00e7ant la corresponent PREINSCRIPCI\u00d3. El calendari de la preinscripci\u00f3 el determina el Departament d&#8217;Educaci\u00f3 de la Generalitat de Catalunya mitjan\u00e7ant la corresponent Resoluci\u00f3 publicada&hellip;  <a href=\"https:\/\/agora.xtec.cat\/iesfrancescmacia\/secretaria\/preinscripcio\/\" title=\"Read Preinscripci\u00f3\">Llegeix m\u00e9s\u00bb<\/a><\/p>\n","protected":false},"author":7,"featured_media":0,"parent":81,"menu_order":0,"comment_status":"closed","ping_status":"closed","template":"","meta":{"_bbp_topic_count":0,"_bbp_reply_count":0,"_bbp_total_topic_count":0,"_bbp_total_reply_count":0,"_bbp_voice_count":0,"_bbp_anonymous_reply_count":0,"_bbp_topic_count_hidden":0,"_bbp_reply_count_hidden":0,"_bbp_forum_subforum_count":0,"footnotes":""},"class_list":["post-3886","page","type-page","status-publish","hentry"],"post_mailing_queue_ids":[],"_links":{"self":[{"href":"https:\/\/agora.xtec.cat\/iesfrancescmacia\/wp-json\/wp\/v2\/pages\/3886","targetHints":{"allow":["GET"]}}],"collection":[{"href":"https:\/\/agora.xtec.cat\/iesfrancescmacia\/wp-json\/wp\/v2\/pages"}],"about":[{"href":"https:\/\/agora.xtec.cat\/iesfrancescmacia\/wp-json\/wp\/v2\/types\/page"}],"author":[{"embeddable":true,"href":"https:\/\/agora.xtec.cat\/iesfrancescmacia\/wp-json\/wp\/v2\/users\/7"}],"replies":[{"embeddable":true,"href":"https:\/\/agora.xtec.cat\/iesfrancescmacia\/wp-json\/wp\/v2\/comments?post=3886"}],"version-history":[{"count":3,"href":"https:\/\/agora.xtec.cat\/iesfrancescmacia\/wp-json\/wp\/v2\/pages\/3886\/revisions"}],"predecessor-version":[{"id":3893,"href":"https:\/\/agora.xtec.cat\/iesfrancescmacia\/wp-json\/wp\/v2\/pages\/3886\/revisions\/3893"}],"up":[{"embeddable":true,"href":"https:\/\/agora.xtec.cat\/iesfrancescmacia\/wp-json\/wp\/v2\/pages\/81"}],"wp:attachment":[{"href":"https:\/\/agora.xtec.cat\/iesfrancescmacia\/wp-json\/wp\/v2\/media?parent=3886"}],"curies":[{"name":"wp","href":"https:\/\/api.w.org\/{rel}","templated":true}]}}