{"id":1124,"date":"2018-04-11T20:16:09","date_gmt":"2018-04-11T18:16:09","guid":{"rendered":"http:\/\/agora.xtec.cat\/iesfrancescmacia\/?page_id=1124"},"modified":"2025-11-14T17:33:56","modified_gmt":"2025-11-14T16:33:56","slug":"documents-de-centre","status":"publish","type":"page","link":"https:\/\/agora.xtec.cat\/iesfrancescmacia\/documents-de-centre\/","title":{"rendered":"Documents de centre"},"content":{"rendered":"<p><!--more-->En aquest apartat s&#8217;aniran publicant\u00a0les darreres versions dels documents per a l&#8217;organitzaci\u00f3 i la gesti\u00f3 del centre:<\/p>\n<h4><strong><span class=\"s1\"><a href=\"https:\/\/agora.xtec.cat\/iesfrancescmacia\/wp-content\/uploads\/usu1660\/2023\/09\/2023_09_04-NOFC-vigents.pdf\"><img loading=\"lazy\" decoding=\"async\" class=\"alignright wp-image-1125\" src=\"https:\/\/agora.xtec.cat\/iesfrancescmacia\/wp-content\/uploads\/usu1660\/2018\/04\/Banners-IES-Francesc-Macia-1024x576.png\" alt=\"\" width=\"226\" height=\"127\" srcset=\"https:\/\/agora.xtec.cat\/iesfrancescmacia\/wp-content\/uploads\/usu1660\/2018\/04\/Banners-IES-Francesc-Macia-1024x576.png 1024w, https:\/\/agora.xtec.cat\/iesfrancescmacia\/wp-content\/uploads\/usu1660\/2018\/04\/Banners-IES-Francesc-Macia-300x169.png 300w, https:\/\/agora.xtec.cat\/iesfrancescmacia\/wp-content\/uploads\/usu1660\/2018\/04\/Banners-IES-Francesc-Macia-768x432.png 768w, https:\/\/agora.xtec.cat\/iesfrancescmacia\/wp-content\/uploads\/usu1660\/2018\/04\/Banners-IES-Francesc-Macia.png 1280w\" sizes=\"auto, (max-width: 226px) 100vw, 226px\" \/><\/a><\/span>NOFC<\/strong><\/h4>\n<p><span class=\"s1\"><a href=\"https:\/\/drive.google.com\/open?id=1hzVA2foRdi-_WvQ1v93z2JNRpmo0w_DZ&amp;authuser=0\"><b>Normes d&#8217;organitzaci\u00f3 i funcionament del centre <\/b><\/a>(NOFC, abans Reglament de r\u00e8gim intern). Document normatiu intern, que regula el funcionament del centre, basant-se en el sentit com\u00fa, el respecte, la col\u00b7laboraci\u00f3 i el treball.<\/span><\/p>\n<hr \/>\n<h4><strong><span class=\"s1\"><a href=\"https:\/\/agora.xtec.cat\/iesfrancescmacia\/wp-content\/uploads\/usu1660\/2018\/04\/Pla-demergencia-del-centre-docent-2018-INS-F-MACIA%cc%80.pdf\"><img loading=\"lazy\" decoding=\"async\" class=\"wp-image-1827 alignright\" src=\"https:\/\/agora.xtec.cat\/iesfrancescmacia\/wp-content\/uploads\/usu1660\/2018\/04\/Banner-Pla-Emergencia-INS-Francesc-Macia-1024x576.jpg\" alt=\"\" width=\"231\" height=\"130\" srcset=\"https:\/\/agora.xtec.cat\/iesfrancescmacia\/wp-content\/uploads\/usu1660\/2018\/04\/Banner-Pla-Emergencia-INS-Francesc-Macia-1024x576.jpg 1024w, https:\/\/agora.xtec.cat\/iesfrancescmacia\/wp-content\/uploads\/usu1660\/2018\/04\/Banner-Pla-Emergencia-INS-Francesc-Macia-300x169.jpg 300w, https:\/\/agora.xtec.cat\/iesfrancescmacia\/wp-content\/uploads\/usu1660\/2018\/04\/Banner-Pla-Emergencia-INS-Francesc-Macia-768x432.jpg 768w, https:\/\/agora.xtec.cat\/iesfrancescmacia\/wp-content\/uploads\/usu1660\/2018\/04\/Banner-Pla-Emergencia-INS-Francesc-Macia.jpg 1280w\" sizes=\"auto, (max-width: 231px) 100vw, 231px\" \/><\/a><\/span>PLA D&#8217;EMERG\u00c8NCIA<\/strong><\/h4>\n<p><span class=\"s1\"><a href=\"http:\/\/agora.xtec.cat\/iesfrancescmacia\/wp-content\/uploads\/usu1660\/2018\/04\/Pla-demergencia-del-centre-docent-2018-INS-F-MACI\u00c0.pdf\">Pla d&#8217;emerg\u00e8ncia del centre docent<\/a>. Aquest pla pret\u00e9n ser una eina que es posa al servei del m\u00f3n escolar, perqu\u00e8 s\u00e0piga donar resposta a situacions de risc. El pla recull les actuacions que han de dur a terme els professors, els alumnes i el personal de serveis davant d&#8217;una emerg\u00e8ncia, tot fent \u00e8mfasi en la col\u00b7laboraci\u00f3 de tots els implicats, tant del centre educatiu com de les administracions p\u00fabliques i dels serveis de protecci\u00f3.<\/span><\/p>\n<hr \/>\n<h4><strong><a href=\"http:\/\/agora.xtec.cat\/iesfrancescmacia\/wp-content\/uploads\/usu1660\/2018\/07\/PEC_F_MACI\u00c0_2018-1.pdf\"><img loading=\"lazy\" decoding=\"async\" class=\"wp-image-2032 alignright\" src=\"http:\/\/agora.xtec.cat\/iesfrancescmacia\/wp-content\/uploads\/usu1660\/2018\/04\/PEC-INS-Francesc-Macia.png\" alt=\"\" width=\"230\" height=\"129\" srcset=\"https:\/\/agora.xtec.cat\/iesfrancescmacia\/wp-content\/uploads\/usu1660\/2018\/04\/PEC-INS-Francesc-Macia.png 1280w, https:\/\/agora.xtec.cat\/iesfrancescmacia\/wp-content\/uploads\/usu1660\/2018\/04\/PEC-INS-Francesc-Macia-300x169.png 300w, https:\/\/agora.xtec.cat\/iesfrancescmacia\/wp-content\/uploads\/usu1660\/2018\/04\/PEC-INS-Francesc-Macia-768x432.png 768w, https:\/\/agora.xtec.cat\/iesfrancescmacia\/wp-content\/uploads\/usu1660\/2018\/04\/PEC-INS-Francesc-Macia-1024x576.png 1024w\" sizes=\"auto, (max-width: 230px) 100vw, 230px\" \/><\/a>PROJECTE EDUCATIU DE CENTRE<\/strong><\/h4>\n<p>El <a href=\"http:\/\/agora.xtec.cat\/iesfrancescmacia\/wp-content\/uploads\/usu1660\/2018\/07\/PEC_F_MACI\u00c0_2018-1.pdf\">Projecte Educatiu de Centre (PEC)<\/a> de l\u2019Institut Francesc Maci\u00e0 \u00e9s el document estrat\u00e8gic marc de la instituci\u00f3 escolar que en defineix el funcionament en l\u2019\u00e0mbit curricular, l\u2019organitzatiu, de gesti\u00f3 econ\u00f2mica i de gesti\u00f3 de personal, adaptat a la realitat dels alumnes i al voltant del nostre centre. En aquest sentit, el Projecte Educatiu de Centre (PEC) de l\u2019Institut Francesc Maci\u00e0 recull la nostra identitat com a Centre, explicita els objectius, orienta l\u2019activitat i expressa la finalitat: aconseguir que tots\/es els\/les alumnes aconsegueixin l\u2019\u00e8xit educatiu i la cohesi\u00f3 social, d\u2019acord amb els principis rectors definits a l\u2019article 2 de la LEC i els espec\u00edfics per a centres p\u00fablics definits a l\u2019article 93 i d&#8217;acord amb les necessitats educatives dels alumnes i els objectius del centre.<\/p>\n<hr \/>\n<h4><strong><a href=\"https:\/\/agora.xtec.cat\/iesfrancescmacia\/wp-content\/uploads\/usu1660\/2023\/09\/PLC-2023.pdf\"><img loading=\"lazy\" decoding=\"async\" class=\"alignright wp-image-2033\" src=\"http:\/\/agora.xtec.cat\/iesfrancescmacia\/wp-content\/uploads\/usu1660\/2018\/04\/PLC-INS-Francesc-Macia.png\" alt=\"\" width=\"226\" height=\"127\" srcset=\"https:\/\/agora.xtec.cat\/iesfrancescmacia\/wp-content\/uploads\/usu1660\/2018\/04\/PLC-INS-Francesc-Macia.png 1280w, https:\/\/agora.xtec.cat\/iesfrancescmacia\/wp-content\/uploads\/usu1660\/2018\/04\/PLC-INS-Francesc-Macia-300x169.png 300w, https:\/\/agora.xtec.cat\/iesfrancescmacia\/wp-content\/uploads\/usu1660\/2018\/04\/PLC-INS-Francesc-Macia-768x432.png 768w, https:\/\/agora.xtec.cat\/iesfrancescmacia\/wp-content\/uploads\/usu1660\/2018\/04\/PLC-INS-Francesc-Macia-1024x576.png 1024w\" sizes=\"auto, (max-width: 226px) 100vw, 226px\" \/><\/a>PROJECTE LING\u00dc\u00cdSTIC DE CENTRE<\/strong><\/h4>\n<p>El <a href=\"https:\/\/agora.xtec.cat\/iesfrancescmacia\/wp-content\/uploads\/usu1660\/2023\/09\/PLC-2023.pdf\">Projecte Ling\u00fc\u00edstic de Centre (PLC)<\/a> \u00e9s el document que recull els aspectes relatius a l&#8217;ensenyament i a l&#8217;\u00fas de les lleng\u00fces en el centre educatiu. L\u2019elaboraci\u00f3 del PLC t\u00e9 com a principal referent normatiu la Llei 12\/2009, del 10 de juliol, d&#8217;educaci\u00f3, que en el seu T\u00edtol II Del r\u00e8gim ling\u00fc\u00edstic del sistema educatiu de Catalunya estableix el r\u00e8gim ling\u00fc\u00edstic del sistema educatiu i a l&#8217;article 14 determina que els centres p\u00fablics i els centres privats sostinguts amb fons p\u00fablics han d&#8217;elaborar, com a part del projecte educatiu, un projecte ling\u00fc\u00edstic que emmarqui el tractament de les lleng\u00fces al centre.<\/p>\n<hr \/>\n<h4><strong><a href=\"https:\/\/drive.google.com\/drive\/folders\/15HQmaLX0ZX6uY5NWd4tp2eQhWhgwbn8Z?usp=drive_link\"><img loading=\"lazy\" decoding=\"async\" class=\"alignright wp-image-6285\" src=\"https:\/\/agora.xtec.cat\/iesfrancescmacia\/wp-content\/uploads\/usu1660\/2023\/09\/Banner-acords-consell-escolar-300x169.png\" alt=\"\" width=\"228\" height=\"129\" srcset=\"https:\/\/agora.xtec.cat\/iesfrancescmacia\/wp-content\/uploads\/usu1660\/2023\/09\/Banner-acords-consell-escolar-300x169.png 300w, https:\/\/agora.xtec.cat\/iesfrancescmacia\/wp-content\/uploads\/usu1660\/2023\/09\/Banner-acords-consell-escolar-1024x576.png 1024w, https:\/\/agora.xtec.cat\/iesfrancescmacia\/wp-content\/uploads\/usu1660\/2023\/09\/Banner-acords-consell-escolar-768x432.png 768w, https:\/\/agora.xtec.cat\/iesfrancescmacia\/wp-content\/uploads\/usu1660\/2023\/09\/Banner-acords-consell-escolar.png 1280w\" sizes=\"auto, (max-width: 228px) 100vw, 228px\" \/><\/a>ACORDS DEL CONSELL ESCOLAR<\/strong><\/h4>\n<p>En aquesta carpeta trobareu els <a style=\"font-family: inherit; font-size: 1em; font-weight: normal;\" href=\"https:\/\/drive.google.com\/file\/d\/1w3MFqiT6WyIQpuV252PL4C9dqK4ME_8Z\/view?usp=sharing\">acords del Consell Escolar 2024<\/a><span style=\"font-family: inherit; font-size: 1em; font-weight: normal;\"> de l&#8217;INS Francesc Maci\u00e0 i en aquesta els <a href=\"https:\/\/drive.google.com\/file\/d\/1Ef4grrunJbgrY-slps5eQwsOUUeYGyIL\/view?usp=sharing\">acords del Consell Escolar 2025<\/a>.<\/span><\/p>\n<hr \/>\n<h4><strong><a href=\"https:\/\/agora.xtec.cat\/iesfrancescmacia\/wp-content\/uploads\/usu1660\/2025\/10\/ChatGPT-Image-21-oct-2025-18_16_52.png\"><img loading=\"lazy\" decoding=\"async\" class=\"wp-image-7083  alignright\" src=\"https:\/\/agora.xtec.cat\/iesfrancescmacia\/wp-content\/uploads\/usu1660\/2025\/10\/ChatGPT-Image-21-oct-2025-18_16_52-1024x683.png\" alt=\"\" width=\"212\" height=\"141\" srcset=\"https:\/\/agora.xtec.cat\/iesfrancescmacia\/wp-content\/uploads\/usu1660\/2025\/10\/ChatGPT-Image-21-oct-2025-18_16_52-1024x683.png 1024w, https:\/\/agora.xtec.cat\/iesfrancescmacia\/wp-content\/uploads\/usu1660\/2025\/10\/ChatGPT-Image-21-oct-2025-18_16_52-300x200.png 300w, https:\/\/agora.xtec.cat\/iesfrancescmacia\/wp-content\/uploads\/usu1660\/2025\/10\/ChatGPT-Image-21-oct-2025-18_16_52-768x512.png 768w, https:\/\/agora.xtec.cat\/iesfrancescmacia\/wp-content\/uploads\/usu1660\/2025\/10\/ChatGPT-Image-21-oct-2025-18_16_52.png 1536w\" sizes=\"auto, (max-width: 212px) 100vw, 212px\" \/><\/a>CONVENIS DE COL\u00b7LABORACI\u00d3<\/strong><\/h4>\n<p>En aquesta carpeta trobareu els <a href=\"https:\/\/drive.google.com\/file\/d\/1NRhKyRtNryBCj75DaG5TZz5wmEK_SXvh\/view\">convenis de col\u00b7laboraci\u00f3 social del centre del curs 2025-2026<\/a>.<\/p>\n<p>&#8230;&#8230;&#8230;&#8230;&#8230;&#8230;&#8230;&#8230;&#8230;&#8230;&#8230;&#8230;&#8230;&#8230;&#8230;&#8230;&#8230;&#8230;&#8230;&#8230;&#8230;&#8230;&#8230;&#8230;&#8230;&#8230;&#8230;&#8230;&#8230;&#8230;&#8230;&#8230;&#8230;&#8230;&#8230;&#8230;&#8230;&#8230;&#8230;&#8230;&#8230;&#8230;&#8230;&#8230;&#8230;&#8230;&#8230;&#8230;&#8230;&#8230;&#8230;&#8230;&#8230;&#8230;&#8230;&#8230;&#8230;&#8230;&#8230;&#8230;&#8230;&#8230;&#8230;&#8230;&#8230;&#8230;&#8230;&#8230;&#8230;&#8230;&#8230;..<\/p>\n<h4><strong>GESTI\u00d3 ECON\u00d2MICA<\/strong><\/h4>\n<p>Acc\u00e9s a la <a href=\"https:\/\/drive.google.com\/file\/d\/1l2q-K1pAH2PUYnEjtMO5r9qgeKZZKnyE\/view\">liquidaci\u00f3 de l&#8217;exercici 2024<\/a> i al <a href=\"https:\/\/drive.google.com\/file\/d\/1FGunoIqfojyGCVWTv8TferHSkjm1WTtI\/view\">pressupost de l&#8217;exercici 2025<\/a>.<img loading=\"lazy\" decoding=\"async\" class=\"wp-image-6564 alignright\" src=\"https:\/\/agora.xtec.cat\/iesfrancescmacia\/wp-content\/uploads\/usu1660\/2024\/05\/gestion-economica.jpg\" alt=\"\" width=\"223\" height=\"145\" \/><\/p>\n\n\n<p><\/p>\n","protected":false},"excerpt":{"rendered":"","protected":false},"author":7,"featured_media":0,"parent":0,"menu_order":0,"comment_status":"closed","ping_status":"closed","template":"","meta":{"_bbp_topic_count":0,"_bbp_reply_count":0,"_bbp_total_topic_count":0,"_bbp_total_reply_count":0,"_bbp_voice_count":0,"_bbp_anonymous_reply_count":0,"_bbp_topic_count_hidden":0,"_bbp_reply_count_hidden":0,"_bbp_forum_subforum_count":0,"footnotes":""},"class_list":["post-1124","page","type-page","status-publish","hentry"],"post_mailing_queue_ids":[],"_links":{"self":[{"href":"https:\/\/agora.xtec.cat\/iesfrancescmacia\/wp-json\/wp\/v2\/pages\/1124","targetHints":{"allow":["GET"]}}],"collection":[{"href":"https:\/\/agora.xtec.cat\/iesfrancescmacia\/wp-json\/wp\/v2\/pages"}],"about":[{"href":"https:\/\/agora.xtec.cat\/iesfrancescmacia\/wp-json\/wp\/v2\/types\/page"}],"author":[{"embeddable":true,"href":"https:\/\/agora.xtec.cat\/iesfrancescmacia\/wp-json\/wp\/v2\/users\/7"}],"replies":[{"embeddable":true,"href":"https:\/\/agora.xtec.cat\/iesfrancescmacia\/wp-json\/wp\/v2\/comments?post=1124"}],"version-history":[{"count":6,"href":"https:\/\/agora.xtec.cat\/iesfrancescmacia\/wp-json\/wp\/v2\/pages\/1124\/revisions"}],"predecessor-version":[{"id":7085,"href":"https:\/\/agora.xtec.cat\/iesfrancescmacia\/wp-json\/wp\/v2\/pages\/1124\/revisions\/7085"}],"wp:attachment":[{"href":"https:\/\/agora.xtec.cat\/iesfrancescmacia\/wp-json\/wp\/v2\/media?parent=1124"}],"curies":[{"name":"wp","href":"https:\/\/api.w.org\/{rel}","templated":true}]}}