{"id":9,"date":"2014-09-12T10:15:01","date_gmt":"2014-09-12T10:15:01","guid":{"rendered":"http:\/\/agora.xtec.cat\/iesforatdelvent\/?page_id=9"},"modified":"2026-05-14T09:31:53","modified_gmt":"2026-05-14T07:31:53","slug":"pagina-dinici-buida","status":"publish","type":"page","link":"https:\/\/agora.xtec.cat\/iesforatdelvent\/","title":{"rendered":"PORTADA"},"content":{"rendered":"<h1 style=\"text-align: center;\">BATXILLERAT DI\u00dcRN I NOCTURN<\/h1>\n<p><strong>PRESENTACI\u00d3 i\/o MODIFICACI\u00d3 DE SOL\u00b7LICITUDS: del 9 al 16 d&#8217;abril.<\/strong><\/p>\n<h5><span style=\"text-decoration: underline;\"><strong><a href=\"https:\/\/sites.google.com\/xtec.cat\/preinscripci-202627\/inici\">PROC\u00c9S PREINSCRIPCI\u00d3 I MATRICULA CURS 2026-2027<\/a><\/strong><\/span><\/h5>\n<hr \/>\n<hr \/>\n<h1 style=\"text-align: center;\">ESO<\/h1>\n<p><strong>PRESENTACI\u00d3 i\/o MODIFICACI\u00d3 DE SOL\u00b7LICITUDS: del 6 al 18 de mar\u00e7. <\/strong><\/p>\n<h5><strong><span style=\"text-decoration: underline;\"><a href=\"https:\/\/sites.google.com\/xtec.cat\/preinscripci202526?usp=sharing\">PROC\u00c9S PREINSCRIPCI\u00d3 I MATRICULA CURS 2026-2027<\/a><\/span><\/strong><\/h5>\n<p>Recordeu que les fam\u00edlies de les escoles Collserola, Carles Bu\u00efgas, Fontetes, Sant Mart\u00ed i Tur\u00f3 de Guiera, heu de marcar a la sol\u00b7licitud que s\u00ed sou <strong>escoles adscrites<\/strong>.<\/p>\n<hr \/>\n<hr \/>\n<h1 style=\"text-align: center;\">BATXILLERAT INTERNACIONAL (IB)<\/h1>\n<p><strong>&#8211; PORTES OBERTES<\/strong> (doble titulaci\u00f3 Batxillerat LOMLOE i Batxillerat Internacional): *<strong><span style=\"text-decoration: underline;\"><a href=\"https:\/\/drive.google.com\/file\/d\/1j2EIILGME2diQ9T_MZoYj2Z_wU3fDdGL\/view?usp=sharing\">Esmena TR\u00cdPTIC<\/a><\/span>. <span style=\"text-decoration: underline;\"><a href=\"https:\/\/www.canva.com\/design\/DAGdMcWeCto\/-VOwiQXhhl8EHUaWx1RjUw\/view?utm_content=DAGdMcWeCto&amp;utm_campaign=designshare&amp;utm_medium=link2&amp;utm_source=uniquelinks&amp;utlId=h14282a6427\">Presentaci\u00f3 PORTES OBERTES<\/a><\/span>.<\/strong><\/p>\n<p><strong>&#8211; PROVA D&#8217;ACC\u00c9S<\/strong>: dissabte <strong>7 de mar\u00e7 a les 9:30<\/strong>. Prova de conting\u00e8ncia: dimecres <strong>18 de mar\u00e7 a les 15:30<\/strong>.<\/p>\n<p><strong>&#8211; PUBLICACI\u00d3 <\/strong>de candidats de la prova ordin\u00e0ria que passen a la fase d&#8217;entrevistes: <a href=\"https:\/\/drive.google.com\/file\/d\/1fPg3-VdXUZMrxIScSplnmnwQWCOB8XpV\/view?usp=sharing\"><span style=\"text-decoration: underline;\">CONSULTA PER CODIS<\/span><\/a><\/p>\n<p><strong>&#8211; ENTREVISTES PERSONALS: <\/strong>de dijous 12 a dimarts 17 de mar\u00e7 en horari de 15:00 a 18:30. S&#8217;informar\u00e0 de data i hora de forma personal a trav\u00e9s del correu. (Les entrevistes per als candidats de la prova de conting\u00e8ncia es realitzaran el dijous 19 de mar\u00e7).<\/p>\n<p><strong>&#8211; PUBLICACI\u00d3 d&#8217;alumnat adm\u00e8s: <a href=\"https:\/\/drive.google.com\/file\/d\/1glJ53WqfI_7lqjl9ei0w7PX358tjgqPo\/view?usp=drive_link\"><span style=\"text-decoration: underline;\">CONSULTA PER CODIS<\/span><\/a><\/strong>.<\/p>\n<p><strong>&#8211; Preinscripci\u00f3 IB: 23 a 27 de mar\u00e7<\/strong><\/p>\n<h4 style=\"text-align: center;\"><span style=\"text-decoration: underline;\"><a href=\"https:\/\/agora.xtec.cat\/iesforatdelvent\/categoria\/batxillerat-internacional\/\"><strong>M\u00c9S INFORMACI\u00d3<\/strong><\/a><\/span><\/h4>\n<hr \/>\n<hr \/>\n<h1 style=\"text-align: center;\">BATXIBAC<\/h1>\n<p>Doble titulaci\u00f3 Batxillerat LOMLOE i Batxillerat Franc\u00e8s: <span style=\"text-decoration: underline;\"><a href=\"https:\/\/www.canva.com\/design\/DAGeFYB31LI\/70IzHfXRAe-uqNXO6B4NOw\/view?utm_content=DAGeFYB31LI&amp;utm_campaign=designshare&amp;utm_medium=link2&amp;utm_source=uniquelinks&amp;utlId=h27f639be5e\">Presentaci\u00f3 PORTES OBERTES<\/a><\/span><\/p>\n<p><strong>&#8211; PROVA D&#8217;ACC\u00c9S<\/strong>: dimarts <strong>10 de mar\u00e7 a les 15:30 <\/strong>(durada aproximada de dues hores).<\/p>\n<p><strong>&#8211; PUBLICACI\u00d3 <\/strong>dels candidats que han passat la prova de nivell de franc\u00e8s i poden accedir al Batxibac al Forat del Vent (en els pr\u00f2xims dies rebran un correu electr\u00f2nic amb les instruccions necess\u00e0ries).<strong> <span style=\"text-decoration: underline;\"><a href=\"https:\/\/drive.google.com\/file\/d\/1BCXMjgQKDAf3ko6bkDj2eCbWVfXOe0Gh\/view?usp=sharing\">CONSULTA PER NIF<\/a><\/span><\/strong><\/p>\n<p><strong>&#8211; Preinscripci\u00f3 Batxibac: 23 a 27 de mar\u00e7<\/strong><\/p>\n<h4 style=\"text-align: center;\"><a href=\"https:\/\/agora.xtec.cat\/iesforatdelvent\/categoria\/batxibac\/\"><span style=\"text-decoration: underline;\"><strong>M\u00c9S INFORMACI\u00d3<\/strong><\/span><\/a><\/h4>\n<hr \/>\n<hr \/>\n<p>&nbsp;<\/p>\n<p><!--a=1--><\/p>\n<p><!--a=1--><\/p>\n<p><!--a=1--><\/p>\n<p><!--a=1--><\/p>\n<p><!--a=1--><\/p>\n<p><!--a=1--><\/p>\n<p><!--a=1--><\/p>\n<p><!--a=1--><\/p>\n<p><!--a=1--><\/p>\n<p><!--a=1--><!--a=1--><\/p>\n<p><!--a=1--><!--a=1--><\/p>\n<p><!--a=1--><\/p>\n<p><!--a=1--><\/p>\n<p><!--a=1--><\/p>\n<p><!--a=1--><!--a=1--><\/p>\n<p><!--a=1--><\/p>\n<p><!--a=1--><\/p>\n<p><!--a=1--><\/p>\n<p><!--a=1--><\/p>\n<p><!--a=1--><\/p>\n<p><!--a=1--><\/p>\n<p><!--a=1--><\/p>\n<p><!--a=1--><\/p>\n<p><!--a=1--><\/p>\n<p><!--a=1--><\/p>\n<p><!--a=1--><\/p>\n<p><!--a=1--><\/p>\n<p><!--a=1--><\/p>\n<p><!--a=1--><!--a=1--><\/p>\n<p><!--a=1--><\/p>\n<p><!--a=1--><\/p>\n<p><!--a=1--><\/p>\n<p><!--a=1--><\/p>\n<p><!--a=1--><\/p>\n<p><!--a=1--><!--a=1--><!--a=1--><\/p>\n<p><!--a=1--><!--a=1--><\/p>\n<p><!--a=1--><\/p>\n<p><!--a=1--><\/p>\n<p><!--a=1--><\/p>\n<p><!--a=1--><\/p>\n<p><!--a=1--><\/p>\n<p><!--a=1--><\/p>\n<p><!--a=1--><\/p>\n<p><!--a=1--><!--a=1--><\/p>\n<p><!--a=1--><!--a=1--><!--a=1--><!--a=1--><!--a=1--><\/p>\n<p><!--a=1--><\/p>\n<p><!--a=1--><\/p>\n<p><!--a=1--><\/p>\n<p><!--a=1--><\/p>\n<p><!--a=1--><\/p>\n<p><!--a=1--><\/p>\n<p><!--a=1--><\/p>\n<p><!--a=1--><\/p>\n<p><!--a=1--><\/p>\n<p><!--a=1--><\/p>\n<p><!--a=1--><\/p>\n<p><!--a=1--><\/p>\n<p><!--a=1--><!--a=1--><!--a=1--><\/p>\n<p><!--a=1--><\/p>\n<p><!--a=1--><\/p>\n<p><!--a=1--><\/p>\n<p><!--a=1--><\/p>\n<p><!--a=1--><\/p>\n<p><!--a=1--><\/p>\n<p><!--a=1--><\/p>\n<p><!--a=1--><\/p>\n<p><!--a=1--><\/p>\n<p><!--a=1--><\/p>\n<p><!--a=1--><\/p>\n<p><!--a=1--><\/p>\n<p><!--a=1--><\/p>\n<p><!--a=1--><\/p>\n<p><!--a=1--><\/p>\n<p><!--a=1--><\/p>\n<p><!--a=1--><\/p>\n<p><!--a=1--><\/p>\n<p><!--a=1--><\/p>\n<p><!--a=1--><\/p>\n<p><!--a=1--><\/p>\n<p><!--a=1--><\/p>\n<p><!--a=1--><\/p>\n<p><!--a=1--><\/p>\n<p><!--a=1--><\/p>\n<p><!--a=1--><\/p>\n<p><!--a=1--><\/p>\n<p><!--a=1--><\/p>\n<p><!--a=1--><\/p>\n<p><!--a=1--><\/p>\n<p><!--a=1--><\/p>\n<p><!--a=1--><\/p>\n<p><!--a=1--><\/p>\n<p><!--a=1--><\/p>\n<p><!--a=1--><\/p>\n<p><!--a=1--><!--a=1--><\/p>\n<p><!--a=1--><!--a=1--><\/p>\n<p><!--a=1--><\/p>\n<p><!--a=1--><\/p>\n<p><!--a=1--><\/p>\n<p><!--a=1--><\/p>\n<p><!--a=1--><\/p>\n<p><!--a=1--><\/p>\n<p><!--a=1--><\/p>\n<p><!--a=1--><\/p>\n<p><!--a=1--><\/p>\n<p><!--a=1--><\/p>\n<p><!--a=1--><\/p>\n<p><!--a=1--><\/p>\n<p><!--a=1--><\/p>\n<p><!--a=1--><\/p>\n<p><!--a=1--><\/p>\n<p><!--a=1--><\/p>\n<p><!--a=1--><\/p>\n<p><!--a=1--><!--a=1--><\/p>\n<p><!--a=1--><\/p>\n<p><!--a=1--><\/p>\n<p><!--a=1--><\/p>\n<p><!--a=1--><\/p>\n<p><!--a=1--><\/p>\n<p><!--a=1--><\/p>\n<p><!--a=1--><\/p>\n<p><!--a=1--><\/p>\n<p><!--a=1--><\/p>\n<p><!--a=1--><\/p>\n<p><!--a=1--><\/p>\n<p><!--a=1--><\/p>\n<p><!--a=1--><\/p>\n<p><!--a=1--><\/p>\n<p><!--a=1--><\/p>\n<p><!--a=1--><\/p>\n<p><!--a=1--><\/p>\n<p><!--a=1--><\/p>\n<p><!--a=1--><\/p>\n<p><!--a=1--><\/p>\n<p><!--a=1--><\/p>\n<p><!--a=1--><\/p>\n<p><!--a=1--><!--a=1--><\/p>\n<p><!--a=1--><!--a=1--><\/p>\n<p><!--a=1--><\/p>\n<p><!--a=1--><\/p>\n<p><!--a=1--><\/p>\n<p><!--a=1--><\/p>\n<p><!--a=1--><\/p>\n<p><!--a=1--><\/p>\n<p><!--a=1--><!--a=1--><\/p>\n<p><!--a=1--><!--a=1--><\/p>\n<p><!--a=1--><\/p>\n<p><!--a=1--><\/p>\n<p><!--a=1--><\/p>\n<p><!--a=1--><\/p>\n<p><!--a=1--><\/p>\n<p><!--a=1--><!--a=1--><!--a=1--><!--a=1--><\/p>\n<p><!--a=1--><\/p>\n<p><!--a=1--><\/p>\n<p><!--a=1--><\/p>\n<p><!--a=1--><\/p>\n<p><!--a=1--><\/p>\n<p><!--a=1--><\/p>\n","protected":false},"excerpt":{"rendered":"<p>BATXILLERAT DI\u00dcRN I NOCTURN<br \/>\nPRESENTACI\u00d3 i\/o MODIFICACI\u00d3 DE SOL\u00b7LICITUDS: del 9 al 16 d&#8217;abril.<br \/>\n<a href=\"https:\/\/sites.google.com\/xtec.cat\/preinscripci-202627\/inici\">PROC\u00c9S PREINSCRIPCI\u00d3 I MATRICULA CURS 2026-2027<\/a><\/p>\n<p>ESO<br \/>\nPRESENTACI\u00d3 i\/o MODIFICACI\u00d3 DE SOL\u00b7LICITUDS: del 6 al 18 de mar\u00e7.<br \/>\n<a href=\"https:\/\/sites.google.com\/xtec.cat\/preinscripci202526?usp=sharing\">PROC\u00c9S PREINSCRIPCI\u00d3 I MATRICULA CURS 2026-2027<\/a><br \/>\nRecordeu que les fam\u00edlies de les escoles Collserola, Carles Bu\u00efgas,&hellip;  <a href=\"https:\/\/agora.xtec.cat\/iesforatdelvent\/\" title=\"Read PORTADA\">Llegeix m\u00e9s\u00bb<\/a><\/p>\n","protected":false},"author":1,"featured_media":0,"parent":7,"menu_order":0,"comment_status":"closed","ping_status":"closed","template":"page-templates\/front-page.php","meta":{"_bbp_topic_count":0,"_bbp_reply_count":0,"_bbp_total_topic_count":0,"_bbp_total_reply_count":0,"_bbp_voice_count":0,"_bbp_anonymous_reply_count":0,"_bbp_topic_count_hidden":0,"_bbp_reply_count_hidden":0,"_bbp_forum_subforum_count":0,"footnotes":""},"class_list":["post-9","page","type-page","status-publish","hentry"],"post_mailing_queue_ids":[],"_links":{"self":[{"href":"https:\/\/agora.xtec.cat\/iesforatdelvent\/wp-json\/wp\/v2\/pages\/9","targetHints":{"allow":["GET"]}}],"collection":[{"href":"https:\/\/agora.xtec.cat\/iesforatdelvent\/wp-json\/wp\/v2\/pages"}],"about":[{"href":"https:\/\/agora.xtec.cat\/iesforatdelvent\/wp-json\/wp\/v2\/types\/page"}],"author":[{"embeddable":true,"href":"https:\/\/agora.xtec.cat\/iesforatdelvent\/wp-json\/wp\/v2\/users\/1"}],"replies":[{"embeddable":true,"href":"https:\/\/agora.xtec.cat\/iesforatdelvent\/wp-json\/wp\/v2\/comments?post=9"}],"version-history":[{"count":11,"href":"https:\/\/agora.xtec.cat\/iesforatdelvent\/wp-json\/wp\/v2\/pages\/9\/revisions"}],"predecessor-version":[{"id":15033,"href":"https:\/\/agora.xtec.cat\/iesforatdelvent\/wp-json\/wp\/v2\/pages\/9\/revisions\/15033"}],"up":[{"embeddable":true,"href":"https:\/\/agora.xtec.cat\/iesforatdelvent\/wp-json\/wp\/v2\/pages\/7"}],"wp:attachment":[{"href":"https:\/\/agora.xtec.cat\/iesforatdelvent\/wp-json\/wp\/v2\/media?parent=9"}],"curies":[{"name":"wp","href":"https:\/\/api.w.org\/{rel}","templated":true}]}}