{"id":52,"date":"2014-09-17T16:58:07","date_gmt":"2014-09-17T16:58:07","guid":{"rendered":"http:\/\/agora.xtec.cat\/iesforatdelvent\/?page_id=52"},"modified":"2026-04-13T16:56:40","modified_gmt":"2026-04-13T14:56:40","slug":"calendari-del-curs","status":"publish","type":"page","link":"https:\/\/agora.xtec.cat\/iesforatdelvent\/linstitut\/calendari-del-curs\/","title":{"rendered":"Calendari del curs"},"content":{"rendered":"<h3 style=\"text-align: center;\"><strong>CALENDARI ESCOLAR CURS 2025-2026<\/strong><\/h3>\n<p>&nbsp;<\/p>\n<h4 style=\"text-align: center;\"><strong><span style=\"color: #ff0000;\">NOTA IMPORTANT:<\/span><\/strong> El calendari est\u00e0 sotm\u00e8s a possibles canvis durant el curs.<\/h4>\n<h5 style=\"text-align: center;\"><strong>En el seg\u00fcent enlla\u00e7, podeu trobar la darrera versi\u00f3 actualitzada<\/strong><\/h5>\n<h3 style=\"text-align: center;\"><a href=\"https:\/\/docs.google.com\/spreadsheets\/d\/16FmgC3c_MvSC8ka3zs1MQiTbooiYf3pa_6ttQnpo0fI\/edit?gid=1380294847#gid=138029\"><strong><span style=\"text-decoration: underline;\">Calendari general 25-26\u00a0(darrera versi\u00f3 actualitzada)<\/span><\/strong><\/a><\/h3>\n<p><a href=\"https:\/\/agora.xtec.cat\/iesforatdelvent\/wp-content\/uploads\/usu1330\/2026\/04\/Calendari-general-25-26-General-scaled.jpg\"><img loading=\"lazy\" decoding=\"async\" class=\"alignnone size-large wp-image-14896\" src=\"https:\/\/agora.xtec.cat\/iesforatdelvent\/wp-content\/uploads\/usu1330\/2026\/04\/Calendari-general-25-26-General-1024x858.jpg\" alt=\"\" width=\"1024\" height=\"858\" srcset=\"https:\/\/agora.xtec.cat\/iesforatdelvent\/wp-content\/uploads\/usu1330\/2026\/04\/Calendari-general-25-26-General-1024x858.jpg 1024w, https:\/\/agora.xtec.cat\/iesforatdelvent\/wp-content\/uploads\/usu1330\/2026\/04\/Calendari-general-25-26-General-300x250.jpg 300w, https:\/\/agora.xtec.cat\/iesforatdelvent\/wp-content\/uploads\/usu1330\/2026\/04\/Calendari-general-25-26-General-768x644.jpg 768w, https:\/\/agora.xtec.cat\/iesforatdelvent\/wp-content\/uploads\/usu1330\/2026\/04\/Calendari-general-25-26-General-1536x1287.jpg 1536w, https:\/\/agora.xtec.cat\/iesforatdelvent\/wp-content\/uploads\/usu1330\/2026\/04\/Calendari-general-25-26-General-2048x1717.jpg 2048w\" sizes=\"auto, (max-width: 1024px) 100vw, 1024px\" \/><\/a><\/p>\n<h3 style=\"text-align: center;\"><a href=\"https:\/\/agora.xtec.cat\/iesforatdelvent\/wp-content\/uploads\/usu1330\/2026\/04\/Calendari-general-25-26-General.pdf\">Calendari general 25-26<\/a>\u00a0(versi\u00f3 .pdf per a descarregar)<\/h3>\n<p style=\"text-align: center;\">Darrera actualitzaci\u00f3 imatge calendari i pdf &#8211; 13\/04\/26<\/p>\n<h5 style=\"text-align: center;\"><\/h5>\n<p>&nbsp;<\/p>\n<p>&nbsp;<\/p>\n<p>&nbsp;<\/p>\n<p>&nbsp;<\/p>\n<p style=\"text-align: center;\">\n","protected":false},"excerpt":{"rendered":"<p>CALENDARI ESCOLAR CURS 2025-2026<br \/>\n&nbsp;<br \/>\nNOTA IMPORTANT: El calendari est\u00e0 sotm\u00e8s a possibles canvis durant el curs.<br \/>\nEn el seg\u00fcent enlla\u00e7, podeu trobar la darrera versi\u00f3 actualitzada<br \/>\n<a href=\"https:\/\/docs.google.com\/spreadsheets\/d\/16FmgC3c_MvSC8ka3zs1MQiTbooiYf3pa_6ttQnpo0fI\/edit?gid=1380294847#gid=138029\">Calendari general 25-26\u00a0(darrera versi\u00f3 actualitzada)<\/a><br \/>\n<a href=\"https:\/\/agora.xtec.cat\/iesforatdelvent\/wp-content\/uploads\/usu1330\/2026\/04\/Calendari-general-25-26-General-scaled.jpg\"><\/a><br \/>\n<a href=\"https:\/\/agora.xtec.cat\/iesforatdelvent\/wp-content\/uploads\/usu1330\/2026\/04\/Calendari-general-25-26-General.pdf\">Calendari general 25-26<\/a>\u00a0(versi\u00f3 .pdf per a descarregar)<br \/>\nDarrera actualitzaci\u00f3 imatge calendari i pdf &#8211; 13\/04\/26<\/p>\n<p>&nbsp;<br \/>\n&nbsp;<br \/>\n&nbsp;<br \/>\n&nbsp;<\/p>\n","protected":false},"author":1,"featured_media":0,"parent":19,"menu_order":70,"comment_status":"closed","ping_status":"closed","template":"page-templates\/side-menu.php","meta":{"_bbp_topic_count":0,"_bbp_reply_count":0,"_bbp_total_topic_count":0,"_bbp_total_reply_count":0,"_bbp_voice_count":0,"_bbp_anonymous_reply_count":0,"_bbp_topic_count_hidden":0,"_bbp_reply_count_hidden":0,"_bbp_forum_subforum_count":0,"footnotes":""},"class_list":["post-52","page","type-page","status-publish","hentry"],"post_mailing_queue_ids":[],"_links":{"self":[{"href":"https:\/\/agora.xtec.cat\/iesforatdelvent\/wp-json\/wp\/v2\/pages\/52","targetHints":{"allow":["GET"]}}],"collection":[{"href":"https:\/\/agora.xtec.cat\/iesforatdelvent\/wp-json\/wp\/v2\/pages"}],"about":[{"href":"https:\/\/agora.xtec.cat\/iesforatdelvent\/wp-json\/wp\/v2\/types\/page"}],"author":[{"embeddable":true,"href":"https:\/\/agora.xtec.cat\/iesforatdelvent\/wp-json\/wp\/v2\/users\/1"}],"replies":[{"embeddable":true,"href":"https:\/\/agora.xtec.cat\/iesforatdelvent\/wp-json\/wp\/v2\/comments?post=52"}],"version-history":[{"count":7,"href":"https:\/\/agora.xtec.cat\/iesforatdelvent\/wp-json\/wp\/v2\/pages\/52\/revisions"}],"predecessor-version":[{"id":14899,"href":"https:\/\/agora.xtec.cat\/iesforatdelvent\/wp-json\/wp\/v2\/pages\/52\/revisions\/14899"}],"up":[{"embeddable":true,"href":"https:\/\/agora.xtec.cat\/iesforatdelvent\/wp-json\/wp\/v2\/pages\/19"}],"wp:attachment":[{"href":"https:\/\/agora.xtec.cat\/iesforatdelvent\/wp-json\/wp\/v2\/media?parent=52"}],"curies":[{"name":"wp","href":"https:\/\/api.w.org\/{rel}","templated":true}]}}