{"id":27,"date":"2014-09-17T16:24:03","date_gmt":"2014-09-17T16:24:03","guid":{"rendered":"http:\/\/agora.xtec.cat\/iesforatdelvent\/?page_id=27"},"modified":"2018-07-24T10:10:10","modified_gmt":"2018-07-24T08:10:10","slug":"historia","status":"publish","type":"page","link":"https:\/\/agora.xtec.cat\/iesforatdelvent\/linstitut\/historia\/","title":{"rendered":"Hist\u00f2ria"},"content":{"rendered":"<p class=\"western\" lang=\"ca-ES\"><span style=\"font-size: large;\"><b>EL CENTRE<\/b><\/span><\/p>\n<p class=\"western\" lang=\"ca-ES\">L\u2019Institut \u201cForat del Vent\u201d, va ser creat el 1978. \u00c9s el primer institut que va existir a la poblaci\u00f3 i durant molt temps va ser l\u2019\u00fanic. La seva exist\u00e8ncia i la seva hist\u00f2ria estan directament vinculades a les necessitats i transformacions que ha anat vivint la ciutat i el pa\u00eds. Des de la seva creaci\u00f3 fins l\u2019any 1995 s\u2019impartien estudis de BUP i COU en r\u00e8gim de di\u00fcrn i nocturn. A partir del curs 95-96 tenim estudis d\u2019ESO i Batxillerat (cient\u00edfic-tecnol\u00f2gic i social-human\u00edstic) en r\u00e8gim de di\u00fcrn i Batxillerat de les mateixes modalitats en r\u00e8gim de nocturn.<\/p>\n<p class=\"western\" lang=\"ca-ES\">En l\u2019actualitat l\u2019Institut ocupa el mateix edifici que quan va ser inaugurat, tot i que l\u2019entorn s\u2019ha transformat molt gr\u00e0cies al proc\u00e9s d\u2019enjardinament del Parc de Turonet i de la urbanitzaci\u00f3 del pol\u00edgon Canaletes; l\u2019edifici va ser objecte d\u2019una important remodelaci\u00f3 l\u2019any 1995 i una adequaci\u00f3 l\u2019any 2008 per tal de suprimir la majoria de barres arquitect\u00f2niques. A banda de les aules ordin\u00e0ries, el centre disposa de tres laboratoris, una aula de Tecnologia , una aula de Dibuix, i una aula d\u2019inform\u00e0tica.<\/p>\n<p class=\"western\" lang=\"ca-ES\">Entre aquestes depend\u00e8ncies espec\u00edfiques cal ressaltar la Biblioteca que t\u00e9 un fons d\u2019uns 10 mil volums, fruit d\u2019una pol\u00edtica sistem\u00e0tica d\u2019inversions al llarg de tots els anys d\u2019hist\u00f2ria del centre i que es pot consultar <i>on line<\/i>.<\/p>\n<p class=\"western\" lang=\"ca-ES\">Totes les aules de l\u2019institut, incloses les aules especialitzades, estan dotades amb PDI i connexi\u00f3 a internet via cable i via wifi.<\/p>\n<p>&nbsp;<\/p>\n<p>&nbsp;<\/p>\n","protected":false},"excerpt":{"rendered":"<p>EL CENTRE<br \/>\nL\u2019Institut \u201cForat del Vent\u201d, va ser creat el 1978. \u00c9s el primer institut que va existir a la poblaci\u00f3 i durant molt temps va ser l\u2019\u00fanic. La seva exist\u00e8ncia i la seva hist\u00f2ria estan directament vinculades a les necessitats i transformacions que ha anat&hellip;  <a href=\"https:\/\/agora.xtec.cat\/iesforatdelvent\/linstitut\/historia\/\" title=\"Read Hist\u00f2ria\">Llegeix m\u00e9s\u00bb<\/a><\/p>\n","protected":false},"author":1,"featured_media":0,"parent":19,"menu_order":20,"comment_status":"closed","ping_status":"closed","template":"page-templates\/side-menu.php","meta":{"_bbp_topic_count":0,"_bbp_reply_count":0,"_bbp_total_topic_count":0,"_bbp_total_reply_count":0,"_bbp_voice_count":0,"_bbp_anonymous_reply_count":0,"_bbp_topic_count_hidden":0,"_bbp_reply_count_hidden":0,"_bbp_forum_subforum_count":0,"footnotes":""},"class_list":["post-27","page","type-page","status-publish","hentry"],"post_mailing_queue_ids":[],"_links":{"self":[{"href":"https:\/\/agora.xtec.cat\/iesforatdelvent\/wp-json\/wp\/v2\/pages\/27","targetHints":{"allow":["GET"]}}],"collection":[{"href":"https:\/\/agora.xtec.cat\/iesforatdelvent\/wp-json\/wp\/v2\/pages"}],"about":[{"href":"https:\/\/agora.xtec.cat\/iesforatdelvent\/wp-json\/wp\/v2\/types\/page"}],"author":[{"embeddable":true,"href":"https:\/\/agora.xtec.cat\/iesforatdelvent\/wp-json\/wp\/v2\/users\/1"}],"replies":[{"embeddable":true,"href":"https:\/\/agora.xtec.cat\/iesforatdelvent\/wp-json\/wp\/v2\/comments?post=27"}],"version-history":[{"count":3,"href":"https:\/\/agora.xtec.cat\/iesforatdelvent\/wp-json\/wp\/v2\/pages\/27\/revisions"}],"predecessor-version":[{"id":2758,"href":"https:\/\/agora.xtec.cat\/iesforatdelvent\/wp-json\/wp\/v2\/pages\/27\/revisions\/2758"}],"up":[{"embeddable":true,"href":"https:\/\/agora.xtec.cat\/iesforatdelvent\/wp-json\/wp\/v2\/pages\/19"}],"wp:attachment":[{"href":"https:\/\/agora.xtec.cat\/iesforatdelvent\/wp-json\/wp\/v2\/media?parent=27"}],"curies":[{"name":"wp","href":"https:\/\/api.w.org\/{rel}","templated":true}]}}