{"id":21,"date":"2014-09-17T16:14:14","date_gmt":"2014-09-17T16:14:14","guid":{"rendered":"http:\/\/agora.xtec.cat\/iesforatdelvent\/?page_id=21"},"modified":"2017-02-22T21:55:09","modified_gmt":"2017-02-22T20:55:09","slug":"on-som","status":"publish","type":"page","link":"https:\/\/agora.xtec.cat\/iesforatdelvent\/linstitut\/on-som\/","title":{"rendered":"On som"},"content":{"rendered":"<p style=\"color: #666666;\"><strong>Institut Forat del Vent<\/strong><br \/>\nPizarro, 35<br \/>\n08290 Cerdanyola del Vall\u00e8s<\/p>\n<p><a href=\"http:\/\/agora.xtec.cat\/iesforatdelvent\/wp-content\/uploads\/usu1330\/2017\/02\/NODESForat_Mapa.png\"><img loading=\"lazy\" decoding=\"async\" class=\"alignnone size-large wp-image-503\" src=\"http:\/\/agora.xtec.cat\/iesforatdelvent\/wp-content\/uploads\/usu1330\/2017\/02\/NODESForat_Mapa-1024x642.png\" alt=\"nodesforat_mapa\" width=\"1024\" height=\"642\" srcset=\"https:\/\/agora.xtec.cat\/iesforatdelvent\/wp-content\/uploads\/usu1330\/2017\/02\/NODESForat_Mapa.png 1024w, https:\/\/agora.xtec.cat\/iesforatdelvent\/wp-content\/uploads\/usu1330\/2017\/02\/NODESForat_Mapa-300x188.png 300w, https:\/\/agora.xtec.cat\/iesforatdelvent\/wp-content\/uploads\/usu1330\/2017\/02\/NODESForat_Mapa-768x482.png 768w\" sizes=\"auto, (max-width: 1024px) 100vw, 1024px\" \/><\/a><\/p>\n<p><strong>Escoles adscrites a l&#8217;institut:<br \/>\n<\/strong>Escola Collserola, Escola Carles Bu\u00efgas, Escola Fontetes, Escola Sant Mart\u00ed i Escola Tur\u00f3 de Guiera<\/p>\n<p><strong>Correus electr\u00f2nics de contacte<\/strong><\/p>\n<p><strong style=\"font-size: medium; font-family: inherit; line-height: 1.6;\">Centre\u00a0\u00a0\u00a0\u00a0 <\/strong>iesforatdelvent@xtec.cat<\/p>\n<p><strong>Administraci\u00f3 web\u00a0\u00a0\u00a0<\/strong>\u00a0 webinsforat@gmail.com<\/p>\n<p>&nbsp;<\/p>\n","protected":false},"excerpt":{"rendered":"<p>Institut Forat del Vent<br \/>\nPizarro, 35<br \/>\n08290 Cerdanyola del Vall\u00e8s<br \/>\n<a href=\"http:\/\/agora.xtec.cat\/iesforatdelvent\/wp-content\/uploads\/usu1330\/2017\/02\/NODESForat_Mapa.png\"><\/a><br \/>\nEscoles adscrites a l&#8217;institut:<br \/>\nEscola Collserola, Escola Carles Bu\u00efgas, Escola Fontetes, Escola Sant Mart\u00ed i Escola Tur\u00f3 de Guiera<br \/>\nCorreus electr\u00f2nics de contacte<br \/>\nCentre\u00a0\u00a0\u00a0\u00a0 iesforatdelvent@xtec.cat<br \/>\nAdministraci\u00f3 web\u00a0\u00a0\u00a0\u00a0 webinsforat@gmail.com<br \/>\n&nbsp;<\/p>\n","protected":false},"author":1,"featured_media":0,"parent":19,"menu_order":10,"comment_status":"closed","ping_status":"closed","template":"page-templates\/side-menu.php","meta":{"_bbp_topic_count":0,"_bbp_reply_count":0,"_bbp_total_topic_count":0,"_bbp_total_reply_count":0,"_bbp_voice_count":0,"_bbp_anonymous_reply_count":0,"_bbp_topic_count_hidden":0,"_bbp_reply_count_hidden":0,"_bbp_forum_subforum_count":0,"footnotes":""},"class_list":["post-21","page","type-page","status-publish","hentry"],"post_mailing_queue_ids":[],"_links":{"self":[{"href":"https:\/\/agora.xtec.cat\/iesforatdelvent\/wp-json\/wp\/v2\/pages\/21","targetHints":{"allow":["GET"]}}],"collection":[{"href":"https:\/\/agora.xtec.cat\/iesforatdelvent\/wp-json\/wp\/v2\/pages"}],"about":[{"href":"https:\/\/agora.xtec.cat\/iesforatdelvent\/wp-json\/wp\/v2\/types\/page"}],"author":[{"embeddable":true,"href":"https:\/\/agora.xtec.cat\/iesforatdelvent\/wp-json\/wp\/v2\/users\/1"}],"replies":[{"embeddable":true,"href":"https:\/\/agora.xtec.cat\/iesforatdelvent\/wp-json\/wp\/v2\/comments?post=21"}],"version-history":[{"count":3,"href":"https:\/\/agora.xtec.cat\/iesforatdelvent\/wp-json\/wp\/v2\/pages\/21\/revisions"}],"predecessor-version":[{"id":770,"href":"https:\/\/agora.xtec.cat\/iesforatdelvent\/wp-json\/wp\/v2\/pages\/21\/revisions\/770"}],"up":[{"embeddable":true,"href":"https:\/\/agora.xtec.cat\/iesforatdelvent\/wp-json\/wp\/v2\/pages\/19"}],"wp:attachment":[{"href":"https:\/\/agora.xtec.cat\/iesforatdelvent\/wp-json\/wp\/v2\/media?parent=21"}],"curies":[{"name":"wp","href":"https:\/\/api.w.org\/{rel}","templated":true}]}}