{"id":43,"date":"2014-09-17T16:45:07","date_gmt":"2014-09-17T16:45:07","guid":{"rendered":"http:\/\/agora.xtec.cat\/iesfontanelles\/?page_id=43"},"modified":"2026-01-27T17:11:51","modified_gmt":"2026-01-27T16:11:51","slug":"consell-escolar","status":"publish","type":"page","link":"https:\/\/agora.xtec.cat\/iesfontanelles\/linstitut\/consell-escolar\/","title":{"rendered":"Consell escolar"},"content":{"rendered":"<p>Directora: <strong>Montse Senan Llerda<\/strong><\/p>\n<p>Cap d&#8217;Estudis: <strong>Judit Espinosa Marsal<\/strong><\/p>\n<p dir=\"ltr\"><strong>Membres representants del professorat<\/strong>: Sheila Garcia Morales, Bego\u00f1a Rivera Garc\u00eda, Manel Leor Pasto, Patricia Fern\u00e1ndez Rio i Gemma Guarque Salvad\u00f3.<\/p>\n<p dir=\"ltr\"><strong>Membres representants de l\u2019alumnat<\/strong>: Paula Galceran Puerto i Noa Rubio Baquero<\/p>\n<p dir=\"ltr\"><strong>Membre representant de l\u2019AMPA<\/strong>: Margarida Cabr\u00e9 Montpe\u00f3<\/p>\n<p dir=\"ltr\"><strong>Membre representant de les fam\u00edlies<\/strong>: M. Dolors Sent\u00eds Sahun (dsentis.tgn.ics@gencat.cat) i Ma Riera Llaurad\u00f3 Boqu\u00e9<\/p>\n<p dir=\"ltr\"><strong>Membre representant del PAS<\/strong>: Cristina S\u00e1nchez Rozas<\/p>\n<p dir=\"ltr\"><strong>Membre representant de l\u2019Ajuntament<\/strong>: Sonia de Mato Guerrero<\/p>\n<p dir=\"ltr\"><strong>Secret\u00e0ria<\/strong>: Alba Port\u00e9 Cabestany<\/p>\n","protected":false},"excerpt":{"rendered":"<p>Directora: Montse Senan Llerda<br \/>\nCap d&#8217;Estudis: Judit Espinosa Marsal<br \/>\nMembres representants del professorat: Sheila Garcia Morales, Bego\u00f1a Rivera Garc\u00eda, Manel Leor Pasto, Patricia Fern\u00e1ndez Rio i Gemma Guarque Salvad\u00f3.<br \/>\nMembres representants de l\u2019alumnat: Paula Galceran Puerto i Noa Rubio Baquero<br \/>\nMembre representant de l\u2019AMPA: Margarida Cabr\u00e9 Montpe\u00f3<br \/>\nMembre representant de&hellip;  <a href=\"https:\/\/agora.xtec.cat\/iesfontanelles\/linstitut\/consell-escolar\/\" title=\"Read Consell escolar\">Llegeix m\u00e9s\u00bb<\/a><\/p>\n","protected":false},"author":1,"featured_media":0,"parent":19,"menu_order":40,"comment_status":"closed","ping_status":"closed","template":"page-templates\/side-menu.php","meta":{"_bbp_topic_count":0,"_bbp_reply_count":0,"_bbp_total_topic_count":0,"_bbp_total_reply_count":0,"_bbp_voice_count":0,"_bbp_anonymous_reply_count":0,"_bbp_topic_count_hidden":0,"_bbp_reply_count_hidden":0,"_bbp_forum_subforum_count":0,"footnotes":""},"class_list":["post-43","page","type-page","status-publish","hentry"],"post_mailing_queue_ids":[],"_links":{"self":[{"href":"https:\/\/agora.xtec.cat\/iesfontanelles\/wp-json\/wp\/v2\/pages\/43","targetHints":{"allow":["GET"]}}],"collection":[{"href":"https:\/\/agora.xtec.cat\/iesfontanelles\/wp-json\/wp\/v2\/pages"}],"about":[{"href":"https:\/\/agora.xtec.cat\/iesfontanelles\/wp-json\/wp\/v2\/types\/page"}],"author":[{"embeddable":true,"href":"https:\/\/agora.xtec.cat\/iesfontanelles\/wp-json\/wp\/v2\/users\/1"}],"replies":[{"embeddable":true,"href":"https:\/\/agora.xtec.cat\/iesfontanelles\/wp-json\/wp\/v2\/comments?post=43"}],"version-history":[{"count":7,"href":"https:\/\/agora.xtec.cat\/iesfontanelles\/wp-json\/wp\/v2\/pages\/43\/revisions"}],"predecessor-version":[{"id":4768,"href":"https:\/\/agora.xtec.cat\/iesfontanelles\/wp-json\/wp\/v2\/pages\/43\/revisions\/4768"}],"up":[{"embeddable":true,"href":"https:\/\/agora.xtec.cat\/iesfontanelles\/wp-json\/wp\/v2\/pages\/19"}],"wp:attachment":[{"href":"https:\/\/agora.xtec.cat\/iesfontanelles\/wp-json\/wp\/v2\/media?parent=43"}],"curies":[{"name":"wp","href":"https:\/\/api.w.org\/{rel}","templated":true}]}}