{"id":39,"date":"2014-09-17T16:36:44","date_gmt":"2014-09-17T16:36:44","guid":{"rendered":"http:\/\/agora.xtec.cat\/iesfontanelles\/?page_id=39"},"modified":"2016-09-04T18:19:16","modified_gmt":"2016-09-04T17:19:16","slug":"instal%c2%b7lacions","status":"publish","type":"page","link":"https:\/\/agora.xtec.cat\/iesfontanelles\/linstitut\/instal%c2%b7lacions\/","title":{"rendered":"Instal\u00b7lacions"},"content":{"rendered":"<p align=\"justify\"><span style=\"font-family: Arial,serif;\"><span lang=\"ca-ES\">A la planta baixa, hi trobem la sala d\u2019actes, la cantina, la biblioteca, el despatx de l\u2019AMPA, els departaments, consergeria, secretaria, arxiu, direcci\u00f3 i despatxos de cap d\u2019estudis i coordinaci\u00f3 pedag\u00f2gica. <\/span><\/span><\/p>\n<p align=\"justify\"><span style=\"font-family: Arial,serif;\"><span lang=\"ca-ES\">Des de la zona d\u2019esbarjo s\u2019accedeix al gimn\u00e0s, les dues pistes poliesportives i el m\u00f2dul prefabricat amb dues aules. Als porxos hi ha lavabos i vestuaris. Tamb\u00e9 comptem amb un tancat on hi ha l\u2019hort.<\/span><\/span><\/p>\n<p align=\"justify\"><span style=\"font-family: Arial,serif;\"><span lang=\"ca-ES\">A la primera planta, hi tenim 6 aules de grup, una aula petita per a desdoblaments o grups de diversitat, aula d\u2019idiomes i d\u2019inform\u00e0tica, sala de professorat, laboratoris de matem\u00e0tiques, f\u00edsica i qu\u00edmica, biologia i geologia i taller de tecnologia i d\u2019inform\u00e0tica.<\/span><\/span><\/p>\n<p align=\"justify\"><span style=\"font-family: Arial,serif;\"><span lang=\"ca-ES\">A la segona planta, comptem amb 9 aules de grup classe, una aula de desdoblaments o grups de diversitat, dos despatxos, un taller de tecnologia, una aula d\u2019inform\u00e0tica i una aula de dibuix.<\/span><\/span><\/p>\n<p align=\"justify\"><span style=\"font-family: Arial,serif;\"><span lang=\"ca-ES\">En el centre no hi ha barreres arquitect\u00f2niques, hi ha un ascensor que comunica les tres plantes i que est\u00e0 reservat per als casos necessaris. <\/span><\/span><\/p>\n","protected":false},"excerpt":{"rendered":"<p>A la planta baixa, hi trobem la sala d\u2019actes, la cantina, la biblioteca, el despatx de l\u2019AMPA, els departaments, consergeria, secretaria, arxiu, direcci\u00f3 i despatxos de cap d\u2019estudis i coordinaci\u00f3 pedag\u00f2gica.<br \/>\nDes de la zona d\u2019esbarjo s\u2019accedeix al gimn\u00e0s, les dues pistes poliesportives i el&hellip;  <a href=\"https:\/\/agora.xtec.cat\/iesfontanelles\/linstitut\/instal%c2%b7lacions\/\" title=\"Read Instal\u00b7lacions\">Llegeix m\u00e9s\u00bb<\/a><\/p>\n","protected":false},"author":1,"featured_media":0,"parent":19,"menu_order":30,"comment_status":"closed","ping_status":"closed","template":"page-templates\/side-menu.php","meta":{"_bbp_topic_count":0,"_bbp_reply_count":0,"_bbp_total_topic_count":0,"_bbp_total_reply_count":0,"_bbp_voice_count":0,"_bbp_anonymous_reply_count":0,"_bbp_topic_count_hidden":0,"_bbp_reply_count_hidden":0,"_bbp_forum_subforum_count":0,"footnotes":""},"class_list":["post-39","page","type-page","status-publish","hentry"],"post_mailing_queue_ids":[],"_links":{"self":[{"href":"https:\/\/agora.xtec.cat\/iesfontanelles\/wp-json\/wp\/v2\/pages\/39","targetHints":{"allow":["GET"]}}],"collection":[{"href":"https:\/\/agora.xtec.cat\/iesfontanelles\/wp-json\/wp\/v2\/pages"}],"about":[{"href":"https:\/\/agora.xtec.cat\/iesfontanelles\/wp-json\/wp\/v2\/types\/page"}],"author":[{"embeddable":true,"href":"https:\/\/agora.xtec.cat\/iesfontanelles\/wp-json\/wp\/v2\/users\/1"}],"replies":[{"embeddable":true,"href":"https:\/\/agora.xtec.cat\/iesfontanelles\/wp-json\/wp\/v2\/comments?post=39"}],"version-history":[{"count":3,"href":"https:\/\/agora.xtec.cat\/iesfontanelles\/wp-json\/wp\/v2\/pages\/39\/revisions"}],"predecessor-version":[{"id":557,"href":"https:\/\/agora.xtec.cat\/iesfontanelles\/wp-json\/wp\/v2\/pages\/39\/revisions\/557"}],"up":[{"embeddable":true,"href":"https:\/\/agora.xtec.cat\/iesfontanelles\/wp-json\/wp\/v2\/pages\/19"}],"wp:attachment":[{"href":"https:\/\/agora.xtec.cat\/iesfontanelles\/wp-json\/wp\/v2\/media?parent=39"}],"curies":[{"name":"wp","href":"https:\/\/api.w.org\/{rel}","templated":true}]}}