{"id":27,"date":"2014-09-17T16:24:03","date_gmt":"2014-09-17T16:24:03","guid":{"rendered":"http:\/\/agora.xtec.cat\/iesfontanelles\/?page_id=27"},"modified":"2016-09-04T18:14:49","modified_gmt":"2016-09-04T17:14:49","slug":"historia","status":"publish","type":"page","link":"https:\/\/agora.xtec.cat\/iesfontanelles\/linstitut\/historia\/","title":{"rendered":"Hist\u00f2ria"},"content":{"rendered":"<p align=\"justify\"><span style=\"font-family: Arial,serif;\"><span lang=\"ca-ES\">El curs 2006-2007 el nostre centre va iniciar, dins del mateix Institut Joan Guinjoan de Riudoms, la singladura que el portaria a ser l\u2019Institut Fontanelles de Les Borges del Camp. <\/span><\/span><\/p>\n<p align=\"justify\"><span lang=\"ca-ES\">Es planific\u00e0 per descongestionar aquell institut i aportar m\u00e9s proximitat a l\u2019alumnat, no nom\u00e9s f\u00edsica, sin\u00f3 tamb\u00e9 emocional i educativa amb el nom provisional d\u2019Institut Baix Camp Nord. Es va emprar la f\u00f3rmula del desglossament. Es comen\u00e7\u00e0 amb 3 grups de primer d\u2019ESO i 74 alumnes.<\/span><\/p>\n<p align=\"justify\"><span style=\"font-family: Arial,serif;\"><span lang=\"ca-ES\">El 3 de setembre de 2007 va entrar en funcionament el nou edifici, a la poblaci\u00f3 de Les Borges del Camp. Hi ha constru\u00efts uns 4000 m<\/span><\/span><sup><span style=\"font-family: Arial,serif;\"><span lang=\"ca-ES\">2<\/span><\/span><\/sup><span style=\"font-family: Arial,serif;\"><span lang=\"ca-ES\"> a l\u2019espera del seu acabament.<\/span><\/span><\/p>\n<p align=\"justify\"><span style=\"font-family: Arial,serif;\"><span lang=\"ca-ES\">El 19 de gener de 2008 el <\/span><\/span><span style=\"color: #222222;\"><span style=\"font-family: Arial,serif;\"><span lang=\"ca-ES\">Sr. Ernest Benach i Pascual, Molt Honorable expresident \u00a0del Parlament de Catalunya que va inaugurar el centre.<\/span><\/span><\/span><\/p>\n<p align=\"justify\"><span style=\"font-family: Arial,serif;\"><span lang=\"ca-ES\">El 12 de novembre de 2013 es va inaugurar la Biblioteca del centre amb el nom de Sr. Ferran Jov\u00e9 i Hortoneda.<\/span><\/span><\/p>\n<p align=\"justify\"><span style=\"font-family: Arial,serif;\"><span lang=\"ca-ES\">Actualment, l\u2019Institut Fontanelles ja ha donat servei a m\u00e9s de 1000 alumnes en els seus ensenyament d\u2019ESO fonamentalment de les 10 poblacions de zona: Les Borges del Camp, Alforja, Riudecanyes, Botarell, Riudecols, L\u2019Aleixar, Maspujols, Vilaplana, Duesaig\u00fces i l\u2019Argentera i han realitzat els seus estudis a les escoles:<\/span><\/span><\/p>\n<p align=\"justify\"><span style=\"font-family: Arial,serif;\"><span lang=\"ca-ES\">Escola Rocabruna de Les Borges del Camp<\/span><\/span><\/p>\n<p align=\"justify\"><span style=\"font-family: Arial,serif;\"><span lang=\"ca-ES\">Escola Josep Fust\u00e9 d\u2019Alforja<\/span><\/span><\/p>\n<p align=\"justify\"><span style=\"font-family: Arial,serif;\"><span lang=\"ca-ES\">Escola Sant Mateu de Riudecanyes<\/span><\/span><\/p>\n<p align=\"justify\"><span style=\"font-family: Arial,serif;\"><span lang=\"ca-ES\">Escola Mare de D\u00e9u de la Candela de Botarell<\/span><\/span><\/p>\n<p align=\"justify\"><span style=\"font-family: Arial,serif;\"><span lang=\"ca-ES\">Escola Mare de D\u00e9u del Roser de Riudecols<\/span><\/span><\/p>\n<p align=\"justify\"><span style=\"font-family: Arial,serif;\"><span lang=\"ca-ES\">Escola Teresa Salvat de l\u2019Aleixar<\/span><\/span><\/p>\n<p align=\"justify\"><span style=\"font-family: Arial,serif;\"><span lang=\"ca-ES\">Escola Maspujols de Maspujols<\/span><\/span><\/p>\n<p align=\"justify\"><span style=\"font-family: Arial,serif;\"><span lang=\"ca-ES\">Escola Cingle Roig de Vilaplana<\/span><\/span><\/p>\n<p align=\"justify\"><span style=\"font-family: Arial,serif;\"><span lang=\"ca-ES\">Escola Puigmar\u00ed de Duesaig\u00fces<\/span><\/span><\/p>\n<p align=\"justify\"><span style=\"font-family: Arial,serif;\"><span lang=\"ca-ES\">Pels estudis de Batxillerat el centre acull tamb\u00e9 entre d\u2019altres alumnat del SIN Montsant que compr\u00e8n pobles del Baix Camp i Priorat: Cornudella del Monsant, Ulldemolins, <\/span><\/span><span style=\"font-family: Arial,serif;\"><span lang=\"ca-ES\">Prades<\/span><\/span><span style=\"font-family: Arial,serif;\"><span lang=\"ca-ES\">, La Morera del Montsant, Pobleda, Escala dei, <\/span><\/span><span style=\"font-family: Arial,serif;\"><span lang=\"ca-ES\">Cornudella<\/span><\/span><span style=\"font-family: Arial,serif;\"><span lang=\"ca-ES\">, Capafons i Arbol\u00ed.<\/span><\/span><\/p>\n<p lang=\"ca-ES\">\n","protected":false},"excerpt":{"rendered":"<p>El curs 2006-2007 el nostre centre va iniciar, dins del mateix Institut Joan Guinjoan de Riudoms, la singladura que el portaria a ser l\u2019Institut Fontanelles de Les Borges del Camp.<br \/>\nEs planific\u00e0 per descongestionar aquell institut i aportar m\u00e9s proximitat a l\u2019alumnat, no nom\u00e9s f\u00edsica,&hellip;  <a href=\"https:\/\/agora.xtec.cat\/iesfontanelles\/linstitut\/historia\/\" title=\"Read Hist\u00f2ria\">Llegeix m\u00e9s\u00bb<\/a><\/p>\n","protected":false},"author":1,"featured_media":0,"parent":19,"menu_order":20,"comment_status":"closed","ping_status":"closed","template":"page-templates\/side-menu.php","meta":{"_bbp_topic_count":0,"_bbp_reply_count":0,"_bbp_total_topic_count":0,"_bbp_total_reply_count":0,"_bbp_voice_count":0,"_bbp_anonymous_reply_count":0,"_bbp_topic_count_hidden":0,"_bbp_reply_count_hidden":0,"_bbp_forum_subforum_count":0,"footnotes":""},"class_list":["post-27","page","type-page","status-publish","hentry"],"post_mailing_queue_ids":[],"_links":{"self":[{"href":"https:\/\/agora.xtec.cat\/iesfontanelles\/wp-json\/wp\/v2\/pages\/27","targetHints":{"allow":["GET"]}}],"collection":[{"href":"https:\/\/agora.xtec.cat\/iesfontanelles\/wp-json\/wp\/v2\/pages"}],"about":[{"href":"https:\/\/agora.xtec.cat\/iesfontanelles\/wp-json\/wp\/v2\/types\/page"}],"author":[{"embeddable":true,"href":"https:\/\/agora.xtec.cat\/iesfontanelles\/wp-json\/wp\/v2\/users\/1"}],"replies":[{"embeddable":true,"href":"https:\/\/agora.xtec.cat\/iesfontanelles\/wp-json\/wp\/v2\/comments?post=27"}],"version-history":[{"count":3,"href":"https:\/\/agora.xtec.cat\/iesfontanelles\/wp-json\/wp\/v2\/pages\/27\/revisions"}],"predecessor-version":[{"id":554,"href":"https:\/\/agora.xtec.cat\/iesfontanelles\/wp-json\/wp\/v2\/pages\/27\/revisions\/554"}],"up":[{"embeddable":true,"href":"https:\/\/agora.xtec.cat\/iesfontanelles\/wp-json\/wp\/v2\/pages\/19"}],"wp:attachment":[{"href":"https:\/\/agora.xtec.cat\/iesfontanelles\/wp-json\/wp\/v2\/media?parent=27"}],"curies":[{"name":"wp","href":"https:\/\/api.w.org\/{rel}","templated":true}]}}