{"id":1353,"date":"2019-06-02T12:31:41","date_gmt":"2019-06-02T10:31:41","guid":{"rendered":"http:\/\/agora.xtec.cat\/iesfontanelles\/?page_id=1353"},"modified":"2019-06-02T12:39:58","modified_gmt":"2019-06-02T10:39:58","slug":"eduroam","status":"publish","type":"page","link":"https:\/\/agora.xtec.cat\/iesfontanelles\/eduroam\/","title":{"rendered":"Eduroam"},"content":{"rendered":"<p style=\"text-align: justify;\"><em><strong>Eduroam, qu\u00e9 \u00e8s?<\/strong><\/em><\/p>\n<p style=\"text-align: justify;\"><a href=\"https:\/\/www.csuc.cat\/ca\/comunicacions\/eduroam\/descripcio-del-servei\" target=\"_blank\" rel=\"noopener noreferrer\">Eduroam<\/a> (education roaming) \u00e9s una xarxa que permet disposar de connexi\u00f3 a internet des de diferents organismes educatius (escoles, instituts, universitats,&#8230;) donant\u00a0 mobilitat al\u00a0 professorat i\u00a0 l&#8217;alumnat universitari sense tenir que crear usuaris en cada lloc. Es tant a Europa com en Estats Units, Canad\u00e0 i sud-est asi\u00e0tic.<\/p>\n<p style=\"text-align: justify;\"><a href=\"https:\/\/www.csuc.cat\/ca\/comunicacions\/eduroam\/institucions-participants\" target=\"_blank\" rel=\"noopener noreferrer\">Institucions participants a Catalunya<\/a><\/p>\n<p>Poden disposar d&#8217;aquest servei tant el professorat com el pas del Departament d&#8217;educaci\u00f3.<\/p>\n<p style=\"text-align: justify;\"><strong><em>Quin usuari necessitem?<\/em><\/strong><\/p>\n<p style=\"text-align: justify;\">El nostre usuari \u00e9s el d&#8217;acc\u00e9s a correu corporatiu xtec, sense <span class=\"\">@xtec.cat . La clau d&#8217;acc\u00e9s es la mateixa que la de xtec.<\/span><\/p>\n<p style=\"text-align: justify;\">Actualment no cal donar-se d&#8217;alta en el servei. S&#8217;adquireix, per defecte, al fer-se un usuari <span class=\"\">@<\/span>xtec.cat<\/p>\n<p style=\"text-align: justify;\"><strong><em>Com preparar el meu dispositiu per eduroam?<\/em><\/strong><\/p>\n<p style=\"text-align: justify;\">Segons del tipus de dispositiu cal una configuraci\u00f3. Aqu\u00ed teniu uns enlla\u00e7os on explica com configurar el vostres equips. Paci\u00e8ncia, alguns enlla\u00e7os queden obsolets i es perden. Si us trobeu amb un, ho comuniqueu a la coordinaci\u00f3 inform\u00e0tica.<\/p>\n<p style=\"text-align: justify;\">Si teniu problemes en la configuraci\u00f3 ja sabeu on trobar-nos.<\/p>\n<ul>\n<li style=\"text-align: justify;\">\u00a0Android: tablets i tel\u00e8fons<\/li>\n<\/ul>\n<p>Configuraci\u00f3 de del dispositiu<\/p>\n<p style=\"text-align: justify;\"><a href=\"https:\/\/sites.google.com\/a\/xtec.cat\/wifi\/home\/configuracio\/android\" target=\"_blank\" rel=\"noopener noreferrer\">https:\/\/sites.google.com\/a\/xtec.cat\/wifi\/home\/configuracio\/android<\/a><\/p>\n<p>Configuraci\u00f3 dels certificats<\/p>\n<p style=\"text-align: justify;\"><a href=\"https:\/\/sites.google.com\/a\/xtec.cat\/wifi\/home\/certificats\/android\" target=\"_blank\" rel=\"noopener noreferrer\">configuraci\u00f3 certificats<\/a><\/p>\n<p>Obtenci\u00f3 dels certificats:<\/p>\n<p><b>Secretaria d\u2019Administraci\u00f3 i Funci\u00f3 P\u00fablic<\/b>a<br \/>\nDescarregueu i instal\u00b7leu les claus seg\u00fcents:<br \/>\n1.- clau de l\u2019<a href=\"https:\/\/www.aoc.cat\/wp-content\/uploads\/2015\/06\/clauEntitatCertificadoraCatcert.zip\" target=\"_blank\" rel=\"noopener noreferrer\">entitat certificadora CATCert<\/a><br \/>\n2.- clau de l\u2019<a href=\"https:\/\/www.aoc.cat\/wp-content\/uploads\/2015\/06\/clauEntitatCertificacioVinculadaGeneralitat1.zip\" target=\"_blank\" rel=\"noopener noreferrer\">entitat de certificaci\u00f3 vinculada Generalitat<\/a><br \/>\n3.- clau de l\u2019<a href=\"https:\/\/www.aoc.cat\/wp-content\/uploads\/2015\/06\/clauEntitatCertificacioVinculadaSecretariaAdministracioFuncio.zip\" target=\"_blank\" rel=\"noopener noreferrer\">entitat de certificaci\u00f3 vinculada Secretaria d\u2019Administraci\u00f3 i Funci\u00f3 P\u00fablica<\/a><\/p>\n<p style=\"text-align: justify;\"><a href=\"https:\/\/www.aoc.cat\/knowledge-base\/claus-publiques\/\" target=\"_blank\" rel=\"noopener noreferrer\">p\u00e0gina principal de les certificacions (per si caducan els enlla\u00e7os anteriors)<\/a><\/p>\n<ul>\n<li style=\"text-align: justify;\">Iphone \/ Ipad<\/li>\n<\/ul>\n<p style=\"text-align: justify;\"><a href=\"https:\/\/sites.google.com\/a\/xtec.cat\/wifi\/home\/configuracio\/iphone\" target=\"_blank\" rel=\"noopener noreferrer\">https:\/\/sites.google.com\/a\/xtec.cat\/wifi\/home\/configuracio\/iphone<\/a><\/p>\n<ul>\n<li style=\"text-align: justify;\">win 7<\/li>\n<\/ul>\n<p style=\"text-align: justify;\"><a href=\"http:\/\/xtec.gencat.cat\/ca\/at_usuari\/guies\/eduroam\/info_cat\/w7\/\" target=\"_blank\" rel=\"noopener noreferrer\">http:\/\/xtec.gencat.cat\/ca\/at_usuari\/guies\/eduroam\/info_cat\/w7\/<\/a><\/p>\n<p><a href=\"https:\/\/www.aoc.cat\/knowledge-base\/claus-publiques\/\" target=\"_blank\" rel=\"noopener noreferrer\">M\u00e9s informaci\u00f3 per l&#8217;obtenci\u00f3 dels certificats.<\/a><\/p>\n<ul>\n<li>\u00a0Linkat<\/li>\n<\/ul>\n<p style=\"text-align: justify;\"><a href=\"http:\/\/linkat.xtec.cat\/portal_linkat\/wikilinkat\/index.php\/Eduroam\" target=\"_blank\" rel=\"noopener noreferrer\">http:\/\/linkat.xtec.cat\/portal_linkat\/wikilinkat\/index.php\/Eduroam<\/a><\/p>\n<p><a href=\"https:\/\/www.aoc.cat\/knowledge-base\/claus-publiques\/\" target=\"_blank\" rel=\"noopener noreferrer\">M\u00e9s informaci\u00f3 per l&#8217;obtenci\u00f3 dels certificats.<\/a><\/p>\n<ul>\n<li>Mac<\/li>\n<\/ul>\n<p style=\"text-align: justify;\"><a href=\"https:\/\/sites.google.com\/a\/xtec.cat\/wifi\/home\/configuracio\/apple\" target=\"_blank\" rel=\"noopener noreferrer\">https:\/\/sites.google.com\/a\/xtec.cat\/wifi\/home\/configuracio\/apple<\/a><\/p>\n","protected":false},"excerpt":{"rendered":"<p>Eduroam, qu\u00e9 \u00e8s?<br \/>\n<a href=\"https:\/\/www.csuc.cat\/ca\/comunicacions\/eduroam\/descripcio-del-servei\" target=\"_blank\" rel=\"noopener noreferrer\">Eduroam<\/a> (education roaming) \u00e9s una xarxa que permet disposar de connexi\u00f3 a internet des de diferents organismes educatius (escoles, instituts, universitats,&#8230;) donant\u00a0 mobilitat al\u00a0 professorat i\u00a0 l&#8217;alumnat universitari sense tenir que crear usuaris en cada lloc. Es tant a&hellip;  <a href=\"https:\/\/agora.xtec.cat\/iesfontanelles\/eduroam\/\" title=\"Read Eduroam\">Llegeix m\u00e9s\u00bb<\/a><\/p>\n","protected":false},"author":1,"featured_media":0,"parent":0,"menu_order":0,"comment_status":"closed","ping_status":"closed","template":"","meta":{"_bbp_topic_count":0,"_bbp_reply_count":0,"_bbp_total_topic_count":0,"_bbp_total_reply_count":0,"_bbp_voice_count":0,"_bbp_anonymous_reply_count":0,"_bbp_topic_count_hidden":0,"_bbp_reply_count_hidden":0,"_bbp_forum_subforum_count":0,"footnotes":""},"class_list":["post-1353","page","type-page","status-publish","hentry"],"post_mailing_queue_ids":[],"_links":{"self":[{"href":"https:\/\/agora.xtec.cat\/iesfontanelles\/wp-json\/wp\/v2\/pages\/1353","targetHints":{"allow":["GET"]}}],"collection":[{"href":"https:\/\/agora.xtec.cat\/iesfontanelles\/wp-json\/wp\/v2\/pages"}],"about":[{"href":"https:\/\/agora.xtec.cat\/iesfontanelles\/wp-json\/wp\/v2\/types\/page"}],"author":[{"embeddable":true,"href":"https:\/\/agora.xtec.cat\/iesfontanelles\/wp-json\/wp\/v2\/users\/1"}],"replies":[{"embeddable":true,"href":"https:\/\/agora.xtec.cat\/iesfontanelles\/wp-json\/wp\/v2\/comments?post=1353"}],"version-history":[{"count":4,"href":"https:\/\/agora.xtec.cat\/iesfontanelles\/wp-json\/wp\/v2\/pages\/1353\/revisions"}],"predecessor-version":[{"id":1395,"href":"https:\/\/agora.xtec.cat\/iesfontanelles\/wp-json\/wp\/v2\/pages\/1353\/revisions\/1395"}],"wp:attachment":[{"href":"https:\/\/agora.xtec.cat\/iesfontanelles\/wp-json\/wp\/v2\/media?parent=1353"}],"curies":[{"name":"wp","href":"https:\/\/api.w.org\/{rel}","templated":true}]}}