{"id":81,"date":"2014-09-18T10:38:05","date_gmt":"2014-09-18T10:38:05","guid":{"rendered":"http:\/\/agora.xtec.cat\/iesfmompou\/?page_id=81"},"modified":"2026-02-20T09:33:58","modified_gmt":"2026-02-20T08:33:58","slug":"secretaria","status":"publish","type":"page","link":"https:\/\/agora.xtec.cat\/iesfmompou\/serveis\/secretaria\/","title":{"rendered":"Secretaria"},"content":{"rendered":"<p><strong>Horari d&#8217;atenci\u00f3 al p\u00fablic:<\/strong><\/p>\n<p>De dilluns a divendres de 9h a 13:30h.<\/p>\n<p><strong>Secret\u00e0ria: <\/strong><\/p>\n<p><span style=\"font-family: inherit; font-size: 1em;\">M\u00edriam Ad\u00e1n<\/span><\/p>\n<p><strong>Personal d&#8217;administraci\u00f3: <\/strong><\/p>\n<p>Isabel D\u00edaz i Marina Sevilla<\/p>\n<p><strong>ACREDITACI\u00d3 NIVELL CATAL\u00c0<\/strong><\/p>\n<p><u>\u00a0<strong>Requisits<\/strong>\u00a0<\/u><\/p>\n<ul>\n<li>Haver nascut a partir de l\u2019any 1972 (inici escolaritzaci\u00f3 a partir del curs 1978-1979).<\/li>\n<li>Escolaritzaci\u00f3 completa a Catalunya (des d\u2019EGB o Prim\u00e0ria).<\/li>\n<li>No estar exempt de catal\u00e0.<\/li>\n<li>Tenir algun dels seg\u00fcents t\u00edtols; EGB, ESO, BATXILLERAT, FP1 o FP2.<\/li>\n<li>El fet de disposar d\u2019un Cicle Formatiu de Grau Mitj\u00e0 o de Grau Superior no permet acreditar l\u2019obtenci\u00f3 del nivell de catal\u00e0.<\/li>\n<\/ul>\n<p align=\"left\"><strong><b>Nivell B<\/b><\/strong><strong><b>2<\/b><\/strong><strong><b> (Certificat de nivell intermedi de catal\u00e0):<\/b><\/strong><\/p>\n<p>Pot demanar el certificat aquell alumnat que:<\/p>\n<ul>\n<li>Tingui el T\u00edtol de graduaci\u00f3 escolar (EGB), sempre que s&#8217;hagi cursat tota l&#8217;EGB a Catalunya i s&#8217;hagi cursat la mat\u00e8ria de llengua catalana en la totalitat dels estudis esmentats a partir del curs 1978-1979.\n<ul>\n<li><em>Documentaci\u00f3 que cal presentar (fotografia o escaneig): DNI, Llibre d&#8217;EGB o certificat, t\u00edtol de graduat escolar.<\/em><\/li>\n<\/ul>\n<\/li>\n<\/ul>\n<ul>\n<li>Tingui el T\u00edtol de t\u00e8cnic\/a auxiliar (FP1), sempre que s&#8217;hagi cursat tota l&#8217;EGB i l&#8217;FP1 a Catalunya i s&#8217;hagi cursat la mat\u00e8ria de llengua catalana en la totalitat dels estudis esmentats a partir del curs 1978-1979.\n<ul>\n<li><em>Documentaci\u00f3 que cal presentar (fotografia o escaneig): DNI, Llibre d&#8217;EGB o certificat, qualificacions de FP1, t\u00edtol FP1.\u00a0<\/em><\/li>\n<\/ul>\n<\/li>\n<\/ul>\n<p><strong><b>Nivell\u00a0C<\/b><\/strong><strong><b>1<\/b><\/strong><strong><b> (Certificat de nivell de sufici\u00e8ncia de catal\u00e0):<\/b><\/strong><\/p>\n<p>Pot demanar el certificat aquell alumnat que:<\/p>\n<ul>\n<li>T\u00edtol de graduaci\u00f3 en ESO sempre que s&#8217;hagin cursat a Catalunya almenys tres cursos qualsevol de prim\u00e0ria i tot ESO, i s&#8217;hagi cursat i aprovat la mat\u00e8ria de llengua catalana en la totalitat dels estudis m\u00ednims esmentats. El requisit d&#8217;acreditaci\u00f3 d&#8217;haver aprovat la mat\u00e8ria de llengua catalana \u00e9s d&#8217;aplicaci\u00f3 als t\u00edtols de graduaci\u00f3 en educaci\u00f3 secund\u00e0ria obtinguts a partir del curs 2007-2008.\n<ul>\n<li><em>Documentaci\u00f3 que cal presentar (fotografia o escaneig): DNI, Llibre d&#8217;ESO o certificat, t\u00edtol d&#8217;ESO.<\/em><\/li>\n<\/ul>\n<\/li>\n<\/ul>\n<ul>\n<li>Tingui el T\u00edtol de batxillerat, sempre que s&#8217;hagin cursat a Catalunya tres cursos qualsevol de prim\u00e0ria i cinc cursos qualsevol entre l&#8217;ESO i el batxillerat i s&#8217;hagi cursat la mat\u00e8ria de llengua catalana en la totalitat dels estudis m\u00ednims esmentats.\n<ul>\n<li><em>Documentaci\u00f3 que cal presentar (fotografia o escaneig): DNI, Llibre d&#8217;ESO o certificat, Llibre de Batxillerat o certificat, t\u00edtol de Batxillerat.\u00a0<\/em><\/li>\n<\/ul>\n<\/li>\n<\/ul>\n<ul>\n<li>Tingui el T\u00edtol de batxillerat (BUP), sempre que s&#8217;hagi cursat tota l&#8217;EGB i el BUP a Catalunya i s&#8217;hagi cursat de manera oficial la mat\u00e8ria de llengua catalana en la totalitat dels estudis esmentats a partir del curs 1978-1979.\n<ul>\n<li><em>Documentaci\u00f3 que cal presentar (fotografia o escaneig): DNI, Llibre d&#8217;EGB o certificat, Llibre de BUP o certificat, t\u00edtol de BUP.\u00a0<\/em><\/li>\n<\/ul>\n<\/li>\n<\/ul>\n<ul>\n<li>Tingui el T\u00edtol de t\u00e8cnic\/a especialista (FP2) sempre que s&#8217;hagi cursat tota l&#8217;EGB, l&#8217;FP1 i l&#8217;FP2 a Catalunya i s&#8217;hagi cursat de manera oficial la mat\u00e8ria de llengua catalana en la totalitat dels estudis esmentats a partir del curs 1978-1979.\n<ul>\n<li><em>Documentaci\u00f3 que cal presentar (fotografia o escaneig): DNI, Llibre d&#8217;EGB o certificat, Qualificacions FP1 i FP2, t\u00edtol de FP2.\u00a0<\/em><\/li>\n<\/ul>\n<\/li>\n<\/ul>\n<p>Per sol\u00b7licitar el certificat haureu de presentar a la secretaria del centre la documentaci\u00f3 acreditativa a trav\u00e9s del correu de centre a8034011@xtec.cat indicant en l&#8217;assumpte el certificat que se sol\u00b7licita.<\/p>\n<p>Aquelles persones que no compleixen els requisits detallats a la graella, segons la seva petici\u00f3, poden adre\u00e7ar-se a:<\/p>\n<p><strong>Departament d\u2019Educaci\u00f3<\/strong><\/p>\n<ul>\n<li>Via Augusta, 202-226 \u2013 08021 \u2013 Barcelona<\/li>\n<li>Tel\u00e8fon: 93.400.69.00<\/li>\n<\/ul>\n<p>Per a m\u00e9s informaci\u00f3 podeu consultar<a href=\"https:\/\/portaljuridic.gencat.cat\/ca\/document-del-pjur\/?documentId=501140\">\u00a0Ordre VCP\/491\/2009<\/a> modificada per l\u2019ordre<a href=\"https:\/\/portaldogc.gencat.cat\/utilsEADOP\/PDF\/5610\/1031632.pdf\" target=\"_blank\" rel=\"noopener\">\u00a0VCP\/233\/2010<\/a>\u00a0de 12 d\u2019abril de 2010.<\/p>\n<p>Aix\u00ed doncs, la primera promoci\u00f3 escolar que t\u00e9 dret a demanar aquest reconeixement \u00e9s la que va comen\u00e7ar el primer any de l\u2019educaci\u00f3 general b\u00e0sica (EGB) el curs 1978-1979, a partir del qual l\u2019ensenyament del catal\u00e0 va ser oficial al sistema educatiu de Catalunya, tal com s\u2019estableix al Reial decret 2092\/1978, de 23 de juny.<\/p>\n<p>\u00c9s important indicar que les proves d\u2019acc\u00e9s per als majors de 25 anys, selectivitat i acc\u00e9s als cicles formatius, aix\u00ed com els cicles formatius de grau mitj\u00e0 o de grau superior, no apareixen a la normativa i, que, per tant, no es poden tenir en compte.<\/p>\n<p><strong><span style=\"font-size: revert; background-color: rgba(0, 0, 0, 0);\">SOL\u00b7LICITUD DEL T\u00cdTOL DE BATXILLERAT<\/span><\/strong><\/p>\n<p>Des del 5 de maig de 2025, l&#8217;alumnat ha de sol\u00b7licitar l&#8217;expedici\u00f3, la duplicaci\u00f3 o l&#8217;actualitzaci\u00f3 del t\u00edtol de batxiller a trav\u00e9s del tr\u00e0mit en l\u00ednia.<\/p>\n<p><strong>Necessiteu:\u00a0<\/strong><\/p>\n<ul>\n<li>Ordinador, tauleta o tel\u00e8fon m\u00f2bil amb connexi\u00f3 a Internet.<\/li>\n<li>Eina d&#8217;identificaci\u00f3 digital (idCAT M\u00f2bil, certificat digital o Cl@ve).<\/li>\n<\/ul>\n<p><strong>Procediment:\u00a0<\/strong><\/p>\n<ol>\n<li>Sol\u00b7liciteu la tramitaci\u00f3 en l\u00ednia.<\/li>\n<li>Feu el pagament: Caixers de Caixabank o per internet.<\/li>\n<li>Rebreu resposta de l&#8217;administraci\u00f3.<\/li>\n<\/ol>\n<p><strong>Per comen\u00e7ar el tr\u00e0mit:<\/strong> <a href=\"https:\/\/tramits.gencat.cat\/ca\/tramits\/tramits-temes\/titols-academics-no-universitaris\">enlla\u00e7<\/a><\/p>\n<p><strong>Per finalitzar:<\/strong> Heu de portar el resguard a la secretaria del centre per signar i segellar.<\/p>\n<p><strong>Heu d&#8217;adre\u00e7ar-vos al centre:\u00a0<\/strong><\/p>\n<ul>\n<li>Si heu finalitzat el batxillerat abans del 2016-2017 i voleu sol\u00b7licitar el t\u00edtol per primera vegada.<\/li>\n<li>Si el document d&#8217;identitat \u00e9s diferent del que ten\u00edeu quan vas finalitzar els estudis.<\/li>\n<\/ul>\n","protected":false},"excerpt":{"rendered":"<p>Horari d&#8217;atenci\u00f3 al p\u00fablic: De dilluns a divendres de 9h a 13:30h. Secret\u00e0ria: M\u00edriam Ad\u00e1n Personal d&#8217;administraci\u00f3: Isabel D\u00edaz i Marina Sevilla ACREDITACI\u00d3 NIVELL CATAL\u00c0 \u00a0Requisits\u00a0 Haver nascut a partir de l\u2019any 1972 (inici escolaritzaci\u00f3 a partir del curs 1978-1979). Escolaritzaci\u00f3 completa a Catalunya (des d\u2019EGB o Prim\u00e0ria). No estar exempt de catal\u00e0. Tenir algun [&hellip;]<\/p>\n","protected":false},"author":1,"featured_media":0,"parent":63,"menu_order":1,"comment_status":"closed","ping_status":"closed","template":"","meta":{"_bbp_topic_count":0,"_bbp_reply_count":0,"_bbp_total_topic_count":0,"_bbp_total_reply_count":0,"_bbp_voice_count":0,"_bbp_anonymous_reply_count":0,"_bbp_topic_count_hidden":0,"_bbp_reply_count_hidden":0,"_bbp_forum_subforum_count":0,"site-sidebar-layout":"default","site-content-layout":"","ast-site-content-layout":"default","site-content-style":"default","site-sidebar-style":"default","ast-global-header-display":"","ast-banner-title-visibility":"","ast-main-header-display":"","ast-hfb-above-header-display":"","ast-hfb-below-header-display":"","ast-hfb-mobile-header-display":"","site-post-title":"","ast-breadcrumbs-content":"","ast-featured-img":"","footer-sml-layout":"","theme-transparent-header-meta":"default","adv-header-id-meta":"","stick-header-meta":"","header-above-stick-meta":"","header-main-stick-meta":"","header-below-stick-meta":"","astra-migrate-meta-layouts":"set","ast-page-background-enabled":"default","ast-page-background-meta":{"desktop":{"background-color":"var(--ast-global-color-4)","background-image":"","background-repeat":"repeat","background-position":"center center","background-size":"auto","background-attachment":"scroll","background-type":"","background-media":"","overlay-type":"","overlay-color":"","overlay-opacity":"","overlay-gradient":""},"tablet":{"background-color":"","background-image":"","background-repeat":"repeat","background-position":"center center","background-size":"auto","background-attachment":"scroll","background-type":"","background-media":"","overlay-type":"","overlay-color":"","overlay-opacity":"","overlay-gradient":""},"mobile":{"background-color":"","background-image":"","background-repeat":"repeat","background-position":"center center","background-size":"auto","background-attachment":"scroll","background-type":"","background-media":"","overlay-type":"","overlay-color":"","overlay-opacity":"","overlay-gradient":""}},"ast-content-background-meta":{"desktop":{"background-color":"var(--ast-global-color-5)","background-image":"","background-repeat":"repeat","background-position":"center center","background-size":"auto","background-attachment":"scroll","background-type":"","background-media":"","overlay-type":"","overlay-color":"","overlay-opacity":"","overlay-gradient":""},"tablet":{"background-color":"var(--ast-global-color-5)","background-image":"","background-repeat":"repeat","background-position":"center center","background-size":"auto","background-attachment":"scroll","background-type":"","background-media":"","overlay-type":"","overlay-color":"","overlay-opacity":"","overlay-gradient":""},"mobile":{"background-color":"var(--ast-global-color-5)","background-image":"","background-repeat":"repeat","background-position":"center center","background-size":"auto","background-attachment":"scroll","background-type":"","background-media":"","overlay-type":"","overlay-color":"","overlay-opacity":"","overlay-gradient":""}},"footnotes":""},"class_list":["post-81","page","type-page","status-publish","hentry"],"post_mailing_queue_ids":[],"_links":{"self":[{"href":"https:\/\/agora.xtec.cat\/iesfmompou\/wp-json\/wp\/v2\/pages\/81","targetHints":{"allow":["GET"]}}],"collection":[{"href":"https:\/\/agora.xtec.cat\/iesfmompou\/wp-json\/wp\/v2\/pages"}],"about":[{"href":"https:\/\/agora.xtec.cat\/iesfmompou\/wp-json\/wp\/v2\/types\/page"}],"author":[{"embeddable":true,"href":"https:\/\/agora.xtec.cat\/iesfmompou\/wp-json\/wp\/v2\/users\/1"}],"replies":[{"embeddable":true,"href":"https:\/\/agora.xtec.cat\/iesfmompou\/wp-json\/wp\/v2\/comments?post=81"}],"version-history":[{"count":6,"href":"https:\/\/agora.xtec.cat\/iesfmompou\/wp-json\/wp\/v2\/pages\/81\/revisions"}],"predecessor-version":[{"id":15839,"href":"https:\/\/agora.xtec.cat\/iesfmompou\/wp-json\/wp\/v2\/pages\/81\/revisions\/15839"}],"up":[{"embeddable":true,"href":"https:\/\/agora.xtec.cat\/iesfmompou\/wp-json\/wp\/v2\/pages\/63"}],"wp:attachment":[{"href":"https:\/\/agora.xtec.cat\/iesfmompou\/wp-json\/wp\/v2\/media?parent=81"}],"curies":[{"name":"wp","href":"https:\/\/api.w.org\/{rel}","templated":true}]}}