{"id":57,"date":"2014-09-17T17:01:07","date_gmt":"2014-09-17T17:01:07","guid":{"rendered":"http:\/\/agora.xtec.cat\/iesfmompou\/?page_id=57"},"modified":"2025-07-22T12:24:40","modified_gmt":"2025-07-22T10:24:40","slug":"projecte-educatiu","status":"publish","type":"page","link":"https:\/\/agora.xtec.cat\/iesfmompou\/projecte-educatiu\/","title":{"rendered":"Projectes pedag\u00f2gics"},"content":{"rendered":"<div class=\"relative\">\n<div class=\"prose text-pretty dark:prose-invert inline leading-normal break-words min-w-0 [word-break:break-word]\">\n<p class=\"my-0\">A l\u2019Institut Frederic Mompou entenem l\u2019educaci\u00f3 com un projecte global, inclusiu i en constant evoluci\u00f3. Per aix\u00f2, apostem per una oferta \u00e0mplia de <strong>projectes pedag\u00f2gics<\/strong> que reflecteixen la nostra manera de ser i de fer. Aquesta secci\u00f3 ofereix una panor\u00e0mica de les iniciatives que tenim en marxa per potenciar el creixement personal, acad\u00e8mic i social del nostre alumnat.<\/p>\n<p class=\"my-0\">Els projectes pedag\u00f2gics s\u00f3n el cor del nostre centre. Cada projecte est\u00e0 pensat per atendre les necessitats diverses del nostre alumnat, fomentar la participaci\u00f3 activa, el treball en equip, la innovaci\u00f3 i el comprom\u00eds amb l\u2019entorn.<a href=\"http:\/\/agora.xtec.cat\/iesfmompou\/wp-content\/uploads\/usu653\/2017\/07\/projectes.png\"><img loading=\"lazy\" decoding=\"async\" class=\"size-medium wp-image-2166 alignright\" src=\"http:\/\/agora.xtec.cat\/iesfmompou\/wp-content\/uploads\/usu653\/2017\/07\/projectes-300x107.png\" alt=\"\" width=\"300\" height=\"107\" srcset=\"https:\/\/agora.xtec.cat\/iesfmompou\/wp-content\/uploads\/usu653\/2017\/07\/projectes-300x107.png 300w, https:\/\/agora.xtec.cat\/iesfmompou\/wp-content\/uploads\/usu653\/2017\/07\/projectes-768x274.png 768w, https:\/\/agora.xtec.cat\/iesfmompou\/wp-content\/uploads\/usu653\/2017\/07\/projectes-1024x365.png 1024w, https:\/\/agora.xtec.cat\/iesfmompou\/wp-content\/uploads\/usu653\/2017\/07\/projectes.png 1200w\" sizes=\"auto, (max-width: 300px) 100vw, 300px\" \/><\/a><\/p>\n<p class=\"my-0\">Aquests s\u00f3n alguns dels projectes m\u00e9s destacats:<\/p>\n<ul class=\"marker:text-textOff list-disc\">\n<li>\n<p class=\"my-0\"><strong>Institut pluriling\u00fce:<\/strong> Promovem l\u2019aprenentatge de lleng\u00fces estrangeres i el pluriling\u00fcisme a totes les etapes.<\/p>\n<\/li>\n<li>\n<p class=\"my-0\"><strong>Erasmus+:<\/strong> Participem en programes i intercanvis europeus per ampliar horitzons i compartir experi\u00e8ncies amb altres joves d\u2019Europa.<\/p>\n<\/li>\n<li>\n<p class=\"my-0\"><strong>Institut acollidor:<\/strong> Vetllem per acompanyar i integrar l\u2019alumnat nouvingut, promovent una escola inclusiva i oberta.<\/p>\n<\/li>\n<li>\n<p class=\"my-0\"><strong>Aprenentatge i servei comunitari:<\/strong> Fomentem l\u2019aprenentatge actiu a trav\u00e9s d\u2019activitats que ajuden a millorar la nostra comunitat.<\/p>\n<\/li>\n<li>\n<p class=\"my-0\"><strong>Delegats de fam\u00edlies:<\/strong> Impulsem la participaci\u00f3 i la col\u00b7laboraci\u00f3 entre fam\u00edlies i centre.<\/p>\n<\/li>\n<li>\n<p class=\"my-0\"><strong>Treballs de s\u00edntesi:<\/strong> Projectes interdisciplinaris que ajuden l\u2019alumnat a desenvolupar compet\u00e8ncies b\u00e0siques d\u2019una manera pr\u00e0ctica.<\/p>\n<\/li>\n<li>\n<p class=\"my-0\"><strong>Treballs de Recerca:<\/strong> Projectes de recerca acad\u00e8mica per al batxillerat, promovent l\u2019autonomia i el pensament cr\u00edtic.<\/p>\n<\/li>\n<li>\n<p class=\"my-0\"><strong>Treball cooperatiu i per projectes:<\/strong> Din\u00e0miques d\u2019aprenentatge compartit on l\u2019alumnat \u00e9s el centre del seu proc\u00e9s educatiu.<\/p>\n<\/li>\n<li>\n<p class=\"my-0\"><strong>Orientaci\u00f3 acad\u00e8mica i professional:<\/strong> Acompanyem els estudiants en la presa de decisions formatives i laborals.<\/p>\n<\/li>\n<li>\n<p class=\"my-0\"><strong>Passant Revista:<\/strong> Un projecte de comunicaci\u00f3 on l\u2019alumnat crea i gestiona la revista del centre.<\/p>\n<\/li>\n<\/ul>\n<p class=\"my-0\">Amb aquests projectes, consolidem un institut viu, comprom\u00e8s amb la innovaci\u00f3, la conviv\u00e8ncia, el respecte i la inclusi\u00f3. Aquest espai web et permet descobrir com treballem dia a dia per formar persones capaces, curioses i compromeses amb el seu futur i amb la societat.<\/p>\n<\/div>\n<\/div>\n","protected":false},"excerpt":{"rendered":"<p>A l\u2019Institut Frederic Mompou entenem l\u2019educaci\u00f3 com un projecte global, inclusiu i en constant evoluci\u00f3. Per aix\u00f2, apostem per una oferta \u00e0mplia de projectes pedag\u00f2gics que reflecteixen la nostra manera de ser i de fer. Aquesta secci\u00f3 ofereix una panor\u00e0mica de les iniciatives que tenim en marxa per potenciar el creixement personal, acad\u00e8mic i social [&hellip;]<\/p>\n","protected":false},"author":1,"featured_media":0,"parent":0,"menu_order":0,"comment_status":"closed","ping_status":"closed","template":"","meta":{"_bbp_topic_count":0,"_bbp_reply_count":0,"_bbp_total_topic_count":0,"_bbp_total_reply_count":0,"_bbp_voice_count":0,"_bbp_anonymous_reply_count":0,"_bbp_topic_count_hidden":0,"_bbp_reply_count_hidden":0,"_bbp_forum_subforum_count":0,"site-sidebar-layout":"default","site-content-layout":"","ast-site-content-layout":"default","site-content-style":"default","site-sidebar-style":"default","ast-global-header-display":"","ast-banner-title-visibility":"","ast-main-header-display":"","ast-hfb-above-header-display":"","ast-hfb-below-header-display":"","ast-hfb-mobile-header-display":"","site-post-title":"","ast-breadcrumbs-content":"","ast-featured-img":"","footer-sml-layout":"","theme-transparent-header-meta":"default","adv-header-id-meta":"","stick-header-meta":"","header-above-stick-meta":"","header-main-stick-meta":"","header-below-stick-meta":"","astra-migrate-meta-layouts":"set","ast-page-background-enabled":"default","ast-page-background-meta":{"desktop":{"background-color":"var(--ast-global-color-4)","background-image":"","background-repeat":"repeat","background-position":"center center","background-size":"auto","background-attachment":"scroll","background-type":"","background-media":"","overlay-type":"","overlay-color":"","overlay-opacity":"","overlay-gradient":""},"tablet":{"background-color":"","background-image":"","background-repeat":"repeat","background-position":"center center","background-size":"auto","background-attachment":"scroll","background-type":"","background-media":"","overlay-type":"","overlay-color":"","overlay-opacity":"","overlay-gradient":""},"mobile":{"background-color":"","background-image":"","background-repeat":"repeat","background-position":"center center","background-size":"auto","background-attachment":"scroll","background-type":"","background-media":"","overlay-type":"","overlay-color":"","overlay-opacity":"","overlay-gradient":""}},"ast-content-background-meta":{"desktop":{"background-color":"var(--ast-global-color-5)","background-image":"","background-repeat":"repeat","background-position":"center center","background-size":"auto","background-attachment":"scroll","background-type":"","background-media":"","overlay-type":"","overlay-color":"","overlay-opacity":"","overlay-gradient":""},"tablet":{"background-color":"var(--ast-global-color-5)","background-image":"","background-repeat":"repeat","background-position":"center center","background-size":"auto","background-attachment":"scroll","background-type":"","background-media":"","overlay-type":"","overlay-color":"","overlay-opacity":"","overlay-gradient":""},"mobile":{"background-color":"var(--ast-global-color-5)","background-image":"","background-repeat":"repeat","background-position":"center center","background-size":"auto","background-attachment":"scroll","background-type":"","background-media":"","overlay-type":"","overlay-color":"","overlay-opacity":"","overlay-gradient":""}},"footnotes":""},"class_list":["post-57","page","type-page","status-publish","hentry"],"post_mailing_queue_ids":[],"_links":{"self":[{"href":"https:\/\/agora.xtec.cat\/iesfmompou\/wp-json\/wp\/v2\/pages\/57","targetHints":{"allow":["GET"]}}],"collection":[{"href":"https:\/\/agora.xtec.cat\/iesfmompou\/wp-json\/wp\/v2\/pages"}],"about":[{"href":"https:\/\/agora.xtec.cat\/iesfmompou\/wp-json\/wp\/v2\/types\/page"}],"author":[{"embeddable":true,"href":"https:\/\/agora.xtec.cat\/iesfmompou\/wp-json\/wp\/v2\/users\/1"}],"replies":[{"embeddable":true,"href":"https:\/\/agora.xtec.cat\/iesfmompou\/wp-json\/wp\/v2\/comments?post=57"}],"version-history":[{"count":6,"href":"https:\/\/agora.xtec.cat\/iesfmompou\/wp-json\/wp\/v2\/pages\/57\/revisions"}],"predecessor-version":[{"id":15149,"href":"https:\/\/agora.xtec.cat\/iesfmompou\/wp-json\/wp\/v2\/pages\/57\/revisions\/15149"}],"wp:attachment":[{"href":"https:\/\/agora.xtec.cat\/iesfmompou\/wp-json\/wp\/v2\/media?parent=57"}],"curies":[{"name":"wp","href":"https:\/\/api.w.org\/{rel}","templated":true}]}}