{"id":49,"date":"2014-09-17T16:55:55","date_gmt":"2014-09-17T16:55:55","guid":{"rendered":"http:\/\/agora.xtec.cat\/iesfmompou\/?page_id=49"},"modified":"2025-07-18T14:07:46","modified_gmt":"2025-07-18T12:07:46","slug":"normes-dorganitzacio-i-funcionament","status":"publish","type":"page","link":"https:\/\/agora.xtec.cat\/iesfmompou\/normes-dorganitzacio-i-funcionament\/","title":{"rendered":"Organitzaci\u00f3 dels grups classe"},"content":{"rendered":"<p><strong>Criteris de confecci\u00f3 de grups, mesures d&#8217;atenci\u00f3 a la diversitat i procediments d&#8217;inclusi\u00f3<a href=\"http:\/\/agora.xtec.cat\/iesfmompou\/wp-content\/uploads\/usu653\/2017\/07\/grups.png\"><img loading=\"lazy\" decoding=\"async\" class=\"size-medium wp-image-2155 alignright\" src=\"http:\/\/agora.xtec.cat\/iesfmompou\/wp-content\/uploads\/usu653\/2017\/07\/grups-300x182.png\" alt=\"\" width=\"300\" height=\"182\" srcset=\"https:\/\/agora.xtec.cat\/iesfmompou\/wp-content\/uploads\/usu653\/2017\/07\/grups-300x182.png 300w, https:\/\/agora.xtec.cat\/iesfmompou\/wp-content\/uploads\/usu653\/2017\/07\/grups.png 701w\" sizes=\"auto, (max-width: 300px) 100vw, 300px\" \/><\/a><\/strong><\/p>\n<p>A\u00a0<strong>primer i segon d&#8217;ESO<\/strong> tenim grups classe d&#8217;entre 20 i 25 alumnes, fomentant unes r\u00e0tios baixes. \u00c9s molt important recalcar que NO s&#8217;agrupa l&#8217;alumnat per nivells acad\u00e8mics i que, per tant, els grups s\u00f3n heterogenis i no n&#8217;hi ha cap que hagi de tenir un nivell m\u00e9s alt o m\u00e9s baix que un altre. A m\u00e9s, oferim una franja de dues hores setmanals de treball per projectes i d&#8217;una hora setmanal d&#8217;optatives.<\/p>\n<p>A\u00a0<strong>tercer d&#8217;ESO<\/strong> tenim grups d&#8217;uns 30 nois i noies amb orientaci\u00f3 acad\u00e8mica, d&#8217;entre els quals hi ha 12 alumnes que fan un Programa de Diversificaci\u00f3 Curricular assistint als M\u00f2duls d&#8217;Orientaci\u00f3 Prelaboral (MOP) durant sis hores setmanals a la Fundaci\u00f3 Maria Auxiliadora (C\/ Linares, 2).<\/p>\n<p>A <strong>quart d&#8217;ESO<\/strong> continua aquest esquema de 3r, per\u00f2 amb els canvis pertinents en funci\u00f3 de la tria de mat\u00e8ries optatives. Els dotze alumnes que feien MOP a 3r ara tenen l&#8217;oportunitat de fer el Projecte Aprenents, un Programa de Diversificaci\u00f3 Curricular en marxa des del curs 2008-2009 que s\u2019adre\u00e7a als alumnes de 4t d\u2019ESO dels centres d\u2019educaci\u00f3 secund\u00e0ria del municipi i l\u2019alumnat del centre d\u2019educaci\u00f3 especial Iris, i consisteix en la realitzaci\u00f3 d\u2019activitats de car\u00e0cter pr\u00e0ctic fora del centre educatiu, concretament estades formatives en empreses, serveis i entitats del municipi.<\/p>\n<p><a href=\"http:\/\/agora.xtec.cat\/iesfmompou\/wp-content\/uploads\/usu653\/2017\/07\/abcd.png\"><img loading=\"lazy\" decoding=\"async\" class=\"size-medium wp-image-2154 alignleft\" src=\"http:\/\/agora.xtec.cat\/iesfmompou\/wp-content\/uploads\/usu653\/2017\/07\/abcd-300x200.png\" alt=\"\" width=\"300\" height=\"200\" srcset=\"https:\/\/agora.xtec.cat\/iesfmompou\/wp-content\/uploads\/usu653\/2017\/07\/abcd-300x200.png 300w, https:\/\/agora.xtec.cat\/iesfmompou\/wp-content\/uploads\/usu653\/2017\/07\/abcd.png 600w\" sizes=\"auto, (max-width: 300px) 100vw, 300px\" \/><\/a>Tots els grups participen sempre a totes les<strong> activitats del centre<\/strong>: sortides, treballs de s\u00edntesi, activitats, xerrades, etc. i el t\u00edtol de secund\u00e0ria que obtenen \u00e9s el mateix. El nivell de cada un dependr\u00e0 de l&#8217;aprofitament que cada noi i noia faci del seu pas per l&#8217;institut.<\/p>\n<p>L&#8217;\u00e8xit a la secund\u00e0ria \u00e9s l&#8217;<strong>obtenci\u00f3 del graduat amb el m\u00e0xim aprofitament possible<\/strong>. Per aix\u00f2 ens adaptem als diferents ritmes d&#8217;aprenentatge del nostre alumnat i els oferim una diversitat d&#8217;opcions per tal que tinguin \u00e8xit, perqu\u00e8 el seu \u00e8xit \u00e9s el nostre.<\/p>\n","protected":false},"excerpt":{"rendered":"<p>Criteris de confecci\u00f3 de grups, mesures d&#8217;atenci\u00f3 a la diversitat i procediments d&#8217;inclusi\u00f3 A\u00a0primer i segon d&#8217;ESO tenim grups classe d&#8217;entre 20 i 25 alumnes, fomentant unes r\u00e0tios baixes. \u00c9s molt important recalcar que NO s&#8217;agrupa l&#8217;alumnat per nivells acad\u00e8mics i que, per tant, els grups s\u00f3n heterogenis i no n&#8217;hi ha cap que hagi [&hellip;]<\/p>\n","protected":false},"author":1,"featured_media":0,"parent":0,"menu_order":60,"comment_status":"closed","ping_status":"closed","template":"","meta":{"_bbp_topic_count":0,"_bbp_reply_count":0,"_bbp_total_topic_count":0,"_bbp_total_reply_count":0,"_bbp_voice_count":0,"_bbp_anonymous_reply_count":0,"_bbp_topic_count_hidden":0,"_bbp_reply_count_hidden":0,"_bbp_forum_subforum_count":0,"site-sidebar-layout":"default","site-content-layout":"","ast-site-content-layout":"default","site-content-style":"default","site-sidebar-style":"default","ast-global-header-display":"","ast-banner-title-visibility":"","ast-main-header-display":"","ast-hfb-above-header-display":"","ast-hfb-below-header-display":"","ast-hfb-mobile-header-display":"","site-post-title":"","ast-breadcrumbs-content":"","ast-featured-img":"","footer-sml-layout":"","theme-transparent-header-meta":"default","adv-header-id-meta":"","stick-header-meta":"","header-above-stick-meta":"","header-main-stick-meta":"","header-below-stick-meta":"","astra-migrate-meta-layouts":"set","ast-page-background-enabled":"default","ast-page-background-meta":{"desktop":{"background-color":"var(--ast-global-color-4)","background-image":"","background-repeat":"repeat","background-position":"center center","background-size":"auto","background-attachment":"scroll","background-type":"","background-media":"","overlay-type":"","overlay-color":"","overlay-opacity":"","overlay-gradient":""},"tablet":{"background-color":"","background-image":"","background-repeat":"repeat","background-position":"center center","background-size":"auto","background-attachment":"scroll","background-type":"","background-media":"","overlay-type":"","overlay-color":"","overlay-opacity":"","overlay-gradient":""},"mobile":{"background-color":"","background-image":"","background-repeat":"repeat","background-position":"center center","background-size":"auto","background-attachment":"scroll","background-type":"","background-media":"","overlay-type":"","overlay-color":"","overlay-opacity":"","overlay-gradient":""}},"ast-content-background-meta":{"desktop":{"background-color":"var(--ast-global-color-5)","background-image":"","background-repeat":"repeat","background-position":"center center","background-size":"auto","background-attachment":"scroll","background-type":"","background-media":"","overlay-type":"","overlay-color":"","overlay-opacity":"","overlay-gradient":""},"tablet":{"background-color":"var(--ast-global-color-5)","background-image":"","background-repeat":"repeat","background-position":"center center","background-size":"auto","background-attachment":"scroll","background-type":"","background-media":"","overlay-type":"","overlay-color":"","overlay-opacity":"","overlay-gradient":""},"mobile":{"background-color":"var(--ast-global-color-5)","background-image":"","background-repeat":"repeat","background-position":"center center","background-size":"auto","background-attachment":"scroll","background-type":"","background-media":"","overlay-type":"","overlay-color":"","overlay-opacity":"","overlay-gradient":""}},"footnotes":""},"class_list":["post-49","page","type-page","status-publish","hentry"],"post_mailing_queue_ids":[],"_links":{"self":[{"href":"https:\/\/agora.xtec.cat\/iesfmompou\/wp-json\/wp\/v2\/pages\/49","targetHints":{"allow":["GET"]}}],"collection":[{"href":"https:\/\/agora.xtec.cat\/iesfmompou\/wp-json\/wp\/v2\/pages"}],"about":[{"href":"https:\/\/agora.xtec.cat\/iesfmompou\/wp-json\/wp\/v2\/types\/page"}],"author":[{"embeddable":true,"href":"https:\/\/agora.xtec.cat\/iesfmompou\/wp-json\/wp\/v2\/users\/1"}],"replies":[{"embeddable":true,"href":"https:\/\/agora.xtec.cat\/iesfmompou\/wp-json\/wp\/v2\/comments?post=49"}],"version-history":[{"count":6,"href":"https:\/\/agora.xtec.cat\/iesfmompou\/wp-json\/wp\/v2\/pages\/49\/revisions"}],"predecessor-version":[{"id":15132,"href":"https:\/\/agora.xtec.cat\/iesfmompou\/wp-json\/wp\/v2\/pages\/49\/revisions\/15132"}],"wp:attachment":[{"href":"https:\/\/agora.xtec.cat\/iesfmompou\/wp-json\/wp\/v2\/media?parent=49"}],"curies":[{"name":"wp","href":"https:\/\/api.w.org\/{rel}","templated":true}]}}