{"id":4616,"date":"2018-10-17T00:20:19","date_gmt":"2018-10-16T22:20:19","guid":{"rendered":"http:\/\/agora.xtec.cat\/iesfmompou\/?page_id=4616"},"modified":"2024-10-29T20:06:21","modified_gmt":"2024-10-29T19:06:21","slug":"annexos_nofc","status":"publish","type":"page","link":"https:\/\/agora.xtec.cat\/iesfmompou\/documents\/documents-estrategics-de-centre\/annexos_nofc\/","title":{"rendered":"Annexos NOFC"},"content":{"rendered":"<ul>\n<li style=\"list-style-type: none\">\n<ul>\n<li><a href=\"https:\/\/drive.google.com\/file\/d\/1LsxZFhwOBTsiiKWeXBliFjaCQH0dBEw3\/view?usp=sharing\" target=\"_blank\" rel=\"noopener noreferrer\">Annex 1: Informaci\u00f3 professorat nou<\/a><\/li>\n<li><a href=\"https:\/\/drive.google.com\/file\/d\/1Q54Hp5Dkwsdk95kE4kpYHw77BDbfoIu8\/view?usp=sharing\" target=\"_blank\" rel=\"noopener noreferrer\">Annex 2: Carta de comprom\u00eds educatiu<\/a><\/li>\n<li><a href=\"https:\/\/drive.google.com\/file\/d\/1RsCk05PJG9DLm1xsBbP1N7Zuwzc2W3T6\/view\" target=\"_blank\" rel=\"noopener noreferrer\">Annex 3: Sol\u00b7licitud d&#8217;intervenci\u00f3 i seguiment psicopedag\u00f2gic<\/a><\/li>\n<li><a href=\"https:\/\/drive.google.com\/file\/d\/1qICF0IhqUxZXEnaBmXo0UfdY_paN6WHM\/view\" target=\"_blank\" rel=\"noopener noreferrer\">Annex 6: Formulari de queixes, reclamacions i incid\u00e8ncies<\/a><\/li>\n<li><a href=\"https:\/\/drive.google.com\/file\/d\/0B4E8szDUiSkNcWV2eUVHQzVXQWc\/view\" target=\"_blank\" rel=\"noopener noreferrer\">Annex 7: Justificant de faltes d&#8217;alumnat<\/a><\/li>\n<li><a href=\"https:\/\/drive.google.com\/file\/d\/1HDauI69KB_VNegXllJlNQE3hc2B_1B6q\/view?usp=sharing\" target=\"_blank\" rel=\"noopener noreferrer\">Annex 8: R\u00fabrica d&#8217;avaluaci\u00f3 lligueta d&#8217;aules<\/a><\/li>\n<li><a href=\"https:\/\/drive.google.com\/file\/d\/16j5YIuqJQLPCqNzPux97xqvDawC98n3l\/view\" target=\"_blank\" rel=\"noopener noreferrer\">Annex 9: Sol\u00b7licitud de mediaci\u00f3 escolar<\/a><\/li>\n<\/ul>\n<\/li>\n<\/ul>\n<p>&nbsp;<\/p>\n","protected":false},"excerpt":{"rendered":"<p>Annex 1: Informaci\u00f3 professorat nou Annex 2: Carta de comprom\u00eds educatiu Annex 3: Sol\u00b7licitud d&#8217;intervenci\u00f3 i seguiment psicopedag\u00f2gic Annex 6: Formulari de queixes, reclamacions i incid\u00e8ncies Annex 7: Justificant de faltes d&#8217;alumnat Annex 8: R\u00fabrica d&#8217;avaluaci\u00f3 lligueta d&#8217;aules Annex 9: Sol\u00b7licitud de mediaci\u00f3 escolar &nbsp;<\/p>\n","protected":false},"author":1,"featured_media":0,"parent":2195,"menu_order":0,"comment_status":"closed","ping_status":"closed","template":"","meta":{"_bbp_topic_count":0,"_bbp_reply_count":0,"_bbp_total_topic_count":0,"_bbp_total_reply_count":0,"_bbp_voice_count":0,"_bbp_anonymous_reply_count":0,"_bbp_topic_count_hidden":0,"_bbp_reply_count_hidden":0,"_bbp_forum_subforum_count":0,"site-sidebar-layout":"default","site-content-layout":"","ast-site-content-layout":"","site-content-style":"default","site-sidebar-style":"default","ast-global-header-display":"","ast-banner-title-visibility":"","ast-main-header-display":"","ast-hfb-above-header-display":"","ast-hfb-below-header-display":"","ast-hfb-mobile-header-display":"","site-post-title":"","ast-breadcrumbs-content":"","ast-featured-img":"","footer-sml-layout":"","theme-transparent-header-meta":"","adv-header-id-meta":"","stick-header-meta":"","header-above-stick-meta":"","header-main-stick-meta":"","header-below-stick-meta":"","astra-migrate-meta-layouts":"default","ast-page-background-enabled":"default","ast-page-background-meta":{"desktop":{"background-color":"var(--ast-global-color-4)","background-image":"","background-repeat":"repeat","background-position":"center center","background-size":"auto","background-attachment":"scroll","background-type":"","background-media":"","overlay-type":"","overlay-color":"","overlay-opacity":"","overlay-gradient":""},"tablet":{"background-color":"","background-image":"","background-repeat":"repeat","background-position":"center center","background-size":"auto","background-attachment":"scroll","background-type":"","background-media":"","overlay-type":"","overlay-color":"","overlay-opacity":"","overlay-gradient":""},"mobile":{"background-color":"","background-image":"","background-repeat":"repeat","background-position":"center center","background-size":"auto","background-attachment":"scroll","background-type":"","background-media":"","overlay-type":"","overlay-color":"","overlay-opacity":"","overlay-gradient":""}},"ast-content-background-meta":{"desktop":{"background-color":"var(--ast-global-color-5)","background-image":"","background-repeat":"repeat","background-position":"center center","background-size":"auto","background-attachment":"scroll","background-type":"","background-media":"","overlay-type":"","overlay-color":"","overlay-opacity":"","overlay-gradient":""},"tablet":{"background-color":"var(--ast-global-color-5)","background-image":"","background-repeat":"repeat","background-position":"center center","background-size":"auto","background-attachment":"scroll","background-type":"","background-media":"","overlay-type":"","overlay-color":"","overlay-opacity":"","overlay-gradient":""},"mobile":{"background-color":"var(--ast-global-color-5)","background-image":"","background-repeat":"repeat","background-position":"center center","background-size":"auto","background-attachment":"scroll","background-type":"","background-media":"","overlay-type":"","overlay-color":"","overlay-opacity":"","overlay-gradient":""}},"footnotes":""},"class_list":["post-4616","page","type-page","status-publish","hentry"],"post_mailing_queue_ids":[],"_links":{"self":[{"href":"https:\/\/agora.xtec.cat\/iesfmompou\/wp-json\/wp\/v2\/pages\/4616","targetHints":{"allow":["GET"]}}],"collection":[{"href":"https:\/\/agora.xtec.cat\/iesfmompou\/wp-json\/wp\/v2\/pages"}],"about":[{"href":"https:\/\/agora.xtec.cat\/iesfmompou\/wp-json\/wp\/v2\/types\/page"}],"author":[{"embeddable":true,"href":"https:\/\/agora.xtec.cat\/iesfmompou\/wp-json\/wp\/v2\/users\/1"}],"replies":[{"embeddable":true,"href":"https:\/\/agora.xtec.cat\/iesfmompou\/wp-json\/wp\/v2\/comments?post=4616"}],"version-history":[{"count":4,"href":"https:\/\/agora.xtec.cat\/iesfmompou\/wp-json\/wp\/v2\/pages\/4616\/revisions"}],"predecessor-version":[{"id":14270,"href":"https:\/\/agora.xtec.cat\/iesfmompou\/wp-json\/wp\/v2\/pages\/4616\/revisions\/14270"}],"up":[{"embeddable":true,"href":"https:\/\/agora.xtec.cat\/iesfmompou\/wp-json\/wp\/v2\/pages\/2195"}],"wp:attachment":[{"href":"https:\/\/agora.xtec.cat\/iesfmompou\/wp-json\/wp\/v2\/media?parent=4616"}],"curies":[{"name":"wp","href":"https:\/\/api.w.org\/{rel}","templated":true}]}}