{"id":46,"date":"2014-09-17T16:53:45","date_gmt":"2014-09-17T16:53:45","guid":{"rendered":"http:\/\/agora.xtec.cat\/iesfmompou\/?page_id=46"},"modified":"2025-11-21T11:38:50","modified_gmt":"2025-11-21T10:38:50","slug":"organigrama","status":"publish","type":"page","link":"https:\/\/agora.xtec.cat\/iesfmompou\/linstitut\/organigrama\/","title":{"rendered":"Organigrama"},"content":{"rendered":"<p><strong>Equip directiu<a href=\"http:\/\/agora.xtec.cat\/iesfmompou\/wp-content\/uploads\/usu653\/2017\/07\/organigrama.png\"><img loading=\"lazy\" decoding=\"async\" class=\"size-medium wp-image-2169 alignright\" src=\"http:\/\/agora.xtec.cat\/iesfmompou\/wp-content\/uploads\/usu653\/2017\/07\/organigrama-300x198.png\" alt=\"\" width=\"300\" height=\"198\" srcset=\"https:\/\/agora.xtec.cat\/iesfmompou\/wp-content\/uploads\/usu653\/2017\/07\/organigrama-300x198.png 300w, https:\/\/agora.xtec.cat\/iesfmompou\/wp-content\/uploads\/usu653\/2017\/07\/organigrama.png 700w\" sizes=\"auto, (max-width: 300px) 100vw, 300px\" \/><\/a><\/strong><br \/>\nDirector: Miguel Angel Pozo<br \/>\nCap d\u2019estudis: Jaume Estrada<br \/>\nCoordinador pedag\u00f2gic: Robert L\u00f3pez<br \/>\nSecret\u00e0ria: M\u00edriam Ad\u00e1n<\/p>\n<p><strong>Coordinadors de nivell<\/strong><br \/>\nCoordinaci\u00f3 de 1r i 2n d&#8217;ESO: Crist\u00f2for Vicente<br \/>\nCoordinaci\u00f3 de 3r i 4t d&#8217;ESO: Maria Isart<br \/>\nCoordinaci\u00f3 de Batxillerat: Alba Exp\u00f3sito<\/p>\n<p><strong>Coordinadors espec\u00edfics<\/strong><\/p>\n<p>Coordinaci\u00f3 de sortides: Luc\u00eda P\u00e9rez<br \/>\nCoordinaci\u00f3 digital de centre: Sandra Yago<br \/>\nCoordinaci\u00f3 d&#8217;imatge: \u00c8rika Garrido<br \/>\nCoordinaci\u00f3 de riscos i faltes d&#8217;assist\u00e8ncia: J\u00e8ssica Sauras<br \/>\nCoordinaci\u00f3 del Projecte Aprenents: Maria Llanos<br \/>\nCoordinaci\u00f3 del projecte Erasmus+: A. Barcelona<br \/>\nCoordinaci\u00f3 de SIEI: M\u00f2nica Vall\u00e8s<br \/>\nCoordinaci\u00f3 d&#8217;activitats f\u00edsiques: Carlos Carvajal<br \/>\nCoordinaci\u00f3 COCOBE: Carme Yebra<br \/>\nAula d&#8217;Acollida: Maria Teresa Subirana<\/p>\n<p><strong>Caps de Departament<\/strong><\/p>\n<p>Catal\u00e0: Albert Reche<br \/>\nCastell\u00e0: Helena Vargas \/ Marta Rodr\u00edguez<br \/>\nCi\u00e8ncies: Roser Barbadillo<br \/>\nHumanitats: Eva S\u00e1nchez<br \/>\nLleng\u00fces Estrangeres: A. Barcelona<br \/>\nMatem\u00e0tiques i Economia: Elisenda Besora<br \/>\nOrientaci\u00f3: M\u00f3nica Vall\u00e9s<br \/>\nTecnologia:\u00a0 Elena Gonz\u00e1lez<br \/>\nExpressi\u00f3 F\u00edsica i Art\u00edstica: \u00c8rika Garrido<\/p>\n<p><strong>Tutories<\/strong><\/p>\n<table style=\"height: 364px; width: 100%; border-collapse: collapse; border-color: #0a0a0a; background-color: #f5f2f2; border-style: solid;\">\n<tbody>\n<tr style=\"height: 46px;\">\n<td style=\"width: 16.6667%; height: 46px;\"><\/td>\n<td style=\"width: 16.6667%; height: 46px;\"><strong>A<\/strong><\/td>\n<td style=\"width: 16.6667%; height: 46px;\"><strong>B<\/strong><\/td>\n<td style=\"width: 16.6667%; height: 46px;\"><strong>C<\/strong><\/td>\n<td style=\"width: 16.6667%; height: 46px;\"><strong>D<\/strong><\/td>\n<td style=\"width: 16.6667%; height: 46px;\"><strong>E<\/strong><\/td>\n<\/tr>\n<tr style=\"height: 53px;\">\n<td style=\"width: 16.6667%; height: 53px;\"><strong>1r ESO<\/strong><\/td>\n<td style=\"width: 16.6667%; height: 53px;\">Julia Palomar<\/td>\n<td style=\"width: 16.6667%; height: 53px;\">Ana Hern\u00e1ndez<\/td>\n<td style=\"width: 16.6667%; height: 53px;\">Carles S\u00e0bat<\/td>\n<td style=\"width: 16.6667%; height: 53px;\">Carlos Carvajal<\/td>\n<td style=\"width: 16.6667%; height: 53px;\">&#8211;<\/td>\n<\/tr>\n<tr style=\"height: 53px;\">\n<td style=\"width: 16.6667%; height: 53px;\"><strong>2n ESO<\/strong><\/td>\n<td style=\"width: 16.6667%; height: 53px;\">Anna Estrella<\/td>\n<td style=\"width: 16.6667%; height: 53px;\">Lurdes Casadevall<\/td>\n<td style=\"width: 16.6667%; height: 53px;\">Anna Perostes<\/td>\n<td style=\"width: 16.6667%; height: 53px;\">Joan Y\u00e9lamos<\/td>\n<td style=\"width: 16.6667%; height: 53px;\"><\/td>\n<\/tr>\n<tr style=\"height: 53px;\">\n<td style=\"width: 16.6667%; height: 53px;\"><strong>3r ESO<\/strong><\/td>\n<td style=\"width: 16.6667%; height: 53px;\">Jonatan Garcia<\/td>\n<td style=\"width: 16.6667%; height: 53px;\">Cristina Mestres<\/td>\n<td style=\"width: 16.6667%; height: 53px;\">Patricio D\u00edaz<\/td>\n<td style=\"width: 16.6667%; height: 53px;\">&#8211;<\/td>\n<td style=\"width: 16.6667%; height: 53px;\">&#8211;<\/td>\n<\/tr>\n<tr style=\"height: 53px;\">\n<td style=\"width: 16.6667%; height: 53px;\"><strong>4t ESO<\/strong><\/td>\n<td style=\"width: 16.6667%; height: 53px;\">Ester V\u00e1zquez<\/td>\n<td style=\"width: 16.6667%; height: 53px;\">Javier Amador<\/td>\n<td style=\"width: 16.6667%; height: 53px;\">J\u00e8ssica Sauras<\/td>\n<td style=\"width: 16.6667%; height: 53px;\">Judit Mart\u00ed<\/td>\n<td style=\"width: 16.6667%; height: 53px;\">Judith Barru\u00e9<\/td>\n<\/tr>\n<tr style=\"height: 53px;\">\n<td style=\"width: 16.6667%; height: 53px;\"><strong>1r BAT<\/strong><\/td>\n<td style=\"width: 16.6667%; height: 53px;\">Alberto de Pablo<\/td>\n<td style=\"width: 16.6667%; height: 53px;\">Dolors Gallego<\/td>\n<td style=\"width: 16.6667%; height: 53px;\">&#8211;<\/td>\n<td style=\"width: 16.6667%; height: 53px;\">&#8211;<\/td>\n<td style=\"width: 16.6667%; height: 53px;\">&#8211;<\/td>\n<\/tr>\n<tr style=\"height: 53px;\">\n<td style=\"width: 16.6667%; height: 53px;\"><strong>2n BAT<\/strong><\/td>\n<td style=\"width: 16.6667%; height: 53px;\">Pol Gilabert<\/td>\n<td style=\"width: 16.6667%; height: 53px;\">Arnau Sagrist\u00e0<\/td>\n<td style=\"width: 16.6667%; height: 53px;\">Cristina N\u00fa\u00f1ez<\/td>\n<td style=\"width: 16.6667%; height: 53px;\"><\/td>\n<td style=\"width: 16.6667%; height: 53px;\"><\/td>\n<\/tr>\n<\/tbody>\n<\/table>\n<p><a href=\"https:\/\/agora.xtec.cat\/iesfmompou\/wp-content\/uploads\/usu653\/2025\/08\/ORGANIGRAMA-INS-FMOMPOU_VCAT.png\"><img loading=\"lazy\" decoding=\"async\" class=\"alignnone wp-image-15185\" src=\"https:\/\/agora.xtec.cat\/iesfmompou\/wp-content\/uploads\/usu653\/2025\/08\/ORGANIGRAMA-INS-FMOMPOU_VCAT.png\" alt=\"\" width=\"895\" height=\"671\" srcset=\"https:\/\/agora.xtec.cat\/iesfmompou\/wp-content\/uploads\/usu653\/2025\/08\/ORGANIGRAMA-INS-FMOMPOU_VCAT.png 1024w, https:\/\/agora.xtec.cat\/iesfmompou\/wp-content\/uploads\/usu653\/2025\/08\/ORGANIGRAMA-INS-FMOMPOU_VCAT-300x225.png 300w, https:\/\/agora.xtec.cat\/iesfmompou\/wp-content\/uploads\/usu653\/2025\/08\/ORGANIGRAMA-INS-FMOMPOU_VCAT-768x576.png 768w\" sizes=\"auto, (max-width: 895px) 100vw, 895px\" \/><\/a><\/p>\n","protected":false},"excerpt":{"rendered":"<p>Equip directiu Director: Miguel Angel Pozo Cap d\u2019estudis: Jaume Estrada Coordinador pedag\u00f2gic: Robert L\u00f3pez Secret\u00e0ria: M\u00edriam Ad\u00e1n Coordinadors de nivell Coordinaci\u00f3 de 1r i 2n d&#8217;ESO: Crist\u00f2for Vicente Coordinaci\u00f3 de 3r i 4t d&#8217;ESO: Maria Isart Coordinaci\u00f3 de Batxillerat: Alba Exp\u00f3sito Coordinadors espec\u00edfics Coordinaci\u00f3 de sortides: Luc\u00eda P\u00e9rez Coordinaci\u00f3 digital de centre: Sandra Yago Coordinaci\u00f3 [&hellip;]<\/p>\n","protected":false},"author":1,"featured_media":0,"parent":19,"menu_order":2,"comment_status":"closed","ping_status":"closed","template":"","meta":{"_bbp_topic_count":0,"_bbp_reply_count":0,"_bbp_total_topic_count":0,"_bbp_total_reply_count":0,"_bbp_voice_count":0,"_bbp_anonymous_reply_count":0,"_bbp_topic_count_hidden":0,"_bbp_reply_count_hidden":0,"_bbp_forum_subforum_count":0,"site-sidebar-layout":"default","site-content-layout":"","ast-site-content-layout":"default","site-content-style":"default","site-sidebar-style":"default","ast-global-header-display":"","ast-banner-title-visibility":"","ast-main-header-display":"","ast-hfb-above-header-display":"","ast-hfb-below-header-display":"","ast-hfb-mobile-header-display":"","site-post-title":"","ast-breadcrumbs-content":"","ast-featured-img":"","footer-sml-layout":"","theme-transparent-header-meta":"default","adv-header-id-meta":"","stick-header-meta":"","header-above-stick-meta":"","header-main-stick-meta":"","header-below-stick-meta":"","astra-migrate-meta-layouts":"set","ast-page-background-enabled":"default","ast-page-background-meta":{"desktop":{"background-color":"var(--ast-global-color-4)","background-image":"","background-repeat":"repeat","background-position":"center center","background-size":"auto","background-attachment":"scroll","background-type":"","background-media":"","overlay-type":"","overlay-color":"","overlay-opacity":"","overlay-gradient":""},"tablet":{"background-color":"","background-image":"","background-repeat":"repeat","background-position":"center center","background-size":"auto","background-attachment":"scroll","background-type":"","background-media":"","overlay-type":"","overlay-color":"","overlay-opacity":"","overlay-gradient":""},"mobile":{"background-color":"","background-image":"","background-repeat":"repeat","background-position":"center center","background-size":"auto","background-attachment":"scroll","background-type":"","background-media":"","overlay-type":"","overlay-color":"","overlay-opacity":"","overlay-gradient":""}},"ast-content-background-meta":{"desktop":{"background-color":"var(--ast-global-color-5)","background-image":"","background-repeat":"repeat","background-position":"center center","background-size":"auto","background-attachment":"scroll","background-type":"","background-media":"","overlay-type":"","overlay-color":"","overlay-opacity":"","overlay-gradient":""},"tablet":{"background-color":"var(--ast-global-color-5)","background-image":"","background-repeat":"repeat","background-position":"center center","background-size":"auto","background-attachment":"scroll","background-type":"","background-media":"","overlay-type":"","overlay-color":"","overlay-opacity":"","overlay-gradient":""},"mobile":{"background-color":"var(--ast-global-color-5)","background-image":"","background-repeat":"repeat","background-position":"center center","background-size":"auto","background-attachment":"scroll","background-type":"","background-media":"","overlay-type":"","overlay-color":"","overlay-opacity":"","overlay-gradient":""}},"footnotes":""},"class_list":["post-46","page","type-page","status-publish","hentry"],"post_mailing_queue_ids":[],"_links":{"self":[{"href":"https:\/\/agora.xtec.cat\/iesfmompou\/wp-json\/wp\/v2\/pages\/46","targetHints":{"allow":["GET"]}}],"collection":[{"href":"https:\/\/agora.xtec.cat\/iesfmompou\/wp-json\/wp\/v2\/pages"}],"about":[{"href":"https:\/\/agora.xtec.cat\/iesfmompou\/wp-json\/wp\/v2\/types\/page"}],"author":[{"embeddable":true,"href":"https:\/\/agora.xtec.cat\/iesfmompou\/wp-json\/wp\/v2\/users\/1"}],"replies":[{"embeddable":true,"href":"https:\/\/agora.xtec.cat\/iesfmompou\/wp-json\/wp\/v2\/comments?post=46"}],"version-history":[{"count":8,"href":"https:\/\/agora.xtec.cat\/iesfmompou\/wp-json\/wp\/v2\/pages\/46\/revisions"}],"predecessor-version":[{"id":15535,"href":"https:\/\/agora.xtec.cat\/iesfmompou\/wp-json\/wp\/v2\/pages\/46\/revisions\/15535"}],"up":[{"embeddable":true,"href":"https:\/\/agora.xtec.cat\/iesfmompou\/wp-json\/wp\/v2\/pages\/19"}],"wp:attachment":[{"href":"https:\/\/agora.xtec.cat\/iesfmompou\/wp-json\/wp\/v2\/media?parent=46"}],"curies":[{"name":"wp","href":"https:\/\/api.w.org\/{rel}","templated":true}]}}