{"id":3665,"date":"2018-04-02T20:33:40","date_gmt":"2018-04-02T18:33:40","guid":{"rendered":"http:\/\/agora.xtec.cat\/iesfmompou\/?page_id=3665"},"modified":"2025-07-18T12:53:09","modified_gmt":"2025-07-18T10:53:09","slug":"orientacio-academica-i-professional","status":"publish","type":"page","link":"https:\/\/agora.xtec.cat\/iesfmompou\/orientacio-academica-i-professional\/","title":{"rendered":"Orientaci\u00f3 acad\u00e8mica i professional"},"content":{"rendered":"<p><b>Orientaci\u00f3 acad\u00e8mica i professional per a les fam\u00edlies<\/b><\/p>\n<p><span style=\"font-weight: 400;\"><a href=\"http:\/\/agora.xtec.cat\/iesfmompou\/wp-content\/uploads\/usu653\/2018\/04\/nova_cruilla_orientacio_ESO.jpg\"><img loading=\"lazy\" decoding=\"async\" class=\"size-medium wp-image-3669 alignright\" src=\"http:\/\/agora.xtec.cat\/iesfmompou\/wp-content\/uploads\/usu653\/2018\/04\/nova_cruilla_orientacio_ESO-226x300.jpg\" alt=\"\" width=\"226\" height=\"300\" srcset=\"https:\/\/agora.xtec.cat\/iesfmompou\/wp-content\/uploads\/usu653\/2018\/04\/nova_cruilla_orientacio_ESO-226x300.jpg 226w, https:\/\/agora.xtec.cat\/iesfmompou\/wp-content\/uploads\/usu653\/2018\/04\/nova_cruilla_orientacio_ESO.jpg 554w\" sizes=\"auto, (max-width: 226px) 100vw, 226px\" \/><\/a>El proc\u00e9s d&#8217;orientaci\u00f3 acad\u00e8mica i professional a l&#8217;ESO necessita de la <strong>corresponsabilitat entre la <\/strong><\/span><span style=\"font-weight: 400;\"><strong>fam\u00edlia i l&#8217;escola<\/strong>. \u00c9s important que us poseu en contacte amb el tutor o tutora o orientador o orientadora del centre educatiu on el vostre fill estudia. Entre tots l&#8217;ajudareu a prendre la decisi\u00f3 m\u00e9s adequada.<\/span><\/p>\n<p><span style=\"font-weight: 400;\">Des dels centres educatius es fa reflexionar els alumnes sobre els seus interessos, motivacions, capacitats i l\u00edmits, i tamb\u00e9 sobre el seu historial acad\u00e8mic i en qu\u00e8 consisteixen les diferents opcions formatives postobligat\u00f2ries.<\/span><\/p>\n<p><span style=\"font-weight: 400;\">D&#8217;altra banda, <strong>els pares i les mares sou els que millor coneixeu els fills<\/strong> i \u00e9s decisiu el vostre paper d&#8217;<strong>acompanyament des de casa<\/strong>. La vostra opini\u00f3 pot influir i condicionar la seva elecci\u00f3. Per aix\u00f2, \u00e9s important que <strong>dediqueu un temps a valorar amb ells les seves opcions i els acompanyeu en la tria.<\/strong><\/span><\/p>\n<p><span style=\"font-weight: 400;\">Aquest acompanyament cal fer-lo a partir del di\u00e0leg i escoltant les seves opinions. Tingueu present que <strong>han de ser ells els que han de prendre la decisi\u00f3 i responsabilitzar-se&#8217;n<\/strong>.<\/span><\/p>\n<p><span style=\"font-weight: 400;\">Els aspectes que intervenen en la tria d&#8217;estudis, i dels quals heu de fer que s&#8217;adonin s\u00f3n els seg\u00fcents:<\/span><\/p>\n<p>&nbsp;<\/p>\n<ul>\n<li>les seves habilitats i interessos<\/li>\n<\/ul>\n<ul>\n<li>les seves capacitats<\/li>\n<\/ul>\n<ul>\n<li>el seu rendiment acad\u00e8mic<\/li>\n<\/ul>\n<ul>\n<li>els diferents ensenyaments i les caracter\u00edstiques d&#8217;aquests<\/li>\n<\/ul>\n<ul>\n<li>les vies d&#8217;acc\u00e9s als ensenyaments<\/li>\n<\/ul>\n<p><span style=\"font-weight: 400;\">Altres factors que es poden tenir en compte a l&#8217;hora de decantar-se per una opci\u00f3 s\u00f3n l&#8217;acc\u00e9s a <\/span><b>beques<\/b><span style=\"font-weight: 400;\"> i <\/span><b>ajuts<\/b><span style=\"font-weight: 400;\">.<\/span><\/p>\n<p>&nbsp;<\/p>\n<ol>\n<li><strong>Orientaci\u00f3 per a fam\u00edlies<\/strong><\/li>\n<\/ol>\n<p><a href=\"http:\/\/familiaiescola.gencat.cat\/ca\/escolaritat\/acompanyament-escolar-casa\/orientacio\/\">http:\/\/familiaiescola.gencat.cat\/ca\/escolaritat\/acompanyament-escolar-casa\/orientacio\/<\/a><\/p>\n<p>Sal\u00f3 de l\u2019ensenyament: <a href=\"http:\/\/www.ensenyament.com\/ca\/\">http:\/\/www.ensenyament.com\/ca\/<\/a><\/p>\n<p>Mini sal\u00f3 de l\u2019enseyament: <a href=\"https:\/\/espailacapella.wordpress.com\/\">https:\/\/espailacapella.wordpress.com\/<\/a><\/p>\n<ol start=\"2\">\n<li><strong>Sistema educatiu<\/strong><\/li>\n<\/ol>\n<p><a href=\"http:\/\/queestudiar.gencat.cat\/ca\/orientacio\/joves\/informo-ensenyaments\/explora_mapa_destudis\/\">http:\/\/queestudiar.gencat.cat\/ca\/orientacio\/joves\/informo-ensenyaments\/explora_mapa_destudis\/<\/a><\/p>\n<p><strong>2.1. Etapes educatives<\/strong><\/p>\n<p><a href=\"http:\/\/familiaiescola.gencat.cat\/ca\/escolaritat\/etapes-educatives\/\">http:\/\/familiaiescola.gencat.cat\/ca\/escolaritat\/etapes-educatives\/<\/a><\/p>\n<p><strong>Com accedir als ensenyaments?<\/strong><\/p>\n<p><a href=\"http:\/\/ensenyament.gencat.cat\/ca\/departament\/publicacions\/a-cop-ull\/\">http:\/\/ensenyament.gencat.cat\/ca\/departament\/publicacions\/a-cop-ull\/<\/a><\/p>\n<p><strong><em>I despr\u00e9s de l\u2019ESO, qu\u00e8?<\/em><\/strong><\/p>\n<p><a href=\"http:\/\/ensenyament.gencat.cat\/web\/.content\/home\/departament\/publicacions\/a-cop-ull\/14-fp-gm.pdf\">http:\/\/ensenyament.gencat.cat\/web\/.content\/home\/departament\/publicacions\/a-cop-ull\/14-fp-gm.pdf<\/a><\/p>\n<p><strong>Amb el t\u00edtol de graduat de l\u2019ESO: <\/strong><a href=\"http:\/\/queestudiar.gencat.cat\/ca\/estudis\/fp\/\">http:\/\/queestudiar.gencat.cat\/ca\/estudis\/fp\/<\/a><\/p>\n<p>a) Cicles de grau mitj\u00e0: <a href=\"http:\/\/fp.gencat.cat\/cat_prof\/AppJava\/views\/index.xhtml?set-locale=ca_ES\">http:\/\/fp.gencat.cat\/cat_prof\/AppJava\/views\/index.xhtml?set-locale=ca_ES<\/a><br \/>\n<strong>b) Cicles d\u2019ensenyaments de r\u00e8gim especial: esportius, d\u2019arts pl\u00e0stiques i disseny, m\u00fasica i dansa.<\/strong><br \/>\n<strong><em>Esportius:<\/em><\/strong> <a href=\"http:\/\/queestudiar.gencat.cat\/ca\/estudis\/esportius\/\">http:\/\/queestudiar.gencat.cat\/ca\/estudis\/esportius\/<\/a><br \/>\n<strong><em>D\u2019arts pl\u00e0stiques i disseny:<\/em><\/strong> <a href=\"http:\/\/queestudiar.gencat.cat\/ca\/estudis\/apd\">http:\/\/queestudiar.gencat.cat\/ca\/estudis\/apd<\/a><br \/>\n<strong><em>M\u00fasica:<\/em><\/strong> <a href=\"http:\/\/queestudiar.gencat.cat\/ca\/estudis\/musica\/\">http:\/\/queestudiar.gencat.cat\/ca\/estudis\/musica\/<\/a><br \/>\n<strong><em>Dansa:<\/em><\/strong> <a href=\"http:\/\/queestudiar.gencat.cat\/ca\/estudis\/dansa\/\">http:\/\/queestudiar.gencat.cat\/ca\/estudis\/dansa\/<\/a><\/p>\n<p><strong>Sense el t\u00edtol de la ESO<\/strong><\/p>\n<p><strong> PFI<\/strong><br \/>\n<a href=\"http:\/\/queestudiar.gencat.cat\/ca\/estudis\/pfi\/\">http:\/\/queestudiar.gencat.cat\/ca\/estudis\/pfi\/<\/a><\/p>\n<ol start=\"3\">\n<li><strong>Si dubtes encara m\u00e9s, qu\u00e8 fer?:\u00a0<\/strong><\/li>\n<\/ol>\n<p><strong>3.1. Informaci\u00f3 online:<\/strong><\/p>\n<p><a href=\"http:\/\/jovecat.gencat.cat\/ca\/detalls\/Article\/No-saps-quin-cami-triar\">http:\/\/jovecat.gencat.cat\/ca\/detalls\/Article\/No-saps-quin-cami-triar<\/a><\/p>\n<p><strong>3.2. Informaci\u00f3 presencial a l\u2019Oficina jove a Sant Vicen\u00e7:\u00a0<\/strong><\/p>\n<p><a href=\"http:\/\/www.oficinajove.cat\/ca\/oficina\/centre-d-informacio-i-assessorament-per-a-joves\">http:\/\/www.oficinajove.cat\/ca\/oficina\/centre-d-informacio-i-assessorament-per-a-joves<\/a><br \/>\n<a href=\"http:\/\/www.oficinajove.cat\/ca\/oficina\/la-motxilla\">http:\/\/www.oficinajove.cat\/ca\/oficina\/la-motxilla<\/a><\/p>\n<ol start=\"4\">\n<li><strong>Test online d\u2019orientaci\u00f3:\u00a0<\/strong><\/li>\n<\/ol>\n<p><a href=\"http:\/\/apliense.xtec.cat\/orientat\/web\/index.php\">http:\/\/apliense.xtec.cat\/orientat\/web\/index.php<\/a><\/p>\n<p><a href=\"http:\/\/www.educaweb.cat\/orientacio\/interessos-professionals\/\">http:\/\/www.educaweb.cat\/orientacio\/interessos-professionals\/<\/a><\/p>\n<ol start=\"5\">\n<li><strong>Una web m\u00e9s d\u2019orientaci\u00f3:\u00a0<\/strong><\/li>\n<\/ol>\n<p><a href=\"http:\/\/www.educaweb.cat\/continguts\/educatius\/seguir-estudiant\/fer-despres-eso\/\">http:\/\/www.educaweb.cat\/continguts\/educatius\/seguir-estudiant\/fer-despres-eso\/<\/a><\/p>\n<p><a href=\"https:\/\/drive.google.com\/file\/d\/1KS76qP8eraxI6ywp4X8qi3rdoMIiSlaq\/view?usp=sharing\" target=\"_blank\" rel=\"noopener\">Podeu descarregar-vos un document amb tots aquests enlla\u00e7os clicant AQU\u00cd<\/a><\/p>\n","protected":false},"excerpt":{"rendered":"<p>Orientaci\u00f3 acad\u00e8mica i professional per a les fam\u00edlies El proc\u00e9s d&#8217;orientaci\u00f3 acad\u00e8mica i professional a l&#8217;ESO necessita de la corresponsabilitat entre la fam\u00edlia i l&#8217;escola. \u00c9s important que us poseu en contacte amb el tutor o tutora o orientador o orientadora del centre educatiu on el vostre fill estudia. Entre tots l&#8217;ajudareu a prendre la [&hellip;]<\/p>\n","protected":false},"author":1,"featured_media":0,"parent":0,"menu_order":0,"comment_status":"closed","ping_status":"closed","template":"","meta":{"_bbp_topic_count":0,"_bbp_reply_count":0,"_bbp_total_topic_count":0,"_bbp_total_reply_count":0,"_bbp_voice_count":0,"_bbp_anonymous_reply_count":0,"_bbp_topic_count_hidden":0,"_bbp_reply_count_hidden":0,"_bbp_forum_subforum_count":0,"site-sidebar-layout":"default","site-content-layout":"","ast-site-content-layout":"default","site-content-style":"default","site-sidebar-style":"default","ast-global-header-display":"","ast-banner-title-visibility":"","ast-main-header-display":"","ast-hfb-above-header-display":"","ast-hfb-below-header-display":"","ast-hfb-mobile-header-display":"","site-post-title":"","ast-breadcrumbs-content":"","ast-featured-img":"","footer-sml-layout":"","theme-transparent-header-meta":"default","adv-header-id-meta":"","stick-header-meta":"","header-above-stick-meta":"","header-main-stick-meta":"","header-below-stick-meta":"","astra-migrate-meta-layouts":"set","ast-page-background-enabled":"default","ast-page-background-meta":{"desktop":{"background-color":"var(--ast-global-color-4)","background-image":"","background-repeat":"repeat","background-position":"center center","background-size":"auto","background-attachment":"scroll","background-type":"","background-media":"","overlay-type":"","overlay-color":"","overlay-opacity":"","overlay-gradient":""},"tablet":{"background-color":"","background-image":"","background-repeat":"repeat","background-position":"center center","background-size":"auto","background-attachment":"scroll","background-type":"","background-media":"","overlay-type":"","overlay-color":"","overlay-opacity":"","overlay-gradient":""},"mobile":{"background-color":"","background-image":"","background-repeat":"repeat","background-position":"center center","background-size":"auto","background-attachment":"scroll","background-type":"","background-media":"","overlay-type":"","overlay-color":"","overlay-opacity":"","overlay-gradient":""}},"ast-content-background-meta":{"desktop":{"background-color":"var(--ast-global-color-5)","background-image":"","background-repeat":"repeat","background-position":"center center","background-size":"auto","background-attachment":"scroll","background-type":"","background-media":"","overlay-type":"","overlay-color":"","overlay-opacity":"","overlay-gradient":""},"tablet":{"background-color":"var(--ast-global-color-5)","background-image":"","background-repeat":"repeat","background-position":"center center","background-size":"auto","background-attachment":"scroll","background-type":"","background-media":"","overlay-type":"","overlay-color":"","overlay-opacity":"","overlay-gradient":""},"mobile":{"background-color":"var(--ast-global-color-5)","background-image":"","background-repeat":"repeat","background-position":"center center","background-size":"auto","background-attachment":"scroll","background-type":"","background-media":"","overlay-type":"","overlay-color":"","overlay-opacity":"","overlay-gradient":""}},"footnotes":""},"class_list":["post-3665","page","type-page","status-publish","hentry"],"post_mailing_queue_ids":[],"_links":{"self":[{"href":"https:\/\/agora.xtec.cat\/iesfmompou\/wp-json\/wp\/v2\/pages\/3665","targetHints":{"allow":["GET"]}}],"collection":[{"href":"https:\/\/agora.xtec.cat\/iesfmompou\/wp-json\/wp\/v2\/pages"}],"about":[{"href":"https:\/\/agora.xtec.cat\/iesfmompou\/wp-json\/wp\/v2\/types\/page"}],"author":[{"embeddable":true,"href":"https:\/\/agora.xtec.cat\/iesfmompou\/wp-json\/wp\/v2\/users\/1"}],"replies":[{"embeddable":true,"href":"https:\/\/agora.xtec.cat\/iesfmompou\/wp-json\/wp\/v2\/comments?post=3665"}],"version-history":[{"count":3,"href":"https:\/\/agora.xtec.cat\/iesfmompou\/wp-json\/wp\/v2\/pages\/3665\/revisions"}],"predecessor-version":[{"id":5891,"href":"https:\/\/agora.xtec.cat\/iesfmompou\/wp-json\/wp\/v2\/pages\/3665\/revisions\/5891"}],"wp:attachment":[{"href":"https:\/\/agora.xtec.cat\/iesfmompou\/wp-json\/wp\/v2\/media?parent=3665"}],"curies":[{"name":"wp","href":"https:\/\/api.w.org\/{rel}","templated":true}]}}