{"id":3110,"date":"2018-01-14T13:13:14","date_gmt":"2018-01-14T12:13:14","guid":{"rendered":"http:\/\/agora.xtec.cat\/iesfmompou\/?page_id=3110"},"modified":"2025-07-18T12:54:33","modified_gmt":"2025-07-18T10:54:33","slug":"passant-revista","status":"publish","type":"page","link":"https:\/\/agora.xtec.cat\/iesfmompou\/projecte-educatiu\/passant-revista\/","title":{"rendered":"Passant Revista"},"content":{"rendered":"<p><a href=\"https:\/\/agora.xtec.cat\/iesfmompou\/wp-content\/uploads\/usu653\/2021\/12\/Logo-revista-proposta-definitiva.png\"><img loading=\"lazy\" decoding=\"async\" class=\"wp-image-10279 alignnone\" src=\"https:\/\/agora.xtec.cat\/iesfmompou\/wp-content\/uploads\/usu653\/2021\/12\/Logo-revista-proposta-definitiva-300x59.png\" alt=\"\" width=\"488\" height=\"96\" srcset=\"https:\/\/agora.xtec.cat\/iesfmompou\/wp-content\/uploads\/usu653\/2021\/12\/Logo-revista-proposta-definitiva-300x59.png 300w, https:\/\/agora.xtec.cat\/iesfmompou\/wp-content\/uploads\/usu653\/2021\/12\/Logo-revista-proposta-definitiva-1024x202.png 1024w, https:\/\/agora.xtec.cat\/iesfmompou\/wp-content\/uploads\/usu653\/2021\/12\/Logo-revista-proposta-definitiva-768x151.png 768w, https:\/\/agora.xtec.cat\/iesfmompou\/wp-content\/uploads\/usu653\/2021\/12\/Logo-revista-proposta-definitiva-1536x303.png 1536w, https:\/\/agora.xtec.cat\/iesfmompou\/wp-content\/uploads\/usu653\/2021\/12\/Logo-revista-proposta-definitiva-2048x404.png 2048w\" sizes=\"auto, (max-width: 488px) 100vw, 488px\" \/><\/a><\/p>\n<p>Des d&#8217;aqu\u00ed podeu accedir a l&#8217;arxiu hist\u00f2ric de la revista de l&#8217;Institut.<\/p>\n<p><a href=\"https:\/\/drive.google.com\/file\/d\/1H-Qk3ffBZcdxWtaM1Rn3iS7kpbiPWqmS\/view?usp=sharing\"><img loading=\"lazy\" decoding=\"async\" class=\"alignnone wp-image-14735 \" src=\"https:\/\/agora.xtec.cat\/iesfmompou\/wp-content\/uploads\/usu653\/2025\/03\/Portada-revista-68-724x1024.jpg\" alt=\"\" width=\"217\" height=\"307\" srcset=\"https:\/\/agora.xtec.cat\/iesfmompou\/wp-content\/uploads\/usu653\/2025\/03\/Portada-revista-68-724x1024.jpg 724w, https:\/\/agora.xtec.cat\/iesfmompou\/wp-content\/uploads\/usu653\/2025\/03\/Portada-revista-68-212x300.jpg 212w, https:\/\/agora.xtec.cat\/iesfmompou\/wp-content\/uploads\/usu653\/2025\/03\/Portada-revista-68-768x1086.jpg 768w, https:\/\/agora.xtec.cat\/iesfmompou\/wp-content\/uploads\/usu653\/2025\/03\/Portada-revista-68-1086x1536.jpg 1086w, https:\/\/agora.xtec.cat\/iesfmompou\/wp-content\/uploads\/usu653\/2025\/03\/Portada-revista-68-1448x2048.jpg 1448w, https:\/\/agora.xtec.cat\/iesfmompou\/wp-content\/uploads\/usu653\/2025\/03\/Portada-revista-68-scaled.jpg 1810w\" sizes=\"auto, (max-width: 217px) 100vw, 217px\" \/><\/a><\/p>\n<p>Passant Revista 068<br \/>\nMar\u00e7 2025<\/p>\n<p><a href=\"https:\/\/drive.google.com\/file\/d\/1TK90hQfBq_FfYsBnriq8hijkLkF17cJl\/view?usp=sharing\"><img loading=\"lazy\" decoding=\"async\" class=\"alignleft size-medium wp-image-13801\" src=\"https:\/\/agora.xtec.cat\/iesfmompou\/wp-content\/uploads\/usu653\/2024\/04\/Passant-Revista-67-sense-plecs-DEF-1-01-212x300.png\" alt=\"\" width=\"212\" height=\"300\" srcset=\"https:\/\/agora.xtec.cat\/iesfmompou\/wp-content\/uploads\/usu653\/2024\/04\/Passant-Revista-67-sense-plecs-DEF-1-01-212x300.png 212w, https:\/\/agora.xtec.cat\/iesfmompou\/wp-content\/uploads\/usu653\/2024\/04\/Passant-Revista-67-sense-plecs-DEF-1-01-724x1024.png 724w, https:\/\/agora.xtec.cat\/iesfmompou\/wp-content\/uploads\/usu653\/2024\/04\/Passant-Revista-67-sense-plecs-DEF-1-01-768x1086.png 768w, https:\/\/agora.xtec.cat\/iesfmompou\/wp-content\/uploads\/usu653\/2024\/04\/Passant-Revista-67-sense-plecs-DEF-1-01-1086x1536.png 1086w, https:\/\/agora.xtec.cat\/iesfmompou\/wp-content\/uploads\/usu653\/2024\/04\/Passant-Revista-67-sense-plecs-DEF-1-01-1448x2048.png 1448w, https:\/\/agora.xtec.cat\/iesfmompou\/wp-content\/uploads\/usu653\/2024\/04\/Passant-Revista-67-sense-plecs-DEF-1-01.png 1654w\" sizes=\"auto, (max-width: 212px) 100vw, 212px\" \/><\/a><\/p>\n<p><a href=\"https:\/\/drive.google.com\/file\/d\/1GA2Dq2q9Yw64CuIdSEX8rP2hNcQdVvqh\/view?usp=sharing\"><img loading=\"lazy\" decoding=\"async\" class=\"alignleft wp-image-13800 size-medium\" src=\"https:\/\/agora.xtec.cat\/iesfmompou\/wp-content\/uploads\/usu653\/2024\/04\/Passant-Revista-66-1-01-212x300.png\" alt=\"\" width=\"212\" height=\"300\" srcset=\"https:\/\/agora.xtec.cat\/iesfmompou\/wp-content\/uploads\/usu653\/2024\/04\/Passant-Revista-66-1-01-212x300.png 212w, https:\/\/agora.xtec.cat\/iesfmompou\/wp-content\/uploads\/usu653\/2024\/04\/Passant-Revista-66-1-01-724x1024.png 724w, https:\/\/agora.xtec.cat\/iesfmompou\/wp-content\/uploads\/usu653\/2024\/04\/Passant-Revista-66-1-01-768x1086.png 768w, https:\/\/agora.xtec.cat\/iesfmompou\/wp-content\/uploads\/usu653\/2024\/04\/Passant-Revista-66-1-01-1086x1536.png 1086w, https:\/\/agora.xtec.cat\/iesfmompou\/wp-content\/uploads\/usu653\/2024\/04\/Passant-Revista-66-1-01-1448x2048.png 1448w, https:\/\/agora.xtec.cat\/iesfmompou\/wp-content\/uploads\/usu653\/2024\/04\/Passant-Revista-66-1-01.png 1654w\" sizes=\"auto, (max-width: 212px) 100vw, 212px\" \/><\/a><\/p>\n<p>&nbsp;<\/p>\n<p>&nbsp;<\/p>\n<p>&nbsp;<\/p>\n<p>&nbsp;<\/p>\n<p>&nbsp;<\/p>\n<p>&nbsp;<\/p>\n<p>&nbsp;<\/p>\n<p>Passant Revista 067\u00a0 \u00a0 \u00a0 \u00a0 \u00a0 \u00a0 \u00a0 \u00a0 \u00a0 \u00a0 Passant Revista 066<br \/>\nMar\u00e7 2024\u00a0 \u00a0 \u00a0 \u00a0 \u00a0 \u00a0 \u00a0 \u00a0 \u00a0 \u00a0 \u00a0 \u00a0 \u00a0 \u00a0 \u00a0 \u00a0 \u00a0 \u00a0 Maig 2023<\/p>\n<p><a href=\"https:\/\/drive.google.com\/file\/d\/1ATBrBmOyTJb3yiUJ2wBY_zzbIB5M4VDj\/view?usp=sharing\"><img loading=\"lazy\" decoding=\"async\" class=\"alignleft wp-image-11484 size-medium\" src=\"https:\/\/agora.xtec.cat\/iesfmompou\/wp-content\/uploads\/usu653\/2022\/09\/Passant-Revista-65-1_pages-to-jpg-0001-212x300.jpg\" alt=\"\" width=\"212\" height=\"300\" srcset=\"https:\/\/agora.xtec.cat\/iesfmompou\/wp-content\/uploads\/usu653\/2022\/09\/Passant-Revista-65-1_pages-to-jpg-0001-212x300.jpg 212w, https:\/\/agora.xtec.cat\/iesfmompou\/wp-content\/uploads\/usu653\/2022\/09\/Passant-Revista-65-1_pages-to-jpg-0001-725x1024.jpg 725w, https:\/\/agora.xtec.cat\/iesfmompou\/wp-content\/uploads\/usu653\/2022\/09\/Passant-Revista-65-1_pages-to-jpg-0001-768x1085.jpg 768w, https:\/\/agora.xtec.cat\/iesfmompou\/wp-content\/uploads\/usu653\/2022\/09\/Passant-Revista-65-1_pages-to-jpg-0001-1087x1536.jpg 1087w, https:\/\/agora.xtec.cat\/iesfmompou\/wp-content\/uploads\/usu653\/2022\/09\/Passant-Revista-65-1_pages-to-jpg-0001.jpg 1241w\" sizes=\"auto, (max-width: 212px) 100vw, 212px\" \/><\/a><\/p>\n<p><a href=\"https:\/\/drive.google.com\/file\/d\/1HiJ63gZYmxHpON7OrKM1Pu3kVAlZdrr-\/view?usp=sharing\"><img loading=\"lazy\" decoding=\"async\" class=\"alignleft wp-image-11483 size-medium\" src=\"https:\/\/agora.xtec.cat\/iesfmompou\/wp-content\/uploads\/usu653\/2022\/09\/Passant-Revista-64-1_pages-to-jpg-0001-212x300.jpg\" alt=\"\" width=\"212\" height=\"300\" srcset=\"https:\/\/agora.xtec.cat\/iesfmompou\/wp-content\/uploads\/usu653\/2022\/09\/Passant-Revista-64-1_pages-to-jpg-0001-212x300.jpg 212w, https:\/\/agora.xtec.cat\/iesfmompou\/wp-content\/uploads\/usu653\/2022\/09\/Passant-Revista-64-1_pages-to-jpg-0001-725x1024.jpg 725w, https:\/\/agora.xtec.cat\/iesfmompou\/wp-content\/uploads\/usu653\/2022\/09\/Passant-Revista-64-1_pages-to-jpg-0001-768x1085.jpg 768w, https:\/\/agora.xtec.cat\/iesfmompou\/wp-content\/uploads\/usu653\/2022\/09\/Passant-Revista-64-1_pages-to-jpg-0001-1087x1536.jpg 1087w, https:\/\/agora.xtec.cat\/iesfmompou\/wp-content\/uploads\/usu653\/2022\/09\/Passant-Revista-64-1_pages-to-jpg-0001.jpg 1241w\" sizes=\"auto, (max-width: 212px) 100vw, 212px\" \/><\/a><\/p>\n<p>&nbsp;<\/p>\n<p>&nbsp;<\/p>\n<p>&nbsp;<\/p>\n<p>&nbsp;<\/p>\n<p>&nbsp;<\/p>\n<p>&nbsp;<\/p>\n<p>&nbsp;<\/p>\n<p>Passant Revista 065\u00a0 \u00a0 \u00a0 \u00a0 \u00a0 \u00a0 \u00a0 \u00a0 \u00a0 \u00a0 Passant Revista 064<br \/>\nSetembre 2022\u00a0 \u00a0 \u00a0 \u00a0 \u00a0 \u00a0 \u00a0 \u00a0 \u00a0 \u00a0 \u00a0 \u00a0 \u00a0 \u00a0 Febrer 2022<\/p>\n<figure id=\"attachment_9122\" aria-describedby=\"caption-attachment-9122\" style=\"width: 212px\" class=\"wp-caption alignleft\"><a href=\"https:\/\/drive.google.com\/file\/d\/1ogXWlqAMcb3p1P4_LEhprwTM9slL4e3P\/view?usp=sharing\"><img loading=\"lazy\" decoding=\"async\" class=\"wp-image-9122 size-medium\" src=\"https:\/\/agora.xtec.cat\/iesfmompou\/wp-content\/uploads\/usu653\/2021\/04\/Passant-Revista-062_page-0001-212x300.jpg\" alt=\"\" width=\"212\" height=\"300\" srcset=\"https:\/\/agora.xtec.cat\/iesfmompou\/wp-content\/uploads\/usu653\/2021\/04\/Passant-Revista-062_page-0001-212x300.jpg 212w, https:\/\/agora.xtec.cat\/iesfmompou\/wp-content\/uploads\/usu653\/2021\/04\/Passant-Revista-062_page-0001-768x1085.jpg 768w, https:\/\/agora.xtec.cat\/iesfmompou\/wp-content\/uploads\/usu653\/2021\/04\/Passant-Revista-062_page-0001-725x1024.jpg 725w, https:\/\/agora.xtec.cat\/iesfmompou\/wp-content\/uploads\/usu653\/2021\/04\/Passant-Revista-062_page-0001.jpg 1241w\" sizes=\"auto, (max-width: 212px) 100vw, 212px\" \/><\/a><figcaption id=\"caption-attachment-9122\" class=\"wp-caption-text\">Passant Revista 062 \/ Febrer 2021<\/figcaption><\/figure>\n<figure id=\"attachment_10288\" aria-describedby=\"caption-attachment-10288\" style=\"width: 212px\" class=\"wp-caption alignleft\"><a href=\"https:\/\/drive.google.com\/file\/d\/1xTtiOuCe_Hc1UBuYylChMPfrGNmtmJBe\/view?usp=sharing\"><img loading=\"lazy\" decoding=\"async\" class=\"wp-image-10288 size-medium\" src=\"https:\/\/agora.xtec.cat\/iesfmompou\/wp-content\/uploads\/usu653\/2021\/12\/Passant-Revista-63-212x300.jpg\" alt=\"\" width=\"212\" height=\"300\" srcset=\"https:\/\/agora.xtec.cat\/iesfmompou\/wp-content\/uploads\/usu653\/2021\/12\/Passant-Revista-63-212x300.jpg 212w, https:\/\/agora.xtec.cat\/iesfmompou\/wp-content\/uploads\/usu653\/2021\/12\/Passant-Revista-63-725x1024.jpg 725w, https:\/\/agora.xtec.cat\/iesfmompou\/wp-content\/uploads\/usu653\/2021\/12\/Passant-Revista-63-768x1085.jpg 768w, https:\/\/agora.xtec.cat\/iesfmompou\/wp-content\/uploads\/usu653\/2021\/12\/Passant-Revista-63-1087x1536.jpg 1087w, https:\/\/agora.xtec.cat\/iesfmompou\/wp-content\/uploads\/usu653\/2021\/12\/Passant-Revista-63.jpg 1241w\" sizes=\"auto, (max-width: 212px) 100vw, 212px\" \/><\/a><figcaption id=\"caption-attachment-10288\" class=\"wp-caption-text\">Passant Revista 063 \/ Juny 2021<\/figcaption><\/figure>\n<p>&nbsp;<\/p>\n<p>&nbsp;<\/p>\n<p>&nbsp;<\/p>\n<p>&nbsp;<\/p>\n<p>&nbsp;<\/p>\n<p>&nbsp;<\/p>\n<p>&nbsp;<\/p>\n<p>&nbsp;<\/p>\n<p>&nbsp;<\/p>\n<p><a href=\"https:\/\/drive.google.com\/file\/d\/1W2N25sG5_x1e1eAf_6AREABW-5Zdborh\/view?usp=sharing\" target=\"_blank\" rel=\"noopener noreferrer\">Passant Revista 60 \/ juny 2019<\/a><\/p>\n<p><a href=\"https:\/\/drive.google.com\/file\/d\/1ltzlWpozSXfW9GJDg1Q72U9wvO789WB2\/view?usp=sharing\" target=\"_blank\" rel=\"noopener noreferrer\">Passant Revista 59 \/ abril 2019<\/a><\/p>\n<p><a href=\"https:\/\/drive.google.com\/file\/d\/16pStHEDpSo2iLJlSclW6OOWS5V23XFJ2\/view?usp=sharing\" target=\"_blank\" rel=\"noopener noreferrer\">Passant Revista 58 \/ desembre 2018<\/a><\/p>\n<p><a href=\"https:\/\/drive.google.com\/file\/d\/1cqRrAoxf7xcbYA6V2KNtVgrWbQUSq3Kv\/view?usp=sharing\" target=\"_blank\" rel=\"noopener noreferrer\">Passant Revista 55 \/ desembre 2017<\/a><\/p>\n<p><a href=\"https:\/\/drive.google.com\/file\/d\/1MteRn0mo4NQAd_xYSxYgJq_C70xA1ur9\/view?usp=sharing\" target=\"_blank\" rel=\"noopener noreferrer\">Passant Revista 54 \/ juny 2017<\/a><\/p>\n<p><a href=\"https:\/\/drive.google.com\/file\/d\/1ODcqHDt1fwTObnoVfjKF2CY_GqN2VkK0\/view?usp=sharing\" target=\"_blank\" rel=\"noopener noreferrer\">Passant Revista 53 \/ mar\u00e7 2017<\/a><\/p>\n<p><a href=\"https:\/\/drive.google.com\/file\/d\/1i8F4MrFkEk98fih5aM3jpXzglVAu0dlj\/view?usp=sharing\" target=\"_blank\" rel=\"noopener noreferrer\">Passant Revista 52 \/ desembre 2016<\/a><\/p>\n<p><a href=\"https:\/\/drive.google.com\/file\/d\/1yLhViHhiJSj5EmZJ-aConD9Nt1KbkTb1\/view?usp=sharing\" target=\"_blank\" rel=\"noopener noreferrer\">Passant Revista 51 \/ juny de 2016<\/a><\/p>\n<p><a href=\"https:\/\/drive.google.com\/file\/d\/1GSV3BsmmbEl7D6ElCzGpMByay4JwVKt3\/view?usp=sharing\" target=\"_blank\" rel=\"noopener noreferrer\">Passant Revista 50 \/ abril 2016<\/a><\/p>\n<p><a href=\"https:\/\/drive.google.com\/file\/d\/1qV54itBuWDRavhEfQfVMcbZWOf_StCRO\/view?usp=sharing\" target=\"_blank\" rel=\"noopener noreferrer\">Passant Revista 49 \/ desembre 2015<\/a><\/p>\n<p><a href=\"https:\/\/drive.google.com\/file\/d\/1NPnA2AUggl9xqkelxVGp5-VUURPTXsvb\/view?usp=sharing\" target=\"_blank\" rel=\"noopener noreferrer\">Passant Revista 47 \/ mar\u00e7 2015<\/a><\/p>\n<p><a href=\"https:\/\/drive.google.com\/file\/d\/1aiuRIMfLasuMHizxQmkUkLqfzxtdT7eL\/view?usp=sharing\" target=\"_blank\" rel=\"noopener noreferrer\">Passant Revista 39 \/ juny 2012<\/a><\/p>\n<p><a href=\"https:\/\/drive.google.com\/file\/d\/1aiuRIMfLasuMHizxQmkUkLqfzxtdT7eL\/view?usp=sharing\" target=\"_blank\" rel=\"noopener noreferrer\">Passant Revista 38 \/ abril 2012<\/a><\/p>\n<p><a href=\"https:\/\/drive.google.com\/file\/d\/1D-9l12ja2pXRiAERSsB2B6QiWVS5fVan\/view?usp=sharing\" target=\"_blank\" rel=\"noopener noreferrer\">Passant Revista 37 \/ febrer 2012<\/a><\/p>\n<p><a href=\"https:\/\/drive.google.com\/file\/d\/1PeU96_FNJ9absi5FFOGTmG13f6maY0At\/view?usp=sharing\" target=\"_blank\" rel=\"noopener noreferrer\">Passant Revista 35 \/ juny 2011<\/a><\/p>\n<p><a href=\"https:\/\/drive.google.com\/file\/d\/1F3RGDItWZ2Abi9sqDLD3I5ectz08nHT1\/view?usp=sharing\" target=\"_blank\" rel=\"noopener noreferrer\">Passant Revista 34 \/ abril 2011<\/a><\/p>\n<p><a href=\"https:\/\/drive.google.com\/file\/d\/1FqiXjCBXpHJ0S-qMoVyM_jrRgtlBelKF\/view?usp=sharing\" target=\"_blank\" rel=\"noopener noreferrer\">Passant Revista 33 \/ febrer 2011<\/a><\/p>\n<p><a href=\"https:\/\/drive.google.com\/file\/d\/1cnO9PPBp9K9c2RRHowysBHx5w5Z9fPSE\/view?usp=sharing\" target=\"_blank\" rel=\"noopener noreferrer\">Passant Revista 32 \/ novembre 2010<\/a><\/p>\n<p><a href=\"https:\/\/drive.google.com\/file\/d\/1rRQTmtifxHVwQFp7MAyRlBeF-NsU8oE1\/view?usp=sharing\" target=\"_blank\" rel=\"noopener noreferrer\">Passant Revista 31 \/ juny 2010<\/a><\/p>\n<p><a href=\"https:\/\/drive.google.com\/file\/d\/1J2nUnj2InDO3QFAI_H5scn5cGlbVk9I3\/view?usp=sharing\" target=\"_blank\" rel=\"noopener noreferrer\">Passant Revista 30 \/ maig 2010<\/a><\/p>\n<p><a href=\"https:\/\/drive.google.com\/file\/d\/15IvnpnRb-wO1UMW2pma065YGr2mMBvvV\/view?usp=sharing\" target=\"_blank\" rel=\"noopener noreferrer\">Passant Revista 29 \/ febrer 2010<\/a><\/p>\n<p><a href=\"https:\/\/drive.google.com\/file\/d\/1NjPXyijvyewjSoMo1wAIOplh-pnCnu85\/view?usp=sharing\" target=\"_blank\" rel=\"noopener noreferrer\">Passant Revista 28 \/ novembre 2009<\/a><\/p>\n<p><a href=\"https:\/\/drive.google.com\/file\/d\/12vHgNhOmQ_95MRZoC8CqEMr-mhIFljkj\/view?usp=sharing\" target=\"_blank\" rel=\"noopener noreferrer\">Passant Revista 27 \/ juliol 2009<\/a><\/p>\n<p><a href=\"https:\/\/drive.google.com\/file\/d\/1R8NJblMl81-Unow4cMcz7xesiwVNlLdX\/view?usp=sharing\" target=\"_blank\" rel=\"noopener noreferrer\">Passant Revista 26 \/ maig 2009<\/a><\/p>\n<p><a href=\"https:\/\/drive.google.com\/file\/d\/1tXDwGLNxO_eMQkNEcAYA4B1SmjZBkTg6\/view?usp=sharing\" target=\"_blank\" rel=\"noopener noreferrer\">Passant Revista 25 \/ mar\u00e7 2009<\/a><\/p>\n<p><a href=\"https:\/\/drive.google.com\/file\/d\/1WWnKef0J4hAtHtu4gZXbvIauUi1EMebU\/view?usp=sharing\" target=\"_blank\" rel=\"noopener noreferrer\">Passant Revista 24 \/ desembre 2008<\/a><\/p>\n<p>&nbsp;<\/p>\n<p>&nbsp;<\/p>\n<p>&nbsp;<\/p>\n<p>&nbsp;<\/p>\n<p>&nbsp;<\/p>\n<p>&nbsp;<\/p>\n","protected":false},"excerpt":{"rendered":"<p>Des d&#8217;aqu\u00ed podeu accedir a l&#8217;arxiu hist\u00f2ric de la revista de l&#8217;Institut. Passant Revista 068 Mar\u00e7 2025 &nbsp; &nbsp; &nbsp; &nbsp; &nbsp; &nbsp; &nbsp; Passant Revista 067\u00a0 \u00a0 \u00a0 \u00a0 \u00a0 \u00a0 \u00a0 \u00a0 \u00a0 \u00a0 Passant Revista 066 Mar\u00e7 2024\u00a0 \u00a0 \u00a0 \u00a0 \u00a0 \u00a0 \u00a0 \u00a0 \u00a0 \u00a0 \u00a0 \u00a0 \u00a0 \u00a0 \u00a0 [&hellip;]<\/p>\n","protected":false},"author":1,"featured_media":0,"parent":57,"menu_order":0,"comment_status":"closed","ping_status":"closed","template":"","meta":{"_bbp_topic_count":0,"_bbp_reply_count":0,"_bbp_total_topic_count":0,"_bbp_total_reply_count":0,"_bbp_voice_count":0,"_bbp_anonymous_reply_count":0,"_bbp_topic_count_hidden":0,"_bbp_reply_count_hidden":0,"_bbp_forum_subforum_count":0,"site-sidebar-layout":"default","site-content-layout":"","ast-site-content-layout":"default","site-content-style":"default","site-sidebar-style":"default","ast-global-header-display":"","ast-banner-title-visibility":"","ast-main-header-display":"","ast-hfb-above-header-display":"","ast-hfb-below-header-display":"","ast-hfb-mobile-header-display":"","site-post-title":"","ast-breadcrumbs-content":"","ast-featured-img":"","footer-sml-layout":"","theme-transparent-header-meta":"default","adv-header-id-meta":"","stick-header-meta":"","header-above-stick-meta":"","header-main-stick-meta":"","header-below-stick-meta":"","astra-migrate-meta-layouts":"set","ast-page-background-enabled":"default","ast-page-background-meta":{"desktop":{"background-color":"var(--ast-global-color-4)","background-image":"","background-repeat":"repeat","background-position":"center center","background-size":"auto","background-attachment":"scroll","background-type":"","background-media":"","overlay-type":"","overlay-color":"","overlay-opacity":"","overlay-gradient":""},"tablet":{"background-color":"","background-image":"","background-repeat":"repeat","background-position":"center center","background-size":"auto","background-attachment":"scroll","background-type":"","background-media":"","overlay-type":"","overlay-color":"","overlay-opacity":"","overlay-gradient":""},"mobile":{"background-color":"","background-image":"","background-repeat":"repeat","background-position":"center center","background-size":"auto","background-attachment":"scroll","background-type":"","background-media":"","overlay-type":"","overlay-color":"","overlay-opacity":"","overlay-gradient":""}},"ast-content-background-meta":{"desktop":{"background-color":"var(--ast-global-color-5)","background-image":"","background-repeat":"repeat","background-position":"center center","background-size":"auto","background-attachment":"scroll","background-type":"","background-media":"","overlay-type":"","overlay-color":"","overlay-opacity":"","overlay-gradient":""},"tablet":{"background-color":"var(--ast-global-color-5)","background-image":"","background-repeat":"repeat","background-position":"center center","background-size":"auto","background-attachment":"scroll","background-type":"","background-media":"","overlay-type":"","overlay-color":"","overlay-opacity":"","overlay-gradient":""},"mobile":{"background-color":"var(--ast-global-color-5)","background-image":"","background-repeat":"repeat","background-position":"center center","background-size":"auto","background-attachment":"scroll","background-type":"","background-media":"","overlay-type":"","overlay-color":"","overlay-opacity":"","overlay-gradient":""}},"footnotes":""},"class_list":["post-3110","page","type-page","status-publish","hentry"],"post_mailing_queue_ids":[],"_links":{"self":[{"href":"https:\/\/agora.xtec.cat\/iesfmompou\/wp-json\/wp\/v2\/pages\/3110","targetHints":{"allow":["GET"]}}],"collection":[{"href":"https:\/\/agora.xtec.cat\/iesfmompou\/wp-json\/wp\/v2\/pages"}],"about":[{"href":"https:\/\/agora.xtec.cat\/iesfmompou\/wp-json\/wp\/v2\/types\/page"}],"author":[{"embeddable":true,"href":"https:\/\/agora.xtec.cat\/iesfmompou\/wp-json\/wp\/v2\/users\/1"}],"replies":[{"embeddable":true,"href":"https:\/\/agora.xtec.cat\/iesfmompou\/wp-json\/wp\/v2\/comments?post=3110"}],"version-history":[{"count":6,"href":"https:\/\/agora.xtec.cat\/iesfmompou\/wp-json\/wp\/v2\/pages\/3110\/revisions"}],"predecessor-version":[{"id":14736,"href":"https:\/\/agora.xtec.cat\/iesfmompou\/wp-json\/wp\/v2\/pages\/3110\/revisions\/14736"}],"up":[{"embeddable":true,"href":"https:\/\/agora.xtec.cat\/iesfmompou\/wp-json\/wp\/v2\/pages\/57"}],"wp:attachment":[{"href":"https:\/\/agora.xtec.cat\/iesfmompou\/wp-json\/wp\/v2\/media?parent=3110"}],"curies":[{"name":"wp","href":"https:\/\/api.w.org\/{rel}","templated":true}]}}