{"id":27,"date":"2014-09-17T16:24:03","date_gmt":"2014-09-17T16:24:03","guid":{"rendered":"http:\/\/agora.xtec.cat\/iesfmompou\/?page_id=27"},"modified":"2025-07-23T20:13:08","modified_gmt":"2025-07-23T18:13:08","slug":"historia","status":"publish","type":"page","link":"https:\/\/agora.xtec.cat\/iesfmompou\/linstitut\/historia\/","title":{"rendered":"Hist\u00f2ria"},"content":{"rendered":"<p><a href=\"http:\/\/agora.xtec.cat\/iesfmompou\/wp-content\/uploads\/usu653\/2014\/09\/hist01.jpg\"><img loading=\"lazy\" decoding=\"async\" class=\"size-full wp-image-301 alignleft\" src=\"http:\/\/agora.xtec.cat\/iesfmompou\/wp-content\/uploads\/usu653\/2014\/09\/hist01.jpg\" alt=\"hist01\" width=\"535\" height=\"252\" srcset=\"https:\/\/agora.xtec.cat\/iesfmompou\/wp-content\/uploads\/usu653\/2014\/09\/hist01.jpg 535w, https:\/\/agora.xtec.cat\/iesfmompou\/wp-content\/uploads\/usu653\/2014\/09\/hist01-300x141.jpg 300w\" sizes=\"auto, (max-width: 535px) 100vw, 535px\" \/><\/a>Al setembre del 1978, arran d&#8217;uns acords en mat\u00e8ria d&#8217;ensenyament de l&#8217;Estat amb la Generalitat, a Catalunya es van impulsar una vintena de centres de nova creaci\u00f3. Un d&#8217;aquests nous centres es va instal\u00b7lar a Sant Vicen\u00e7 dels Horts. Els terrenys, que eren un camp de cirerers, els va cedir l&#8217;ajuntament de Sant Vicen\u00e7. A l&#8217;octubre del mateix any comen\u00e7a a funcionar el nou centre docent en unes aules cedides per l&#8217;escola de la Vinyala. El pressupost inicial del centre era d&#8217;unes 50.000 pessetes i \u00fanicament hi havia classes de 1er i 2on de BUP (Batxillerat Unificat Polivalent). \u00d2bviament el centre tenia unes instal\u00b7lacions prec\u00e0ries sense cap mena d&#8217;infrastructura. Les oficines estaven situades a la sala de plens de l&#8217;ajuntament.<\/p>\n<p>L&#8217;any seg\u00fcent el 1979 es construeix un centre de 8 unitats i 2 pisos a l&#8217;espai que avui ocupa l&#8217;escola Sant Antoni. Fruit d&#8217;aquesta ampliaci\u00f3 el centre comen\u00e7a a rebre alumnes de Santa Coloma de Cervell\u00f3, Torrelles de Llobregat, Pallej\u00e0, Vallirana, Cervell\u00f3 i Sant Andreu de la Barca ja que aquestes poblacions no tenien centre d&#8217;ensenyament de secund\u00e0ria. El creixement d&#8217;alumnat \u00e9s espectacular i es configura el cicle del BUP i el COU (Curs d&#8217;Orientaci\u00f3 Universit\u00e0ria). Als inicis dels vuitanta es construeixen barracons\u00a0i es planifica l&#8217;edificaci\u00f3 del centre actual. Concretament l&#8217;any 1983, el centre s&#8217;instal\u00b7la definitivament a l&#8217;actual edifici amb 400 alumnes i una trentena de professors. El nou edifici ja disposa de 16 aules, biblioteca, serveis educatius i cantina. A finals dels 80 s&#8217;assoleix un m\u00e0xim d&#8217;alumnat, el centre hi estudien 650 alumnes, als pobles de les rodalies ja s&#8217;han constru\u00eft centres i es redueix part de l&#8217;alumnat.<\/p>\n<p>La implantaci\u00f3\u00a0de la LOGSE porta nous canvis al centre, ara es reben alumnes des dels 12 anys amb ensenyament obligatori (ESO) fins als 16 anys. El curs 1996-97 es torna a ampliar l&#8217;edifici i es fan reformes, el nombre d&#8217;alumnes s&#8217;estabilitza al voltant d&#8217;uns 450 i un claustre de 48 professors. Construcci\u00f3 d&#8217;un nou gimn\u00e0s.<\/p>\n<p>El nom del centre es va escollir entre una s\u00e8rie de propostes realitzades. De les votacions de tota la comunitat educativa en va sortir el nom actual.<\/p>\n","protected":false},"excerpt":{"rendered":"<p>Al setembre del 1978, arran d&#8217;uns acords en mat\u00e8ria d&#8217;ensenyament de l&#8217;Estat amb la Generalitat, a Catalunya es van impulsar una vintena de centres de nova creaci\u00f3. Un d&#8217;aquests nous centres es va instal\u00b7lar a Sant Vicen\u00e7 dels Horts. Els terrenys, que eren un camp de cirerers, els va cedir l&#8217;ajuntament de Sant Vicen\u00e7. A [&hellip;]<\/p>\n","protected":false},"author":1,"featured_media":0,"parent":19,"menu_order":1,"comment_status":"closed","ping_status":"closed","template":"","meta":{"_bbp_topic_count":0,"_bbp_reply_count":0,"_bbp_total_topic_count":0,"_bbp_total_reply_count":0,"_bbp_voice_count":0,"_bbp_anonymous_reply_count":0,"_bbp_topic_count_hidden":0,"_bbp_reply_count_hidden":0,"_bbp_forum_subforum_count":0,"site-sidebar-layout":"default","site-content-layout":"","ast-site-content-layout":"default","site-content-style":"default","site-sidebar-style":"default","ast-global-header-display":"","ast-banner-title-visibility":"","ast-main-header-display":"","ast-hfb-above-header-display":"","ast-hfb-below-header-display":"","ast-hfb-mobile-header-display":"","site-post-title":"","ast-breadcrumbs-content":"","ast-featured-img":"","footer-sml-layout":"","theme-transparent-header-meta":"default","adv-header-id-meta":"","stick-header-meta":"","header-above-stick-meta":"","header-main-stick-meta":"","header-below-stick-meta":"","astra-migrate-meta-layouts":"set","ast-page-background-enabled":"default","ast-page-background-meta":{"desktop":{"background-color":"var(--ast-global-color-4)","background-image":"","background-repeat":"repeat","background-position":"center center","background-size":"auto","background-attachment":"scroll","background-type":"","background-media":"","overlay-type":"","overlay-color":"","overlay-opacity":"","overlay-gradient":""},"tablet":{"background-color":"","background-image":"","background-repeat":"repeat","background-position":"center center","background-size":"auto","background-attachment":"scroll","background-type":"","background-media":"","overlay-type":"","overlay-color":"","overlay-opacity":"","overlay-gradient":""},"mobile":{"background-color":"","background-image":"","background-repeat":"repeat","background-position":"center center","background-size":"auto","background-attachment":"scroll","background-type":"","background-media":"","overlay-type":"","overlay-color":"","overlay-opacity":"","overlay-gradient":""}},"ast-content-background-meta":{"desktop":{"background-color":"var(--ast-global-color-5)","background-image":"","background-repeat":"repeat","background-position":"center center","background-size":"auto","background-attachment":"scroll","background-type":"","background-media":"","overlay-type":"","overlay-color":"","overlay-opacity":"","overlay-gradient":""},"tablet":{"background-color":"var(--ast-global-color-5)","background-image":"","background-repeat":"repeat","background-position":"center center","background-size":"auto","background-attachment":"scroll","background-type":"","background-media":"","overlay-type":"","overlay-color":"","overlay-opacity":"","overlay-gradient":""},"mobile":{"background-color":"var(--ast-global-color-5)","background-image":"","background-repeat":"repeat","background-position":"center center","background-size":"auto","background-attachment":"scroll","background-type":"","background-media":"","overlay-type":"","overlay-color":"","overlay-opacity":"","overlay-gradient":""}},"footnotes":""},"class_list":["post-27","page","type-page","status-publish","hentry"],"post_mailing_queue_ids":[],"_links":{"self":[{"href":"https:\/\/agora.xtec.cat\/iesfmompou\/wp-json\/wp\/v2\/pages\/27","targetHints":{"allow":["GET"]}}],"collection":[{"href":"https:\/\/agora.xtec.cat\/iesfmompou\/wp-json\/wp\/v2\/pages"}],"about":[{"href":"https:\/\/agora.xtec.cat\/iesfmompou\/wp-json\/wp\/v2\/types\/page"}],"author":[{"embeddable":true,"href":"https:\/\/agora.xtec.cat\/iesfmompou\/wp-json\/wp\/v2\/users\/1"}],"replies":[{"embeddable":true,"href":"https:\/\/agora.xtec.cat\/iesfmompou\/wp-json\/wp\/v2\/comments?post=27"}],"version-history":[{"count":4,"href":"https:\/\/agora.xtec.cat\/iesfmompou\/wp-json\/wp\/v2\/pages\/27\/revisions"}],"predecessor-version":[{"id":15177,"href":"https:\/\/agora.xtec.cat\/iesfmompou\/wp-json\/wp\/v2\/pages\/27\/revisions\/15177"}],"up":[{"embeddable":true,"href":"https:\/\/agora.xtec.cat\/iesfmompou\/wp-json\/wp\/v2\/pages\/19"}],"wp:attachment":[{"href":"https:\/\/agora.xtec.cat\/iesfmompou\/wp-json\/wp\/v2\/media?parent=27"}],"curies":[{"name":"wp","href":"https:\/\/api.w.org\/{rel}","templated":true}]}}