{"id":2242,"date":"2017-07-14T12:22:09","date_gmt":"2017-07-14T10:22:09","guid":{"rendered":"http:\/\/agora.xtec.cat\/iesfmompou\/?page_id=2242"},"modified":"2026-01-30T11:36:25","modified_gmt":"2026-01-30T10:36:25","slug":"documents-per-al-professorat","status":"publish","type":"page","link":"https:\/\/agora.xtec.cat\/iesfmompou\/documents\/documents-per-al-professorat\/","title":{"rendered":"Documents per al professorat"},"content":{"rendered":"<ul>\n<li><a href=\"https:\/\/sites.google.com\/insfredericmompou.cat\/espai-projectes\/inici\" target=\"_blank\" rel=\"noopener\">Espai projectes (acc\u00e9s amb usuari insfredericmompou.cat)<\/a><\/li>\n<li><a href=\"https:\/\/drive.google.com\/file\/d\/1m-oPadM2d7W1IUyR2AnyIf4UPLRv1Z3w\/view?usp=sharing\" target=\"_blank\" rel=\"noopener noreferrer\">Declaraci\u00f3 responsable justificativa d&#8217;abs\u00e8ncia &#8211; professorat o personal d&#8217;administraci\u00f3<\/a><\/li>\n<li><a href=\"https:\/\/drive.google.com\/file\/d\/1RsCk05PJG9DLm1xsBbP1N7Zuwzc2W3T6\/view?usp=sharing\" target=\"_blank\" rel=\"noopener noreferrer\">Full de sol\u00b7licitud d&#8217;intervenci\u00f3 i seguiment psicopedag\u00f2gic<\/a><\/li>\n<li><a href=\"https:\/\/drive.google.com\/file\/d\/16j5YIuqJQLPCqNzPux97xqvDawC98n3l\/view?usp=sharing\" target=\"_blank\" rel=\"noopener noreferrer\">Full de sol\u00b7licitud de mediaci\u00f3 escolar<\/a><\/li>\n<\/ul>\n<h3>Organitzaci\u00f3 de sortides<\/h3>\n<ul>\n<li><a href=\"https:\/\/drive.google.com\/file\/d\/1LtEvLgnQ_PSnqcRtFE7CacqwnWJJQjKj\/view?usp=sharing\" target=\"_blank\" rel=\"noopener noreferrer\">Com organitzar una sortida<\/a><\/li>\n<li><a href=\"https:\/\/docs.google.com\/forms\/d\/e\/1FAIpQLSeLVKu9t0URsnrjOXV4GSRgvIcyuBWalXARHHpjd3DyksT_Dg\/viewform?usp=sf_link\" target=\"_blank\" rel=\"noopener noreferrer\">Acc\u00e9s al <strong>formulari<\/strong> per organitzar sortides<\/a><\/li>\n<\/ul>\n","protected":false},"excerpt":{"rendered":"<p>Espai projectes (acc\u00e9s amb usuari insfredericmompou.cat) Declaraci\u00f3 responsable justificativa d&#8217;abs\u00e8ncia &#8211; professorat o personal d&#8217;administraci\u00f3 Full de sol\u00b7licitud d&#8217;intervenci\u00f3 i seguiment psicopedag\u00f2gic Full de sol\u00b7licitud de mediaci\u00f3 escolar Organitzaci\u00f3 de sortides Com organitzar una sortida Acc\u00e9s al formulari per organitzar sortides<\/p>\n","protected":false},"author":1,"featured_media":0,"parent":2193,"menu_order":6,"comment_status":"closed","ping_status":"closed","template":"","meta":{"_bbp_topic_count":0,"_bbp_reply_count":0,"_bbp_total_topic_count":0,"_bbp_total_reply_count":0,"_bbp_voice_count":0,"_bbp_anonymous_reply_count":0,"_bbp_topic_count_hidden":0,"_bbp_reply_count_hidden":0,"_bbp_forum_subforum_count":0,"site-sidebar-layout":"default","site-content-layout":"","ast-site-content-layout":"default","site-content-style":"default","site-sidebar-style":"default","ast-global-header-display":"","ast-banner-title-visibility":"","ast-main-header-display":"","ast-hfb-above-header-display":"","ast-hfb-below-header-display":"","ast-hfb-mobile-header-display":"","site-post-title":"","ast-breadcrumbs-content":"","ast-featured-img":"","footer-sml-layout":"","theme-transparent-header-meta":"default","adv-header-id-meta":"","stick-header-meta":"","header-above-stick-meta":"","header-main-stick-meta":"","header-below-stick-meta":"","astra-migrate-meta-layouts":"set","ast-page-background-enabled":"default","ast-page-background-meta":{"desktop":{"background-color":"var(--ast-global-color-4)","background-image":"","background-repeat":"repeat","background-position":"center center","background-size":"auto","background-attachment":"scroll","background-type":"","background-media":"","overlay-type":"","overlay-color":"","overlay-opacity":"","overlay-gradient":""},"tablet":{"background-color":"","background-image":"","background-repeat":"repeat","background-position":"center center","background-size":"auto","background-attachment":"scroll","background-type":"","background-media":"","overlay-type":"","overlay-color":"","overlay-opacity":"","overlay-gradient":""},"mobile":{"background-color":"","background-image":"","background-repeat":"repeat","background-position":"center center","background-size":"auto","background-attachment":"scroll","background-type":"","background-media":"","overlay-type":"","overlay-color":"","overlay-opacity":"","overlay-gradient":""}},"ast-content-background-meta":{"desktop":{"background-color":"var(--ast-global-color-5)","background-image":"","background-repeat":"repeat","background-position":"center center","background-size":"auto","background-attachment":"scroll","background-type":"","background-media":"","overlay-type":"","overlay-color":"","overlay-opacity":"","overlay-gradient":""},"tablet":{"background-color":"var(--ast-global-color-5)","background-image":"","background-repeat":"repeat","background-position":"center center","background-size":"auto","background-attachment":"scroll","background-type":"","background-media":"","overlay-type":"","overlay-color":"","overlay-opacity":"","overlay-gradient":""},"mobile":{"background-color":"var(--ast-global-color-5)","background-image":"","background-repeat":"repeat","background-position":"center center","background-size":"auto","background-attachment":"scroll","background-type":"","background-media":"","overlay-type":"","overlay-color":"","overlay-opacity":"","overlay-gradient":""}},"footnotes":""},"class_list":["post-2242","page","type-page","status-publish","hentry"],"post_mailing_queue_ids":[],"_links":{"self":[{"href":"https:\/\/agora.xtec.cat\/iesfmompou\/wp-json\/wp\/v2\/pages\/2242","targetHints":{"allow":["GET"]}}],"collection":[{"href":"https:\/\/agora.xtec.cat\/iesfmompou\/wp-json\/wp\/v2\/pages"}],"about":[{"href":"https:\/\/agora.xtec.cat\/iesfmompou\/wp-json\/wp\/v2\/types\/page"}],"author":[{"embeddable":true,"href":"https:\/\/agora.xtec.cat\/iesfmompou\/wp-json\/wp\/v2\/users\/1"}],"replies":[{"embeddable":true,"href":"https:\/\/agora.xtec.cat\/iesfmompou\/wp-json\/wp\/v2\/comments?post=2242"}],"version-history":[{"count":7,"href":"https:\/\/agora.xtec.cat\/iesfmompou\/wp-json\/wp\/v2\/pages\/2242\/revisions"}],"predecessor-version":[{"id":15720,"href":"https:\/\/agora.xtec.cat\/iesfmompou\/wp-json\/wp\/v2\/pages\/2242\/revisions\/15720"}],"up":[{"embeddable":true,"href":"https:\/\/agora.xtec.cat\/iesfmompou\/wp-json\/wp\/v2\/pages\/2193"}],"wp:attachment":[{"href":"https:\/\/agora.xtec.cat\/iesfmompou\/wp-json\/wp\/v2\/media?parent=2242"}],"curies":[{"name":"wp","href":"https:\/\/api.w.org\/{rel}","templated":true}]}}