{"id":2232,"date":"2017-07-14T12:02:20","date_gmt":"2017-07-14T10:02:20","guid":{"rendered":"http:\/\/agora.xtec.cat\/iesfmompou\/?page_id=2232"},"modified":"2017-07-14T12:12:22","modified_gmt":"2017-07-14T10:12:22","slug":"mediacio","status":"publish","type":"page","link":"https:\/\/agora.xtec.cat\/iesfmompou\/projecte-educatiu\/mediacio\/","title":{"rendered":"Mediaci\u00f3"},"content":{"rendered":"<p><strong>Qu\u00e8 \u00e9s la mediaci\u00f3?<a href=\"http:\/\/agora.xtec.cat\/iesfmompou\/wp-content\/uploads\/usu653\/2017\/07\/Logo-mediaci\u00f3.png\"><img loading=\"lazy\" decoding=\"async\" class=\"size-medium wp-image-2234 alignright\" src=\"http:\/\/agora.xtec.cat\/iesfmompou\/wp-content\/uploads\/usu653\/2017\/07\/Logo-mediaci\u00f3-300x162.png\" alt=\"\" width=\"300\" height=\"162\" srcset=\"https:\/\/agora.xtec.cat\/iesfmompou\/wp-content\/uploads\/usu653\/2017\/07\/Logo-mediaci\u00f3-300x162.png 300w, https:\/\/agora.xtec.cat\/iesfmompou\/wp-content\/uploads\/usu653\/2017\/07\/Logo-mediaci\u00f3.png 662w\" sizes=\"auto, (max-width: 300px) 100vw, 300px\" \/><\/a><\/strong><\/p>\n<ul>\n<li>La mediaci\u00f3 \u00e9s una forma de resoldre conflictes entre dues o m\u00e9s persones.<\/li>\n<li>La mediaci\u00f3 pot resoldre conflictes relacionats amb la transgressi\u00f3 de les normes de conviv\u00e8ncia, amistats que s&#8217;han deteriorat, situacions desagradables o que semblin injustes, maltractaments o qualsevol tipus de problemes entre membres de la comunitat educativa.<\/li>\n<\/ul>\n<p><strong>Qui s\u00f3n els mediadors?<\/strong><\/p>\n<ul>\n<li>La coordinadora del servei de mediaci\u00f3 i l\u2019alumnat que ha estat format durant el curs, que participa volunt\u00e0riament com a mediador i alumnat dels darrers cursos.<\/li>\n<\/ul>\n<p><strong>Com funciona?<\/strong><\/p>\n<ul>\n<li>\u00c9s un proc\u00e9s voluntari<\/li>\n<li>Mai es jutja. Els mediadors tenen una actitud d\u2019escolta i de facilitaci\u00f3 del di\u00e0leg<\/li>\n<li>\u00c9s absolutament confidencial<\/li>\n<li>El respecte \u00e9s la base del proc\u00e9s<\/li>\n<\/ul>\n<p><strong>Com es pot demanar?\u00a0 <\/strong><\/p>\n<ul>\n<li>Adre\u00e7ant-te al teu tutor o tutora<\/li>\n<li>Adre\u00e7ant-te a algun membre de l\u2019equip directiu<\/li>\n<li>Adre\u00e7ant-te a la coordinadora de mediaci\u00f3 Cristina Gr\u00e0cia<\/li>\n<\/ul>\n","protected":false},"excerpt":{"rendered":"<p>Qu\u00e8 \u00e9s la mediaci\u00f3? La mediaci\u00f3 \u00e9s una forma de resoldre conflictes entre dues o m\u00e9s persones. La mediaci\u00f3 pot resoldre conflictes relacionats amb la transgressi\u00f3 de les normes de conviv\u00e8ncia, amistats que s&#8217;han deteriorat, situacions desagradables o que semblin injustes, maltractaments o qualsevol tipus de problemes entre membres de la comunitat educativa. Qui s\u00f3n [&hellip;]<\/p>\n","protected":false},"author":1,"featured_media":0,"parent":57,"menu_order":0,"comment_status":"closed","ping_status":"closed","template":"","meta":{"_bbp_topic_count":0,"_bbp_reply_count":0,"_bbp_total_topic_count":0,"_bbp_total_reply_count":0,"_bbp_voice_count":0,"_bbp_anonymous_reply_count":0,"_bbp_topic_count_hidden":0,"_bbp_reply_count_hidden":0,"_bbp_forum_subforum_count":0,"site-sidebar-layout":"default","site-content-layout":"","ast-site-content-layout":"","site-content-style":"default","site-sidebar-style":"default","ast-global-header-display":"","ast-banner-title-visibility":"","ast-main-header-display":"","ast-hfb-above-header-display":"","ast-hfb-below-header-display":"","ast-hfb-mobile-header-display":"","site-post-title":"","ast-breadcrumbs-content":"","ast-featured-img":"","footer-sml-layout":"","theme-transparent-header-meta":"","adv-header-id-meta":"","stick-header-meta":"","header-above-stick-meta":"","header-main-stick-meta":"","header-below-stick-meta":"","astra-migrate-meta-layouts":"default","ast-page-background-enabled":"default","ast-page-background-meta":{"desktop":{"background-color":"var(--ast-global-color-4)","background-image":"","background-repeat":"repeat","background-position":"center center","background-size":"auto","background-attachment":"scroll","background-type":"","background-media":"","overlay-type":"","overlay-color":"","overlay-opacity":"","overlay-gradient":""},"tablet":{"background-color":"","background-image":"","background-repeat":"repeat","background-position":"center center","background-size":"auto","background-attachment":"scroll","background-type":"","background-media":"","overlay-type":"","overlay-color":"","overlay-opacity":"","overlay-gradient":""},"mobile":{"background-color":"","background-image":"","background-repeat":"repeat","background-position":"center center","background-size":"auto","background-attachment":"scroll","background-type":"","background-media":"","overlay-type":"","overlay-color":"","overlay-opacity":"","overlay-gradient":""}},"ast-content-background-meta":{"desktop":{"background-color":"var(--ast-global-color-5)","background-image":"","background-repeat":"repeat","background-position":"center center","background-size":"auto","background-attachment":"scroll","background-type":"","background-media":"","overlay-type":"","overlay-color":"","overlay-opacity":"","overlay-gradient":""},"tablet":{"background-color":"var(--ast-global-color-5)","background-image":"","background-repeat":"repeat","background-position":"center center","background-size":"auto","background-attachment":"scroll","background-type":"","background-media":"","overlay-type":"","overlay-color":"","overlay-opacity":"","overlay-gradient":""},"mobile":{"background-color":"var(--ast-global-color-5)","background-image":"","background-repeat":"repeat","background-position":"center center","background-size":"auto","background-attachment":"scroll","background-type":"","background-media":"","overlay-type":"","overlay-color":"","overlay-opacity":"","overlay-gradient":""}},"footnotes":""},"class_list":["post-2232","page","type-page","status-publish","hentry"],"post_mailing_queue_ids":[],"_links":{"self":[{"href":"https:\/\/agora.xtec.cat\/iesfmompou\/wp-json\/wp\/v2\/pages\/2232","targetHints":{"allow":["GET"]}}],"collection":[{"href":"https:\/\/agora.xtec.cat\/iesfmompou\/wp-json\/wp\/v2\/pages"}],"about":[{"href":"https:\/\/agora.xtec.cat\/iesfmompou\/wp-json\/wp\/v2\/types\/page"}],"author":[{"embeddable":true,"href":"https:\/\/agora.xtec.cat\/iesfmompou\/wp-json\/wp\/v2\/users\/1"}],"replies":[{"embeddable":true,"href":"https:\/\/agora.xtec.cat\/iesfmompou\/wp-json\/wp\/v2\/comments?post=2232"}],"version-history":[{"count":4,"href":"https:\/\/agora.xtec.cat\/iesfmompou\/wp-json\/wp\/v2\/pages\/2232\/revisions"}],"predecessor-version":[{"id":2238,"href":"https:\/\/agora.xtec.cat\/iesfmompou\/wp-json\/wp\/v2\/pages\/2232\/revisions\/2238"}],"up":[{"embeddable":true,"href":"https:\/\/agora.xtec.cat\/iesfmompou\/wp-json\/wp\/v2\/pages\/57"}],"wp:attachment":[{"href":"https:\/\/agora.xtec.cat\/iesfmompou\/wp-json\/wp\/v2\/media?parent=2232"}],"curies":[{"name":"wp","href":"https:\/\/api.w.org\/{rel}","templated":true}]}}