{"id":2226,"date":"2017-07-14T11:13:21","date_gmt":"2017-07-14T09:13:21","guid":{"rendered":"http:\/\/agora.xtec.cat\/iesfmompou\/?page_id=2226"},"modified":"2017-07-14T13:27:00","modified_gmt":"2017-07-14T11:27:00","slug":"institut-acollidor","status":"publish","type":"page","link":"https:\/\/agora.xtec.cat\/iesfmompou\/projecte-educatiu\/institut-acollidor\/","title":{"rendered":"Institut acollidor"},"content":{"rendered":"<p>Aquest \u00e9s un dels objectius que ens mou, fer del nostre centre un institut acollidor. Volem que el nostre alumnat se&#8217;l senti seu i s&#8217;hi senti a gust. Tothom t\u00e9 el dret d&#8217;assistir a classe amb tranquil\u00b7litat, amb confian\u00e7a i sentint-se part d&#8217;un projecte com\u00fa. \u00c9s per aix\u00f2 que a l&#8217;institut Frederic Mompou donem molta import\u00e0ncia a q\u00fcestions fonamentals per aconseguir aquesta complicitat amb el nostre alumnat:<\/p>\n<ul>\n<li><strong>La tutoria<\/strong> i el paper dels tutors i tutores com a element fonamental de vincle entre les fam\u00edlies, el centre i l&#8217;alumnat.<a href=\"http:\/\/agora.xtec.cat\/iesfmompou\/wp-content\/uploads\/usu653\/2017\/07\/acollidor1.png\"><img loading=\"lazy\" decoding=\"async\" class=\"size-medium wp-image-2228 alignright\" src=\"http:\/\/agora.xtec.cat\/iesfmompou\/wp-content\/uploads\/usu653\/2017\/07\/acollidor1-300x150.png\" alt=\"\" width=\"300\" height=\"150\" srcset=\"https:\/\/agora.xtec.cat\/iesfmompou\/wp-content\/uploads\/usu653\/2017\/07\/acollidor1-300x150.png 300w, https:\/\/agora.xtec.cat\/iesfmompou\/wp-content\/uploads\/usu653\/2017\/07\/acollidor1.png 400w\" sizes=\"auto, (max-width: 300px) 100vw, 300px\" \/><\/a><\/li>\n<li>L&#8217;<strong>organitzaci\u00f3 dels grups classe <\/strong>i mesures per a la<strong> inclusi\u00f3.<\/strong><\/li>\n<li>La <strong>mediaci\u00f3<\/strong>, fonamental per a resoldre conflictes abans que es produeixin o esdevinguin confrontacions.<\/li>\n<li>L&#8217;<strong>orientaci\u00f3 acad\u00e8mica i professional<\/strong>, clau per a l&#8217;\u00e8xit i el benestar personal. A part de les tutories i el professorat en general, la nostra orientadora at\u00e9n l&#8217;alumnat que ho necessita, deriva i es coordina amb els diversos serveis de suport extern: Centre de Salut Mental Infantil i Juvenil (CSMIJ), Unitat Medico-Educativa (UME), serveis de psicologia privats, sevei de psicologia municipal, EAP, educadors socials, etc.<\/li>\n<li>Programaci\u00f3 de diversos<strong> tallers i xerrades<\/strong> amb finalitats preventives, educatives i formadores de persones conscients i responsables: igualtat, consum, conviv\u00e8ncia, equitat, tabaquisme, drogues, alcoholisme, assetjament, seguretat a internet, etc. Alguns tamb\u00e9 adre\u00e7ats a fer <strong>escola de pares i mares<\/strong>.<\/li>\n<\/ul>\n<p>Podeu saber-ne m\u00e9s clicant els diferents aspectes que apareixen al men\u00fa esquerra o al men\u00fa principal.<\/p>\n","protected":false},"excerpt":{"rendered":"<p>Aquest \u00e9s un dels objectius que ens mou, fer del nostre centre un institut acollidor. Volem que el nostre alumnat se&#8217;l senti seu i s&#8217;hi senti a gust. Tothom t\u00e9 el dret d&#8217;assistir a classe amb tranquil\u00b7litat, amb confian\u00e7a i sentint-se part d&#8217;un projecte com\u00fa. \u00c9s per aix\u00f2 que a l&#8217;institut Frederic Mompou donem molta [&hellip;]<\/p>\n","protected":false},"author":1,"featured_media":0,"parent":57,"menu_order":0,"comment_status":"closed","ping_status":"closed","template":"","meta":{"_bbp_topic_count":0,"_bbp_reply_count":0,"_bbp_total_topic_count":0,"_bbp_total_reply_count":0,"_bbp_voice_count":0,"_bbp_anonymous_reply_count":0,"_bbp_topic_count_hidden":0,"_bbp_reply_count_hidden":0,"_bbp_forum_subforum_count":0,"site-sidebar-layout":"default","site-content-layout":"","ast-site-content-layout":"","site-content-style":"default","site-sidebar-style":"default","ast-global-header-display":"","ast-banner-title-visibility":"","ast-main-header-display":"","ast-hfb-above-header-display":"","ast-hfb-below-header-display":"","ast-hfb-mobile-header-display":"","site-post-title":"","ast-breadcrumbs-content":"","ast-featured-img":"","footer-sml-layout":"","theme-transparent-header-meta":"","adv-header-id-meta":"","stick-header-meta":"","header-above-stick-meta":"","header-main-stick-meta":"","header-below-stick-meta":"","astra-migrate-meta-layouts":"default","ast-page-background-enabled":"default","ast-page-background-meta":{"desktop":{"background-color":"var(--ast-global-color-4)","background-image":"","background-repeat":"repeat","background-position":"center center","background-size":"auto","background-attachment":"scroll","background-type":"","background-media":"","overlay-type":"","overlay-color":"","overlay-opacity":"","overlay-gradient":""},"tablet":{"background-color":"","background-image":"","background-repeat":"repeat","background-position":"center center","background-size":"auto","background-attachment":"scroll","background-type":"","background-media":"","overlay-type":"","overlay-color":"","overlay-opacity":"","overlay-gradient":""},"mobile":{"background-color":"","background-image":"","background-repeat":"repeat","background-position":"center center","background-size":"auto","background-attachment":"scroll","background-type":"","background-media":"","overlay-type":"","overlay-color":"","overlay-opacity":"","overlay-gradient":""}},"ast-content-background-meta":{"desktop":{"background-color":"var(--ast-global-color-5)","background-image":"","background-repeat":"repeat","background-position":"center center","background-size":"auto","background-attachment":"scroll","background-type":"","background-media":"","overlay-type":"","overlay-color":"","overlay-opacity":"","overlay-gradient":""},"tablet":{"background-color":"var(--ast-global-color-5)","background-image":"","background-repeat":"repeat","background-position":"center center","background-size":"auto","background-attachment":"scroll","background-type":"","background-media":"","overlay-type":"","overlay-color":"","overlay-opacity":"","overlay-gradient":""},"mobile":{"background-color":"var(--ast-global-color-5)","background-image":"","background-repeat":"repeat","background-position":"center center","background-size":"auto","background-attachment":"scroll","background-type":"","background-media":"","overlay-type":"","overlay-color":"","overlay-opacity":"","overlay-gradient":""}},"footnotes":""},"class_list":["post-2226","page","type-page","status-publish","hentry"],"post_mailing_queue_ids":[],"_links":{"self":[{"href":"https:\/\/agora.xtec.cat\/iesfmompou\/wp-json\/wp\/v2\/pages\/2226","targetHints":{"allow":["GET"]}}],"collection":[{"href":"https:\/\/agora.xtec.cat\/iesfmompou\/wp-json\/wp\/v2\/pages"}],"about":[{"href":"https:\/\/agora.xtec.cat\/iesfmompou\/wp-json\/wp\/v2\/types\/page"}],"author":[{"embeddable":true,"href":"https:\/\/agora.xtec.cat\/iesfmompou\/wp-json\/wp\/v2\/users\/1"}],"replies":[{"embeddable":true,"href":"https:\/\/agora.xtec.cat\/iesfmompou\/wp-json\/wp\/v2\/comments?post=2226"}],"version-history":[{"count":3,"href":"https:\/\/agora.xtec.cat\/iesfmompou\/wp-json\/wp\/v2\/pages\/2226\/revisions"}],"predecessor-version":[{"id":2252,"href":"https:\/\/agora.xtec.cat\/iesfmompou\/wp-json\/wp\/v2\/pages\/2226\/revisions\/2252"}],"up":[{"embeddable":true,"href":"https:\/\/agora.xtec.cat\/iesfmompou\/wp-json\/wp\/v2\/pages\/57"}],"wp:attachment":[{"href":"https:\/\/agora.xtec.cat\/iesfmompou\/wp-json\/wp\/v2\/media?parent=2226"}],"curies":[{"name":"wp","href":"https:\/\/api.w.org\/{rel}","templated":true}]}}