{"id":2195,"date":"2017-07-13T21:43:34","date_gmt":"2017-07-13T19:43:34","guid":{"rendered":"http:\/\/agora.xtec.cat\/iesfmompou\/?page_id=2195"},"modified":"2026-02-02T14:19:47","modified_gmt":"2026-02-02T13:19:47","slug":"documents-estrategics-de-centre","status":"publish","type":"page","link":"https:\/\/agora.xtec.cat\/iesfmompou\/documents\/documents-estrategics-de-centre\/","title":{"rendered":"Documents estrat\u00e8gics de centre"},"content":{"rendered":"<ul>\n<li><a href=\"https:\/\/drive.google.com\/file\/d\/1FHaj9Dt6b8a0jobln2TSmsqmsDmxYaFJ\/view?usp=sharing\" target=\"_blank\" rel=\"noopener noreferrer\">Projecte Educatiu de Centre (PEC)<\/a><\/li>\n<li><a href=\"https:\/\/drive.google.com\/file\/d\/1T_5Z-GeuGIKlcb2ZEVzUFVuP7HL2zyjq\/view?usp=sharing\">Normes d&#8217;Organitzaci\u00f3 i Funcionament del Centre (NOFC)<\/a>\n<ul>\n<li><a href=\"https:\/\/agora.xtec.cat\/iesfmompou\/documents\/documents-estrategics-de-centre\/annexos_nofc\/\">Annexos NOFC<\/a><\/li>\n<\/ul>\n<\/li>\n<li><a href=\"https:\/\/drive.google.com\/file\/d\/1lQ9ExAFpAQzDkCNyYYY1dzc7vwyP_5aY\/view?usp=sharing\" target=\"_blank\" rel=\"noopener\">Projecte Ling\u00fc\u00edstic de Centre<\/a><\/li>\n<li><a href=\"https:\/\/drive.google.com\/file\/d\/1wR8nEWqiZ4kZegRsDMTCR-4eoL9MYRsN\/view?usp=sharing\" target=\"_blank\" rel=\"noopener\">Document resum de l&#8217;Estrat\u00e8gia Digital de Centre<\/a><\/li>\n<\/ul>\n","protected":false},"excerpt":{"rendered":"<p>Projecte Educatiu de Centre (PEC) Normes d&#8217;Organitzaci\u00f3 i Funcionament del Centre (NOFC) Annexos NOFC Projecte Ling\u00fc\u00edstic de Centre Document resum de l&#8217;Estrat\u00e8gia Digital de Centre<\/p>\n","protected":false},"author":1,"featured_media":0,"parent":2193,"menu_order":1,"comment_status":"closed","ping_status":"closed","template":"","meta":{"_bbp_topic_count":0,"_bbp_reply_count":0,"_bbp_total_topic_count":0,"_bbp_total_reply_count":0,"_bbp_voice_count":0,"_bbp_anonymous_reply_count":0,"_bbp_topic_count_hidden":0,"_bbp_reply_count_hidden":0,"_bbp_forum_subforum_count":0,"site-sidebar-layout":"default","site-content-layout":"","ast-site-content-layout":"default","site-content-style":"default","site-sidebar-style":"default","ast-global-header-display":"","ast-banner-title-visibility":"","ast-main-header-display":"","ast-hfb-above-header-display":"","ast-hfb-below-header-display":"","ast-hfb-mobile-header-display":"","site-post-title":"","ast-breadcrumbs-content":"","ast-featured-img":"","footer-sml-layout":"","theme-transparent-header-meta":"default","adv-header-id-meta":"","stick-header-meta":"","header-above-stick-meta":"","header-main-stick-meta":"","header-below-stick-meta":"","astra-migrate-meta-layouts":"set","ast-page-background-enabled":"default","ast-page-background-meta":{"desktop":{"background-color":"var(--ast-global-color-4)","background-image":"","background-repeat":"repeat","background-position":"center center","background-size":"auto","background-attachment":"scroll","background-type":"","background-media":"","overlay-type":"","overlay-color":"","overlay-opacity":"","overlay-gradient":""},"tablet":{"background-color":"","background-image":"","background-repeat":"repeat","background-position":"center center","background-size":"auto","background-attachment":"scroll","background-type":"","background-media":"","overlay-type":"","overlay-color":"","overlay-opacity":"","overlay-gradient":""},"mobile":{"background-color":"","background-image":"","background-repeat":"repeat","background-position":"center center","background-size":"auto","background-attachment":"scroll","background-type":"","background-media":"","overlay-type":"","overlay-color":"","overlay-opacity":"","overlay-gradient":""}},"ast-content-background-meta":{"desktop":{"background-color":"var(--ast-global-color-5)","background-image":"","background-repeat":"repeat","background-position":"center center","background-size":"auto","background-attachment":"scroll","background-type":"","background-media":"","overlay-type":"","overlay-color":"","overlay-opacity":"","overlay-gradient":""},"tablet":{"background-color":"var(--ast-global-color-5)","background-image":"","background-repeat":"repeat","background-position":"center center","background-size":"auto","background-attachment":"scroll","background-type":"","background-media":"","overlay-type":"","overlay-color":"","overlay-opacity":"","overlay-gradient":""},"mobile":{"background-color":"var(--ast-global-color-5)","background-image":"","background-repeat":"repeat","background-position":"center center","background-size":"auto","background-attachment":"scroll","background-type":"","background-media":"","overlay-type":"","overlay-color":"","overlay-opacity":"","overlay-gradient":""}},"footnotes":""},"class_list":["post-2195","page","type-page","status-publish","hentry"],"post_mailing_queue_ids":[],"_links":{"self":[{"href":"https:\/\/agora.xtec.cat\/iesfmompou\/wp-json\/wp\/v2\/pages\/2195","targetHints":{"allow":["GET"]}}],"collection":[{"href":"https:\/\/agora.xtec.cat\/iesfmompou\/wp-json\/wp\/v2\/pages"}],"about":[{"href":"https:\/\/agora.xtec.cat\/iesfmompou\/wp-json\/wp\/v2\/types\/page"}],"author":[{"embeddable":true,"href":"https:\/\/agora.xtec.cat\/iesfmompou\/wp-json\/wp\/v2\/users\/1"}],"replies":[{"embeddable":true,"href":"https:\/\/agora.xtec.cat\/iesfmompou\/wp-json\/wp\/v2\/comments?post=2195"}],"version-history":[{"count":7,"href":"https:\/\/agora.xtec.cat\/iesfmompou\/wp-json\/wp\/v2\/pages\/2195\/revisions"}],"predecessor-version":[{"id":15736,"href":"https:\/\/agora.xtec.cat\/iesfmompou\/wp-json\/wp\/v2\/pages\/2195\/revisions\/15736"}],"up":[{"embeddable":true,"href":"https:\/\/agora.xtec.cat\/iesfmompou\/wp-json\/wp\/v2\/pages\/2193"}],"wp:attachment":[{"href":"https:\/\/agora.xtec.cat\/iesfmompou\/wp-json\/wp\/v2\/media?parent=2195"}],"curies":[{"name":"wp","href":"https:\/\/api.w.org\/{rel}","templated":true}]}}