{"id":195,"date":"2014-09-22T10:39:39","date_gmt":"2014-09-22T10:39:39","guid":{"rendered":"http:\/\/agora.xtec.cat\/iesfmompou\/?page_id=195"},"modified":"2025-07-22T19:09:40","modified_gmt":"2025-07-22T17:09:40","slug":"estudis","status":"publish","type":"page","link":"https:\/\/agora.xtec.cat\/iesfmompou\/estudis\/","title":{"rendered":"Estudis"},"content":{"rendered":"<p class=\"my-0\">A l\u2019Institut Frederic Mompou oferim dues etapes formatives: l\u2019<strong>Educaci\u00f3 Secund\u00e0ria Obligat\u00f2ria (ESO)<\/strong>\u00a0i el\u00a0<strong>Batxillerat<\/strong>. El nostre objectiu \u00e9s garantir una formaci\u00f3 integral, flexible i adaptada a les necessitats dels estudiants, preparant-los tant per la vida acad\u00e8mica com per al seu futur personal i professional.<\/p>\n<h2 class=\"mb-xs mt-5 text-base font-[500] first:mt-0 dark:font-[475]\">Educaci\u00f3 Secund\u00e0ria Obligat\u00f2ria (ESO)<\/h2>\n<p class=\"my-0\">L\u2019ESO compr\u00e8n quatre cursos (de 1r a 4t) i est\u00e0 adre\u00e7ada a l\u2019alumnat d\u2019entre 12 i 16 anys. Aquesta etapa proporciona les bases de coneixements, compet\u00e8ncies i valors per a la vida adulta i per a continuar la formaci\u00f3 acad\u00e8mica o professional.<\/p>\n<ul class=\"marker:text-textOff list-disc\">\n<li>\n<p class=\"my-0\"><strong>Curr\u00edculum diversificat<\/strong>: Assignatures comunes i optatives des de 1r d&#8217;ESO per tal de respondre a la diversitat d\u2019interessos i capacitats de l\u2019alumnat.<\/p>\n<\/li>\n<li>\n<p class=\"my-0\"><strong>Projectes interdisciplinaris<\/strong>: A 1r i 2n d&#8217;ESO, treballem per projectes que afavoreixen la participaci\u00f3, la creativitat i l\u2019esperit cr\u00edtic.<\/p>\n<\/li>\n<li>\n<p class=\"my-0\"><strong>Atenci\u00f3 a la diversitat<\/strong>: Estrat\u00e8gies d\u2019inclusi\u00f3 i suport personalitzat per garantir l\u2019\u00e8xit de tot l\u2019alumnat.<\/p>\n<\/li>\n<li>\n<p class=\"my-0\"><strong>Orientaci\u00f3 acad\u00e8mica i personal<\/strong>: Acompanyament continu per ajudar a triar itineraris futurs.<\/p>\n<\/li>\n<\/ul>\n<h2 class=\"mb-xs mt-5 text-base font-[500] first:mt-0 dark:font-[475]\">Batxillerat<\/h2>\n<p class=\"my-0\">El Batxillerat \u00e9s una etapa postobligat\u00f2ria de dos cursos (1r i 2n), adre\u00e7ada a joves d\u2019entre 16 i 18 anys que volen accedir a la universitat, cicles formatius de grau superior o al m\u00f3n laboral qualificat.<\/p>\n<ul class=\"marker:text-textOff list-disc\">\n<li>\n<p class=\"my-0\"><strong>Modalitats<\/strong>: Oferta de diferents modalitats segons l\u2019inter\u00e8s de l\u2019alumnat (cient\u00edfic, tecnol\u00f2gic, social i human\u00edstic).<\/p>\n<\/li>\n<li>\n<p class=\"my-0\"><strong>Enfocament competencial i preparaci\u00f3 per a estudis superiors<\/strong>: Assignatures especialitzades i optatives segons l\u2019itinerari triat.<\/p>\n<\/li>\n<li>\n<p class=\"my-0\"><strong>Treball de Recerca<\/strong>: Elaboraci\u00f3 d\u2019un projecte individual d\u2019investigaci\u00f3 que fomenta l\u2019autonomia i l\u2019esperit cr\u00edtic.<\/p>\n<\/li>\n<li>\n<p class=\"my-0\"><strong>Acc\u00e9s a proves d\u2019acc\u00e9s a la universitat (PAU)<\/strong>: Preparaci\u00f3 espec\u00edfica per poder fer els ex\u00e0mens d\u2019acc\u00e9s a la universitat catalana i espanyola.<\/p>\n<\/li>\n<\/ul>\n<p class=\"my-0\">Amb aquests dos itineraris, l\u2019Institut Frederic Mompou acompanya l\u2019alumnat en les etapes clau del seu cam\u00ed educatiu, proporcionant entorns d\u2019aprenentatge estimulants i orientaci\u00f3 per al seu futur acad\u00e8mic i professional.<\/p>\n","protected":false},"excerpt":{"rendered":"<p>A l\u2019Institut Frederic Mompou oferim dues etapes formatives: l\u2019Educaci\u00f3 Secund\u00e0ria Obligat\u00f2ria (ESO)\u00a0i el\u00a0Batxillerat. El nostre objectiu \u00e9s garantir una formaci\u00f3 integral, flexible i adaptada a les necessitats dels estudiants, preparant-los tant per la vida acad\u00e8mica com per al seu futur personal i professional. Educaci\u00f3 Secund\u00e0ria Obligat\u00f2ria (ESO) L\u2019ESO compr\u00e8n quatre cursos (de 1r a 4t) [&hellip;]<\/p>\n","protected":false},"author":1,"featured_media":0,"parent":0,"menu_order":0,"comment_status":"closed","ping_status":"closed","template":"","meta":{"_bbp_topic_count":0,"_bbp_reply_count":0,"_bbp_total_topic_count":0,"_bbp_total_reply_count":0,"_bbp_voice_count":0,"_bbp_anonymous_reply_count":0,"_bbp_topic_count_hidden":0,"_bbp_reply_count_hidden":0,"_bbp_forum_subforum_count":0,"site-sidebar-layout":"default","site-content-layout":"","ast-site-content-layout":"default","site-content-style":"default","site-sidebar-style":"default","ast-global-header-display":"","ast-banner-title-visibility":"","ast-main-header-display":"","ast-hfb-above-header-display":"","ast-hfb-below-header-display":"","ast-hfb-mobile-header-display":"","site-post-title":"","ast-breadcrumbs-content":"","ast-featured-img":"","footer-sml-layout":"","theme-transparent-header-meta":"default","adv-header-id-meta":"","stick-header-meta":"","header-above-stick-meta":"","header-main-stick-meta":"","header-below-stick-meta":"","astra-migrate-meta-layouts":"set","ast-page-background-enabled":"default","ast-page-background-meta":{"desktop":{"background-color":"var(--ast-global-color-4)","background-image":"","background-repeat":"repeat","background-position":"center center","background-size":"auto","background-attachment":"scroll","background-type":"","background-media":"","overlay-type":"","overlay-color":"","overlay-opacity":"","overlay-gradient":""},"tablet":{"background-color":"","background-image":"","background-repeat":"repeat","background-position":"center center","background-size":"auto","background-attachment":"scroll","background-type":"","background-media":"","overlay-type":"","overlay-color":"","overlay-opacity":"","overlay-gradient":""},"mobile":{"background-color":"","background-image":"","background-repeat":"repeat","background-position":"center center","background-size":"auto","background-attachment":"scroll","background-type":"","background-media":"","overlay-type":"","overlay-color":"","overlay-opacity":"","overlay-gradient":""}},"ast-content-background-meta":{"desktop":{"background-color":"var(--ast-global-color-5)","background-image":"","background-repeat":"repeat","background-position":"center center","background-size":"auto","background-attachment":"scroll","background-type":"","background-media":"","overlay-type":"","overlay-color":"","overlay-opacity":"","overlay-gradient":""},"tablet":{"background-color":"var(--ast-global-color-5)","background-image":"","background-repeat":"repeat","background-position":"center center","background-size":"auto","background-attachment":"scroll","background-type":"","background-media":"","overlay-type":"","overlay-color":"","overlay-opacity":"","overlay-gradient":""},"mobile":{"background-color":"var(--ast-global-color-5)","background-image":"","background-repeat":"repeat","background-position":"center center","background-size":"auto","background-attachment":"scroll","background-type":"","background-media":"","overlay-type":"","overlay-color":"","overlay-opacity":"","overlay-gradient":""}},"footnotes":""},"class_list":["post-195","page","type-page","status-publish","hentry"],"post_mailing_queue_ids":[],"_links":{"self":[{"href":"https:\/\/agora.xtec.cat\/iesfmompou\/wp-json\/wp\/v2\/pages\/195","targetHints":{"allow":["GET"]}}],"collection":[{"href":"https:\/\/agora.xtec.cat\/iesfmompou\/wp-json\/wp\/v2\/pages"}],"about":[{"href":"https:\/\/agora.xtec.cat\/iesfmompou\/wp-json\/wp\/v2\/types\/page"}],"author":[{"embeddable":true,"href":"https:\/\/agora.xtec.cat\/iesfmompou\/wp-json\/wp\/v2\/users\/1"}],"replies":[{"embeddable":true,"href":"https:\/\/agora.xtec.cat\/iesfmompou\/wp-json\/wp\/v2\/comments?post=195"}],"version-history":[{"count":4,"href":"https:\/\/agora.xtec.cat\/iesfmompou\/wp-json\/wp\/v2\/pages\/195\/revisions"}],"predecessor-version":[{"id":15172,"href":"https:\/\/agora.xtec.cat\/iesfmompou\/wp-json\/wp\/v2\/pages\/195\/revisions\/15172"}],"wp:attachment":[{"href":"https:\/\/agora.xtec.cat\/iesfmompou\/wp-json\/wp\/v2\/media?parent=195"}],"curies":[{"name":"wp","href":"https:\/\/api.w.org\/{rel}","templated":true}]}}