{"id":19,"date":"2014-09-17T14:56:56","date_gmt":"2014-09-17T14:56:56","guid":{"rendered":"http:\/\/agora.xtec.cat\/iesfmompou\/?page_id=19"},"modified":"2025-07-22T11:49:51","modified_gmt":"2025-07-22T09:49:51","slug":"linstitut","status":"publish","type":"page","link":"https:\/\/agora.xtec.cat\/iesfmompou\/linstitut\/","title":{"rendered":"L&#8217;institut"},"content":{"rendered":"<p>L\u2019Institut Frederic Mompou \u00e9s un centre p\u00fablic de secund\u00e0ria amb m\u00e9s de 40 anys d\u2019experi\u00e8ncia educativa, situat a l&#8217;avinguda de Mas Pic\u00f3 de Sant Vicen\u00e7 dels Horts. Som el centre m\u00e9s antic d\u2019educaci\u00f3 secund\u00e0ria del poble, amb una llarga traject\u00f2ria de servei a la poblaci\u00f3 i comprom\u00eds amb la innovaci\u00f3 pedag\u00f2gica.<\/p>\n<h2><strong>Qu\u00e8 oferim?<\/strong><\/h2>\n<p>Acollim al voltant de <strong>550 alumnes<\/strong> d\u2019entre 12 i 18 anys.\u00a0 La nostra <strong>oferta educativa<\/strong> s\u00f3n els estudis d\u2019ESO (Educaci\u00f3 Secund\u00e0ria Obligat\u00f2ria) i Batxillerat, amb projectes centrats en el desenvolupament de compet\u00e8ncies, la diversitat ling\u00fc\u00edstica i la participaci\u00f3 activa de l\u2019alumnat.<\/p>\n<ul>\n<li><strong>ESO i Batxillerat<\/strong>: Itineraris formatius adaptats a les necessitats i interessos dels estudiants, aix\u00ed com r\u00e0tios baixes a 1r i 2n de l&#8217;ESO.<\/li>\n<li><strong>Innovaci\u00f3 pedag\u00f2gica:<\/strong> Apostem pel treball per projectes, l\u2019aprenentatge cooperatiu i l\u2019\u00fas de tecnologies digitals.<\/li>\n<li><strong>Pluriling\u00fcisme:<\/strong> Projectes d\u2019immersi\u00f3 en angl\u00e8s, segones lleng\u00fces (franc\u00e8s, alemany) i intercanvis internacionals.<\/li>\n<li><strong>Programes europeus:<\/strong> Participem en projectes Erasmus+ i eTwinning, i oferim experi\u00e8ncies d\u2019intercanvi ling\u00fc\u00edstic a Fran\u00e7a, Alemanya i estades d\u2019immersi\u00f3 a Irlanda.<\/li>\n<li><strong>Atenci\u00f3 a la diversitat:<\/strong> Treballem per una escola inclusiva i respectuosa amb les difer\u00e8ncies.<\/li>\n<\/ul>\n<h2><strong>Quins s\u00f3n els nostres valors?<\/strong><\/h2>\n<ul>\n<li>Comprom\u00eds amb la formaci\u00f3 integral.<\/li>\n<li>Innovaci\u00f3 i qualitat educativa.<\/li>\n<li>Inclusi\u00f3 i conviv\u00e8ncia.<\/li>\n<li>Participaci\u00f3 de tota la comunitat educativa.<\/li>\n<li>Respecte pel nostre entorn local i global.<\/li>\n<\/ul>\n","protected":false},"excerpt":{"rendered":"<p>L\u2019Institut Frederic Mompou \u00e9s un centre p\u00fablic de secund\u00e0ria amb m\u00e9s de 40 anys d\u2019experi\u00e8ncia educativa, situat a l&#8217;avinguda de Mas Pic\u00f3 de Sant Vicen\u00e7 dels Horts. Som el centre m\u00e9s antic d\u2019educaci\u00f3 secund\u00e0ria del poble, amb una llarga traject\u00f2ria de servei a la poblaci\u00f3 i comprom\u00eds amb la innovaci\u00f3 pedag\u00f2gica. Qu\u00e8 oferim? Acollim al [&hellip;]<\/p>\n","protected":false},"author":1,"featured_media":0,"parent":0,"menu_order":0,"comment_status":"closed","ping_status":"closed","template":"","meta":{"_bbp_topic_count":0,"_bbp_reply_count":0,"_bbp_total_topic_count":0,"_bbp_total_reply_count":0,"_bbp_voice_count":0,"_bbp_anonymous_reply_count":0,"_bbp_topic_count_hidden":0,"_bbp_reply_count_hidden":0,"_bbp_forum_subforum_count":0,"site-sidebar-layout":"default","site-content-layout":"","ast-site-content-layout":"default","site-content-style":"default","site-sidebar-style":"default","ast-global-header-display":"","ast-banner-title-visibility":"","ast-main-header-display":"","ast-hfb-above-header-display":"","ast-hfb-below-header-display":"","ast-hfb-mobile-header-display":"","site-post-title":"","ast-breadcrumbs-content":"","ast-featured-img":"","footer-sml-layout":"","theme-transparent-header-meta":"default","adv-header-id-meta":"","stick-header-meta":"","header-above-stick-meta":"","header-main-stick-meta":"","header-below-stick-meta":"","astra-migrate-meta-layouts":"set","ast-page-background-enabled":"default","ast-page-background-meta":{"desktop":{"background-color":"var(--ast-global-color-4)","background-image":"","background-repeat":"repeat","background-position":"center center","background-size":"auto","background-attachment":"scroll","background-type":"","background-media":"","overlay-type":"","overlay-color":"","overlay-opacity":"","overlay-gradient":""},"tablet":{"background-color":"","background-image":"","background-repeat":"repeat","background-position":"center center","background-size":"auto","background-attachment":"scroll","background-type":"","background-media":"","overlay-type":"","overlay-color":"","overlay-opacity":"","overlay-gradient":""},"mobile":{"background-color":"","background-image":"","background-repeat":"repeat","background-position":"center center","background-size":"auto","background-attachment":"scroll","background-type":"","background-media":"","overlay-type":"","overlay-color":"","overlay-opacity":"","overlay-gradient":""}},"ast-content-background-meta":{"desktop":{"background-color":"var(--ast-global-color-5)","background-image":"","background-repeat":"repeat","background-position":"center center","background-size":"auto","background-attachment":"scroll","background-type":"","background-media":"","overlay-type":"","overlay-color":"","overlay-opacity":"","overlay-gradient":""},"tablet":{"background-color":"var(--ast-global-color-5)","background-image":"","background-repeat":"repeat","background-position":"center center","background-size":"auto","background-attachment":"scroll","background-type":"","background-media":"","overlay-type":"","overlay-color":"","overlay-opacity":"","overlay-gradient":""},"mobile":{"background-color":"var(--ast-global-color-5)","background-image":"","background-repeat":"repeat","background-position":"center center","background-size":"auto","background-attachment":"scroll","background-type":"","background-media":"","overlay-type":"","overlay-color":"","overlay-opacity":"","overlay-gradient":""}},"footnotes":""},"class_list":["post-19","page","type-page","status-publish","hentry"],"post_mailing_queue_ids":[],"_links":{"self":[{"href":"https:\/\/agora.xtec.cat\/iesfmompou\/wp-json\/wp\/v2\/pages\/19","targetHints":{"allow":["GET"]}}],"collection":[{"href":"https:\/\/agora.xtec.cat\/iesfmompou\/wp-json\/wp\/v2\/pages"}],"about":[{"href":"https:\/\/agora.xtec.cat\/iesfmompou\/wp-json\/wp\/v2\/types\/page"}],"author":[{"embeddable":true,"href":"https:\/\/agora.xtec.cat\/iesfmompou\/wp-json\/wp\/v2\/users\/1"}],"replies":[{"embeddable":true,"href":"https:\/\/agora.xtec.cat\/iesfmompou\/wp-json\/wp\/v2\/comments?post=19"}],"version-history":[{"count":6,"href":"https:\/\/agora.xtec.cat\/iesfmompou\/wp-json\/wp\/v2\/pages\/19\/revisions"}],"predecessor-version":[{"id":15137,"href":"https:\/\/agora.xtec.cat\/iesfmompou\/wp-json\/wp\/v2\/pages\/19\/revisions\/15137"}],"wp:attachment":[{"href":"https:\/\/agora.xtec.cat\/iesfmompou\/wp-json\/wp\/v2\/media?parent=19"}],"curies":[{"name":"wp","href":"https:\/\/api.w.org\/{rel}","templated":true}]}}