{"id":15850,"date":"2026-02-23T10:50:36","date_gmt":"2026-02-23T09:50:36","guid":{"rendered":"https:\/\/agora.xtec.cat\/iesfmompou\/?page_id=15850"},"modified":"2026-03-11T09:11:27","modified_gmt":"2026-03-11T08:11:27","slug":"preinscripcio-eso-2026-2027","status":"publish","type":"page","link":"https:\/\/agora.xtec.cat\/iesfmompou\/preinscripcio-eso-2026-2027\/","title":{"rendered":"Preinscripci\u00f3 ESO 2026-2027"},"content":{"rendered":"\n<figure class=\"wp-block-image size-full is-resized\"><img loading=\"lazy\" decoding=\"async\" width=\"1900\" height=\"372\" src=\"https:\/\/agora.xtec.cat\/iesfmompou\/wp-content\/uploads\/usu653\/2026\/03\/Preinscripcio_baners_Web_educacio__Preinscripcio_web_educacio_1900x372_3imatges.jpg\" alt=\"\" class=\"wp-image-15928\" style=\"width:1031px;height:auto\" srcset=\"https:\/\/agora.xtec.cat\/iesfmompou\/wp-content\/uploads\/usu653\/2026\/03\/Preinscripcio_baners_Web_educacio__Preinscripcio_web_educacio_1900x372_3imatges.jpg 1900w, https:\/\/agora.xtec.cat\/iesfmompou\/wp-content\/uploads\/usu653\/2026\/03\/Preinscripcio_baners_Web_educacio__Preinscripcio_web_educacio_1900x372_3imatges-300x59.jpg 300w, https:\/\/agora.xtec.cat\/iesfmompou\/wp-content\/uploads\/usu653\/2026\/03\/Preinscripcio_baners_Web_educacio__Preinscripcio_web_educacio_1900x372_3imatges-1024x200.jpg 1024w, https:\/\/agora.xtec.cat\/iesfmompou\/wp-content\/uploads\/usu653\/2026\/03\/Preinscripcio_baners_Web_educacio__Preinscripcio_web_educacio_1900x372_3imatges-768x150.jpg 768w, https:\/\/agora.xtec.cat\/iesfmompou\/wp-content\/uploads\/usu653\/2026\/03\/Preinscripcio_baners_Web_educacio__Preinscripcio_web_educacio_1900x372_3imatges-1536x301.jpg 1536w\" sizes=\"auto, (max-width: 1900px) 100vw, 1900px\" \/><\/figure>\n\n\n\n<p><strong>Codi de l&#8217;institut Frederic Mompou:<\/strong> 08034011<\/p>\n\n\n\n<p><strong>Per\u00edode de preinscripci\u00f3: <\/strong>del 6 al 18 de mar\u00e7 de 2026<\/p>\n\n\n\n<p>Consulteu el calendari complet clicant al seg\u00fcent enlla\u00e7: <a href=\"https:\/\/drive.google.com\/file\/d\/1cQxgH_t1SgucJOhnaiPlgLY0zIcJWa0l\/view?usp=sharing\">Calendari de preinscripci\u00f3 i matr\u00edcula 26-27<\/a><\/p>\n\n\n\n<p><strong>Sol\u00b7licitud: <\/strong>cliqueu <a href=\"https:\/\/preinscripcio.gencat.cat\/ca\/estudis\/eso\/preinscriute\/\" target=\"_blank\" rel=\"noreferrer noopener\"><strong>AQU\u00cd<\/strong><\/a>&nbsp;<\/p>\n\n\n\n<p><strong>V\u00eddeo explicatiu:<\/strong><\/p>\n\n\n\n<figure class=\"wp-block-embed is-type-video is-provider-youtube wp-block-embed-youtube wp-embed-aspect-16-9 wp-has-aspect-ratio\"><div class=\"wp-block-embed__wrapper\">\n<div class=\"ast-oembed-container \" style=\"height: 100%;\"><iframe loading=\"lazy\" title=\"Com has de presentar la sol\u00b7licitud de preinscripcio\u0301 escolar?\" width=\"500\" height=\"281\" src=\"https:\/\/www.youtube.com\/embed\/_8LjiUfx5YU?feature=oembed\" frameborder=\"0\" allow=\"accelerometer; autoplay; clipboard-write; encrypted-media; gyroscope; picture-in-picture; web-share\" referrerpolicy=\"strict-origin-when-cross-origin\" allowfullscreen><\/iframe><\/div>\n<\/div><\/figure>\n\n\n\n<p><strong>Instruccions:<\/strong><\/p>\n\n\n\n<ul class=\"wp-block-list\">\n<li>Totes les sol\u00b7licituds s\u00f3n en format telem\u00e0tic, per tant, no hi ha la possibilitat de full de preinscripci\u00f3 en paper.<\/li>\n\n\n\n<li>No cal lliurar cap documentaci\u00f3 presencialment al centre educatiu que indiqueu en primera opci\u00f3.<\/li>\n\n\n\n<li>Hi ha dos tipus de sol\u00b7licitud:\n<ul class=\"wp-block-list\">\n<li>Electr\u00f2nica: cal identificaci\u00f3 digital<\/li>\n\n\n\n<li>Suport inform\u00e0tic: sense identificaci\u00f3 digital<\/li>\n<\/ul>\n<\/li>\n<\/ul>\n\n\n\n<p><strong>Qu\u00e8 em cal per omplir la sol\u00b7licitud?<\/strong><\/p>\n\n\n\n<figure class=\"wp-block-table\"><table class=\"has-fixed-layout\"><tbody><tr><td><strong><u>SOL\u00b7LICITUD ELECTR\u00d2NICA<\/u><\/strong>: Mitjan\u00e7ant certificat digital, com DNI electr\u00f2nic, Cl@ve, idCat, etc. Si no es disposa de cap certificat, us en podeu generar un de forma f\u00e0cil, l\u2019idCat M\u00f2bil, us expliquem com: Cal complir els requisits seg\u00fcents: Ser major de 16 anys Disposar de DNI\/NIE\/Passaport\/Doc identificador d\u2019un pa\u00eds de la UE o targeta de resid\u00e8ncia comunit\u00e0ria Disposar d\u2019adre\u00e7a de correu electr\u00f2nic i un tel\u00e8fon m\u00f2bil a efectes d\u2019identificaci\u00f3 i contacte Targeta sanit\u00e0ria per la teva identificaci\u00f3 Accediu a l\u2019adre\u00e7a <a href=\"https:\/\/idcatmobil.seu.cat\/\" target=\"_blank\" rel=\"noreferrer noopener\"><u>https:\/\/idcatmobil.seu.cat\/<\/u><\/a> i trobareu les instruccions pas a pas de com fer-ho. Per utilitzar l\u2019idCAT M\u00f2bil nom\u00e9s cal introduir el n\u00famero de document d\u2019identitat i el n\u00famero de tel\u00e8fon m\u00f2bil en el web on calgui identificar-se electr\u00f2nicament per fer un tr\u00e0mit. Tot seguit es rep un missatge al tel\u00e8fon, que cont\u00e9 una clau d\u2019acc\u00e9s per introduir-la en el web. En aquest cas, al tr\u00e0mit de sol\u00b7licitud de preinscripci\u00f3. Una vegada identificats, caldr\u00e0 entrar el <em>n\u00famero d\u2019identificaci\u00f3 de l\u2019alumne\/a a RALC <\/em>(IDALU) que podeu consultar en el seg\u00fcent <a href=\"https:\/\/tramits.gencat.cat\/ca\/tramits\/tramits-temes\/identificador-alumne\">enlla\u00e7<\/a> per poder recuperar les seves dades personals i acad\u00e8miques, omplir les prefer\u00e8ncies i enviar la sol\u00b7licitud. En la majoria de casos no caldr\u00e0 fer res m\u00e9s ni adjuntar cap tipus de documentaci\u00f3, donat que s\u2019haur\u00e0 fet l\u2019intercanvi de validaci\u00f3 de les vostres dades amb totes les administracions implicades.<\/td><\/tr><\/tbody><\/table><\/figure>\n\n\n\n<p><strong>Puc presentar dues sol\u00b7licituds a dos centres diferents per uns mateixos estudis?<\/strong><\/p>\n\n\n\n<p>No, en cap cas. S\u2019ha de presentar una sola sol\u00b7licitud i indicar-hi per ordre de prefer\u00e8ncia els diferents centres als que us interessa inscriure la vostra filla o fill.<\/p>\n\n\n\n<p><strong>Si tinc dubtes omplint la sol\u00b7licitud on em puc adre\u00e7ar?<\/strong><\/p>\n\n\n\n<p>Podeu posar-vos en contacte telef\u00f2nic amb el centre que escolliu inscriure el vostre fill o filla en primera opci\u00f3, en horari d\u2019oficina, i us ajudaran a complimentar el proc\u00e9s.<\/p>\n\n\n\n<p>En el cas de l&#8217;institut Frederic Mompou:<\/p>\n\n\n\n<ul class=\"wp-block-list\">\n<li>Si necessiteu ajuda per completar la preinscripci\u00f3, o si voleu m\u00e9s informaci\u00f3 del centre, podeu trucar-nos al 93 656 38 01. L\u2019horari d\u2019<strong>atenci\u00f3 telef\u00f2nica<\/strong> \u00e9s els matins de dilluns a divendres, de 9h a 13h30.<\/li>\n\n\n\n<li>Si necessiteu <strong>atenci\u00f3 presencial<\/strong>, us ajudem a tramitar la preinscripci\u00f3 dins les instal\u00b7lacions del centre. Per fer-ho, cal que demaneu&nbsp;<strong>cita pr\u00e8via<\/strong>&nbsp;trucant al tel\u00e8fon de l\u2019institut&nbsp;<strong>93 656 38 01<\/strong>. L\u2019horari d\u2019atenci\u00f3 presencial \u00e9s el seg\u00fcent: matins de dilluns a divendres, de 9h a 13h30.&nbsp;<\/li>\n<\/ul>\n\n\n\n<p>Tamb\u00e9 podeu adre\u00e7ar-vos a l&#8217;<a href=\"https:\/\/svh.cat\/municipi\/per-temes\/educacio\/estudiar-a-sant-vicents-dels-horts\/oficina-municipal-descolaritzacio-ome\/\" target=\"_blank\" rel=\"noreferrer noopener\">Oficina Municipal d&#8217;Escolaritzaci\u00f3<\/a> de Sant Vicen\u00e7 (OME, educacio@svh.cat), o b\u00e9 al <a href=\"https:\/\/svh.cat\/siac\/\" target=\"_blank\" rel=\"noreferrer noopener\">Servei Integral d&#8217;Atenci\u00f3 Ciutadana<\/a>&nbsp;(SIAC, tel. 900 111 656).<\/p>\n\n\n\n<p><strong>Tinc dret a ocupar una pla\u00e7a reservada?<\/strong><\/p>\n\n\n\n<p>En la sol\u00b7licitud, podeu indicar si el vostre fill o filla t\u00e9 la condici\u00f3 NEEA o NEEB per tal que pugui ocupar una pla\u00e7a reservada. Heu de consultar amb la vostra escola de proced\u00e8ncia si el vostre fill o filla t\u00e9 la condici\u00f3 NEEA o NEEB.<\/p>\n\n\n\n<p><strong>Com puc saber els criteris pels barems i la seva puntuaci\u00f3?<\/strong><\/p>\n\n\n\n<p>Els podeu consultar clicant als seg\u00fcents enlla\u00e7os:<\/p>\n\n\n\n<p><a href=\"https:\/\/drive.google.com\/file\/d\/1SZcnBbU-goPXNNlDZeXQlipmcGUzalAY\/view?usp=sharing\">Criteris de baremaci\u00f3 de la puntuaci\u00f3 en la sol\u00b7licitud de preinscripci\u00f3 d\u2019ESO<\/a><\/p>\n\n\n\n<p><a href=\"https:\/\/drive.google.com\/file\/d\/1jdT80nTjEXdh2BQN9Brlq6kPmFawIa8R\/view?usp=sharing\">Informaci\u00f3 sobre la documentaci\u00f3 acreditativa a aportar en el proc\u00e9s de preinscripci\u00f3 d\u2019ESO<\/a><\/p>\n\n\n\n<p>Trobareu tota la informaci\u00f3 sobre criteris, calendari i la resta d\u2019informaci\u00f3 respecte el proc\u00e9s de preinscripci\u00f3 a la p\u00e0gina web&nbsp;<a href=\"https:\/\/preinscripcio.gencat.cat\/ca\/inici\" target=\"_blank\" rel=\"noreferrer noopener\"><u>https:\/\/preinscripcio.gencat.cat\/ca\/inic<\/u>i<\/a><\/p>\n\n\n\n<p><strong>Consideracions:<\/strong><\/p>\n\n\n\n<ul class=\"wp-block-list\">\n<li>Centre adscrit: ve d&#8217;un centre adscrit a l&#8217;institut Frederic Mompou tot aquell alumnat que ha cursat sis\u00e8 a qualsevol de les sis escoles p\u00fabliques de Sant Vicen\u00e7 dels Horts<\/li>\n\n\n\n<li>Domicili familiar o del lloc de treball: a efectes de puntuaci\u00f3 per proximitat a l&#8217;institut Frederic Mompou, es consideren totes aquelles localitzacions dins del municipi de Sant Vicen\u00e7 dels Horts<\/li>\n\n\n\n<li>Nova incorporaci\u00f3 al sistema educatiu: nom\u00e9s afecta l&#8217;alumnat provinent de fora de Catalunya o que hi porta menys de 2 anys<\/li>\n<\/ul>\n\n\n\n<p><strong>Informacions i\/o recomanacions importants:<\/strong><\/p>\n\n\n\n<ul class=\"wp-block-list\">\n<li>Un cop enviada la sol\u00b7licitud, durant el termini de preinscripci\u00f3, teniu la possibilitat de modificar les dades referents als criteris de prioritat al\u00b7legats, aix\u00ed com l&#8217;ordre dels centres sol\u00b7licitats. Aix\u00f2 ho podeu fer en qualsevol dels dos formats de la sol\u00b7licitud de preinscripci\u00f3.<\/li>\n\n\n\n<li>Cal tenir fotografiada o escanejada la documentaci\u00f3 en el mateix dispositiu des d\u2019on es fa la sol\u00b7licitud.<\/li>\n\n\n\n<li><strong>No s&#8217;ha de presentar cap c\u00f2pia ni cap documentaci\u00f3 al centre<\/strong>.<\/li>\n\n\n\n<li>El <strong>codi<\/strong> de centre del nostre institut \u00e9s <strong>08034011<\/strong>, el necessitareu per indicar a quin centre voleu preinscriure-us.<\/li>\n\n\n\n<li>Consulteu en aquest <a href=\"https:\/\/tramits.gencat.cat\/ca\/tramits\/tramits-temes\/identificador-alumne\">enlla\u00e7<\/a> el n\u00fam. d\u2019Identificaci\u00f3 de l\u2019alumne (<strong>IDALU<\/strong>) per poder lligar la sol\u00b7licitud al seu expedient acad\u00e8mic i personal.<\/li>\n\n\n\n<li>Cenyiu-vos al calendari establert, lliurar la sol\u00b7licitud o la documentaci\u00f3 fora de termini us fa perdre tots els drets d\u2019adscripci\u00f3 amb el risc que aix\u00f2 comporta de quedar-se sense pla\u00e7a al centre.<\/li>\n<\/ul>\n","protected":false},"excerpt":{"rendered":"<p>Codi de l&#8217;institut Frederic Mompou: 08034011 Per\u00edode de preinscripci\u00f3: del 6 al 18 de mar\u00e7 de 2026 Consulteu el calendari complet clicant al seg\u00fcent enlla\u00e7: Calendari de preinscripci\u00f3 i matr\u00edcula 26-27 Sol\u00b7licitud: cliqueu AQU\u00cd&nbsp; V\u00eddeo explicatiu: Instruccions: Qu\u00e8 em cal per omplir la sol\u00b7licitud? SOL\u00b7LICITUD ELECTR\u00d2NICA: Mitjan\u00e7ant certificat digital, com DNI electr\u00f2nic, Cl@ve, idCat, etc. [&hellip;]<\/p>\n","protected":false},"author":145,"featured_media":0,"parent":0,"menu_order":0,"comment_status":"closed","ping_status":"close","template":"","meta":{"_bbp_topic_count":0,"_bbp_reply_count":0,"_bbp_total_topic_count":0,"_bbp_total_reply_count":0,"_bbp_voice_count":0,"_bbp_anonymous_reply_count":0,"_bbp_topic_count_hidden":0,"_bbp_reply_count_hidden":0,"_bbp_forum_subforum_count":0,"site-sidebar-layout":"default","site-content-layout":"","ast-site-content-layout":"default","site-content-style":"default","site-sidebar-style":"default","ast-global-header-display":"","ast-banner-title-visibility":"","ast-main-header-display":"","ast-hfb-above-header-display":"","ast-hfb-below-header-display":"","ast-hfb-mobile-header-display":"","site-post-title":"","ast-breadcrumbs-content":"","ast-featured-img":"","footer-sml-layout":"","theme-transparent-header-meta":"","adv-header-id-meta":"","stick-header-meta":"","header-above-stick-meta":"","header-main-stick-meta":"","header-below-stick-meta":"","astra-migrate-meta-layouts":"set","ast-page-background-enabled":"default","ast-page-background-meta":{"desktop":{"background-color":"var(--ast-global-color-4)","background-image":"","background-repeat":"repeat","background-position":"center center","background-size":"auto","background-attachment":"scroll","background-type":"","background-media":"","overlay-type":"","overlay-color":"","overlay-opacity":"","overlay-gradient":""},"tablet":{"background-color":"","background-image":"","background-repeat":"repeat","background-position":"center center","background-size":"auto","background-attachment":"scroll","background-type":"","background-media":"","overlay-type":"","overlay-color":"","overlay-opacity":"","overlay-gradient":""},"mobile":{"background-color":"","background-image":"","background-repeat":"repeat","background-position":"center center","background-size":"auto","background-attachment":"scroll","background-type":"","background-media":"","overlay-type":"","overlay-color":"","overlay-opacity":"","overlay-gradient":""}},"ast-content-background-meta":{"desktop":{"background-color":"var(--ast-global-color-5)","background-image":"","background-repeat":"repeat","background-position":"center center","background-size":"auto","background-attachment":"scroll","background-type":"","background-media":"","overlay-type":"","overlay-color":"","overlay-opacity":"","overlay-gradient":""},"tablet":{"background-color":"var(--ast-global-color-5)","background-image":"","background-repeat":"repeat","background-position":"center center","background-size":"auto","background-attachment":"scroll","background-type":"","background-media":"","overlay-type":"","overlay-color":"","overlay-opacity":"","overlay-gradient":""},"mobile":{"background-color":"var(--ast-global-color-5)","background-image":"","background-repeat":"repeat","background-position":"center center","background-size":"auto","background-attachment":"scroll","background-type":"","background-media":"","overlay-type":"","overlay-color":"","overlay-opacity":"","overlay-gradient":""}},"footnotes":""},"class_list":["post-15850","page","type-page","status-publish","hentry"],"post_mailing_queue_ids":[],"_links":{"self":[{"href":"https:\/\/agora.xtec.cat\/iesfmompou\/wp-json\/wp\/v2\/pages\/15850","targetHints":{"allow":["GET"]}}],"collection":[{"href":"https:\/\/agora.xtec.cat\/iesfmompou\/wp-json\/wp\/v2\/pages"}],"about":[{"href":"https:\/\/agora.xtec.cat\/iesfmompou\/wp-json\/wp\/v2\/types\/page"}],"author":[{"embeddable":true,"href":"https:\/\/agora.xtec.cat\/iesfmompou\/wp-json\/wp\/v2\/users\/145"}],"replies":[{"embeddable":true,"href":"https:\/\/agora.xtec.cat\/iesfmompou\/wp-json\/wp\/v2\/comments?post=15850"}],"version-history":[{"count":6,"href":"https:\/\/agora.xtec.cat\/iesfmompou\/wp-json\/wp\/v2\/pages\/15850\/revisions"}],"predecessor-version":[{"id":15965,"href":"https:\/\/agora.xtec.cat\/iesfmompou\/wp-json\/wp\/v2\/pages\/15850\/revisions\/15965"}],"wp:attachment":[{"href":"https:\/\/agora.xtec.cat\/iesfmompou\/wp-json\/wp\/v2\/media?parent=15850"}],"curies":[{"name":"wp","href":"https:\/\/api.w.org\/{rel}","templated":true}]}}