{"id":15150,"date":"2025-07-22T13:19:38","date_gmt":"2025-07-22T11:19:38","guid":{"rendered":"https:\/\/agora.xtec.cat\/iesfmompou\/?page_id=15150"},"modified":"2025-09-02T14:23:29","modified_gmt":"2025-09-02T12:23:29","slug":"afa","status":"publish","type":"page","link":"https:\/\/agora.xtec.cat\/iesfmompou\/serveis\/afa\/","title":{"rendered":"AFA"},"content":{"rendered":"<h2>Qu\u00e8 \u00e9s L\u2019AFA?<\/h2>\n<p>Som un equip de fam\u00edlies en pro d\u2019ajudar als alumnes de l\u2019institut. Des de l\u2019AFA i gr\u00e0cies a la contribuci\u00f3 de la quota de socis, contribu\u00efm d\u2019una manera proactiva en la millora de l\u2019institut i dels alumnes.<\/p>\n<p>Si vols ser soci de l\u2019AFA \u00e9s molt senzill:<br \/>\n1- Pots Pagar la quota de 20\u202f\u20ac per fam\u00edlia a trav\u00e9s d&#8217;Iddink (compra\/lloguer de llibres)<br \/>\n2- Si els llibres no els agafes per Iddink, pots fer-te soci fent una transfer\u00e8ncia al seg\u00fcent compte ES39 0081 0019 3200 0116 4218<\/p>\n<p>Per ser soci de l\u2019AFA al principi de curs es donar\u00e0 a l\u2019alumnat una carpeta logotipada de l\u2019institut i <b><u>l\u2019agenda del curs vigent (l\u2019agenda se sol\u00b7licitar\u00e0 amb Iddink i ser\u00e0 gratu\u00efta en fer-se soci)<\/u><\/b>. Aquestes carpetes es donen cada 2 anys (1r ESO, 3r ESO i Batxillerat)<br \/>\n<b><u>Els llibres de lectura obligatoris seran de pr\u00e9stec gratu\u00eft als socis, sempre que l\u2019AFA en tingui disponibilitat.<\/u><\/b><\/p>\n<p>Per a qualsevol consulta o aclariment envieu un mail a\u00a0<a href=\"mailto:ampaiesfmompou@gmail.com\" target=\"_blank\" rel=\"noopener\">ampaiesfmompou@gmail.com<\/a>\u00a0i us contestarem tan aviat com es pugui.<\/p>\n","protected":false},"excerpt":{"rendered":"<p>Qu\u00e8 \u00e9s L\u2019AFA? Som un equip de fam\u00edlies en pro d\u2019ajudar als alumnes de l\u2019institut. Des de l\u2019AFA i gr\u00e0cies a la contribuci\u00f3 de la quota de socis, contribu\u00efm d\u2019una manera proactiva en la millora de l\u2019institut i dels alumnes. Si vols ser soci de l\u2019AFA \u00e9s molt senzill: 1- Pots Pagar la quota de [&hellip;]<\/p>\n","protected":false},"author":145,"featured_media":0,"parent":63,"menu_order":3,"comment_status":"closed","ping_status":"closed","template":"","meta":{"_bbp_topic_count":0,"_bbp_reply_count":0,"_bbp_total_topic_count":0,"_bbp_total_reply_count":0,"_bbp_voice_count":0,"_bbp_anonymous_reply_count":0,"_bbp_topic_count_hidden":0,"_bbp_reply_count_hidden":0,"_bbp_forum_subforum_count":0,"site-sidebar-layout":"default","site-content-layout":"","ast-site-content-layout":"default","site-content-style":"default","site-sidebar-style":"default","ast-global-header-display":"","ast-banner-title-visibility":"","ast-main-header-display":"","ast-hfb-above-header-display":"","ast-hfb-below-header-display":"","ast-hfb-mobile-header-display":"","site-post-title":"","ast-breadcrumbs-content":"","ast-featured-img":"","footer-sml-layout":"","theme-transparent-header-meta":"default","adv-header-id-meta":"","stick-header-meta":"","header-above-stick-meta":"","header-main-stick-meta":"","header-below-stick-meta":"","astra-migrate-meta-layouts":"set","ast-page-background-enabled":"default","ast-page-background-meta":{"desktop":{"background-color":"var(--ast-global-color-4)","background-image":"","background-repeat":"repeat","background-position":"center center","background-size":"auto","background-attachment":"scroll","background-type":"","background-media":"","overlay-type":"","overlay-color":"","overlay-opacity":"","overlay-gradient":""},"tablet":{"background-color":"","background-image":"","background-repeat":"repeat","background-position":"center center","background-size":"auto","background-attachment":"scroll","background-type":"","background-media":"","overlay-type":"","overlay-color":"","overlay-opacity":"","overlay-gradient":""},"mobile":{"background-color":"","background-image":"","background-repeat":"repeat","background-position":"center center","background-size":"auto","background-attachment":"scroll","background-type":"","background-media":"","overlay-type":"","overlay-color":"","overlay-opacity":"","overlay-gradient":""}},"ast-content-background-meta":{"desktop":{"background-color":"var(--ast-global-color-5)","background-image":"","background-repeat":"repeat","background-position":"center center","background-size":"auto","background-attachment":"scroll","background-type":"","background-media":"","overlay-type":"","overlay-color":"","overlay-opacity":"","overlay-gradient":""},"tablet":{"background-color":"var(--ast-global-color-5)","background-image":"","background-repeat":"repeat","background-position":"center center","background-size":"auto","background-attachment":"scroll","background-type":"","background-media":"","overlay-type":"","overlay-color":"","overlay-opacity":"","overlay-gradient":""},"mobile":{"background-color":"var(--ast-global-color-5)","background-image":"","background-repeat":"repeat","background-position":"center center","background-size":"auto","background-attachment":"scroll","background-type":"","background-media":"","overlay-type":"","overlay-color":"","overlay-opacity":"","overlay-gradient":""}},"footnotes":""},"class_list":["post-15150","page","type-page","status-publish","hentry"],"post_mailing_queue_ids":[],"_links":{"self":[{"href":"https:\/\/agora.xtec.cat\/iesfmompou\/wp-json\/wp\/v2\/pages\/15150","targetHints":{"allow":["GET"]}}],"collection":[{"href":"https:\/\/agora.xtec.cat\/iesfmompou\/wp-json\/wp\/v2\/pages"}],"about":[{"href":"https:\/\/agora.xtec.cat\/iesfmompou\/wp-json\/wp\/v2\/types\/page"}],"author":[{"embeddable":true,"href":"https:\/\/agora.xtec.cat\/iesfmompou\/wp-json\/wp\/v2\/users\/145"}],"replies":[{"embeddable":true,"href":"https:\/\/agora.xtec.cat\/iesfmompou\/wp-json\/wp\/v2\/comments?post=15150"}],"version-history":[{"count":3,"href":"https:\/\/agora.xtec.cat\/iesfmompou\/wp-json\/wp\/v2\/pages\/15150\/revisions"}],"predecessor-version":[{"id":15197,"href":"https:\/\/agora.xtec.cat\/iesfmompou\/wp-json\/wp\/v2\/pages\/15150\/revisions\/15197"}],"up":[{"embeddable":true,"href":"https:\/\/agora.xtec.cat\/iesfmompou\/wp-json\/wp\/v2\/pages\/63"}],"wp:attachment":[{"href":"https:\/\/agora.xtec.cat\/iesfmompou\/wp-json\/wp\/v2\/media?parent=15150"}],"curies":[{"name":"wp","href":"https:\/\/api.w.org\/{rel}","templated":true}]}}