{"id":14465,"date":"2024-12-16T15:33:32","date_gmt":"2024-12-16T14:33:32","guid":{"rendered":"https:\/\/agora.xtec.cat\/iesfmompou\/?page_id=14465"},"modified":"2025-09-02T10:58:20","modified_gmt":"2025-09-02T08:58:20","slug":"albums-festes-i-tallers-frederic-mompou","status":"publish","type":"page","link":"https:\/\/agora.xtec.cat\/iesfmompou\/albums-festes-i-tallers-frederic-mompou\/","title":{"rendered":"\u00c0lbums de fotografies"},"content":{"rendered":"<div><b><a href=\"https:\/\/agora.xtec.cat\/iesfmompou\/wp-content\/uploads\/usu653\/2025\/07\/unnamed-1.png\"><img loading=\"lazy\" decoding=\"async\" class=\" wp-image-15169 alignright\" src=\"https:\/\/agora.xtec.cat\/iesfmompou\/wp-content\/uploads\/usu653\/2025\/07\/unnamed-1.png\" alt=\"\" width=\"167\" height=\"167\" srcset=\"https:\/\/agora.xtec.cat\/iesfmompou\/wp-content\/uploads\/usu653\/2025\/07\/unnamed-1.png 512w, https:\/\/agora.xtec.cat\/iesfmompou\/wp-content\/uploads\/usu653\/2025\/07\/unnamed-1-300x300.png 300w, https:\/\/agora.xtec.cat\/iesfmompou\/wp-content\/uploads\/usu653\/2025\/07\/unnamed-1-150x150.png 150w\" sizes=\"auto, (max-width: 167px) 100vw, 167px\" \/><\/a><\/b>Amb la voluntat de preservar al m\u00e0xim possible els\u00a0<b>drets d&#8217;imatge<\/b>\u00a0dels menors del nostre centre, per\u00f2 sense renunciar a continuar mostrant les fotografies de les sortides que duem a terme, hem repensat\u00a0la manera com publicarem els\u00a0<span class=\"il\">\u00e0lbums<\/span> de fotos a la nostra p\u00e0gina web. A partir d&#8217;ara, cada vegada que fem una activitat de centre (festa de Nadal, diada de Sant Jordi&#8230;) o sortida de m\u00e9s d&#8217;un dia (intercanvis i estades ling\u00fc\u00edstiques, viatges de fi de curs, treballs de s\u00edntesi, etc.), <b>crearem un \u00e0lbum de fotos de Google des del correu de centre<\/b> i el compartirem amb les fam\u00edlies a trav\u00e9s de la nostra p\u00e0gina mitjan\u00e7ant una <b>p\u00e0gina xifrada amb contrasenya.<\/b><\/div>\n<div dir=\"auto\"><b>\u00a0<\/b><\/div>\n<div dir=\"auto\">\n<p>La <strong>contrasenya<\/strong> d&#8217;aquesta p\u00e0gina vindr\u00e0 determinada per l&#8217;any de naixement de la generaci\u00f3 de la qual pengem les fotos: aix\u00ed, tindrem una p\u00e0gina amb una contrasenya diferent per a cada generaci\u00f3, on s&#8217;aniran acumulant tots els \u00e0lbums de les sortides que hagi anat fent durant la seva etapa a l&#8217;ESO i al Batxillerat al Mompou.\u00a0 La contrasenya no canvia al llarg de tota l&#8217;etapa obligat\u00f2ria ni postobligat\u00f2ria. <strong>Si no recordeu la contrasenya, no dubteu a escriure&#8217;ns un correu a a8034011@xtec.cat.<\/strong><\/p>\n<p>&nbsp;<\/p>\n<\/div>\n<h1 dir=\"auto\"><\/h1>\n<h1 dir=\"auto\">\u00c0lbums de cada generaci\u00f3:<\/h1>\n<blockquote class=\"wp-embedded-content\" data-secret=\"Z4gTePs0Dn\"><p><a href=\"https:\/\/agora.xtec.cat\/iesfmompou\/albums-festes-i-tallers-frederic-mompou\/albums-generacio-2013\/\">\u00c0lbums generaci\u00f3 2013<\/a><\/p><\/blockquote>\n<p><iframe loading=\"lazy\" class=\"wp-embedded-content\" sandbox=\"allow-scripts\" security=\"restricted\" style=\"position: absolute; visibility: hidden;\" title=\"&#8220;\u00c0lbums generaci\u00f3 2013&#8221; &#8212; INS Frederic Mompou\" src=\"https:\/\/agora.xtec.cat\/iesfmompou\/albums-festes-i-tallers-frederic-mompou\/albums-generacio-2013\/embed\/#?secret=HV5yHdxLHP#?secret=Z4gTePs0Dn\" data-secret=\"Z4gTePs0Dn\" width=\"500\" height=\"282\" frameborder=\"0\" marginwidth=\"0\" marginheight=\"0\" scrolling=\"no\"><\/iframe><\/p>\n<blockquote class=\"wp-embedded-content\" data-secret=\"ySRCRfG9oI\"><p><a href=\"https:\/\/agora.xtec.cat\/iesfmompou\/albums-generacio-2012\/\">\u00c0lbums generaci\u00f3 2012<\/a><\/p><\/blockquote>\n<p><iframe loading=\"lazy\" class=\"wp-embedded-content\" sandbox=\"allow-scripts\" security=\"restricted\" style=\"position: absolute; visibility: hidden;\" title=\"&#8220;\u00c0lbums generaci\u00f3 2012&#8221; &#8212; INS Frederic Mompou\" src=\"https:\/\/agora.xtec.cat\/iesfmompou\/albums-generacio-2012\/embed\/#?secret=uP1Bfda9d3#?secret=ySRCRfG9oI\" data-secret=\"ySRCRfG9oI\" width=\"500\" height=\"282\" frameborder=\"0\" marginwidth=\"0\" marginheight=\"0\" scrolling=\"no\"><\/iframe><\/p>\n<blockquote class=\"wp-embedded-content\" data-secret=\"lkYzjt2hSS\"><p><a href=\"https:\/\/agora.xtec.cat\/iesfmompou\/albums-generacio-2011\/\">\u00c0lbums generaci\u00f3 2011<\/a><\/p><\/blockquote>\n<p><iframe loading=\"lazy\" class=\"wp-embedded-content\" sandbox=\"allow-scripts\" security=\"restricted\" style=\"position: absolute; visibility: hidden;\" title=\"&#8220;\u00c0lbums generaci\u00f3 2011&#8221; &#8212; INS Frederic Mompou\" src=\"https:\/\/agora.xtec.cat\/iesfmompou\/albums-generacio-2011\/embed\/#?secret=qVZksaq286#?secret=lkYzjt2hSS\" data-secret=\"lkYzjt2hSS\" width=\"500\" height=\"282\" frameborder=\"0\" marginwidth=\"0\" marginheight=\"0\" scrolling=\"no\"><\/iframe><\/p>\n<blockquote class=\"wp-embedded-content\" data-secret=\"QqnlLr5Uc8\"><p><a href=\"https:\/\/agora.xtec.cat\/iesfmompou\/albums-generacio-2010\/\">\u00c0lbums generaci\u00f3 2010<\/a><\/p><\/blockquote>\n<p><iframe loading=\"lazy\" class=\"wp-embedded-content\" sandbox=\"allow-scripts\" security=\"restricted\" style=\"position: absolute; visibility: hidden;\" title=\"&#8220;\u00c0lbums generaci\u00f3 2010&#8221; &#8212; INS Frederic Mompou\" src=\"https:\/\/agora.xtec.cat\/iesfmompou\/albums-generacio-2010\/embed\/#?secret=Wc8XSUU593#?secret=QqnlLr5Uc8\" data-secret=\"QqnlLr5Uc8\" width=\"500\" height=\"282\" frameborder=\"0\" marginwidth=\"0\" marginheight=\"0\" scrolling=\"no\"><\/iframe><\/p>\n<blockquote class=\"wp-embedded-content\" data-secret=\"Rhea7bY6iu\"><p><a href=\"https:\/\/agora.xtec.cat\/iesfmompou\/albums-generacio-2009\/\">\u00c0lbums generaci\u00f3 2009<\/a><\/p><\/blockquote>\n<p><iframe loading=\"lazy\" class=\"wp-embedded-content\" sandbox=\"allow-scripts\" security=\"restricted\" style=\"position: absolute; visibility: hidden;\" title=\"&#8220;\u00c0lbums generaci\u00f3 2009&#8221; &#8212; INS Frederic Mompou\" src=\"https:\/\/agora.xtec.cat\/iesfmompou\/albums-generacio-2009\/embed\/#?secret=4SuCnvvaVp#?secret=Rhea7bY6iu\" data-secret=\"Rhea7bY6iu\" width=\"500\" height=\"282\" frameborder=\"0\" marginwidth=\"0\" marginheight=\"0\" scrolling=\"no\"><\/iframe><\/p>\n<blockquote class=\"wp-embedded-content\" data-secret=\"OGi8i4gjOj\"><p><a href=\"https:\/\/agora.xtec.cat\/iesfmompou\/albums-generacio-2008\/\">\u00c0lbums generaci\u00f3 2008<\/a><\/p><\/blockquote>\n<p><iframe loading=\"lazy\" class=\"wp-embedded-content\" sandbox=\"allow-scripts\" security=\"restricted\" style=\"position: absolute; visibility: hidden;\" title=\"&#8220;\u00c0lbums generaci\u00f3 2008&#8221; &#8212; INS Frederic Mompou\" src=\"https:\/\/agora.xtec.cat\/iesfmompou\/albums-generacio-2008\/embed\/#?secret=iTJCZorezz#?secret=OGi8i4gjOj\" data-secret=\"OGi8i4gjOj\" width=\"500\" height=\"282\" frameborder=\"0\" marginwidth=\"0\" marginheight=\"0\" scrolling=\"no\"><\/iframe><\/p>\n<blockquote class=\"wp-embedded-content\" data-secret=\"X4wrUpmGyt\"><p><a href=\"https:\/\/agora.xtec.cat\/iesfmompou\/albums-generacio-2007\/\">\u00c0lbums generaci\u00f3 2007<\/a><\/p><\/blockquote>\n<p><iframe loading=\"lazy\" class=\"wp-embedded-content\" sandbox=\"allow-scripts\" security=\"restricted\" style=\"position: absolute; visibility: hidden;\" title=\"&#8220;\u00c0lbums generaci\u00f3 2007&#8221; &#8212; INS Frederic Mompou\" src=\"https:\/\/agora.xtec.cat\/iesfmompou\/albums-generacio-2007\/embed\/#?secret=6YbUVBMfQJ#?secret=X4wrUpmGyt\" data-secret=\"X4wrUpmGyt\" width=\"500\" height=\"282\" frameborder=\"0\" marginwidth=\"0\" marginheight=\"0\" scrolling=\"no\"><\/iframe><\/p>\n","protected":false},"excerpt":{"rendered":"<p>Amb la voluntat de preservar al m\u00e0xim possible els\u00a0drets d&#8217;imatge\u00a0dels menors del nostre centre, per\u00f2 sense renunciar a continuar mostrant les fotografies de les sortides que duem a terme, hem repensat\u00a0la manera com publicarem els\u00a0\u00e0lbums de fotos a la nostra p\u00e0gina web. A partir d&#8217;ara, cada vegada que fem una activitat de centre (festa de [&hellip;]<\/p>\n","protected":false},"author":145,"featured_media":0,"parent":0,"menu_order":0,"comment_status":"closed","ping_status":"closed","template":"","meta":{"_bbp_topic_count":0,"_bbp_reply_count":0,"_bbp_total_topic_count":0,"_bbp_total_reply_count":0,"_bbp_voice_count":0,"_bbp_anonymous_reply_count":0,"_bbp_topic_count_hidden":0,"_bbp_reply_count_hidden":0,"_bbp_forum_subforum_count":0,"site-sidebar-layout":"default","site-content-layout":"","ast-site-content-layout":"default","site-content-style":"default","site-sidebar-style":"default","ast-global-header-display":"","ast-banner-title-visibility":"","ast-main-header-display":"","ast-hfb-above-header-display":"","ast-hfb-below-header-display":"","ast-hfb-mobile-header-display":"","site-post-title":"","ast-breadcrumbs-content":"","ast-featured-img":"","footer-sml-layout":"","theme-transparent-header-meta":"default","adv-header-id-meta":"","stick-header-meta":"","header-above-stick-meta":"","header-main-stick-meta":"","header-below-stick-meta":"","astra-migrate-meta-layouts":"set","ast-page-background-enabled":"default","ast-page-background-meta":{"desktop":{"background-color":"var(--ast-global-color-4)","background-image":"","background-repeat":"repeat","background-position":"center center","background-size":"auto","background-attachment":"scroll","background-type":"","background-media":"","overlay-type":"","overlay-color":"","overlay-opacity":"","overlay-gradient":""},"tablet":{"background-color":"","background-image":"","background-repeat":"repeat","background-position":"center center","background-size":"auto","background-attachment":"scroll","background-type":"","background-media":"","overlay-type":"","overlay-color":"","overlay-opacity":"","overlay-gradient":""},"mobile":{"background-color":"","background-image":"","background-repeat":"repeat","background-position":"center center","background-size":"auto","background-attachment":"scroll","background-type":"","background-media":"","overlay-type":"","overlay-color":"","overlay-opacity":"","overlay-gradient":""}},"ast-content-background-meta":{"desktop":{"background-color":"var(--ast-global-color-5)","background-image":"","background-repeat":"repeat","background-position":"center center","background-size":"auto","background-attachment":"scroll","background-type":"","background-media":"","overlay-type":"","overlay-color":"","overlay-opacity":"","overlay-gradient":""},"tablet":{"background-color":"var(--ast-global-color-5)","background-image":"","background-repeat":"repeat","background-position":"center center","background-size":"auto","background-attachment":"scroll","background-type":"","background-media":"","overlay-type":"","overlay-color":"","overlay-opacity":"","overlay-gradient":""},"mobile":{"background-color":"var(--ast-global-color-5)","background-image":"","background-repeat":"repeat","background-position":"center center","background-size":"auto","background-attachment":"scroll","background-type":"","background-media":"","overlay-type":"","overlay-color":"","overlay-opacity":"","overlay-gradient":""}},"footnotes":""},"class_list":["post-14465","page","type-page","status-publish","hentry"],"post_mailing_queue_ids":[],"_links":{"self":[{"href":"https:\/\/agora.xtec.cat\/iesfmompou\/wp-json\/wp\/v2\/pages\/14465","targetHints":{"allow":["GET"]}}],"collection":[{"href":"https:\/\/agora.xtec.cat\/iesfmompou\/wp-json\/wp\/v2\/pages"}],"about":[{"href":"https:\/\/agora.xtec.cat\/iesfmompou\/wp-json\/wp\/v2\/types\/page"}],"author":[{"embeddable":true,"href":"https:\/\/agora.xtec.cat\/iesfmompou\/wp-json\/wp\/v2\/users\/145"}],"replies":[{"embeddable":true,"href":"https:\/\/agora.xtec.cat\/iesfmompou\/wp-json\/wp\/v2\/comments?post=14465"}],"version-history":[{"count":7,"href":"https:\/\/agora.xtec.cat\/iesfmompou\/wp-json\/wp\/v2\/pages\/14465\/revisions"}],"predecessor-version":[{"id":15196,"href":"https:\/\/agora.xtec.cat\/iesfmompou\/wp-json\/wp\/v2\/pages\/14465\/revisions\/15196"}],"wp:attachment":[{"href":"https:\/\/agora.xtec.cat\/iesfmompou\/wp-json\/wp\/v2\/media?parent=14465"}],"curies":[{"name":"wp","href":"https:\/\/api.w.org\/{rel}","templated":true}]}}