{"id":9149,"date":"2020-05-29T17:42:26","date_gmt":"2020-05-29T15:42:26","guid":{"rendered":"http:\/\/agora.xtec.cat\/iesflosicalcat\/?page_id=9149"},"modified":"2020-08-04T19:23:13","modified_gmt":"2020-08-04T17:23:13","slug":"tauler-danuncis","status":"publish","type":"page","link":"https:\/\/agora.xtec.cat\/iesflosicalcat\/secretaria\/tauler-danuncis\/","title":{"rendered":"Tauler d&#8217;anuncis"},"content":{"rendered":"<ul>\n<li>4 d&#8217;agost de 2020: <a href=\"https:\/\/agora.xtec.cat\/iesflosicalcat\/estudis\/batxillerat\/informacio-matricula-batxillerat-periode-de-setembre\/\"target=_blank><strong>Instruccions matr\u00edcula Batxillerat (setembre)<\/strong><\/a><\/li>\n<li>3 d&#8217;agost de 2020: <a href=\"https:\/\/agora.xtec.cat\/iesflosicalcat\/portada\/informacio-matricula-cicles-formatius\/\" target=\"_blank\" rel=\"noopener noreferrer\"><strong>Instruccions matr\u00edcula Cicles Formatius<\/strong><\/a><\/li>\n<li>30 de juliol de 2020: <a href=\"https:\/\/agora.xtec.cat\/iesflosicalcat\/portada\/llista-dassignacions-i-llista-despera-fp-de-grau-mitja-curs-2020-2021\/\" target=\"_blank\" rel=\"noopener noreferrer\"><strong>Llista d&#8217;assignacions i llista d&#8217;espera FP de Grau Mitj\u00e0 curs 2020 \/2021<\/strong><\/a><\/li>\n<li>30 de juliol de 2020: <a href=\"https:\/\/agora.xtec.cat\/iesflosicalcat\/portada\/llista-dassignacions-i-llista-despera-fp-de-grau-superior-curs-2020-2021\/\" target=\"_blank\" rel=\"noopener noreferrer\"><strong>Llista d&#8217;assignacions i llista d&#8217;espera FP de Grau Superior curs 2020 \/2021<\/strong><\/a><\/li>\n<li>23 de juliol de 2020: <a href=\"https:\/\/agora.xtec.cat\/iesflosicalcat\/wp-content\/uploads\/usu1357\/2020\/07\/INFORME_BAREM_DEFINITIU_BAREM_GS.pdf\" target=\"_blank\" rel=\"noopener noreferrer\"><strong>Llista de sol\u00b7licituds que han demanat FP de Grau Superior al centre en 1a opci\u00f3, ordenaci\u00f3 definitiva<\/strong><\/a><\/li>\n<li>20 de juliol de 2020: <a href=\"https:\/\/agora.xtec.cat\/iesflosicalcat\/wp-content\/uploads\/usu1357\/2020\/07\/INFORME_BAREM_DEFINITIU_BAREM.pdf\" target=\"_blank\" rel=\"noopener noreferrer\"><strong>Llista de sol\u00b7licituds que han demanat FP de Grau Mitj\u00e0 al centre en 1a opci\u00f3, ordenaci\u00f3 definitiva<\/strong><\/a><\/li>\n<li>20 de juliol de 2020: <a href=\"https:\/\/agora.xtec.cat\/iesflosicalcat\/wp-content\/uploads\/usu1357\/2020\/07\/INFORME_BAREM_RESOLTES_BAREM-1.pdf\" target=\"_blank\" rel=\"noopener noreferrer\"><strong>Llista de sol\u00b7licituds que han demanat FP de Grau Superior al centre en 1a opci\u00f3, un cop resoltes les reclamacions<\/strong><\/a><\/li>\n<li>15 de juliol de 2020: <a href=\"https:\/\/agora.xtec.cat\/iesflosicalcat\/wp-content\/uploads\/usu1357\/2020\/07\/INFORME_BAREM_RESOLTES_BAREM.pdf\" target=\"_blank\" rel=\"noopener noreferrer\"><strong>Llista de sol\u00b7licituds que han demanat FP de Grau Mitj\u00e0 al centre en 1a opci\u00f3, un cop resoltes les reclamacions<\/strong><\/a><\/li>\n<li>13 de juliol de 2020: <a href=\"https:\/\/agora.xtec.cat\/iesflosicalcat\/wp-content\/uploads\/usu1357\/2020\/07\/INFORME_BAREM_PROVISIONAL_BAREM_GS.pdf\" target=\"_blank\" rel=\"noopener noreferrer\"><strong>Barem provisional sol\u00b7licituds FP Grau Superior<\/strong><\/a><\/li>\n<li>9 de juliol de 2020: <a href=\"https:\/\/agora.xtec.cat\/iesflosicalcat\/wp-content\/uploads\/usu1357\/2020\/07\/INFORME_BAREM_PROVISIONAL_BAREM.pdf\" target=\"_blank\" rel=\"noopener noreferrer\"><strong>Barem provisional sol\u00b7licituds FP Grau Mitj\u00e0<\/strong><\/a><\/li>\n<li>7 de juliol de 2020: <a href=\"https:\/\/agora.xtec.cat\/iesflosicalcat\/estudis\/eso\/preinscripcio-1r-deso-alumnat-assignat-i-en-llista-despera\/\" target=\"_blank\" rel=\"noopener noreferrer\"><strong>Preinscripci\u00f3 1r d&#8217;ESO: alumnat assignat i en llista d&#8217;espera<\/strong><\/a><\/li>\n<li>3 de juliol de 2020: <a href=\"https:\/\/agora.xtec.cat\/iesflosicalcat\/wp-content\/uploads\/usu1357\/2020\/07\/Derivaci\u00f3-incid\u00e8ncies-GS.pdf\" target=\"_blank\" rel=\"noopener noreferrer\"><strong>Convocat\u00f2ria d&#8217;incid\u00e8ncies de la prova d&#8217;acc\u00e9s a cicles formatius de grau superior<\/strong><\/a><\/li>\n<li>29 de juny de 2020: <a href=\"https:\/\/agora.xtec.cat\/iesflosicalcat\/wp-content\/uploads\/usu1357\/2020\/06\/Incid\u00e8ncies-GM.pdf\" target=\"_blank\" rel=\"noopener noreferrer\"><strong>Convocat\u00f2ria d&#8217;incid\u00e8ncies de la prova d&#8217;acc\u00e9s a cicles formatius de grau mitj\u00e0<\/strong><\/a><\/li>\n<li>11 de juny de 2020:<a href=\"https:\/\/agora.xtec.cat\/iesflosicalcat\/wp-content\/uploads\/usu1357\/2020\/06\/INFORME_BAREM_DEFINITIU_BAREM.pdf\" target=\"_blank\" rel=\"noopener noreferrer\"><strong>Preinscripci\u00f3 ESO, barem definitiu<\/strong><\/a><\/li>\n<li>9 de juny de 2020: <a href=\"https:\/\/agora.xtec.cat\/iesflosicalcat\/wp-content\/uploads\/usu1357\/2020\/06\/INFORME_BAREM_RESOLTES_BAREM.pdf\" target=\"_blank\" rel=\"noopener noreferrer\"><strong>Publicaci\u00f3 de llistes amb el barem un cop resoltes les reclamacions, de la preinscripci\u00f3 de l&#8217;ESO<\/strong><\/a><\/li>\n<li>2 de juny de 2020: <a href=\"https:\/\/agora.xtec.cat\/iesflosicalcat\/general\/seleccio-de-director-a-acta-provisional-de-la-2a-fase\/\" target=\"_blank\" rel=\"noopener noreferrer\"><strong>Selecci\u00f3 del director: acta definitiva de la 2a fase<\/strong><\/a><\/li>\n<li>29 de maig de 2020:<a href=\"https:\/\/agora.xtec.cat\/iesflosicalcat\/wp-content\/uploads\/usu1357\/2020\/05\/INFORME_BAREM_PROVISIONAL_BAREM.pdf\" target=\"_blank\" rel=\"noopener noreferrer\"><strong>Preinscripci\u00f3 ESO 2020\/2021: barem provisional<\/strong><\/a><\/li>\n<li>28 de maig de 2020: <a href=\"https:\/\/agora.xtec.cat\/iesflosicalcat\/general\/pla-de-reobertura-del-centre\/\" target=\"&quot;_blank\" rel=\"noopener noreferrer\"><strong>Pla de reobertura del centre<\/strong><\/a><\/li>\n<li>20 de maig de 2020: <a href=\"https:\/\/agora.xtec.cat\/iesflosicalcat\/general\/seleccio-de-director-a-acta-provisional-de-la-2a-fase\/\" target=\"&quot;_blank\" rel=\"noopener noreferrer\"><strong>Selecci\u00f3 del director\/a: acta provisional de la 2a fase<\/strong><\/a><\/li>\n<li>12 de maig de 2020: <a href=\"https:\/\/agora.xtec.cat\/iesflosicalcat\/general\/proves-dacces-als-cicles-formatius-convocatoria-2020\/\" target=\"_blank\" rel=\"noopener noreferrer\"><strong>Proves d&#8217;acc\u00e9s a cicles formatius<\/strong><\/a><\/li>\n<\/ul>\n","protected":false},"excerpt":{"rendered":"<p>4 d&#8217;agost de 2020: Instruccions matr\u00edcula Batxillerat (setembre) 3 d&#8217;agost de 2020: Instruccions matr\u00edcula Cicles Formatius 30 de juliol de 2020: Llista d&#8217;assignacions i llista d&#8217;espera FP de Grau Mitj\u00e0 curs 2020 \/2021 30 de juliol de 2020: Llista d&#8217;assignacions i llista d&#8217;espera FP de Grau Superior curs 2020 \/2021 23 de juliol de 2020: [&hellip;]<\/p>\n","protected":false},"author":1,"featured_media":0,"parent":81,"menu_order":0,"comment_status":"closed","ping_status":"closed","template":"","meta":{"_bbp_topic_count":0,"_bbp_reply_count":0,"_bbp_total_topic_count":0,"_bbp_total_reply_count":0,"_bbp_voice_count":0,"_bbp_anonymous_reply_count":0,"_bbp_topic_count_hidden":0,"_bbp_reply_count_hidden":0,"_bbp_forum_subforum_count":0,"site-sidebar-layout":"default","site-content-layout":"","ast-site-content-layout":"","site-content-style":"default","site-sidebar-style":"default","ast-global-header-display":"","ast-banner-title-visibility":"","ast-main-header-display":"","ast-hfb-above-header-display":"","ast-hfb-below-header-display":"","ast-hfb-mobile-header-display":"","site-post-title":"","ast-breadcrumbs-content":"","ast-featured-img":"","footer-sml-layout":"","theme-transparent-header-meta":"","adv-header-id-meta":"","stick-header-meta":"","header-above-stick-meta":"","header-main-stick-meta":"","header-below-stick-meta":"","astra-migrate-meta-layouts":"default","ast-page-background-enabled":"default","ast-page-background-meta":{"desktop":{"background-color":"var(--ast-global-color-4)","background-image":"","background-repeat":"repeat","background-position":"center center","background-size":"auto","background-attachment":"scroll","background-type":"","background-media":"","overlay-type":"","overlay-color":"","overlay-opacity":"","overlay-gradient":""},"tablet":{"background-color":"","background-image":"","background-repeat":"repeat","background-position":"center center","background-size":"auto","background-attachment":"scroll","background-type":"","background-media":"","overlay-type":"","overlay-color":"","overlay-opacity":"","overlay-gradient":""},"mobile":{"background-color":"","background-image":"","background-repeat":"repeat","background-position":"center center","background-size":"auto","background-attachment":"scroll","background-type":"","background-media":"","overlay-type":"","overlay-color":"","overlay-opacity":"","overlay-gradient":""}},"ast-content-background-meta":{"desktop":{"background-color":"var(--ast-global-color-5)","background-image":"","background-repeat":"repeat","background-position":"center center","background-size":"auto","background-attachment":"scroll","background-type":"","background-media":"","overlay-type":"","overlay-color":"","overlay-opacity":"","overlay-gradient":""},"tablet":{"background-color":"var(--ast-global-color-5)","background-image":"","background-repeat":"repeat","background-position":"center center","background-size":"auto","background-attachment":"scroll","background-type":"","background-media":"","overlay-type":"","overlay-color":"","overlay-opacity":"","overlay-gradient":""},"mobile":{"background-color":"var(--ast-global-color-5)","background-image":"","background-repeat":"repeat","background-position":"center center","background-size":"auto","background-attachment":"scroll","background-type":"","background-media":"","overlay-type":"","overlay-color":"","overlay-opacity":"","overlay-gradient":""}},"footnotes":""},"class_list":["post-9149","page","type-page","status-publish","hentry"],"post_mailing_queue_ids":[],"_links":{"self":[{"href":"https:\/\/agora.xtec.cat\/iesflosicalcat\/wp-json\/wp\/v2\/pages\/9149","targetHints":{"allow":["GET"]}}],"collection":[{"href":"https:\/\/agora.xtec.cat\/iesflosicalcat\/wp-json\/wp\/v2\/pages"}],"about":[{"href":"https:\/\/agora.xtec.cat\/iesflosicalcat\/wp-json\/wp\/v2\/types\/page"}],"author":[{"embeddable":true,"href":"https:\/\/agora.xtec.cat\/iesflosicalcat\/wp-json\/wp\/v2\/users\/1"}],"replies":[{"embeddable":true,"href":"https:\/\/agora.xtec.cat\/iesflosicalcat\/wp-json\/wp\/v2\/comments?post=9149"}],"version-history":[{"count":4,"href":"https:\/\/agora.xtec.cat\/iesflosicalcat\/wp-json\/wp\/v2\/pages\/9149\/revisions"}],"predecessor-version":[{"id":9433,"href":"https:\/\/agora.xtec.cat\/iesflosicalcat\/wp-json\/wp\/v2\/pages\/9149\/revisions\/9433"}],"up":[{"embeddable":true,"href":"https:\/\/agora.xtec.cat\/iesflosicalcat\/wp-json\/wp\/v2\/pages\/81"}],"wp:attachment":[{"href":"https:\/\/agora.xtec.cat\/iesflosicalcat\/wp-json\/wp\/v2\/media?parent=9149"}],"curies":[{"name":"wp","href":"https:\/\/api.w.org\/{rel}","templated":true}]}}