{"id":856,"date":"2017-03-29T13:14:11","date_gmt":"2017-03-29T11:14:11","guid":{"rendered":"http:\/\/agora.xtec.cat\/iesflosicalcat\/?page_id=856"},"modified":"2018-10-20T11:36:42","modified_gmt":"2018-10-20T09:36:42","slug":"acreditacio","status":"publish","type":"page","link":"https:\/\/agora.xtec.cat\/iesflosicalcat\/linstitut\/estudis\/acreditacio\/","title":{"rendered":"Acreditaci\u00f3"},"content":{"rendered":"<p><a href=\"https:\/\/agora.xtec.cat\/iesflosicalcat\/categoria\/estudis\/cicles-formatius\/erasmus\/\"><img loading=\"lazy\" decoding=\"async\" class=\"aligncenter size-full wp-image-864\" src=\"http:\/\/agora.xtec.cat\/iesflosicalcat\/wp-content\/uploads\/usu1357\/2017\/03\/mobility.png\" alt=\"erasmus+\" width=\"900\" height=\"386\" srcset=\"https:\/\/agora.xtec.cat\/iesflosicalcat\/wp-content\/uploads\/usu1357\/2017\/03\/mobility.png 900w, https:\/\/agora.xtec.cat\/iesflosicalcat\/wp-content\/uploads\/usu1357\/2017\/03\/mobility-300x129.png 300w, https:\/\/agora.xtec.cat\/iesflosicalcat\/wp-content\/uploads\/usu1357\/2017\/03\/mobility-768x329.png 768w\" sizes=\"auto, (max-width: 900px) 100vw, 900px\" \/><\/a><\/p>\n<p>Els aprenentatges i habilitats assolits en mobilitat internacional s\u00f3n reconeguts i acreditats pel nostre centre.<\/p>\n<p>Els alumnes que completen el programa de mobilitat amb resultat i valoraci\u00f3 satisfactoris reben un <strong>Certificat suplementari<\/strong> al seu t\u00edtol, que poden incloure al <em>European Skills Passport.<\/em><\/p>\n<p>Com se segueix tot el proc\u00e9s?<\/p>\n<p>Al mes d&#8217;abril, davant la convocat\u00f2ria de beques del programa Erasmus, la Fundaci\u00f3 FP contacta amb nosaltres per tal que seleccionem, com a m\u00e0xim, el doble d&#8217;alumnes que les beques atorgades al nostre centre. un cop feta la preselecci\u00f3 en funci\u00f3 dels criteris d&#8217;expedient acad\u00e8mic, domini de llengua estrangera i actitud i capacitats personals i professionals, la Fundaci\u00f3 us entrevista i fa la selecci\u00f3 final.<\/p>\n<p>Un cop se&#8217;ls informa del pa\u00eds i centre d&#8217;acollida, els seleccionats cerquen viatge i habitatge per l&#8217;estada amb l&#8217;ajuda de la Fundaci\u00f3 o pel seu compte.<\/p>\n<p>Abans de marxar \u00e9s obligatori fer un curs online de la llengua estrangera que es determini.<\/p>\n<p>Al pa\u00eds d&#8217;acollida tenen un tutor-contacte que els guia en el proc\u00e9s i, per descomptat, sempre poden posar-se en contacte amb nosaltres o la Fundaci\u00f3 davant de qualsevol dubte o imprevist. Tamb\u00e9 comptem amb que contactin amb nosaltres per enviar-nos fotos i anar-nos explicant com va tot!<\/p>\n<p>Un cop tornen i es comprova l&#8217;assoliment d&#8217;objectius que tamb\u00e9 signen la Fundaci\u00f3 i el centre acollidor, se signa el Certificat de Mobilitat i nom\u00e9s queda un pas m\u00e9s: que ens facin una visita, com a m\u00ednim, per a fer el retorn de la seva experi\u00e8ncia i aprenentatges als nous estudiants, i que els puguin preguntar els dubtes i inquietuds que tinguin per quan els toqui a ells emprendre la seva pr\u00f2pia aventura.<\/p>\n","protected":false},"excerpt":{"rendered":"<p>Els aprenentatges i habilitats assolits en mobilitat internacional s\u00f3n reconeguts i acreditats pel nostre centre. Els alumnes que completen el programa de mobilitat amb resultat i valoraci\u00f3 satisfactoris reben un Certificat suplementari al seu t\u00edtol, que poden incloure al European Skills Passport. Com se segueix tot el proc\u00e9s? Al mes d&#8217;abril, davant la convocat\u00f2ria de [&hellip;]<\/p>\n","protected":false},"author":1,"featured_media":0,"parent":195,"menu_order":0,"comment_status":"closed","ping_status":"closed","template":"","meta":{"_bbp_topic_count":0,"_bbp_reply_count":0,"_bbp_total_topic_count":0,"_bbp_total_reply_count":0,"_bbp_voice_count":0,"_bbp_anonymous_reply_count":0,"_bbp_topic_count_hidden":0,"_bbp_reply_count_hidden":0,"_bbp_forum_subforum_count":0,"site-sidebar-layout":"default","site-content-layout":"","ast-site-content-layout":"","site-content-style":"default","site-sidebar-style":"default","ast-global-header-display":"","ast-banner-title-visibility":"","ast-main-header-display":"","ast-hfb-above-header-display":"","ast-hfb-below-header-display":"","ast-hfb-mobile-header-display":"","site-post-title":"","ast-breadcrumbs-content":"","ast-featured-img":"","footer-sml-layout":"","theme-transparent-header-meta":"","adv-header-id-meta":"","stick-header-meta":"","header-above-stick-meta":"","header-main-stick-meta":"","header-below-stick-meta":"","astra-migrate-meta-layouts":"default","ast-page-background-enabled":"default","ast-page-background-meta":{"desktop":{"background-color":"var(--ast-global-color-4)","background-image":"","background-repeat":"repeat","background-position":"center center","background-size":"auto","background-attachment":"scroll","background-type":"","background-media":"","overlay-type":"","overlay-color":"","overlay-opacity":"","overlay-gradient":""},"tablet":{"background-color":"","background-image":"","background-repeat":"repeat","background-position":"center center","background-size":"auto","background-attachment":"scroll","background-type":"","background-media":"","overlay-type":"","overlay-color":"","overlay-opacity":"","overlay-gradient":""},"mobile":{"background-color":"","background-image":"","background-repeat":"repeat","background-position":"center center","background-size":"auto","background-attachment":"scroll","background-type":"","background-media":"","overlay-type":"","overlay-color":"","overlay-opacity":"","overlay-gradient":""}},"ast-content-background-meta":{"desktop":{"background-color":"var(--ast-global-color-5)","background-image":"","background-repeat":"repeat","background-position":"center center","background-size":"auto","background-attachment":"scroll","background-type":"","background-media":"","overlay-type":"","overlay-color":"","overlay-opacity":"","overlay-gradient":""},"tablet":{"background-color":"var(--ast-global-color-5)","background-image":"","background-repeat":"repeat","background-position":"center center","background-size":"auto","background-attachment":"scroll","background-type":"","background-media":"","overlay-type":"","overlay-color":"","overlay-opacity":"","overlay-gradient":""},"mobile":{"background-color":"var(--ast-global-color-5)","background-image":"","background-repeat":"repeat","background-position":"center center","background-size":"auto","background-attachment":"scroll","background-type":"","background-media":"","overlay-type":"","overlay-color":"","overlay-opacity":"","overlay-gradient":""}},"footnotes":""},"class_list":["post-856","page","type-page","status-publish","hentry"],"post_mailing_queue_ids":[],"_links":{"self":[{"href":"https:\/\/agora.xtec.cat\/iesflosicalcat\/wp-json\/wp\/v2\/pages\/856","targetHints":{"allow":["GET"]}}],"collection":[{"href":"https:\/\/agora.xtec.cat\/iesflosicalcat\/wp-json\/wp\/v2\/pages"}],"about":[{"href":"https:\/\/agora.xtec.cat\/iesflosicalcat\/wp-json\/wp\/v2\/types\/page"}],"author":[{"embeddable":true,"href":"https:\/\/agora.xtec.cat\/iesflosicalcat\/wp-json\/wp\/v2\/users\/1"}],"replies":[{"embeddable":true,"href":"https:\/\/agora.xtec.cat\/iesflosicalcat\/wp-json\/wp\/v2\/comments?post=856"}],"version-history":[{"count":3,"href":"https:\/\/agora.xtec.cat\/iesflosicalcat\/wp-json\/wp\/v2\/pages\/856\/revisions"}],"predecessor-version":[{"id":2076,"href":"https:\/\/agora.xtec.cat\/iesflosicalcat\/wp-json\/wp\/v2\/pages\/856\/revisions\/2076"}],"up":[{"embeddable":true,"href":"https:\/\/agora.xtec.cat\/iesflosicalcat\/wp-json\/wp\/v2\/pages\/195"}],"wp:attachment":[{"href":"https:\/\/agora.xtec.cat\/iesflosicalcat\/wp-json\/wp\/v2\/media?parent=856"}],"curies":[{"name":"wp","href":"https:\/\/api.w.org\/{rel}","templated":true}]}}