{"id":854,"date":"2017-03-29T13:14:45","date_gmt":"2017-03-29T11:14:45","guid":{"rendered":"http:\/\/agora.xtec.cat\/iesflosicalcat\/?page_id=854"},"modified":"2018-10-20T11:36:22","modified_gmt":"2018-10-20T09:36:22","slug":"politica-linguistica","status":"publish","type":"page","link":"https:\/\/agora.xtec.cat\/iesflosicalcat\/linstitut\/estudis\/politica-linguistica\/","title":{"rendered":"Pol\u00edtica ling\u00fc\u00edstica"},"content":{"rendered":"<p><a href=\"https:\/\/agora.xtec.cat\/iesflosicalcat\/categoria\/estudis\/cicles-formatius\/erasmus\/\"><img loading=\"lazy\" decoding=\"async\" class=\"aligncenter size-full wp-image-864\" src=\"http:\/\/agora.xtec.cat\/iesflosicalcat\/wp-content\/uploads\/usu1357\/2017\/03\/mobility.png\" alt=\"erasmus+\" width=\"900\" height=\"386\" srcset=\"https:\/\/agora.xtec.cat\/iesflosicalcat\/wp-content\/uploads\/usu1357\/2017\/03\/mobility.png 900w, https:\/\/agora.xtec.cat\/iesflosicalcat\/wp-content\/uploads\/usu1357\/2017\/03\/mobility-300x129.png 300w, https:\/\/agora.xtec.cat\/iesflosicalcat\/wp-content\/uploads\/usu1357\/2017\/03\/mobility-768x329.png 768w\" sizes=\"auto, (max-width: 900px) 100vw, 900px\" \/><\/a><\/p>\n<p>L&#8217;aprenentatge de lleng\u00fces \u00e9s un avantatge competitiu arreu del m\u00f3n i en qualsevol \u00e0mbit. El nostre centre fa una aposta clara per l&#8217;ensenyament de l&#8217;angl\u00e8s a tots els nivells formatius que s&#8217;hi imparteixen, inclosos cicles formatius.<\/p>\n<p>Per dur-ho a terme es realitzen les accions seg\u00fcents:<\/p>\n<p>&#8211; potenciar la pres\u00e8ncia de l&#8217;angl\u00e8s als curriculums de cicles<\/p>\n<p>&#8211; potenciar l&#8217;aprenentatge de l&#8217;angl\u00e8s per part de l&#8217;alumnat i el professorat<\/p>\n<p>&#8211; potenciar els intercanvis i mobilitat internacionals com a m\u00e8tode per a practicar i millorar els coneixements adquirits<\/p>\n","protected":false},"excerpt":{"rendered":"<p>L&#8217;aprenentatge de lleng\u00fces \u00e9s un avantatge competitiu arreu del m\u00f3n i en qualsevol \u00e0mbit. El nostre centre fa una aposta clara per l&#8217;ensenyament de l&#8217;angl\u00e8s a tots els nivells formatius que s&#8217;hi imparteixen, inclosos cicles formatius. Per dur-ho a terme es realitzen les accions seg\u00fcents: &#8211; potenciar la pres\u00e8ncia de l&#8217;angl\u00e8s als curriculums de cicles [&hellip;]<\/p>\n","protected":false},"author":1,"featured_media":0,"parent":195,"menu_order":0,"comment_status":"closed","ping_status":"closed","template":"","meta":{"_bbp_topic_count":0,"_bbp_reply_count":0,"_bbp_total_topic_count":0,"_bbp_total_reply_count":0,"_bbp_voice_count":0,"_bbp_anonymous_reply_count":0,"_bbp_topic_count_hidden":0,"_bbp_reply_count_hidden":0,"_bbp_forum_subforum_count":0,"site-sidebar-layout":"default","site-content-layout":"","ast-site-content-layout":"","site-content-style":"default","site-sidebar-style":"default","ast-global-header-display":"","ast-banner-title-visibility":"","ast-main-header-display":"","ast-hfb-above-header-display":"","ast-hfb-below-header-display":"","ast-hfb-mobile-header-display":"","site-post-title":"","ast-breadcrumbs-content":"","ast-featured-img":"","footer-sml-layout":"","theme-transparent-header-meta":"","adv-header-id-meta":"","stick-header-meta":"","header-above-stick-meta":"","header-main-stick-meta":"","header-below-stick-meta":"","astra-migrate-meta-layouts":"default","ast-page-background-enabled":"default","ast-page-background-meta":{"desktop":{"background-color":"var(--ast-global-color-4)","background-image":"","background-repeat":"repeat","background-position":"center center","background-size":"auto","background-attachment":"scroll","background-type":"","background-media":"","overlay-type":"","overlay-color":"","overlay-opacity":"","overlay-gradient":""},"tablet":{"background-color":"","background-image":"","background-repeat":"repeat","background-position":"center center","background-size":"auto","background-attachment":"scroll","background-type":"","background-media":"","overlay-type":"","overlay-color":"","overlay-opacity":"","overlay-gradient":""},"mobile":{"background-color":"","background-image":"","background-repeat":"repeat","background-position":"center center","background-size":"auto","background-attachment":"scroll","background-type":"","background-media":"","overlay-type":"","overlay-color":"","overlay-opacity":"","overlay-gradient":""}},"ast-content-background-meta":{"desktop":{"background-color":"var(--ast-global-color-5)","background-image":"","background-repeat":"repeat","background-position":"center center","background-size":"auto","background-attachment":"scroll","background-type":"","background-media":"","overlay-type":"","overlay-color":"","overlay-opacity":"","overlay-gradient":""},"tablet":{"background-color":"var(--ast-global-color-5)","background-image":"","background-repeat":"repeat","background-position":"center center","background-size":"auto","background-attachment":"scroll","background-type":"","background-media":"","overlay-type":"","overlay-color":"","overlay-opacity":"","overlay-gradient":""},"mobile":{"background-color":"var(--ast-global-color-5)","background-image":"","background-repeat":"repeat","background-position":"center center","background-size":"auto","background-attachment":"scroll","background-type":"","background-media":"","overlay-type":"","overlay-color":"","overlay-opacity":"","overlay-gradient":""}},"footnotes":""},"class_list":["post-854","page","type-page","status-publish","hentry"],"post_mailing_queue_ids":[],"_links":{"self":[{"href":"https:\/\/agora.xtec.cat\/iesflosicalcat\/wp-json\/wp\/v2\/pages\/854","targetHints":{"allow":["GET"]}}],"collection":[{"href":"https:\/\/agora.xtec.cat\/iesflosicalcat\/wp-json\/wp\/v2\/pages"}],"about":[{"href":"https:\/\/agora.xtec.cat\/iesflosicalcat\/wp-json\/wp\/v2\/types\/page"}],"author":[{"embeddable":true,"href":"https:\/\/agora.xtec.cat\/iesflosicalcat\/wp-json\/wp\/v2\/users\/1"}],"replies":[{"embeddable":true,"href":"https:\/\/agora.xtec.cat\/iesflosicalcat\/wp-json\/wp\/v2\/comments?post=854"}],"version-history":[{"count":3,"href":"https:\/\/agora.xtec.cat\/iesflosicalcat\/wp-json\/wp\/v2\/pages\/854\/revisions"}],"predecessor-version":[{"id":2075,"href":"https:\/\/agora.xtec.cat\/iesflosicalcat\/wp-json\/wp\/v2\/pages\/854\/revisions\/2075"}],"up":[{"embeddable":true,"href":"https:\/\/agora.xtec.cat\/iesflosicalcat\/wp-json\/wp\/v2\/pages\/195"}],"wp:attachment":[{"href":"https:\/\/agora.xtec.cat\/iesflosicalcat\/wp-json\/wp\/v2\/media?parent=854"}],"curies":[{"name":"wp","href":"https:\/\/api.w.org\/{rel}","templated":true}]}}