{"id":851,"date":"2017-03-29T13:15:14","date_gmt":"2017-03-29T11:15:14","guid":{"rendered":"http:\/\/agora.xtec.cat\/iesflosicalcat\/?page_id=851"},"modified":"2018-10-20T11:35:49","modified_gmt":"2018-10-20T09:35:49","slug":"politica-erasmus","status":"publish","type":"page","link":"https:\/\/agora.xtec.cat\/iesflosicalcat\/linstitut\/estudis\/politica-erasmus\/","title":{"rendered":"Pol\u00edtica Erasmus +"},"content":{"rendered":"<p><a href=\"https:\/\/agora.xtec.cat\/iesflosicalcat\/categoria\/estudis\/cicles-formatius\/erasmus\/\"><img loading=\"lazy\" decoding=\"async\" class=\"aligncenter size-full wp-image-864\" src=\"http:\/\/agora.xtec.cat\/iesflosicalcat\/wp-content\/uploads\/usu1357\/2017\/03\/mobility.png\" alt=\"erasmus+\" width=\"900\" height=\"386\" srcset=\"https:\/\/agora.xtec.cat\/iesflosicalcat\/wp-content\/uploads\/usu1357\/2017\/03\/mobility.png 900w, https:\/\/agora.xtec.cat\/iesflosicalcat\/wp-content\/uploads\/usu1357\/2017\/03\/mobility-300x129.png 300w, https:\/\/agora.xtec.cat\/iesflosicalcat\/wp-content\/uploads\/usu1357\/2017\/03\/mobility-768x329.png 768w\" sizes=\"auto, (max-width: 900px) 100vw, 900px\" \/><\/a><\/p>\n<p>El nostre centre promou la mobilitat internacional i, en concret, el programa Erasmus perqu\u00e8 creu fermament en la millora de la qualitat que aporten els intercanvis per part d&#8217;alumnes i de professorat per tal d&#8217;adquirir noves metodologies de treball.<\/p>\n<p>Els objectius del intercanvis internacionals s\u00f3n:<\/p>\n<ol>\n<li>Refor\u00e7ar la qualitat dels programes formatius mitjan\u00e7ant la mobilitat d\u2019alumnat i de professorat i la cooperaci\u00f3 transnacional.<\/li>\n<li>Millorar el reconeixement social de la formaci\u00f3 professional.<\/li>\n<li>Incrementar el rendiment acad\u00e8mic i les compet\u00e8ncies professionals dels seus titulats.<\/li>\n<li>Refor\u00e7ar el triangle del coneixement: educaci\u00f3, innovaci\u00f3 i empreses.<\/li>\n<li>Millorar la direcci\u00f3 i el finan\u00e7ament.<\/li>\n<\/ol>\n<p>&nbsp;<\/p>\n<p>Per a assolir-los, la nostra pol\u00edtica inclou:<\/p>\n<ul>\n<li>Reconeixement de la mobilitat Erasmus mitjan\u00e7ant un Certificat de l\u2019estada internacional firmat per l\u2019organitzaci\u00f3 d\u2019origen, intermedi\u00e0ria i per l\u2019empresa.<\/li>\n<li>Difusi\u00f3 externa (via web) d\u2019experi\u00e8ncies i resultats. Difusi\u00f3 interna i reconeixement institucional de l\u2019alumnat i professorat que participa en el programa Erasmus.<\/li>\n<li>Selecci\u00f3 d\u2019alumnat i professorat candidats garantint l\u2019abs\u00e8ncia de qualsevol tipus de discriminaci\u00f3 i la igualtat d\u2019oportunitats.<\/li>\n<li>Selecci\u00f3 de socis i empreses d\u2019altres pa\u00efsos europeus que presenten aspectes diferencials i innovadors respecte de las empreses locals.<\/li>\n<li>Realitzaci\u00f3 de projectes d\u2019innovaci\u00f3 i transfer\u00e8ncia tecnol\u00f2gica amb socis (empreses i instituts professionals) transnacionals.<\/li>\n<li>Realitzaci\u00f3 de visites a centres educatius de rellev\u00e0ncia internacional per estudiar el seu sistema de gesti\u00f3 i ger\u00e8ncia.<\/li>\n<\/ul>\n","protected":false},"excerpt":{"rendered":"<p>El nostre centre promou la mobilitat internacional i, en concret, el programa Erasmus perqu\u00e8 creu fermament en la millora de la qualitat que aporten els intercanvis per part d&#8217;alumnes i de professorat per tal d&#8217;adquirir noves metodologies de treball. Els objectius del intercanvis internacionals s\u00f3n: Refor\u00e7ar la qualitat dels programes formatius mitjan\u00e7ant la mobilitat d\u2019alumnat [&hellip;]<\/p>\n","protected":false},"author":1,"featured_media":0,"parent":195,"menu_order":0,"comment_status":"closed","ping_status":"closed","template":"","meta":{"_bbp_topic_count":0,"_bbp_reply_count":0,"_bbp_total_topic_count":0,"_bbp_total_reply_count":0,"_bbp_voice_count":0,"_bbp_anonymous_reply_count":0,"_bbp_topic_count_hidden":0,"_bbp_reply_count_hidden":0,"_bbp_forum_subforum_count":0,"site-sidebar-layout":"default","site-content-layout":"","ast-site-content-layout":"","site-content-style":"default","site-sidebar-style":"default","ast-global-header-display":"","ast-banner-title-visibility":"","ast-main-header-display":"","ast-hfb-above-header-display":"","ast-hfb-below-header-display":"","ast-hfb-mobile-header-display":"","site-post-title":"","ast-breadcrumbs-content":"","ast-featured-img":"","footer-sml-layout":"","theme-transparent-header-meta":"","adv-header-id-meta":"","stick-header-meta":"","header-above-stick-meta":"","header-main-stick-meta":"","header-below-stick-meta":"","astra-migrate-meta-layouts":"default","ast-page-background-enabled":"default","ast-page-background-meta":{"desktop":{"background-color":"var(--ast-global-color-4)","background-image":"","background-repeat":"repeat","background-position":"center center","background-size":"auto","background-attachment":"scroll","background-type":"","background-media":"","overlay-type":"","overlay-color":"","overlay-opacity":"","overlay-gradient":""},"tablet":{"background-color":"","background-image":"","background-repeat":"repeat","background-position":"center center","background-size":"auto","background-attachment":"scroll","background-type":"","background-media":"","overlay-type":"","overlay-color":"","overlay-opacity":"","overlay-gradient":""},"mobile":{"background-color":"","background-image":"","background-repeat":"repeat","background-position":"center center","background-size":"auto","background-attachment":"scroll","background-type":"","background-media":"","overlay-type":"","overlay-color":"","overlay-opacity":"","overlay-gradient":""}},"ast-content-background-meta":{"desktop":{"background-color":"var(--ast-global-color-5)","background-image":"","background-repeat":"repeat","background-position":"center center","background-size":"auto","background-attachment":"scroll","background-type":"","background-media":"","overlay-type":"","overlay-color":"","overlay-opacity":"","overlay-gradient":""},"tablet":{"background-color":"var(--ast-global-color-5)","background-image":"","background-repeat":"repeat","background-position":"center center","background-size":"auto","background-attachment":"scroll","background-type":"","background-media":"","overlay-type":"","overlay-color":"","overlay-opacity":"","overlay-gradient":""},"mobile":{"background-color":"var(--ast-global-color-5)","background-image":"","background-repeat":"repeat","background-position":"center center","background-size":"auto","background-attachment":"scroll","background-type":"","background-media":"","overlay-type":"","overlay-color":"","overlay-opacity":"","overlay-gradient":""}},"footnotes":""},"class_list":["post-851","page","type-page","status-publish","hentry"],"post_mailing_queue_ids":[],"_links":{"self":[{"href":"https:\/\/agora.xtec.cat\/iesflosicalcat\/wp-json\/wp\/v2\/pages\/851","targetHints":{"allow":["GET"]}}],"collection":[{"href":"https:\/\/agora.xtec.cat\/iesflosicalcat\/wp-json\/wp\/v2\/pages"}],"about":[{"href":"https:\/\/agora.xtec.cat\/iesflosicalcat\/wp-json\/wp\/v2\/types\/page"}],"author":[{"embeddable":true,"href":"https:\/\/agora.xtec.cat\/iesflosicalcat\/wp-json\/wp\/v2\/users\/1"}],"replies":[{"embeddable":true,"href":"https:\/\/agora.xtec.cat\/iesflosicalcat\/wp-json\/wp\/v2\/comments?post=851"}],"version-history":[{"count":3,"href":"https:\/\/agora.xtec.cat\/iesflosicalcat\/wp-json\/wp\/v2\/pages\/851\/revisions"}],"predecessor-version":[{"id":2074,"href":"https:\/\/agora.xtec.cat\/iesflosicalcat\/wp-json\/wp\/v2\/pages\/851\/revisions\/2074"}],"up":[{"embeddable":true,"href":"https:\/\/agora.xtec.cat\/iesflosicalcat\/wp-json\/wp\/v2\/pages\/195"}],"wp:attachment":[{"href":"https:\/\/agora.xtec.cat\/iesflosicalcat\/wp-json\/wp\/v2\/media?parent=851"}],"curies":[{"name":"wp","href":"https:\/\/api.w.org\/{rel}","templated":true}]}}