{"id":46,"date":"2014-09-17T16:53:45","date_gmt":"2014-09-17T16:53:45","guid":{"rendered":"http:\/\/agora.xtec.cat\/iesflosicalcat\/?page_id=46"},"modified":"2025-09-16T12:19:43","modified_gmt":"2025-09-16T10:19:43","slug":"organigrama","status":"publish","type":"page","link":"https:\/\/agora.xtec.cat\/iesflosicalcat\/linstitut\/organigrama\/","title":{"rendered":"Organigrama 2025 \/ 2026"},"content":{"rendered":"<p><strong>Equip directiu<\/strong><\/p>\n<table style=\"border-collapse: collapse; width: 78.7871%;\">\n<tbody>\n<tr>\n<td style=\"width: 33.3333%;\">Directora<\/td>\n<td style=\"width: 21.3579%;\">Susana Carmona<\/td>\n<td style=\"width: 22.9862%;\">Llicenciada en Psicologia<\/td>\n<\/tr>\n<tr style=\"height: 37px;\">\n<td style=\"height: 37px; width: 33.3333%;\">\u00a0Cap d&#8217;estudis<\/td>\n<td style=\"height: 37px; width: 21.3579%;\">Merc\u00e8 Lloret<\/td>\n<td style=\"width: 22.9862%;\">Llicenciada en Biologia<\/td>\n<\/tr>\n<tr style=\"height: 37px;\">\n<td style=\"height: 37px; width: 33.3333%;\">\u00a0Coordinadora Pedag\u00f2gica<\/td>\n<td style=\"height: 37px; width: 21.3579%;\">Carme Mass\u00f3<\/td>\n<td style=\"width: 22.9862%;\">Llicenciada en Filologia Cl\u00e0ssica<\/td>\n<\/tr>\n<tr style=\"height: 37px;\">\n<td style=\"height: 37px; width: 33.3333%;\">\u00a0Secret\u00e0ria<\/td>\n<td style=\"height: 37px; width: 21.3579%;\">M\u00f2nica L\u00f3pez<\/td>\n<td style=\"width: 22.9862%;\">Llicenciada en Matem\u00e0tiques<\/td>\n<\/tr>\n<\/tbody>\n<\/table>\n<p><strong style=\"font-family: inherit; font-size: 1em;\">Coordinacions de centre<\/strong><\/p>\n<table style=\"border-collapse: collapse; width: 78.882%;\">\n<tbody>\n<tr>\n<td style=\"width: 46.6099%;\">Prevenci\u00f3 de riscos laborals<\/td>\n<td style=\"width: 32.164%;\">Beatriz Ya\u00f1ez<\/td>\n<\/tr>\n<tr>\n<td style=\"width: 46.6099%;\">Activitats i serveis<\/td>\n<td style=\"width: 32.164%;\">Olga Pardo<\/td>\n<\/tr>\n<tr>\n<td style=\"width: 46.6099%;\">Inform\u00e0tica i orientaci\u00f3 TAC<\/td>\n<td style=\"width: 32.164%;\">N\u00faria Amaro<\/td>\n<\/tr>\n<tr>\n<td style=\"width: 46.6099%;\">Ling\u00fc\u00edstica i cohesi\u00f3 social<\/td>\n<td style=\"width: 32.164%;\">Marina Vil\u00e0<\/td>\n<\/tr>\n<tr>\n<td style=\"width: 46.6099%;\">Mediaci\u00f3 escolar<\/td>\n<td style=\"width: 32.164%;\">Clara Sau<\/td>\n<\/tr>\n<\/tbody>\n<\/table>\n<p><strong>Coordinacions de nivell<\/strong><\/p>\n<table style=\"height: 135px; width: 79.5168%;\" width=\"549\">\n<tbody>\n<tr style=\"height: 33px;\">\n<td style=\"width: 58.9284%; text-align: left; height: 33px;\">1r i 2n d&#8217;ESO<\/td>\n<td style=\"width: 47.5294%; text-align: left; height: 33px;\">Sergi Mar\u00edn<\/td>\n<\/tr>\n<tr style=\"height: 36px;\">\n<td style=\"width: 58.9284%; text-align: left; height: 36px;\">3r d&#8217;ESO<\/td>\n<td style=\"width: 47.5294%; text-align: left; height: 36px;\">Neus Cros<\/td>\n<\/tr>\n<tr style=\"height: 33px;\">\n<td style=\"width: 58.9284%; text-align: left; height: 33px;\">4r d&#8217;ESO<\/td>\n<td style=\"width: 47.5294%; text-align: left; height: 33px;\">Cori Colom<\/td>\n<\/tr>\n<tr style=\"height: 33px;\">\n<td style=\"width: 58.9284%; text-align: left; height: 33px;\">Batxillerat<\/td>\n<td style=\"width: 47.5294%; text-align: left; height: 33px;\">Fran Cuadro<\/td>\n<\/tr>\n<\/tbody>\n<\/table>\n<p><strong>Caps de departament<\/strong><\/p>\n<table style=\"border-collapse: collapse; width: 79.2961%; height: 197px;\">\n<tbody>\n<tr>\n<td style=\"width: 58.8773%;\">Lleng\u00fces (Catal\u00e0, Castell\u00e0, Angl\u00e8s i Franc\u00e8s)<\/td>\n<td style=\"width: 41.1227%;\">Jordi Pujol<\/td>\n<\/tr>\n<tr>\n<td style=\"width: 58.8773%;\">Ci\u00e8ncies socials (Socials, Hist\u00f2ria, Filosofia, Geografia i Religi\u00f3)<\/td>\n<td style=\"width: 41.1227%;\">Fran Cuadro<\/td>\n<\/tr>\n<tr>\n<td style=\"width: 58.8773%;\">Tecnologia<\/td>\n<td style=\"width: 41.1227%;\">Ramon Aleu<\/td>\n<\/tr>\n<tr>\n<td style=\"width: 58.8773%;\">Matem\u00e0tiques i Economia<\/td>\n<td style=\"width: 41.1227%;\">Cori Colom<\/td>\n<\/tr>\n<tr>\n<td style=\"width: 58.8773%;\">Ci\u00e8ncies (Biologia, F\u00edsica i Qu\u00edmica)<\/td>\n<td style=\"width: 41.1227%;\">Beatriz Ya\u00f1ez<\/td>\n<\/tr>\n<tr>\n<td style=\"width: 58.8773%;\">\u00c0mbit d&#8217;expressi\u00f3<\/td>\n<td style=\"width: 41.1227%;\">Olga Pardo<\/td>\n<\/tr>\n<tr>\n<td style=\"width: 58.8773%;\">Orientaci\u00f3 acad\u00e8mica<\/td>\n<td style=\"width: 41.1227%;\">Cristina Mart\u00ednez<\/td>\n<\/tr>\n<\/tbody>\n<\/table>\n<p>&nbsp;<\/p>\n<p><strong>Tutories ESO, AIS i Batxillerat<\/strong><\/p>\n<table style=\"height: 520px; width: 80.0937%;\" width=\"549\">\n<tbody>\n<tr style=\"height: 32px;\">\n<td style=\"text-align: left; width: 58.1328%; height: 32px;\"><span style=\"font-size: small;\">\u00a01r ESO A\u00a0<\/span><\/td>\n<td style=\"width: 49.1079%; height: 32px;\">Susana Mat\u00f3<\/td>\n<\/tr>\n<tr style=\"height: 32px;\">\n<td style=\"text-align: left; width: 58.1328%; height: 32px;\"><span style=\"font-size: small;\">\u00a01r ESO B<\/span><\/td>\n<td style=\"width: 49.1079%; height: 32px;\"><span style=\"font-weight: 400;\">Oriol Marim\u00f3n<\/span><\/td>\n<\/tr>\n<tr style=\"height: 32px;\">\n<td style=\"text-align: left; width: 58.1328%; height: 32px;\">1r ESO C<span style=\"font-size: small;\"><br \/>\n<\/span><\/td>\n<td style=\"width: 49.1079%; height: 32px;\"><span style=\"font-weight: 400;\">Daniel Cuenca<\/span><\/td>\n<\/tr>\n<tr style=\"height: 32px;\">\n<td style=\"text-align: left; width: 58.1328%; height: 32px;\">\u00a0<span style=\"font-size: small;\">2n ESO A<br \/>\n<\/span><\/td>\n<td style=\"width: 49.1079%; height: 32px;\"><span style=\"font-weight: 400;\">Mois\u00e9s Torres<\/span><\/td>\n<\/tr>\n<tr style=\"height: 32px;\">\n<td style=\"text-align: left; width: 58.1328%; height: 32px;\">2n ESO B<\/td>\n<td style=\"width: 49.1079%; height: 32px;\"><span style=\"font-weight: 400;\">Sergi Mar\u00edn<\/span><\/td>\n<\/tr>\n<tr style=\"height: 32px;\">\n<td style=\"text-align: left; width: 58.1328%; height: 32px;\">2n ESO C<\/td>\n<td style=\"width: 49.1079%; height: 32px;\"><span style=\"font-weight: 400;\">Jordi Moragas<\/span><\/td>\n<\/tr>\n<tr style=\"height: 32px;\">\n<td style=\"text-align: left; width: 58.1328%; height: 32px;\">3r ESO A<\/td>\n<td style=\"width: 49.1079%; height: 32px;\"><span style=\"font-weight: 400;\">Neus Cros<\/span><\/td>\n<\/tr>\n<tr style=\"height: 33px;\">\n<td style=\"text-align: left; width: 58.1328%; height: 33px;\">3r ESO B<\/td>\n<td style=\"width: 49.1079%; height: 33px;\"><span style=\"font-weight: 400;\">Carlos Borobia<\/span><\/td>\n<\/tr>\n<tr style=\"height: 33px;\">\n<td style=\"text-align: left; width: 58.1328%; height: 33px;\">3r ESO C<\/td>\n<td style=\"width: 49.1079%; height: 33px;\"><b>\u00a0<\/b><span style=\"font-weight: 400;\">Milagros Hierro<\/span><\/td>\n<\/tr>\n<tr style=\"height: 34px;\">\n<td style=\"text-align: left; width: 58.1328%; height: 34px;\">3r ESO D<\/td>\n<td style=\"width: 49.1079%; height: 34px;\">Zaira Mu\u00f1oz<\/td>\n<\/tr>\n<tr style=\"height: 32px;\">\n<td style=\"text-align: left; width: 58.1328%; height: 32px;\"><span style=\"font-size: small;\">4t ESO\u00a0 A\u00a0<\/span><\/td>\n<td style=\"width: 49.1079%; height: 32px;\">Cori Colom<\/td>\n<\/tr>\n<tr style=\"height: 33px;\">\n<td style=\"text-align: left; width: 58.1328%; height: 33px;\">4t ESO B<\/td>\n<td style=\"width: 49.1079%; height: 33px;\"><span style=\"font-weight: 400;\">Roca Infantes<\/span><\/td>\n<\/tr>\n<tr>\n<td style=\"text-align: left; width: 58.1328%;\">4t ESO C<\/td>\n<td style=\"width: 49.1079%;\"><span style=\"font-weight: 400;\">Zaira Mu\u00f1oz<\/span><\/td>\n<\/tr>\n<tr>\n<td style=\"text-align: left; width: 58.1328%;\">Aula Oberta<\/td>\n<td style=\"width: 49.1079%;\">Cristina Mart\u00ednez<\/td>\n<\/tr>\n<tr>\n<td style=\"text-align: left; width: 58.1328%;\"><span style=\"font-size: small;\">Aula Integral de Suport (AIS)<\/span><\/td>\n<td style=\"width: 49.1079%;\">Carme Garc\u00eda<\/td>\n<\/tr>\n<tr style=\"height: 32px;\">\n<td style=\"text-align: left; width: 58.1328%; height: 32px;\"><span style=\"font-size: small;\">1r batxillerat<br \/>\n<\/span><\/td>\n<td style=\"width: 49.1079%; height: 32px;\"><span style=\"font-weight: 400;\">Montserrat Sanesteban<\/span><\/td>\n<\/tr>\n<tr style=\"height: 32px;\">\n<td style=\"text-align: left; width: 58.1328%; height: 32px;\"><span style=\"font-size: small;\">2n batxillerat<br \/>\n<\/span><\/td>\n<td style=\"width: 49.1079%; height: 32px;\">Fran Cuadro<\/td>\n<\/tr>\n<\/tbody>\n<\/table>\n<p><strong>Orientaci\u00f3 acad\u00e8mica<\/strong><\/p>\n<table style=\"width: 80.6974%; height: 75px;\">\n<tbody>\n<tr style=\"height: 32px;\">\n<td style=\"text-align: left; width: 57.5402%; height: 10px;\"><span style=\"font-size: small;\">1r i 4t ESO<br \/>\n<\/span><\/td>\n<td style=\"width: 123.601%; height: 10px;\">Cristina Mart\u00ednez<\/td>\n<\/tr>\n<tr style=\"height: 33px;\">\n<td style=\"text-align: left; width: 57.5402%; height: 33px;\"><span style=\"font-size: small;\">2n i 3r ESO<\/span><\/td>\n<td style=\"width: 123.601%; height: 33px;\">Clara Sau<\/p>\n<p><span style=\"font-weight: 400;\">Susana Carmona<\/span><\/td>\n<\/tr>\n<\/tbody>\n<\/table>\n<p><strong>Personal auxiliar d&#8217;educaci\u00f3 PAE<\/strong><\/p>\n<table style=\"width: 82.1643%;\">\n<tbody>\n<tr>\n<td style=\"width: 56.6302%;\">T\u00e8cnica en Integraci\u00f3 Social<\/td>\n<td style=\"width: 149.307%;\">\u00c8lia Mart\u00ed<\/td>\n<\/tr>\n<tr>\n<td style=\"width: 56.6302%;\">Educaci\u00f3 Especial AIS<\/td>\n<td style=\"width: 149.307%;\">Norma Ramos<\/td>\n<\/tr>\n<\/tbody>\n<\/table>\n<p><strong>Personal d&#8217;administraci\u00f3 i serveis PAS<\/strong><\/p>\n<table style=\"width: 82.7025%;\">\n<tbody>\n<tr>\n<td style=\"width: 56.0577%;\">Auxiliar administrativa<\/td>\n<td style=\"width: 144.453%; text-align: left;\">Ariadna Vilapriny\u00f3<\/td>\n<\/tr>\n<tr>\n<td style=\"width: 56.0577%;\">Conserge<\/td>\n<td style=\"width: 144.453%; text-align: left;\">Carlos Llopis<\/td>\n<\/tr>\n<tr>\n<td style=\"width: 56.0577%;\">Conserge<\/td>\n<td style=\"width: 144.453%; text-align: left;\">Montserrat Olaya<\/td>\n<\/tr>\n<tr>\n<td style=\"width: 56.0577%;\">Conserge<\/td>\n<td style=\"width: 144.453%; text-align: left;\">Anuska Borras<\/td>\n<\/tr>\n<\/tbody>\n<\/table>\n<p><strong>Servei de Suport d&#8217;Atenci\u00f3 Emocional SSAE<\/strong><\/p>\n<table style=\"border-collapse: collapse; width: 83.2627%;\">\n<tbody>\n<tr>\n<td style=\"width: 55.3616%;\">T\u00e8cnica Programa En Cercle<\/td>\n<td style=\"width: 60.9385%;\">Elena Garcia<\/td>\n<\/tr>\n<\/tbody>\n<\/table>\n","protected":false},"excerpt":{"rendered":"<p>Equip directiu Directora Susana Carmona Llicenciada en Psicologia \u00a0Cap d&#8217;estudis Merc\u00e8 Lloret Llicenciada en Biologia \u00a0Coordinadora Pedag\u00f2gica Carme Mass\u00f3 Llicenciada en Filologia Cl\u00e0ssica \u00a0Secret\u00e0ria M\u00f2nica L\u00f3pez Llicenciada en Matem\u00e0tiques Coordinacions de centre Prevenci\u00f3 de riscos laborals Beatriz Ya\u00f1ez Activitats i serveis Olga Pardo Inform\u00e0tica i orientaci\u00f3 TAC N\u00faria Amaro Ling\u00fc\u00edstica i cohesi\u00f3 social Marina Vil\u00e0 [&hellip;]<\/p>\n","protected":false},"author":1,"featured_media":0,"parent":19,"menu_order":50,"comment_status":"closed","ping_status":"closed","template":"page-templates\/side-menu.php","meta":{"_bbp_topic_count":0,"_bbp_reply_count":0,"_bbp_total_topic_count":0,"_bbp_total_reply_count":0,"_bbp_voice_count":0,"_bbp_anonymous_reply_count":0,"_bbp_topic_count_hidden":0,"_bbp_reply_count_hidden":0,"_bbp_forum_subforum_count":0,"site-sidebar-layout":"default","site-content-layout":"","ast-site-content-layout":"","site-content-style":"default","site-sidebar-style":"default","ast-global-header-display":"","ast-banner-title-visibility":"","ast-main-header-display":"","ast-hfb-above-header-display":"","ast-hfb-below-header-display":"","ast-hfb-mobile-header-display":"","site-post-title":"","ast-breadcrumbs-content":"","ast-featured-img":"","footer-sml-layout":"","theme-transparent-header-meta":"","adv-header-id-meta":"","stick-header-meta":"","header-above-stick-meta":"","header-main-stick-meta":"","header-below-stick-meta":"","astra-migrate-meta-layouts":"default","ast-page-background-enabled":"default","ast-page-background-meta":{"desktop":{"background-color":"var(--ast-global-color-4)","background-image":"","background-repeat":"repeat","background-position":"center center","background-size":"auto","background-attachment":"scroll","background-type":"","background-media":"","overlay-type":"","overlay-color":"","overlay-opacity":"","overlay-gradient":""},"tablet":{"background-color":"","background-image":"","background-repeat":"repeat","background-position":"center center","background-size":"auto","background-attachment":"scroll","background-type":"","background-media":"","overlay-type":"","overlay-color":"","overlay-opacity":"","overlay-gradient":""},"mobile":{"background-color":"","background-image":"","background-repeat":"repeat","background-position":"center center","background-size":"auto","background-attachment":"scroll","background-type":"","background-media":"","overlay-type":"","overlay-color":"","overlay-opacity":"","overlay-gradient":""}},"ast-content-background-meta":{"desktop":{"background-color":"var(--ast-global-color-5)","background-image":"","background-repeat":"repeat","background-position":"center center","background-size":"auto","background-attachment":"scroll","background-type":"","background-media":"","overlay-type":"","overlay-color":"","overlay-opacity":"","overlay-gradient":""},"tablet":{"background-color":"var(--ast-global-color-5)","background-image":"","background-repeat":"repeat","background-position":"center center","background-size":"auto","background-attachment":"scroll","background-type":"","background-media":"","overlay-type":"","overlay-color":"","overlay-opacity":"","overlay-gradient":""},"mobile":{"background-color":"var(--ast-global-color-5)","background-image":"","background-repeat":"repeat","background-position":"center center","background-size":"auto","background-attachment":"scroll","background-type":"","background-media":"","overlay-type":"","overlay-color":"","overlay-opacity":"","overlay-gradient":""}},"footnotes":""},"class_list":["post-46","page","type-page","status-publish","hentry"],"post_mailing_queue_ids":[],"_links":{"self":[{"href":"https:\/\/agora.xtec.cat\/iesflosicalcat\/wp-json\/wp\/v2\/pages\/46","targetHints":{"allow":["GET"]}}],"collection":[{"href":"https:\/\/agora.xtec.cat\/iesflosicalcat\/wp-json\/wp\/v2\/pages"}],"about":[{"href":"https:\/\/agora.xtec.cat\/iesflosicalcat\/wp-json\/wp\/v2\/types\/page"}],"author":[{"embeddable":true,"href":"https:\/\/agora.xtec.cat\/iesflosicalcat\/wp-json\/wp\/v2\/users\/1"}],"replies":[{"embeddable":true,"href":"https:\/\/agora.xtec.cat\/iesflosicalcat\/wp-json\/wp\/v2\/comments?post=46"}],"version-history":[{"count":9,"href":"https:\/\/agora.xtec.cat\/iesflosicalcat\/wp-json\/wp\/v2\/pages\/46\/revisions"}],"predecessor-version":[{"id":13423,"href":"https:\/\/agora.xtec.cat\/iesflosicalcat\/wp-json\/wp\/v2\/pages\/46\/revisions\/13423"}],"up":[{"embeddable":true,"href":"https:\/\/agora.xtec.cat\/iesflosicalcat\/wp-json\/wp\/v2\/pages\/19"}],"wp:attachment":[{"href":"https:\/\/agora.xtec.cat\/iesflosicalcat\/wp-json\/wp\/v2\/media?parent=46"}],"curies":[{"name":"wp","href":"https:\/\/api.w.org\/{rel}","templated":true}]}}