{"id":2986,"date":"2019-09-29T19:44:17","date_gmt":"2019-09-29T17:44:17","guid":{"rendered":"http:\/\/agora.xtec.cat\/iesflosicalcat\/?page_id=2986"},"modified":"2019-09-29T19:44:17","modified_gmt":"2019-09-29T17:44:17","slug":"georeferenciacio","status":"publish","type":"page","link":"https:\/\/agora.xtec.cat\/iesflosicalcat\/georeferenciacio\/","title":{"rendered":"Georeferenciaci\u00f3"},"content":{"rendered":"<p>L&#8217;Institut Flos i Calcat participa de forma activa en projectes i plataformes\u00a0 que utilitzen la localitzaci\u00f3 d&#8217;espais i llocs d&#8217;inter\u00e8s amb coordenades geogr\u00e0fiques com a eina educativa que permet la integraci\u00f3 de totes les \u00e0rees de coneixement.<\/p>\n<p><a href=\"https:\/\/agora.xtec.cat\/iesflosicalcat\/estudis\/eso\/projecte-geoemblematics\/\" target=\"_blank\" rel=\"noopener noreferrer\"><span style=\"text-decoration: underline;\"><strong>Geoemblem\u00e0tics<\/strong><\/span><\/a><\/p>\n<p>Iniciativa del programa <a href=\"https:\/\/ajuntament.barcelona.cat\/comerc\/ca\/noticies\/geocatxing-els-alumnes-descobreixen-els-comercos-emblematics-a-traves-del-joc_701377\" target=\"_blank\" rel=\"noopener noreferrer\"><em>Comer\u00e7 i Escoles<\/em><\/a> de l\u2019Ajuntament de Barcelona l\u2019objectiu del qual \u00e9s donar a con\u00e8ixer els comer\u00e7os hist\u00f2rics de la ciutat mitjan\u00e7ant la creaci\u00f3 d\u2019una ruta de geocatxing, joc mundial a l\u2019aire lliure que consisteix a cercar tresors amb l\u2019ajuda de dispositius GPS.<\/p>\n<p><img loading=\"lazy\" decoding=\"async\" class=\"aligncenter size-full wp-image-648\" src=\"https:\/\/agora.xtec.cat\/iesflosicalcat\/wp-content\/uploads\/usu1357\/2017\/02\/geo5.jpg\" alt=\"\" width=\"911\" height=\"565\" srcset=\"https:\/\/agora.xtec.cat\/iesflosicalcat\/wp-content\/uploads\/usu1357\/2017\/02\/geo5.jpg 911w, https:\/\/agora.xtec.cat\/iesflosicalcat\/wp-content\/uploads\/usu1357\/2017\/02\/geo5-300x186.jpg 300w, https:\/\/agora.xtec.cat\/iesflosicalcat\/wp-content\/uploads\/usu1357\/2017\/02\/geo5-768x476.jpg 768w\" sizes=\"auto, (max-width: 911px) 100vw, 911px\" \/><\/p>\n<p><a href=\"https:\/\/agora.xtec.cat\/iesflosicalcat\/estudis\/eso\/take-a-walk-on-the-math-side\/\" target=\"_blank\" rel=\"noopener noreferrer\"><span style=\"text-decoration: underline;\"><strong>Take a walk on the math side<\/strong><\/span><\/a><\/p>\n<p>Descobriu els carrers i indrets de Barcelona amb nom relacionat amb la matem\u00e0tica i aprofundiu en el coneixement d&#8217;aquesta ci\u00e8ncia amb el nostre joc de preguntes. Projecte finalista al <em>Student Awards 2018<\/em>.<\/p>\n<p><img loading=\"lazy\" decoding=\"async\" class=\"aligncenter size-large wp-image-1810\" src=\"https:\/\/agora.xtec.cat\/iesflosicalcat\/wp-content\/uploads\/usu1357\/2018\/06\/mhm1-1024x768.jpeg\" alt=\"\" width=\"1024\" height=\"768\" srcset=\"https:\/\/agora.xtec.cat\/iesflosicalcat\/wp-content\/uploads\/usu1357\/2018\/06\/mhm1-1024x768.jpeg 1024w, https:\/\/agora.xtec.cat\/iesflosicalcat\/wp-content\/uploads\/usu1357\/2018\/06\/mhm1-300x225.jpeg 300w, https:\/\/agora.xtec.cat\/iesflosicalcat\/wp-content\/uploads\/usu1357\/2018\/06\/mhm1-768x576.jpeg 768w, https:\/\/agora.xtec.cat\/iesflosicalcat\/wp-content\/uploads\/usu1357\/2018\/06\/mhm1-200x150.jpeg 200w, https:\/\/agora.xtec.cat\/iesflosicalcat\/wp-content\/uploads\/usu1357\/2018\/06\/mhm1.jpeg 1600w\" sizes=\"auto, (max-width: 1024px) 100vw, 1024px\" \/><\/p>\n<p><a href=\"https:\/\/agora.xtec.cat\/iesflosicalcat\/estudis\/eso\/besos-del-rec-comtal-al-parc-fluvial\/\" target=\"_blank\" rel=\"noopener noreferrer\"><span style=\"text-decoration: underline;\"><strong>Bes\u00f2s, del Rec Comtal al Parc Fluvial<\/strong><\/span><\/a><\/p>\n<p>Evoluci\u00f3 hist\u00f2rica de l&#8217;\u00fas de les aig\u00fces del riu Bes\u00f2s. Geolocalitzaci\u00f3 dels punts estrat\u00e8gics de la traject\u00f2ria del Rec Comtal des de l&#8217;origen a Montcada i Reixac fins a la seva desembocadura hist\u00f2rica a Ciutat Vella. Transformaci\u00f3 en parc fluvial. <span style=\"display: inline !important; float: none; background-color: #ffffff; color: #222222; cursor: text; direction: ltr; font-family: 'Helvetica Neue','Helvetica',Helvetica,Arial,sans-serif; font-size: 16px; font-style: normal; font-variant: normal; font-weight: 400; letter-spacing: normal; orphans: 2; text-align: left; text-decoration: none; text-indent: 0px; text-transform: none; -webkit-text-stroke-width: 0px; white-space: normal; word-spacing: 0px;\">Projecte finalista al <\/span><em>Student Awards 2019.<\/em><\/p>\n<p><img loading=\"lazy\" decoding=\"async\" class=\"aligncenter size-large wp-image-2836\" src=\"https:\/\/agora.xtec.cat\/iesflosicalcat\/wp-content\/uploads\/usu1357\/2019\/06\/GURT9068-1024x768.jpg\" alt=\"\" width=\"1024\" height=\"768\" srcset=\"https:\/\/agora.xtec.cat\/iesflosicalcat\/wp-content\/uploads\/usu1357\/2019\/06\/GURT9068-1024x768.jpg 1024w, https:\/\/agora.xtec.cat\/iesflosicalcat\/wp-content\/uploads\/usu1357\/2019\/06\/GURT9068-300x225.jpg 300w, https:\/\/agora.xtec.cat\/iesflosicalcat\/wp-content\/uploads\/usu1357\/2019\/06\/GURT9068-768x576.jpg 768w, https:\/\/agora.xtec.cat\/iesflosicalcat\/wp-content\/uploads\/usu1357\/2019\/06\/GURT9068-200x150.jpg 200w, https:\/\/agora.xtec.cat\/iesflosicalcat\/wp-content\/uploads\/usu1357\/2019\/06\/GURT9068.jpg 1600w\" sizes=\"auto, (max-width: 1024px) 100vw, 1024px\" \/><\/p>\n","protected":false},"excerpt":{"rendered":"<p>L&#8217;Institut Flos i Calcat participa de forma activa en projectes i plataformes\u00a0 que utilitzen la localitzaci\u00f3 d&#8217;espais i llocs d&#8217;inter\u00e8s amb coordenades geogr\u00e0fiques com a eina educativa que permet la integraci\u00f3 de totes les \u00e0rees de coneixement. Geoemblem\u00e0tics Iniciativa del programa Comer\u00e7 i Escoles de l\u2019Ajuntament de Barcelona l\u2019objectiu del qual \u00e9s donar a con\u00e8ixer [&hellip;]<\/p>\n","protected":false},"author":1,"featured_media":0,"parent":0,"menu_order":0,"comment_status":"closed","ping_status":"closed","template":"","meta":{"_bbp_topic_count":0,"_bbp_reply_count":0,"_bbp_total_topic_count":0,"_bbp_total_reply_count":0,"_bbp_voice_count":0,"_bbp_anonymous_reply_count":0,"_bbp_topic_count_hidden":0,"_bbp_reply_count_hidden":0,"_bbp_forum_subforum_count":0,"site-sidebar-layout":"default","site-content-layout":"","ast-site-content-layout":"","site-content-style":"default","site-sidebar-style":"default","ast-global-header-display":"","ast-banner-title-visibility":"","ast-main-header-display":"","ast-hfb-above-header-display":"","ast-hfb-below-header-display":"","ast-hfb-mobile-header-display":"","site-post-title":"","ast-breadcrumbs-content":"","ast-featured-img":"","footer-sml-layout":"","theme-transparent-header-meta":"","adv-header-id-meta":"","stick-header-meta":"","header-above-stick-meta":"","header-main-stick-meta":"","header-below-stick-meta":"","astra-migrate-meta-layouts":"default","ast-page-background-enabled":"default","ast-page-background-meta":{"desktop":{"background-color":"var(--ast-global-color-4)","background-image":"","background-repeat":"repeat","background-position":"center center","background-size":"auto","background-attachment":"scroll","background-type":"","background-media":"","overlay-type":"","overlay-color":"","overlay-opacity":"","overlay-gradient":""},"tablet":{"background-color":"","background-image":"","background-repeat":"repeat","background-position":"center center","background-size":"auto","background-attachment":"scroll","background-type":"","background-media":"","overlay-type":"","overlay-color":"","overlay-opacity":"","overlay-gradient":""},"mobile":{"background-color":"","background-image":"","background-repeat":"repeat","background-position":"center center","background-size":"auto","background-attachment":"scroll","background-type":"","background-media":"","overlay-type":"","overlay-color":"","overlay-opacity":"","overlay-gradient":""}},"ast-content-background-meta":{"desktop":{"background-color":"var(--ast-global-color-5)","background-image":"","background-repeat":"repeat","background-position":"center center","background-size":"auto","background-attachment":"scroll","background-type":"","background-media":"","overlay-type":"","overlay-color":"","overlay-opacity":"","overlay-gradient":""},"tablet":{"background-color":"var(--ast-global-color-5)","background-image":"","background-repeat":"repeat","background-position":"center center","background-size":"auto","background-attachment":"scroll","background-type":"","background-media":"","overlay-type":"","overlay-color":"","overlay-opacity":"","overlay-gradient":""},"mobile":{"background-color":"var(--ast-global-color-5)","background-image":"","background-repeat":"repeat","background-position":"center center","background-size":"auto","background-attachment":"scroll","background-type":"","background-media":"","overlay-type":"","overlay-color":"","overlay-opacity":"","overlay-gradient":""}},"footnotes":""},"class_list":["post-2986","page","type-page","status-publish","hentry"],"post_mailing_queue_ids":[],"_links":{"self":[{"href":"https:\/\/agora.xtec.cat\/iesflosicalcat\/wp-json\/wp\/v2\/pages\/2986","targetHints":{"allow":["GET"]}}],"collection":[{"href":"https:\/\/agora.xtec.cat\/iesflosicalcat\/wp-json\/wp\/v2\/pages"}],"about":[{"href":"https:\/\/agora.xtec.cat\/iesflosicalcat\/wp-json\/wp\/v2\/types\/page"}],"author":[{"embeddable":true,"href":"https:\/\/agora.xtec.cat\/iesflosicalcat\/wp-json\/wp\/v2\/users\/1"}],"replies":[{"embeddable":true,"href":"https:\/\/agora.xtec.cat\/iesflosicalcat\/wp-json\/wp\/v2\/comments?post=2986"}],"version-history":[{"count":3,"href":"https:\/\/agora.xtec.cat\/iesflosicalcat\/wp-json\/wp\/v2\/pages\/2986\/revisions"}],"predecessor-version":[{"id":2989,"href":"https:\/\/agora.xtec.cat\/iesflosicalcat\/wp-json\/wp\/v2\/pages\/2986\/revisions\/2989"}],"wp:attachment":[{"href":"https:\/\/agora.xtec.cat\/iesflosicalcat\/wp-json\/wp\/v2\/media?parent=2986"}],"curies":[{"name":"wp","href":"https:\/\/api.w.org\/{rel}","templated":true}]}}