{"id":27,"date":"2014-09-17T16:24:03","date_gmt":"2014-09-17T16:24:03","guid":{"rendered":"http:\/\/agora.xtec.cat\/iesflosicalcat\/?page_id=27"},"modified":"2017-01-05T00:12:00","modified_gmt":"2017-01-04T23:12:00","slug":"historia","status":"publish","type":"page","link":"https:\/\/agora.xtec.cat\/iesflosicalcat\/linstitut\/historia\/","title":{"rendered":"El nom del centre"},"content":{"rendered":"<p><strong>Francesc Flos i Calcat<\/strong><\/p>\n<p><a href=\"http:\/\/agora.xtec.cat\/iesflosicalcat\/wp-content\/uploads\/usu1357\/2014\/09\/flos_i_calcat_1.png\"><img loading=\"lazy\" decoding=\"async\" class=\"size-full wp-image-467 alignright\" src=\"http:\/\/agora.xtec.cat\/iesflosicalcat\/wp-content\/uploads\/usu1357\/2014\/09\/flos_i_calcat_1.png\" alt=\"flos_i_calcat_1\" width=\"260\" height=\"260\" srcset=\"https:\/\/agora.xtec.cat\/iesflosicalcat\/wp-content\/uploads\/usu1357\/2014\/09\/flos_i_calcat_1.png 260w, https:\/\/agora.xtec.cat\/iesflosicalcat\/wp-content\/uploads\/usu1357\/2014\/09\/flos_i_calcat_1-150x150.png 150w\" sizes=\"auto, (max-width: 260px) 100vw, 260px\" \/><\/a><span lang=\"CA\"><small><span style=\"font-size: small;\">L&#8217;1<\/span><\/small> <small><span style=\"font-size: small;\">d&#8217;octubre de l&#8217;any 1898 el pedagog Francesc<\/span> <span style=\"font-size: small;\">Flos i Calca<\/span><span style=\"font-size: small;\">t inaugur\u00e0 a Barcelona, despr\u00e9s de molts esfor\u00e7os, la primera escola \u00edntegrament catalana de la renaixen\u00e7a: el <\/span><span style=\"font-size: small;\">Col\u00b7legi de Sant Jordi<\/span><span style=\"font-size: small;\">.<\/span><\/small><\/span><span lang=\"CA\"><small><span style=\"font-size: small;\"> La seva tasca a favor de l&#8217;enseyament i de l&#8217;escola catalana havia comen\u00e7at a El Masnou, on fund\u00e0 la seva pr\u00f2pia escola l&#8217;any 1878. En ella adopt\u00e0 la llengua catalana com a base per a l&#8217;ensenyament dels infants i pos\u00e0 en pr\u00e0ctica nous m\u00e8todes pedag\u00f2gics revolucionaris per aquell temps, que tenien com a norma &#8220;ensenyar jugant&#8221;<\/span><\/small>.<\/span><br \/>\n<small><small><small><small><small><small><small><\/small><\/small><\/small><\/small><\/small><\/small><\/small><br \/>\n<small><small><small><small><small><small><small><span lang=\"CA\"><small><big><small><span style=\"font-size: small;\">El seu esfor\u00e7 a favor de la llengua i la cultura catalana fou reconegut l&#8217;any 1886, en qu\u00e8 la revista &#8220;La Renaixen\u00e7a&#8221; premi\u00e0 la seva mem\u00f2ria &#8220;Les Escoles Catalanes&#8221;<\/span><span style=\"font-size: small;\">, on plantejava temes com ara la necessitat de la unitat de la llengua o la creaci\u00f3 d&#8217;institucions per al foment de la cultura<\/span><\/small><span style=\"font-size: small;\">.<\/span><\/big><\/small><\/span><\/small><span lang=\"CA\"><small><span style=\"font-size: small;\"> Home prol\u00edfic, va escriure un gran nombre d&#8217;articles a les publicacions catalanistes de l&#8217;\u00e8poca i m\u00e9s d&#8217;una vintena de treballs de tipus pedag\u00f2gic. Com que en un principi no hi havia llibres de text en catal\u00e0, cosa que necessitava el Col\u00b7legi per al seu funcionament, ell mateix va assumir la feina d&#8217;escriure&#8217;ls<\/span><\/small>.<\/span><\/small><\/small><\/small><\/small><\/small><\/small><\/p>\n<p><span lang=\"CA\"><small><span style=\"font-size: small;\">L&#8217;any 1981 la Generalitat va donar el nom de Francesc Flos i Calcat a un centre d&#8217;EGB, que l&#8217;any 1994 es va transformar en un Institut d&#8217;ensenyaments Secundaris. En desapar\u00e8ixer la seu f\u00edsica del Col\u00b7legi de Sant Jordi, es va pensar que l&#8217;IES F. Flos i Calcat seria el millor indret on celebrar el centenari de la seva fundaci\u00f3<\/span><\/small>.<\/span><br \/>\n<small><small><small><\/small><\/small><\/small><br \/>\n<small><small><small><\/small><\/small><\/small><span lang=\"CA\"><small><span style=\"font-size: small;\">Aix\u00ed, l&#8217;any 1998 se celebr\u00e0 el Centenari de la fundaci\u00f3 de l&#8217;escola Sant Jordi a l&#8217;IES Flos i Calcat i al Palau de la Generalitat. L&#8217;acte del centenari va recordar la seva personalitat i el Col\u00b7legi de Sant Jordi, tot ajudant a divulgar la tasca d&#8217;un dels pedagogs m\u00e9s importants de Catalunya i els or\u00edgens de l&#8217;escola catalana que ell fund\u00e0<\/span><\/small>.<\/span><span style=\"font-size: small;\">\u00a0<\/span><\/p>\n<p><a href=\"http:\/\/agora.xtec.cat\/iesflosicalcat\/wp-content\/uploads\/usu1357\/2014\/09\/exemple1b.png\">\u00a0<\/a><\/p>\n<p>&nbsp;<\/p>\n<p>&nbsp;<\/p>\n<p>&nbsp;<\/p>\n","protected":false},"excerpt":{"rendered":"<p>Francesc Flos i Calcat L&#8217;1 d&#8217;octubre de l&#8217;any 1898 el pedagog Francesc Flos i Calcat inaugur\u00e0 a Barcelona, despr\u00e9s de molts esfor\u00e7os, la primera escola \u00edntegrament catalana de la renaixen\u00e7a: el Col\u00b7legi de Sant Jordi. La seva tasca a favor de l&#8217;enseyament i de l&#8217;escola catalana havia comen\u00e7at a El Masnou, on fund\u00e0 la seva [&hellip;]<\/p>\n","protected":false},"author":1,"featured_media":0,"parent":19,"menu_order":20,"comment_status":"closed","ping_status":"closed","template":"page-templates\/side-menu.php","meta":{"_bbp_topic_count":0,"_bbp_reply_count":0,"_bbp_total_topic_count":0,"_bbp_total_reply_count":0,"_bbp_voice_count":0,"_bbp_anonymous_reply_count":0,"_bbp_topic_count_hidden":0,"_bbp_reply_count_hidden":0,"_bbp_forum_subforum_count":0,"site-sidebar-layout":"default","site-content-layout":"","ast-site-content-layout":"","site-content-style":"default","site-sidebar-style":"default","ast-global-header-display":"","ast-banner-title-visibility":"","ast-main-header-display":"","ast-hfb-above-header-display":"","ast-hfb-below-header-display":"","ast-hfb-mobile-header-display":"","site-post-title":"","ast-breadcrumbs-content":"","ast-featured-img":"","footer-sml-layout":"","theme-transparent-header-meta":"","adv-header-id-meta":"","stick-header-meta":"","header-above-stick-meta":"","header-main-stick-meta":"","header-below-stick-meta":"","astra-migrate-meta-layouts":"default","ast-page-background-enabled":"default","ast-page-background-meta":{"desktop":{"background-color":"var(--ast-global-color-4)","background-image":"","background-repeat":"repeat","background-position":"center center","background-size":"auto","background-attachment":"scroll","background-type":"","background-media":"","overlay-type":"","overlay-color":"","overlay-opacity":"","overlay-gradient":""},"tablet":{"background-color":"","background-image":"","background-repeat":"repeat","background-position":"center center","background-size":"auto","background-attachment":"scroll","background-type":"","background-media":"","overlay-type":"","overlay-color":"","overlay-opacity":"","overlay-gradient":""},"mobile":{"background-color":"","background-image":"","background-repeat":"repeat","background-position":"center center","background-size":"auto","background-attachment":"scroll","background-type":"","background-media":"","overlay-type":"","overlay-color":"","overlay-opacity":"","overlay-gradient":""}},"ast-content-background-meta":{"desktop":{"background-color":"var(--ast-global-color-5)","background-image":"","background-repeat":"repeat","background-position":"center center","background-size":"auto","background-attachment":"scroll","background-type":"","background-media":"","overlay-type":"","overlay-color":"","overlay-opacity":"","overlay-gradient":""},"tablet":{"background-color":"var(--ast-global-color-5)","background-image":"","background-repeat":"repeat","background-position":"center center","background-size":"auto","background-attachment":"scroll","background-type":"","background-media":"","overlay-type":"","overlay-color":"","overlay-opacity":"","overlay-gradient":""},"mobile":{"background-color":"var(--ast-global-color-5)","background-image":"","background-repeat":"repeat","background-position":"center center","background-size":"auto","background-attachment":"scroll","background-type":"","background-media":"","overlay-type":"","overlay-color":"","overlay-opacity":"","overlay-gradient":""}},"footnotes":""},"class_list":["post-27","page","type-page","status-publish","hentry"],"post_mailing_queue_ids":[],"_links":{"self":[{"href":"https:\/\/agora.xtec.cat\/iesflosicalcat\/wp-json\/wp\/v2\/pages\/27","targetHints":{"allow":["GET"]}}],"collection":[{"href":"https:\/\/agora.xtec.cat\/iesflosicalcat\/wp-json\/wp\/v2\/pages"}],"about":[{"href":"https:\/\/agora.xtec.cat\/iesflosicalcat\/wp-json\/wp\/v2\/types\/page"}],"author":[{"embeddable":true,"href":"https:\/\/agora.xtec.cat\/iesflosicalcat\/wp-json\/wp\/v2\/users\/1"}],"replies":[{"embeddable":true,"href":"https:\/\/agora.xtec.cat\/iesflosicalcat\/wp-json\/wp\/v2\/comments?post=27"}],"version-history":[{"count":3,"href":"https:\/\/agora.xtec.cat\/iesflosicalcat\/wp-json\/wp\/v2\/pages\/27\/revisions"}],"predecessor-version":[{"id":469,"href":"https:\/\/agora.xtec.cat\/iesflosicalcat\/wp-json\/wp\/v2\/pages\/27\/revisions\/469"}],"up":[{"embeddable":true,"href":"https:\/\/agora.xtec.cat\/iesflosicalcat\/wp-json\/wp\/v2\/pages\/19"}],"wp:attachment":[{"href":"https:\/\/agora.xtec.cat\/iesflosicalcat\/wp-json\/wp\/v2\/media?parent=27"}],"curies":[{"name":"wp","href":"https:\/\/api.w.org\/{rel}","templated":true}]}}