{"id":12677,"date":"2024-04-20T21:09:04","date_gmt":"2024-04-20T19:09:04","guid":{"rendered":"https:\/\/agora.xtec.cat\/iesflosicalcat\/?page_id=12677"},"modified":"2024-04-20T21:09:04","modified_gmt":"2024-04-20T19:09:04","slug":"planificacio-edc-2","status":"publish","type":"page","link":"https:\/\/agora.xtec.cat\/iesflosicalcat\/linstitut\/estrategia-digital-de-centre\/planificacio-edc-2\/","title":{"rendered":"Planificaci\u00f3 EDC"},"content":{"rendered":"<h2><span style=\"font-weight: 400;\">Planificaci\u00f3 EDC<\/span><\/h2>\n<p><em>(P\u00e0gina en revisi\u00f3)<\/em><\/p>\n<p><a href=\"https:\/\/agora.xtec.cat\/iesflosicalcat\/wp-content\/uploads\/usu1357\/2023\/06\/planning_.jpg\"><img loading=\"lazy\" decoding=\"async\" class=\"alignnone size-full wp-image-12003\" src=\"https:\/\/agora.xtec.cat\/iesflosicalcat\/wp-content\/uploads\/usu1357\/2023\/06\/planning_.jpg\" alt=\"\" width=\"1118\" height=\"592\" srcset=\"https:\/\/agora.xtec.cat\/iesflosicalcat\/wp-content\/uploads\/usu1357\/2023\/06\/planning_.jpg 1118w, https:\/\/agora.xtec.cat\/iesflosicalcat\/wp-content\/uploads\/usu1357\/2023\/06\/planning_-300x159.jpg 300w, https:\/\/agora.xtec.cat\/iesflosicalcat\/wp-content\/uploads\/usu1357\/2023\/06\/planning_-1024x542.jpg 1024w, https:\/\/agora.xtec.cat\/iesflosicalcat\/wp-content\/uploads\/usu1357\/2023\/06\/planning_-768x407.jpg 768w\" sizes=\"auto, (max-width: 1118px) 100vw, 1118px\" \/><\/a><\/p>\n<p><u>Llegenda<\/u>: la gradaci\u00f3 de l\u2019escala de colors marca el grau previst\u00a0 d\u2019assoliment dels objectius en els trimestres indicats. Aquesta planificaci\u00f3 \u00e9s sotmesa a revisi\u00f3 anual en la finalitzaci\u00f3 del curs.<\/p>\n<p>&nbsp;<\/p>\n","protected":false},"excerpt":{"rendered":"<p>Planificaci\u00f3 EDC (P\u00e0gina en revisi\u00f3) Llegenda: la gradaci\u00f3 de l\u2019escala de colors marca el grau previst\u00a0 d\u2019assoliment dels objectius en els trimestres indicats. Aquesta planificaci\u00f3 \u00e9s sotmesa a revisi\u00f3 anual en la finalitzaci\u00f3 del curs. &nbsp;<\/p>\n","protected":false},"author":1,"featured_media":0,"parent":11518,"menu_order":0,"comment_status":"closed","ping_status":"closed","template":"","meta":{"_bbp_topic_count":0,"_bbp_reply_count":0,"_bbp_total_topic_count":0,"_bbp_total_reply_count":0,"_bbp_voice_count":0,"_bbp_anonymous_reply_count":0,"_bbp_topic_count_hidden":0,"_bbp_reply_count_hidden":0,"_bbp_forum_subforum_count":0,"site-sidebar-layout":"default","site-content-layout":"","ast-site-content-layout":"","site-content-style":"default","site-sidebar-style":"default","ast-global-header-display":"","ast-banner-title-visibility":"","ast-main-header-display":"","ast-hfb-above-header-display":"","ast-hfb-below-header-display":"","ast-hfb-mobile-header-display":"","site-post-title":"","ast-breadcrumbs-content":"","ast-featured-img":"","footer-sml-layout":"","theme-transparent-header-meta":"","adv-header-id-meta":"","stick-header-meta":"","header-above-stick-meta":"","header-main-stick-meta":"","header-below-stick-meta":"","astra-migrate-meta-layouts":"default","ast-page-background-enabled":"default","ast-page-background-meta":{"desktop":{"background-color":"var(--ast-global-color-4)","background-image":"","background-repeat":"repeat","background-position":"center center","background-size":"auto","background-attachment":"scroll","background-type":"","background-media":"","overlay-type":"","overlay-color":"","overlay-opacity":"","overlay-gradient":""},"tablet":{"background-color":"","background-image":"","background-repeat":"repeat","background-position":"center center","background-size":"auto","background-attachment":"scroll","background-type":"","background-media":"","overlay-type":"","overlay-color":"","overlay-opacity":"","overlay-gradient":""},"mobile":{"background-color":"","background-image":"","background-repeat":"repeat","background-position":"center center","background-size":"auto","background-attachment":"scroll","background-type":"","background-media":"","overlay-type":"","overlay-color":"","overlay-opacity":"","overlay-gradient":""}},"ast-content-background-meta":{"desktop":{"background-color":"var(--ast-global-color-5)","background-image":"","background-repeat":"repeat","background-position":"center center","background-size":"auto","background-attachment":"scroll","background-type":"","background-media":"","overlay-type":"","overlay-color":"","overlay-opacity":"","overlay-gradient":""},"tablet":{"background-color":"var(--ast-global-color-5)","background-image":"","background-repeat":"repeat","background-position":"center center","background-size":"auto","background-attachment":"scroll","background-type":"","background-media":"","overlay-type":"","overlay-color":"","overlay-opacity":"","overlay-gradient":""},"mobile":{"background-color":"var(--ast-global-color-5)","background-image":"","background-repeat":"repeat","background-position":"center center","background-size":"auto","background-attachment":"scroll","background-type":"","background-media":"","overlay-type":"","overlay-color":"","overlay-opacity":"","overlay-gradient":""}},"footnotes":""},"class_list":["post-12677","page","type-page","status-publish","hentry"],"post_mailing_queue_ids":[],"_links":{"self":[{"href":"https:\/\/agora.xtec.cat\/iesflosicalcat\/wp-json\/wp\/v2\/pages\/12677","targetHints":{"allow":["GET"]}}],"collection":[{"href":"https:\/\/agora.xtec.cat\/iesflosicalcat\/wp-json\/wp\/v2\/pages"}],"about":[{"href":"https:\/\/agora.xtec.cat\/iesflosicalcat\/wp-json\/wp\/v2\/types\/page"}],"author":[{"embeddable":true,"href":"https:\/\/agora.xtec.cat\/iesflosicalcat\/wp-json\/wp\/v2\/users\/1"}],"replies":[{"embeddable":true,"href":"https:\/\/agora.xtec.cat\/iesflosicalcat\/wp-json\/wp\/v2\/comments?post=12677"}],"version-history":[{"count":1,"href":"https:\/\/agora.xtec.cat\/iesflosicalcat\/wp-json\/wp\/v2\/pages\/12677\/revisions"}],"predecessor-version":[{"id":12678,"href":"https:\/\/agora.xtec.cat\/iesflosicalcat\/wp-json\/wp\/v2\/pages\/12677\/revisions\/12678"}],"up":[{"embeddable":true,"href":"https:\/\/agora.xtec.cat\/iesflosicalcat\/wp-json\/wp\/v2\/pages\/11518"}],"wp:attachment":[{"href":"https:\/\/agora.xtec.cat\/iesflosicalcat\/wp-json\/wp\/v2\/media?parent=12677"}],"curies":[{"name":"wp","href":"https:\/\/api.w.org\/{rel}","templated":true}]}}