{"id":11989,"date":"2023-06-18T12:34:35","date_gmt":"2023-06-18T10:34:35","guid":{"rendered":"https:\/\/agora.xtec.cat\/iesflosicalcat\/?page_id=11989"},"modified":"2024-04-20T21:07:08","modified_gmt":"2024-04-20T19:07:08","slug":"objectius-edc","status":"publish","type":"page","link":"https:\/\/agora.xtec.cat\/iesflosicalcat\/linstitut\/estrategia-digital-de-centre\/objectius-edc\/","title":{"rendered":"Objectius EDC"},"content":{"rendered":"<p><span style=\"text-decoration: underline;\"><strong>Indicadors d&#8217;assoliment dels objectius<\/strong><\/span><\/p>\n<p><em>(P\u00e0gina en revisi\u00f3)<\/em><\/p>\n<table style=\"border-collapse: collapse; width: 100%;\">\n<tbody>\n<tr>\n<td style=\"width: 49.9272%;\"><b>Objectius<\/b><\/td>\n<td style=\"width: 49.9272%;\"><b>Indicadors<\/b><\/td>\n<\/tr>\n<tr>\n<td style=\"width: 49.9272%;\"><span style=\"font-weight: 400;\">Millora compet\u00e8ncia digital de l\u2019alumnat<\/span><\/td>\n<td style=\"width: 49.9272%;\">\n<ul>\n<li style=\"font-weight: 400;\" aria-level=\"1\"><span style=\"font-weight: 400;\">Equipament per a tothom (pendent 1r cicle ESO)<\/span><\/li>\n<li style=\"font-weight: 400;\" aria-level=\"1\"><span style=\"font-weight: 400;\">Qualitat i quantitat dels productes finals de treball globalitzat<\/span><\/li>\n<li style=\"font-weight: 400;\" aria-level=\"1\"><span style=\"font-weight: 400;\">\u00das de dispositius i xarxes atenent les bones pr\u00e0ctiques<\/span><\/li>\n<\/ul>\n<\/td>\n<\/tr>\n<tr>\n<td style=\"width: 49.9272%;\"><span style=\"font-weight: 400;\">Millora compet\u00e8ncia digital del professorat<\/span><\/td>\n<td style=\"width: 49.9272%;\">\n<ul>\n<li style=\"font-weight: 400;\" aria-level=\"1\"><span style=\"font-weight: 400;\">Nombre d\u2019inscrits a cursos de formaci\u00f3<\/span><\/li>\n<li style=\"font-weight: 400;\" aria-level=\"1\"><span style=\"font-weight: 400;\">R\u00e0tio llibre digital\/llibre de text en paper<\/span><\/li>\n<li style=\"font-weight: 400;\" aria-level=\"1\"><span style=\"font-weight: 400;\">Incorporaci\u00f3 de contingut digital a les programacions did\u00e0ctiques<\/span><\/li>\n<\/ul>\n<\/td>\n<\/tr>\n<tr>\n<td style=\"width: 49.9272%;\"><span style=\"font-weight: 400;\">Familiaritzar al professorat en l\u2019\u00e0mbit del programari lliure<\/span><\/td>\n<td style=\"width: 49.9272%;\">\n<ul>\n<li style=\"font-weight: 400;\" aria-level=\"1\"><span style=\"font-weight: 400;\">Documents, presentacions, full de c\u00e0lculs,&#8230; creats amb LibreOffice i\/o similar<\/span><\/li>\n<li style=\"font-weight: 400;\" aria-level=\"1\"><span style=\"font-weight: 400;\">Equips personals amb Linkat<\/span><\/li>\n<\/ul>\n<\/td>\n<\/tr>\n<tr>\n<td style=\"width: 49.9272%;\"><span style=\"font-weight: 400;\">Introduir a les fam\u00edlies a l\u2019entorn digital en l\u2019\u00e0mbit de tutoria i seguiment d\u2019assist\u00e8ncia.<\/span><\/td>\n<td style=\"width: 49.9272%;\">\n<ul>\n<li style=\"font-weight: 400;\" aria-level=\"1\"><span style=\"font-weight: 400;\">\u00das de la plataforma iEduca\/Tokapp com a canal de comunicaci\u00f3 habitual<\/span><\/li>\n<li style=\"font-weight: 400;\" aria-level=\"1\"><span style=\"font-weight: 400;\">Xerrada informativa a inici de curs<\/span><\/li>\n<\/ul>\n<\/td>\n<\/tr>\n<tr>\n<td style=\"width: 49.9272%;\"><span style=\"font-weight: 400;\">Incrementar i diversificar la dotaci\u00f3 d\u2019equipament inform\u00e0tic al centre<\/span><\/td>\n<td style=\"width: 49.9272%;\">\n<ul>\n<li style=\"font-weight: 400;\" aria-level=\"1\"><span style=\"font-weight: 400;\">Material incorporat del Departament a partir del Pla d\u2019Estrat\u00e8gia Digital de Catalunya (PEDC)<\/span><\/li>\n<li style=\"font-weight: 400;\" aria-level=\"1\"><span style=\"font-weight: 400;\">Adquisicions amb pressupost propi<\/span><\/li>\n<li style=\"font-weight: 400;\" aria-level=\"1\"><span style=\"font-weight: 400;\">Donacions d\u2019entitats externes<\/span><\/li>\n<\/ul>\n<\/td>\n<\/tr>\n<tr>\n<td style=\"width: 49.9272%;\"><span style=\"font-weight: 400;\">Definir, redactar i detallar el pla d\u2019acollida digital actualment en revisi\u00f3<\/span><\/td>\n<td style=\"width: 49.9272%;\">\n<ul>\n<li style=\"font-weight: 400;\" aria-level=\"1\"><span style=\"font-weight: 400;\">Revisi\u00f3 anual de la documentaci\u00f3 de centre per mantenir-la sempre actualitzada<\/span><\/li>\n<\/ul>\n<\/td>\n<\/tr>\n<\/tbody>\n<\/table>\n<p>&nbsp;<\/p>\n","protected":false},"excerpt":{"rendered":"<p>Indicadors d&#8217;assoliment dels objectius (P\u00e0gina en revisi\u00f3) Objectius Indicadors Millora compet\u00e8ncia digital de l\u2019alumnat Equipament per a tothom (pendent 1r cicle ESO) Qualitat i quantitat dels productes finals de treball globalitzat \u00das de dispositius i xarxes atenent les bones pr\u00e0ctiques Millora compet\u00e8ncia digital del professorat Nombre d\u2019inscrits a cursos de formaci\u00f3 R\u00e0tio llibre digital\/llibre de [&hellip;]<\/p>\n","protected":false},"author":1,"featured_media":0,"parent":11518,"menu_order":0,"comment_status":"closed","ping_status":"closed","template":"","meta":{"_bbp_topic_count":0,"_bbp_reply_count":0,"_bbp_total_topic_count":0,"_bbp_total_reply_count":0,"_bbp_voice_count":0,"_bbp_anonymous_reply_count":0,"_bbp_topic_count_hidden":0,"_bbp_reply_count_hidden":0,"_bbp_forum_subforum_count":0,"site-sidebar-layout":"default","site-content-layout":"","ast-site-content-layout":"","site-content-style":"default","site-sidebar-style":"default","ast-global-header-display":"","ast-banner-title-visibility":"","ast-main-header-display":"","ast-hfb-above-header-display":"","ast-hfb-below-header-display":"","ast-hfb-mobile-header-display":"","site-post-title":"","ast-breadcrumbs-content":"","ast-featured-img":"","footer-sml-layout":"","theme-transparent-header-meta":"","adv-header-id-meta":"","stick-header-meta":"","header-above-stick-meta":"","header-main-stick-meta":"","header-below-stick-meta":"","astra-migrate-meta-layouts":"default","ast-page-background-enabled":"default","ast-page-background-meta":{"desktop":{"background-color":"var(--ast-global-color-4)","background-image":"","background-repeat":"repeat","background-position":"center center","background-size":"auto","background-attachment":"scroll","background-type":"","background-media":"","overlay-type":"","overlay-color":"","overlay-opacity":"","overlay-gradient":""},"tablet":{"background-color":"","background-image":"","background-repeat":"repeat","background-position":"center center","background-size":"auto","background-attachment":"scroll","background-type":"","background-media":"","overlay-type":"","overlay-color":"","overlay-opacity":"","overlay-gradient":""},"mobile":{"background-color":"","background-image":"","background-repeat":"repeat","background-position":"center center","background-size":"auto","background-attachment":"scroll","background-type":"","background-media":"","overlay-type":"","overlay-color":"","overlay-opacity":"","overlay-gradient":""}},"ast-content-background-meta":{"desktop":{"background-color":"var(--ast-global-color-5)","background-image":"","background-repeat":"repeat","background-position":"center center","background-size":"auto","background-attachment":"scroll","background-type":"","background-media":"","overlay-type":"","overlay-color":"","overlay-opacity":"","overlay-gradient":""},"tablet":{"background-color":"var(--ast-global-color-5)","background-image":"","background-repeat":"repeat","background-position":"center center","background-size":"auto","background-attachment":"scroll","background-type":"","background-media":"","overlay-type":"","overlay-color":"","overlay-opacity":"","overlay-gradient":""},"mobile":{"background-color":"var(--ast-global-color-5)","background-image":"","background-repeat":"repeat","background-position":"center center","background-size":"auto","background-attachment":"scroll","background-type":"","background-media":"","overlay-type":"","overlay-color":"","overlay-opacity":"","overlay-gradient":""}},"footnotes":""},"class_list":["post-11989","page","type-page","status-publish","hentry"],"post_mailing_queue_ids":[],"_links":{"self":[{"href":"https:\/\/agora.xtec.cat\/iesflosicalcat\/wp-json\/wp\/v2\/pages\/11989","targetHints":{"allow":["GET"]}}],"collection":[{"href":"https:\/\/agora.xtec.cat\/iesflosicalcat\/wp-json\/wp\/v2\/pages"}],"about":[{"href":"https:\/\/agora.xtec.cat\/iesflosicalcat\/wp-json\/wp\/v2\/types\/page"}],"author":[{"embeddable":true,"href":"https:\/\/agora.xtec.cat\/iesflosicalcat\/wp-json\/wp\/v2\/users\/1"}],"replies":[{"embeddable":true,"href":"https:\/\/agora.xtec.cat\/iesflosicalcat\/wp-json\/wp\/v2\/comments?post=11989"}],"version-history":[{"count":7,"href":"https:\/\/agora.xtec.cat\/iesflosicalcat\/wp-json\/wp\/v2\/pages\/11989\/revisions"}],"predecessor-version":[{"id":12671,"href":"https:\/\/agora.xtec.cat\/iesflosicalcat\/wp-json\/wp\/v2\/pages\/11989\/revisions\/12671"}],"up":[{"embeddable":true,"href":"https:\/\/agora.xtec.cat\/iesflosicalcat\/wp-json\/wp\/v2\/pages\/11518"}],"wp:attachment":[{"href":"https:\/\/agora.xtec.cat\/iesflosicalcat\/wp-json\/wp\/v2\/media?parent=11989"}],"curies":[{"name":"wp","href":"https:\/\/api.w.org\/{rel}","templated":true}]}}