{"id":10200,"date":"2021-08-31T19:26:27","date_gmt":"2021-08-31T17:26:27","guid":{"rendered":"https:\/\/agora.xtec.cat\/iesflosicalcat\/?page_id=10200"},"modified":"2021-09-14T19:02:31","modified_gmt":"2021-09-14T17:02:31","slug":"1r-eso-a-2021-2022","status":"publish","type":"page","link":"https:\/\/agora.xtec.cat\/iesflosicalcat\/1r-eso-a-2021-2022\/","title":{"rendered":"1r ESO A 2021\/2022"},"content":{"rendered":"<p>&nbsp;<\/p>\n<table border=\"0\">\n<tbody>\n<tr>\n<td align=\"center\">\n<h2>Institut Flos i Calcat<br \/>\nBarcelona<\/h2>\n<\/td>\n<\/tr>\n<\/tbody>\n<\/table>\n<p>&nbsp;<\/p>\n<table border=\"0\">\n<tbody>\n<tr>\n<td><span style=\"color: #ff00ff;\">Grup<\/span>:<\/td>\n<td>1rA &#8211; 1rA ESO<\/td>\n<\/tr>\n<\/tbody>\n<\/table>\n<p><span style=\"color: #8fb52d;\">Assignatur<\/span> &#8211; <span style=\"color: #996fb0;\">Professor\/a<\/span> &#8211; <span style=\"color: #400080;\">Aula<\/span> &#8211; <span style=\"color: #ff00ff;\">Grup<\/span><\/p>\n<table border=\"1\">\n<tbody>\n<tr>\n<td align=\"center\" width=\"48\"><\/td>\n<td align=\"center\" width=\"112\"><b>Dilluns<\/b><\/td>\n<td align=\"center\" width=\"112\"><b>Dimarts<\/b><\/td>\n<td align=\"center\" width=\"112\"><b>Dimecres<\/b><\/td>\n<td align=\"center\" width=\"112\"><b>Dijous<\/b><\/td>\n<td align=\"center\" width=\"112\"><b>Divendres<\/b><\/td>\n<\/tr>\n<tr>\n<td valign=\"top\"><b> 8:00<br \/>\n9:00<\/b><\/td>\n<td valign=\"top\"><span style=\"color: #8fb52d;\">Catal\u00e0 <\/span><br \/>\n<span style=\"color: #996fb0;\">Jordi Comas\u00f2li<\/span><br \/>\n<span style=\"color: #400080;\">A1 <\/span> <span style=\"color: #ff00ff;\">1rA <\/span><\/td>\n<td valign=\"top\"><span style=\"color: #8fb52d;\">Visual <\/span><br \/>\n<span style=\"color: #996fb0;\">Josefa S\u00e1nchez<\/span><br \/>\n<span style=\"color: #400080;\">A.DIB<\/span> <span style=\"color: #ff00ff;\">1rA <\/span><\/td>\n<td valign=\"top\"><span style=\"color: #8fb52d;\">Matem\u00e0tiques <\/span><br \/>\n<span style=\"color: #996fb0;\">Ana Pellicer <\/span><br \/>\n<span style=\"color: #400080;\">A1 <\/span> <span style=\"color: #ff00ff;\">1rA <\/span><\/td>\n<td valign=\"top\"><span style=\"color: #8fb52d;\">Ci\u00e8ncies socia<\/span><br \/>\n<span style=\"color: #996fb0;\">Judit Romeu <\/span><br \/>\n<span style=\"color: #400080;\">A1 <\/span> <span style=\"color: #ff00ff;\">1rA <\/span><\/td>\n<td valign=\"top\"><span style=\"color: #8fb52d;\">Angl\u00e8s <\/span><br \/>\n<span style=\"color: #996fb0;\">Nat\u00e0lia Riera <\/span><br \/>\n<span style=\"color: #400080;\">A1 <\/span> <span style=\"color: #ff00ff;\">1rA <\/span><\/td>\n<\/tr>\n<tr>\n<td valign=\"top\"><b> 9:00<br \/>\n10:00<\/b><\/td>\n<td valign=\"top\"><span style=\"color: #8fb52d;\">Visual <\/span><br \/>\n<span style=\"color: #996fb0;\">Josefa S\u00e1nchez<\/span><br \/>\n<span style=\"color: #400080;\">A.DIB<\/span> <span style=\"color: #ff00ff;\">1rA <\/span><\/td>\n<td valign=\"top\"><span style=\"color: #8fb52d;\">Ci\u00e8ncies natur<\/span><br \/>\n<span style=\"color: #996fb0;\">Laura Guix\u00e9 <\/span><br \/>\n<span style=\"color: #400080;\">LBIO <\/span> <span style=\"color: #ff00ff;\">1rA <\/span><\/td>\n<td valign=\"top\"><span style=\"color: #8fb52d;\">Ci\u00e8ncies socia<\/span><br \/>\n<span style=\"color: #996fb0;\">Judit Romeu <\/span><br \/>\n<span style=\"color: #400080;\">A1 <\/span> <span style=\"color: #ff00ff;\">1rA <\/span><\/td>\n<td valign=\"top\"><span style=\"color: #8fb52d;\">Tutoria <\/span><br \/>\n<span style=\"color: #996fb0;\">Laura Guix\u00e9 <\/span><br \/>\n<span style=\"color: #400080;\">A1 <\/span> <span style=\"color: #ff00ff;\">1rA <\/span><\/td>\n<td valign=\"top\"><span style=\"color: #8fb52d;\">Ci\u00e8ncies natur<\/span><br \/>\n<span style=\"color: #996fb0;\">Laura Guix\u00e9 <\/span><br \/>\n<span style=\"color: #400080;\">A1 <\/span> <span style=\"color: #ff00ff;\">1rA <\/span><\/td>\n<\/tr>\n<tr>\n<td valign=\"top\"><b>10:00<br \/>\n11:00<\/b><\/td>\n<td valign=\"top\"><span style=\"color: #8fb52d;\">Religio\/valors<\/span><br \/>\n<span style=\"color: #996fb0;\">Elisabet Vald\u00e9<\/span><br \/>\n<span style=\"color: #400080;\">A1 <\/span> <span style=\"color: #ff00ff;\">1rA <\/span><\/td>\n<td valign=\"top\"><span style=\"color: #8fb52d;\">Tecnologia <\/span><br \/>\n<span style=\"color: #996fb0;\">Ramon Aleu <\/span><br \/>\n<span style=\"color: #400080;\">TEC <\/span> <span style=\"color: #ff00ff;\">1rA <\/span><\/td>\n<td valign=\"top\"><span style=\"color: #8fb52d;\">Angl\u00e8s <\/span><br \/>\n<span style=\"color: #996fb0;\">Nat\u00e0lia Riera <\/span><br \/>\n<span style=\"color: #400080;\">A1 <\/span> <span style=\"color: #ff00ff;\">1rA <\/span><\/td>\n<td valign=\"top\"><span style=\"color: #8fb52d;\">Angl\u00e8s <\/span><br \/>\n<span style=\"color: #996fb0;\">Nat\u00e0lia Riera <\/span><br \/>\n<span style=\"color: #400080;\">A1 <\/span> <span style=\"color: #ff00ff;\">1rA <\/span><\/td>\n<td valign=\"top\"><span style=\"color: #8fb52d;\">Catal\u00e0 <\/span><br \/>\n<span style=\"color: #996fb0;\">Jordi Comas\u00f2li<\/span><br \/>\n<span style=\"color: #400080;\">A1 <\/span> <span style=\"color: #ff00ff;\">1rA <\/span><\/td>\n<\/tr>\n<tr>\n<td valign=\"top\"><b>11:00<br \/>\n11:30<\/b><\/td>\n<td valign=\"top\"><\/td>\n<td valign=\"top\"><\/td>\n<td valign=\"top\"><\/td>\n<td valign=\"top\"><\/td>\n<td valign=\"top\"><\/td>\n<\/tr>\n<tr>\n<td valign=\"top\"><b>11:30<br \/>\n12:30<\/b><\/td>\n<td valign=\"top\"><span style=\"color: #8fb52d;\">Matem\u00e0tiques <\/span><br \/>\n<span style=\"color: #996fb0;\">Ana Pellicer <\/span><br \/>\n<span style=\"color: #400080;\">A1 <\/span> <span style=\"color: #ff00ff;\">1rA <\/span><\/td>\n<td valign=\"top\"><span style=\"color: #8fb52d;\">Treball global<\/span><br \/>\n<span style=\"color: #996fb0;\">Maria Gil<\/span><br \/>\n<span style=\"color: #400080;\">A1 <\/span> <span style=\"color: #ff00ff;\">1rA <\/span><\/td>\n<td valign=\"top\"><span style=\"color: #8fb52d;\">Catal\u00e0 <\/span><br \/>\n<span style=\"color: #996fb0;\">Jordi Comas\u00f2li<\/span><br \/>\n<span style=\"color: #400080;\">A1 <\/span> <span style=\"color: #ff00ff;\">1rA <\/span><\/td>\n<td valign=\"top\"><span style=\"color: #8fb52d;\">Educaci\u00f3 f\u00edsic<\/span><br \/>\n<span style=\"color: #996fb0;\">Olga Pardo <\/span><br \/>\n<span style=\"color: #400080;\">A1 <\/span> <span style=\"color: #ff00ff;\">1rA <\/span><\/td>\n<td valign=\"top\"><span style=\"color: #8fb52d;\">Castell\u00e0 <\/span><br \/>\n<span style=\"color: #996fb0;\">Cristina Mart\u00ed<\/span><br \/>\n<span style=\"color: #400080;\">A1 <\/span> <span style=\"color: #ff00ff;\">1rA <\/span><\/td>\n<\/tr>\n<tr>\n<td valign=\"top\"><b>12:30<br \/>\n13:30<\/b><\/td>\n<td valign=\"top\"><span style=\"color: #8fb52d;\">Ci\u00e8ncies socia<\/span><br \/>\n<span style=\"color: #996fb0;\">Judit Romeu <\/span><br \/>\n<span style=\"color: #400080;\">A1 <\/span> <span style=\"color: #ff00ff;\">1rA <\/span><\/td>\n<td valign=\"top\"><span style=\"color: #8fb52d;\">Treball global<\/span><br \/>\n<span style=\"color: #996fb0;\">Maria Gil<\/span><br \/>\n<span style=\"color: #400080;\">A1 <\/span> <span style=\"color: #ff00ff;\">1rA <\/span><\/td>\n<td valign=\"top\"><span style=\"color: #8fb52d;\">Castell\u00e0 <\/span><br \/>\n<span style=\"color: #996fb0;\">Cristina Mart\u00ed<\/span><br \/>\n<span style=\"color: #400080;\">A1 <\/span> <span style=\"color: #ff00ff;\">1rA <\/span><\/td>\n<td valign=\"top\"><span style=\"color: #8fb52d;\">Matem\u00e0tiques <\/span><br \/>\n<span style=\"color: #996fb0;\">Ana Pellicer <\/span><br \/>\n<span style=\"color: #400080;\">A1 <\/span> <span style=\"color: #ff00ff;\">1rA <\/span><\/td>\n<td valign=\"top\"><span style=\"color: #8fb52d;\">Tecnologia <\/span><br \/>\n<span style=\"color: #996fb0;\">Ramon Aleu <\/span><br \/>\n<span style=\"color: #400080;\">TEC <\/span> <span style=\"color: #ff00ff;\">1rA <\/span><\/td>\n<\/tr>\n<tr>\n<td valign=\"top\"><b>13:30<br \/>\n14:30<\/b><\/td>\n<td valign=\"top\"><span style=\"color: #8fb52d;\">Castell\u00e0 <\/span><br \/>\n<span style=\"color: #996fb0;\">Cristina Mart\u00ed<\/span><br \/>\n<span style=\"color: #400080;\">A1 <\/span> <span style=\"color: #ff00ff;\">1rA <\/span><\/td>\n<td valign=\"top\"><span style=\"color: #8fb52d;\">Educaci\u00f3 f\u00edsic<\/span><br \/>\n<span style=\"color: #996fb0;\">Olga Pardo <\/span><br \/>\n<span style=\"color: #400080;\">A1 <\/span> <span style=\"color: #ff00ff;\">1rA <\/span><\/td>\n<td valign=\"top\"><span style=\"color: #8fb52d;\">M\u00fasica <\/span><br \/>\n<span style=\"color: #996fb0;\">Maria Gil<\/span><br \/>\n<span style=\"color: #400080;\">A.M\u00daS<\/span> <span style=\"color: #ff00ff;\">1rA <\/span><\/td>\n<td valign=\"top\"><span style=\"color: #8fb52d;\">Ci\u00e8ncies natur<\/span><br \/>\n<span style=\"color: #996fb0;\">Laura Guix\u00e9 <\/span><br \/>\n<span style=\"color: #400080;\">A1 <\/span> <span style=\"color: #ff00ff;\">1rA <\/span><\/td>\n<td valign=\"top\"><span style=\"color: #8fb52d;\">M\u00fasica <\/span><br \/>\n<span style=\"color: #996fb0;\">Maria Gil<\/span><br \/>\n<span style=\"color: #400080;\">A.M\u00daS<\/span> <span style=\"color: #ff00ff;\">1rA <\/span><\/td>\n<\/tr>\n<\/tbody>\n<\/table>\n<p>&nbsp;<\/p>\n","protected":false},"excerpt":{"rendered":"<p>&nbsp; Institut Flos i Calcat Barcelona &nbsp; Grup: 1rA &#8211; 1rA ESO Assignatur &#8211; Professor\/a &#8211; Aula &#8211; Grup Dilluns Dimarts Dimecres Dijous Divendres 8:00 9:00 Catal\u00e0 Jordi Comas\u00f2li A1 1rA Visual Josefa S\u00e1nchez A.DIB 1rA Matem\u00e0tiques Ana Pellicer A1 1rA Ci\u00e8ncies socia Judit Romeu A1 1rA Angl\u00e8s Nat\u00e0lia Riera A1 1rA 9:00 10:00 Visual [&hellip;]<\/p>\n","protected":false},"author":1,"featured_media":0,"parent":0,"menu_order":0,"comment_status":"closed","ping_status":"closed","template":"","meta":{"_bbp_topic_count":0,"_bbp_reply_count":0,"_bbp_total_topic_count":0,"_bbp_total_reply_count":0,"_bbp_voice_count":0,"_bbp_anonymous_reply_count":0,"_bbp_topic_count_hidden":0,"_bbp_reply_count_hidden":0,"_bbp_forum_subforum_count":0,"site-sidebar-layout":"default","site-content-layout":"","ast-site-content-layout":"","site-content-style":"default","site-sidebar-style":"default","ast-global-header-display":"","ast-banner-title-visibility":"","ast-main-header-display":"","ast-hfb-above-header-display":"","ast-hfb-below-header-display":"","ast-hfb-mobile-header-display":"","site-post-title":"","ast-breadcrumbs-content":"","ast-featured-img":"","footer-sml-layout":"","theme-transparent-header-meta":"","adv-header-id-meta":"","stick-header-meta":"","header-above-stick-meta":"","header-main-stick-meta":"","header-below-stick-meta":"","astra-migrate-meta-layouts":"default","ast-page-background-enabled":"default","ast-page-background-meta":{"desktop":{"background-color":"var(--ast-global-color-4)","background-image":"","background-repeat":"repeat","background-position":"center center","background-size":"auto","background-attachment":"scroll","background-type":"","background-media":"","overlay-type":"","overlay-color":"","overlay-opacity":"","overlay-gradient":""},"tablet":{"background-color":"","background-image":"","background-repeat":"repeat","background-position":"center center","background-size":"auto","background-attachment":"scroll","background-type":"","background-media":"","overlay-type":"","overlay-color":"","overlay-opacity":"","overlay-gradient":""},"mobile":{"background-color":"","background-image":"","background-repeat":"repeat","background-position":"center center","background-size":"auto","background-attachment":"scroll","background-type":"","background-media":"","overlay-type":"","overlay-color":"","overlay-opacity":"","overlay-gradient":""}},"ast-content-background-meta":{"desktop":{"background-color":"var(--ast-global-color-5)","background-image":"","background-repeat":"repeat","background-position":"center center","background-size":"auto","background-attachment":"scroll","background-type":"","background-media":"","overlay-type":"","overlay-color":"","overlay-opacity":"","overlay-gradient":""},"tablet":{"background-color":"var(--ast-global-color-5)","background-image":"","background-repeat":"repeat","background-position":"center center","background-size":"auto","background-attachment":"scroll","background-type":"","background-media":"","overlay-type":"","overlay-color":"","overlay-opacity":"","overlay-gradient":""},"mobile":{"background-color":"var(--ast-global-color-5)","background-image":"","background-repeat":"repeat","background-position":"center center","background-size":"auto","background-attachment":"scroll","background-type":"","background-media":"","overlay-type":"","overlay-color":"","overlay-opacity":"","overlay-gradient":""}},"footnotes":""},"class_list":["post-10200","page","type-page","status-publish","hentry"],"post_mailing_queue_ids":[],"_links":{"self":[{"href":"https:\/\/agora.xtec.cat\/iesflosicalcat\/wp-json\/wp\/v2\/pages\/10200","targetHints":{"allow":["GET"]}}],"collection":[{"href":"https:\/\/agora.xtec.cat\/iesflosicalcat\/wp-json\/wp\/v2\/pages"}],"about":[{"href":"https:\/\/agora.xtec.cat\/iesflosicalcat\/wp-json\/wp\/v2\/types\/page"}],"author":[{"embeddable":true,"href":"https:\/\/agora.xtec.cat\/iesflosicalcat\/wp-json\/wp\/v2\/users\/1"}],"replies":[{"embeddable":true,"href":"https:\/\/agora.xtec.cat\/iesflosicalcat\/wp-json\/wp\/v2\/comments?post=10200"}],"version-history":[{"count":2,"href":"https:\/\/agora.xtec.cat\/iesflosicalcat\/wp-json\/wp\/v2\/pages\/10200\/revisions"}],"predecessor-version":[{"id":10325,"href":"https:\/\/agora.xtec.cat\/iesflosicalcat\/wp-json\/wp\/v2\/pages\/10200\/revisions\/10325"}],"wp:attachment":[{"href":"https:\/\/agora.xtec.cat\/iesflosicalcat\/wp-json\/wp\/v2\/media?parent=10200"}],"curies":[{"name":"wp","href":"https:\/\/api.w.org\/{rel}","templated":true}]}}